{"id":9423,"date":"2026-03-18T07:22:12","date_gmt":"2026-03-18T07:22:12","guid":{"rendered":"https:\/\/soydeaqui.ddns.net\/pachuca\/index.php\/producto\/cable-de-fibra-ptica-de-2-hilos-g-657-a1-monomodo-os2-9-125-interior-tight-buffer-900um-no-conductiva-dielctrica-riser-precio-por-metro\/"},"modified":"2026-03-18T07:22:13","modified_gmt":"2026-03-18T07:22:13","slug":"cable-de-fibra-ptica-de-2-hilos-g-657-a1-monomodo-os2-9-125-interior-tight-buffer-900um-no-conductiva-dielctrica-riser-precio-por-metro","status":"publish","type":"product","link":"https:\/\/soydeaqui.ddns.net\/pachuca\/index.php\/producto\/cable-de-fibra-ptica-de-2-hilos-g-657-a1-monomodo-os2-9-125-interior-tight-buffer-900um-no-conductiva-dielctrica-riser-precio-por-metro\/","title":{"rendered":"Cable de Fibra ?ptica de 2 Hilos (G.657.A1), Monomodo OS2 9\/125, Interior, Tight Buffer 900um, No Conductiva (Diel?ctrica), Riser, Precio Por Metro"},"content":{"rendered":"<div style='width: 100%; max-width: 1200px; margin: 0 auto; font-family: sans-serif; line-height: 1.6; color: inherit; background-color: transparent;'> <!-- Secci\u00f3n de descripci\u00f3n principal --> <\/p>\n<div style='margin-bottom: 30px; font-size: 15px;'>\n<p style='margin-bottom: 20px; color: inherit;'>El cable de fibra optica Opti-Core\u2122 para aplicaciones \u00f3pticas LAN pasivas cumplen con los requisitos comunes para cables de 1 y 2 fibras para redes \u00f3pticas pasivas. Estos cables de uso interior Monomodo OS2 utilizan un forro exterior termopl\u00e1stico amarillo (OFNR\/FT4) clasificado Riser; elementos de fuerza en aramida y es insensible a curvaturas de acuerdo a la ITU G.657.A1\/G.652.D con un buffer ajustado de 900\u00b5m. Esta construcci\u00f3n permite que el cable cumpla con las exigencias de instalaci\u00f3n y desempe\u00f1o que se encuentran normalmente en arquitecturas PON.<\/p>\n<\/p><\/div>\n<p> <!-- Secci\u00f3n de especificaciones --> <\/p>\n<div style='display: flex; flex-wrap: wrap; gap: 20px; margin-bottom: 30px;'>\n<div style='flex: 1 1 250px; border: 1px solid rgba(150&comma; 150&comma; 150&comma; 0.4); border-radius: 8px; overflow: hidden; display: flex; flex-direction: column;'>\n<div style='padding: 15px; border-bottom: 1px solid rgba(150&comma; 150&comma; 150&comma; 0.2); font-weight: bold; font-size: 18px; color: inherit;'>Especificaciones<\/div>\n<div style='padding: 15px; color: inherit;'>\n<ul style='padding-left: 20px; margin: 0; font-size: 14px; list-style-type: disc;'>\n<li style='margin-bottom: 5px;'><strong>N\u00famero de Fibras:<\/strong> 2<\/li>\n<li style='margin-bottom: 5px;'><strong>Di\u00e1metro nominal:<\/strong> 4.75 mm<\/li>\n<li style='margin-bottom: 5px;'><strong>Tensi\u00f3n de instalaci\u00f3n m\u00e1xima:<\/strong> 445 N<\/li>\n<li style='margin-bottom: 5px;'><strong>Color:<\/strong> Amarillo<\/li>\n<li style='margin-bottom: 5px;'><strong>Radio de Curvatura:<\/strong> 47 mm<\/li>\n<\/ul><\/div>\n<\/p><\/div>\n<div style='flex: 1 1 250px; border: 1px solid rgba(150&comma; 150&comma; 150&comma; 0.4); border-radius: 8px; overflow: hidden; display: flex; flex-direction: column;'>\n<div style='padding: 15px; border-bottom: 1px solid rgba(150&comma; 150&comma; 150&comma; 0.2); font-weight: bold; font-size: 18px; color: inherit;'>Condiciones Ambientales<\/div>\n<div style='padding: 15px; color: inherit;'>\n<ul style='padding-left: 20px; margin: 0; font-size: 14px; list-style-type: disc;'>\n<li style='margin-bottom: 5px;'><strong>Rango de temperatura de operaci\u00f3n:<\/strong> -20 a 75\u00baC<\/li>\n<li style='margin-bottom: 5px;'><strong>Rango de temperatura de instalaci\u00f3n:<\/strong> -10 a 70\u00baC<\/li>\n<li style='margin-bottom: 5px;'><strong>Rango de temperatura de almacenamiento:<\/strong> -40\u00ba 85\u00baC<\/li>\n<\/ul><\/div>\n<\/p><\/div>\n<div style='flex: 1 1 250px; border: 1px solid rgba(150&comma; 150&comma; 150&comma; 0.4); border-radius: 8px; overflow: hidden; display: flex; flex-direction: column;'>\n<div style='padding: 15px; border-bottom: 1px solid rgba(150&comma; 150&comma; 150&comma; 0.2); font-weight: bold; font-size: 18px; color: inherit;'>Rendimiento<\/div>\n<div style='padding: 15px; color: inherit;'>\n<ul style='padding-left: 20px; margin: 0; font-size: 14px; list-style-type: disc;'>\n<li style='margin-bottom: 5px;'><strong>Atenuaci\u00f3n m\u00e1xima (1310nm):<\/strong> 0.5dB\/km<\/li>\n<li style='margin-bottom: 5px;'><strong>Atenuaci\u00f3n m\u00e1xima (1150nm):<\/strong> 0.5dB\/km<\/li>\n<li style='margin-bottom: 5px;'><strong>Peso:<\/strong> 28 kg \/ km<\/li>\n<\/ul><\/div>\n<\/p><\/div>\n<div style='flex: 1 1 250px; border: 1px solid rgba(150&comma; 150&comma; 150&comma; 0.4); border-radius: 8px; overflow: hidden; display: flex; flex-direction: column;'>\n<div style='padding: 15px; border-bottom: 1px solid rgba(150&comma; 150&comma; 150&comma; 0.2); font-weight: bold; font-size: 18px; color: inherit;'>Cumplimiento de est\u00e1ndares<\/div>\n<div style='padding: 15px; color: inherit;'>\n<ul style='padding-left: 20px; margin: 0; font-size: 14px; list-style-type: disc;'>\n<li style='margin-bottom: 5px;'><strong>Cumplimiento de est\u00e1ndares:<\/strong> ANSIT\/TIA-568.3-D&comma; ANSI\/ICEA S-83-596&comma; Telcordia GR-409&comma; EN 50173&comma; SO\/IEC 11801<\/li>\n<\/ul><\/div>\n<\/p><\/div>\n<\/p><\/div>\n<p> <!-- Separador --> <\/p>\n<hr style='border: 0; border-top: 1px solid rgba(150&comma; 150&comma; 150&comma; 0.3); margin: 30px 0;'> <\/div>\n","protected":false},"excerpt":{"rendered":"<p>Cable de Fibra ?ptica de 2 Hilos (G.657.A1), Monomodo OS2 9\/125, Interior, Tight Buffer 900um, No Conductiva (Diel?ctrica), Riser, Precio Por Metro<\/p>\n","protected":false},"featured_media":9422,"comment_status":"open","ping_status":"closed","template":"","meta":[],"product_brand":[],"product_cat":[610],"product_tag":[612,611,445],"class_list":{"0":"post-9423","1":"product","2":"type-product","3":"status-publish","4":"has-post-thumbnail","6":"product_cat-cable","7":"product_tag-cable","8":"product_tag-fibra-optica","9":"product_tag-panduit","11":"first","12":"instock","13":"sale","14":"shipping-taxable","15":"purchasable","16":"product-type-simple"},"_links":{"self":[{"href":"https:\/\/soydeaqui.ddns.net\/pachuca\/index.php\/wp-json\/wp\/v2\/product\/9423","targetHints":{"allow":["GET"]}}],"collection":[{"href":"https:\/\/soydeaqui.ddns.net\/pachuca\/index.php\/wp-json\/wp\/v2\/product"}],"about":[{"href":"https:\/\/soydeaqui.ddns.net\/pachuca\/index.php\/wp-json\/wp\/v2\/types\/product"}],"replies":[{"embeddable":true,"href":"https:\/\/soydeaqui.ddns.net\/pachuca\/index.php\/wp-json\/wp\/v2\/comments?post=9423"}],"wp:featuredmedia":[{"embeddable":true,"href":"https:\/\/soydeaqui.ddns.net\/pachuca\/index.php\/wp-json\/wp\/v2\/media\/9422"}],"wp:attachment":[{"href":"https:\/\/soydeaqui.ddns.net\/pachuca\/index.php\/wp-json\/wp\/v2\/media?parent=9423"}],"wp:term":[{"taxonomy":"product_brand","embeddable":true,"href":"https:\/\/soydeaqui.ddns.net\/pachuca\/index.php\/wp-json\/wp\/v2\/product_brand?post=9423"},{"taxonomy":"product_cat","embeddable":true,"href":"https:\/\/soydeaqui.ddns.net\/pachuca\/index.php\/wp-json\/wp\/v2\/product_cat?post=9423"},{"taxonomy":"product_tag","embeddable":true,"href":"https:\/\/soydeaqui.ddns.net\/pachuca\/index.php\/wp-json\/wp\/v2\/product_tag?post=9423"}],"curies":[{"name":"wp","href":"https:\/\/api.w.org\/{rel}","templated":true}]}}