{"id":94212,"date":"2026-03-20T06:36:08","date_gmt":"2026-03-20T06:36:08","guid":{"rendered":"https:\/\/soydeaqui.ddns.net\/pachuca\/index.php\/producto\/doorbell-de-bateria-recargable-con-transformador-de-5vcc-o-panel-solar-incluye-panel-3-megapixel-doble-lente-proteccion-ip65-audio-de-dos-vias\/"},"modified":"2026-03-20T06:36:35","modified_gmt":"2026-03-20T06:36:35","slug":"doorbell-de-bateria-recargable-con-transformador-de-5vcc-o-panel-solar-incluye-panel-3-megapixel-doble-lente-proteccion-ip65-audio-de-dos-vias","status":"publish","type":"product","link":"https:\/\/soydeaqui.ddns.net\/pachuca\/index.php\/producto\/doorbell-de-bateria-recargable-con-transformador-de-5vcc-o-panel-solar-incluye-panel-3-megapixel-doble-lente-proteccion-ip65-audio-de-dos-vias\/","title":{"rendered":"Doorbell de Bater\u00eda Recargable con Transformador de 5Vcc o Panel Solar (Incluye Panel) \/ 3 megap\u00edxel \/ Doble Lente \/ Protecci\u00f3n IP65 \/ Audio de Dos V\u00edas"},"content":{"rendered":"<div style='width: 100%; max-width: 1200px; margin: 0 auto; font-family: sans-serif; line-height: 1.6; color: inherit; background-color: transparent;'>\n<div style='display: flex; flex-wrap: wrap; gap: 30px; margin-bottom: 30px;'>\n<div style='flex: 1 1 300px; min-width: 280px;'>\n<h3 style='font-size: 22px; border-bottom: 2px solid currentColor; padding-bottom: 5px; margin-top: 0; color: inherit; opacity: 0.8;'>Caracter\u00edsticas<\/h3>\n<ul style='padding-left: 20px; font-size: 15px; color: inherit;'>\n<li style='margin-bottom: 5px;'>Resoluci\u00f3n (camara principal): 3 megap\u00edxeles (2048 x 1296)<\/li>\n<li style='margin-bottom: 5px;'>Resoluci\u00f3n (camara inferior): 2 megap\u00edxeles (1920 x 1080)<\/li>\n<li style='margin-bottom: 5px;'>Lente: 2.3mm&comma; visi\u00f3n 162\u00b0 (155\u00b0 para la camara inferior)<\/li>\n<li style='margin-bottom: 5px;'>Comunicaci\u00f3n con audio de dos v\u00edas<\/li>\n<li style='margin-bottom: 5px;'>Alcance en IR hasta 6 metros<\/li>\n<li style='margin-bottom: 5px;'>2D\/3D DNR<\/li>\n<li style='margin-bottom: 5px;'>Compresi\u00f3n H.264&comma; H.265<\/li>\n<li style='margin-bottom: 5px;'>Almacenamiento interno gratuito&comma; EMMC 32 GB<\/li>\n<li style='margin-bottom: 5px;'>Almacenamiento en nube<\/li>\n<\/ul><\/div>\n<div style='flex: 1 1 300px; min-width: 280px;'>\n<h3 style='font-size: 22px; border-bottom: 2px solid currentColor; padding-bottom: 5px; margin-top: 0; color: inherit; opacity: 0.8;'>Caracter\u00edsticas F\u00edsicas y El\u00e9ctricas<\/h3>\n<ul style='padding-left: 20px; font-size: 15px; color: inherit;'>\n<li style='margin-bottom: 5px;'>Alimentaci\u00f3n: 5Vcc&comma; Max 3W&comma; incluye solo el cable para recargar la bater\u00eda&comma; no incluye el cuadro transformador<\/li>\n<li style='margin-bottom: 5px;'><strong>Potencia del panel solar:<\/strong> 240mAh&comma; 1.2W<\/li>\n<li style='margin-bottom: 5px;'>Dimensiones: 166 \u00d7 50 \u00d7 31 mm<\/li>\n<li style='margin-bottom: 5px;'>Capacidad de bater\u00eda: 5200 mAh bater\u00eda de litio recargable<\/li>\n<li style='margin-bottom: 5px;'>Peso: 276g<\/li>\n<li style='margin-bottom: 5px;'>Protecci\u00f3n IP65&comma; se recomienda instalar en exterior bajo techo o protegido<\/li>\n<li style='margin-bottom: 5px;'>Temperatura de operaci\u00f3n: \u221220 \u00b0C a 50 \u00b0C<\/li>\n<li style='margin-bottom: 5px;'><strong>3 A\u00f1os de garant\u00eda<\/strong><\/li>\n<\/ul><\/div>\n<div style='flex: 1 1 300px; min-width: 280px;'>\n<h3 style='font-size: 22px; border-bottom: 2px solid currentColor; padding-bottom: 5px; margin-top: 0; color: inherit; opacity: 0.8;'>Caracter\u00edsticas Destacadas<\/h3>\n<ul style='padding-left: 20px; font-size: 15px; color: inherit;'>\n<li style='margin-bottom: 5px;'>Licencias para grabaci\u00f3n en nube <a style='color: #005cb9; text-decoration: none; font-weight: 600;' href='https:\/\/www.syscom.mx\/producto\/EZ-CLOUD-7A-EZVIZ-207807.html'>EZ-CLOUD\/7A&comma;<\/a> <a style='color: #005cb9; text-decoration: none;' href='https:\/\/www.syscom.mx\/producto\/EZ-CLOUD-30A-EZVIZ-207809.html'>EZ-CLOUD\/30A<\/a><\/li>\n<li style='margin-bottom: 5px;'>Tambi\u00e9n puede contratar nube directo en la App de EZVIZ (el cobro se realiza directo en la aplicaci\u00f3n)<\/li>\n<\/ul>\n<h3 style='font-size: 22px; border-bottom: 2px solid currentColor; padding-bottom: 5px; margin-top: 20px; margin-bottom: 10px; color: inherit; opacity: 0.8;'>Notas<\/h3>\n<ul style='padding-left: 20px; font-size: 15px; color: inherit;'>\n<li style='margin-bottom: 5px; color: #e74c3c;'><strong>No es compatible con alimentaci\u00f3n 110 vca solamente alimenta con 5V o con el panel solar incluido<\/strong><\/li>\n<li style='margin-bottom: 5px; color: #e74c3c;'><strong>Configuraci\u00f3n \u00fanicamente mediante aplicaci\u00f3n EZVIZ<\/strong><\/li>\n<li style='margin-bottom: 5px;'><strong style='color: #3598db;'>Compatible con Alexa&comma; Google Home y IFTTT<\/strong><\/li>\n<\/ul><\/div>\n<\/p><\/div>\n<div style='display: flex; flex-wrap: wrap; gap: 20px; margin-bottom: 30px;'>\n<div style='flex: 1 1 300px; min-width: 280px;'> <img style='width: 100%; height: auto; border: 1px solid rgba(150&comma;150&comma;150&comma;0.3); border-radius: 8px;' src='https:\/\/ftp3.syscom.mx\/usuarios\/rcovarrubias\/EZVIZ\/Manual%20esp-ing\/CS-EP3X%20PRO\/ep3x1.png' alt=''><\/div>\n<div style='flex: 1 1 300px; min-width: 280px;'> <img style='width: 100%; height: auto; border: 1px solid rgba(150&comma;150&comma;150&comma;0.3); border-radius: 8px;' src='https:\/\/ftp3.syscom.mx\/usuarios\/rcovarrubias\/EZVIZ\/Manual%20esp-ing\/CS-EP3X%20PRO\/ep3x2.png' alt=''><\/div>\n<div style='flex: 1 1 300px; min-width: 280px;'> <img style='width: 100%; height: auto; border: 1px solid rgba(150&comma;150&comma;150&comma;0.3); border-radius: 8px;' src='https:\/\/ftp3.syscom.mx\/usuarios\/rcovarrubias\/EZVIZ\/Manual%20esp-ing\/CS-EP3X%20PRO\/ep3x3.png' alt=''><\/div>\n<div style='flex: 1 1 300px; min-width: 280px;'> <img style='width: 100%; height: auto; border: 1px solid rgba(150&comma;150&comma;150&comma;0.3); border-radius: 8px;' src='https:\/\/ftp3.syscom.mx\/usuarios\/rcovarrubias\/EZVIZ\/Manual%20esp-ing\/CS-EP3X%20PRO\/ep3x4.png' alt=''><\/div>\n<\/p><\/div>\n<\/p><\/div>\n","protected":false},"excerpt":{"rendered":"<p>Doorbell de Bater\u00eda Recargable con Transformador de 5Vcc o Panel Solar (Incluye Panel) \/ 3 megap\u00edxel \/ Doble Lente \/ Protecci\u00f3n IP65 \/ Audio de Dos V\u00edas<\/p>\n","protected":false},"featured_media":94211,"comment_status":"open","ping_status":"closed","template":"","meta":[],"product_brand":[],"product_cat":[2271],"product_tag":[111,557,428],"class_list":{"0":"post-94212","1":"product","2":"type-product","3":"status-publish","4":"has-post-thumbnail","6":"product_cat-videoporteros-ip-doorbell-videoporteros-e-interfonos","7":"product_tag-ezviz","8":"product_tag-videoporteros-e-interfonos","9":"product_tag-videoporteros-ip-doorbell","11":"first","12":"instock","13":"sale","14":"shipping-taxable","15":"purchasable","16":"product-type-simple"},"_links":{"self":[{"href":"https:\/\/soydeaqui.ddns.net\/pachuca\/index.php\/wp-json\/wp\/v2\/product\/94212","targetHints":{"allow":["GET"]}}],"collection":[{"href":"https:\/\/soydeaqui.ddns.net\/pachuca\/index.php\/wp-json\/wp\/v2\/product"}],"about":[{"href":"https:\/\/soydeaqui.ddns.net\/pachuca\/index.php\/wp-json\/wp\/v2\/types\/product"}],"replies":[{"embeddable":true,"href":"https:\/\/soydeaqui.ddns.net\/pachuca\/index.php\/wp-json\/wp\/v2\/comments?post=94212"}],"wp:featuredmedia":[{"embeddable":true,"href":"https:\/\/soydeaqui.ddns.net\/pachuca\/index.php\/wp-json\/wp\/v2\/media\/94211"}],"wp:attachment":[{"href":"https:\/\/soydeaqui.ddns.net\/pachuca\/index.php\/wp-json\/wp\/v2\/media?parent=94212"}],"wp:term":[{"taxonomy":"product_brand","embeddable":true,"href":"https:\/\/soydeaqui.ddns.net\/pachuca\/index.php\/wp-json\/wp\/v2\/product_brand?post=94212"},{"taxonomy":"product_cat","embeddable":true,"href":"https:\/\/soydeaqui.ddns.net\/pachuca\/index.php\/wp-json\/wp\/v2\/product_cat?post=94212"},{"taxonomy":"product_tag","embeddable":true,"href":"https:\/\/soydeaqui.ddns.net\/pachuca\/index.php\/wp-json\/wp\/v2\/product_tag?post=94212"}],"curies":[{"name":"wp","href":"https:\/\/api.w.org\/{rel}","templated":true}]}}