{"id":94210,"date":"2026-03-20T06:36:04","date_gmt":"2026-03-20T06:36:04","guid":{"rendered":"https:\/\/soydeaqui.ddns.net\/pachuca\/index.php\/producto\/dual-light-2-microfonos-integrados-bala-ip-8-megapixel-4k-lente-motorizado-2-8-12-mm-60-m-luz-blanca-60-m-ir-acusense-exterior-ip67-ik10-wdr-120-db-poe-802-3at-onvif-alarmas\/"},"modified":"2026-03-20T06:36:05","modified_gmt":"2026-03-20T06:36:05","slug":"dual-light-2-microfonos-integrados-bala-ip-8-megapixel-4k-lente-motorizado-2-8-12-mm-60-m-luz-blanca-60-m-ir-acusense-exterior-ip67-ik10-wdr-120-db-poe-802-3at-onvif-alarmas","status":"publish","type":"product","link":"https:\/\/soydeaqui.ddns.net\/pachuca\/index.php\/producto\/dual-light-2-microfonos-integrados-bala-ip-8-megapixel-4k-lente-motorizado-2-8-12-mm-60-m-luz-blanca-60-m-ir-acusense-exterior-ip67-ik10-wdr-120-db-poe-802-3at-onvif-alarmas\/","title":{"rendered":"[Dual Light + 2 Micr\u00f3fonos Integrados]  Bala IP 8 Megapixel (4K) \/ Lente Motorizado 2.8-12 mm \/ 60 m Luz Blanca + 60 m IR \/ AcuSense \/ Exterior IP67 \/ IK10 \/ WDR 120 dB \/ PoE 802.3at \/ ONVIF \/ Alarmas I\/O \/ Micro SD \/ ACUSEARCH"},"content":{"rendered":"<div style='width: 100%; max-width: 1200px; margin: 0 auto; font-family: sans-serif; line-height: 1.6; color: inherit; background-color: transparent;'> <!-- Imagen principal --> <\/p>\n<div style='margin-bottom: 30px;'> <img style='width: 100%; height: auto; border: 1px solid rgba(150&comma;150&comma;150&comma;0.3); border-radius: 8px;' src='https:\/\/ftp3.syscom.mx\/usuarios\/ftp\/single_page\/HIKVISION\/vision-nocturna-V2.jpg' alt=''> <\/div>\n<p> <!-- Contenido principal --> <\/p>\n<div style='display: flex; flex-wrap: wrap; gap: 30px; margin-bottom: 30px;'>\n<div style='flex: 1 1 300px; min-width: 280px;'>\n<div style='margin-bottom: 20px;'> <img style='width: 100%; height: auto; border: 1px solid rgba(150&comma;150&comma;150&comma;0.3); border-radius: 8px;' src='https:\/\/ftp3.syscom.mx\/usuarios\/ftp\/single_page\/HIKVISION\/SMARTH-HYBRID-ICONOS-mic-dual.jpg' alt=''> <\/div>\n<p> <!-- Caracter\u00edsticas Principales --> <\/p>\n<div style='border: 1px solid rgba(150&comma; 150&comma; 150&comma; 0.4); border-radius: 8px; overflow: hidden; margin-bottom: 20px;'>\n<div style='padding: 15px; background: #df001e; color: white; font-weight: bold; font-size: 18px; border-bottom: 1px solid rgba(150&comma; 150&comma; 150&comma; 0.2);'>Caracter\u00edsticas Principales:<\/div>\n<div style='padding: 15px; color: inherit;'>\n<ul style='padding-left: 20px; margin: 0; font-size: 14px; list-style-type: disc;'>\n<li style='margin-bottom: 5px;'><span style='font-family: verdana&comma; geneva&comma; sans-serif;'>Resoluci\u00f3n m\u00e1xima: 8 Megapixel (3840 x 2160).<\/span><\/li>\n<li style='margin-bottom: 5px;'><span style='font-family: verdana&comma; geneva&comma; sans-serif;'>Iluminaci\u00f3n m\u00ednima: color 0.005 Lux @ (F1.6&comma; AGC ON).<\/span><\/li>\n<li style='margin-bottom: 5px;'><span style='font-family: verdana&comma; geneva&comma; sans-serif;'>D\u00eda \/ Noche Real (filtro ICR).<\/span><\/li>\n<li style='margin-bottom: 5px;'><span style='font-family: verdana&comma; geneva&comma; sans-serif;'>Distancia focal: 2.8 &#8211; 12 mm (\u00e1ngulo de apertura 106.5\u00b0 a 30.2\u00b0).<\/span><\/li>\n<li style='margin-bottom: 5px;'><span style='font-family: verdana&comma; geneva&comma; sans-serif;'>Distancia de infrarrojo: 60 mts Smart IR.<\/span><\/li>\n<li style='margin-bottom: 5px;'><span style='font-family: verdana&comma; geneva&comma; sans-serif;'>Funciones normales: WDR 120dB \/ ROI \/ 3D DNR \/ BLC \/ HLC.<\/span><\/li>\n<li style='margin-bottom: 5px;'><span style='font-family: verdana&comma; geneva&comma; sans-serif;'>Funciones Avanzadas: AcuSense (clasificaci\u00f3n de humanos y veh\u00edculos) \/ Intrusi\u00f3n de \u00e1rea \/ Cruce de l\u00ednea.<\/span><\/li>\n<li style='margin-bottom: 5px;'><span style='font-family: verdana&comma; geneva&comma; sans-serif;'>Compresi\u00f3n: H.265+\/H.265\/H.264+\/H.264 (H.265+ y H.264+ para stream principal).<\/span><\/li>\n<li style='margin-bottom: 5px;'><span style='font-family: verdana&comma; geneva&comma; sans-serif;'>Compatible con plataforma Hik-Connect P2P <a href='https:\/\/appstore.hikvision.com\/' style='color: #df001e; text-decoration: none; font-weight: normal;'>(https:\/\/appstore.hikvision.com\/)<\/a><\/span><\/li>\n<\/ul><\/div>\n<\/p><\/div>\n<p> <!-- Entradas y Salidas --> <\/p>\n<div style='border: 1px solid rgba(150&comma; 150&comma; 150&comma; 0.4); border-radius: 8px; overflow: hidden; margin-bottom: 20px;'>\n<div style='padding: 15px; background: #df001e; color: white; font-weight: bold; font-size: 18px; border-bottom: 1px solid rgba(150&comma; 150&comma; 150&comma; 0.2);'>Entradas y Salidas de Audio \/ Alarmas \/ Red \/ Almacenamiento:<\/div>\n<div style='padding: 15px; color: inherit;'>\n<ul style='padding-left: 20px; margin: 0; font-size: 14px; list-style-type: disc;'>\n<li style='margin-bottom: 5px;'><span style='font-family: verdana&comma; geneva&comma; sans-serif;'>Entradas de alarma: 1.<\/span><\/li>\n<li style='margin-bottom: 5px;'><span style='font-family: verdana&comma; geneva&comma; sans-serif;'>Salidas de alarma: 1 (max. 24VDC\/24 VAC&comma; 1 A).<\/span><\/li>\n<li style='margin-bottom: 5px;'><span style='font-family: verdana&comma; geneva&comma; sans-serif;'>Entradas de audio: 1.<\/span><\/li>\n<li style='margin-bottom: 5px;'><span style='font-family: verdana&comma; geneva&comma; sans-serif;'>Salidas de audio: 1.<\/span><\/li>\n<li style='margin-bottom: 5px;'><strong><span style='font-family: verdana&comma; geneva&comma; sans-serif;'>Micr\u00f3fono Integrado: Arreglo de micr\u00f3fonos duales (arrayed dual-microphone).<\/span><\/strong><\/li>\n<li style='margin-bottom: 5px;'><span style='font-family: verdana&comma; geneva&comma; sans-serif;'>Soporta memoria micro SD 512 GB (no incluida).<\/span><\/li>\n<li style='margin-bottom: 5px;'><span style='font-family: verdana&comma; geneva&comma; sans-serif;'>Puerto de red: 1 (10 \/ 100 Mbps \/ PoE 802.3at&comma; Class 4&comma; max. 15 W).<\/span><\/li>\n<\/ul><\/div>\n<\/p><\/div>\n<p> <!-- Accesorios Opcionales --> <\/p>\n<div style='border: 1px solid rgba(150&comma; 150&comma; 150&comma; 0.4); border-radius: 8px; overflow: hidden; margin-bottom: 20px;'>\n<div style='padding: 15px; background: #df001e; color: white; font-weight: bold; font-size: 18px; border-bottom: 1px solid rgba(150&comma; 150&comma; 150&comma; 0.2);'>Accesorios Opcionales:<\/div>\n<div style='padding: 15px; color: inherit;'>\n<ul style='padding-left: 20px; margin: 0; font-size: 14px; list-style-type: disc;'>\n<li style='text-align: left;'><span style='font-size: 14pt;'><strong><span style='font-family: verdana&comma; geneva&comma; sans-serif;'>Consulte la ficha t\u00e9cnica para validar los accesorios compatibles&comma; de clic <a href='https:\/\/ftp3.syscom.mx\/usuarios\/roberto.espino\/Specs\/Modelos%2006-25%20-%2007-25\/Especificacones%20Tecnicas%20DS-2CD2683G2-LIZS2U%2020250208.pdf?_gl=1*1h458jc*_gcl_au*MTc3NjMxMDk4MS4xNzUwMTgxMDMx' style='color: #df001e; text-decoration: none; font-weight: normal;' target='_blank' rel='noopener'>Aqui<\/a><\/span><\/strong><\/span><\/li>\n<\/ul><\/div>\n<\/p><\/div>\n<\/p><\/div>\n<div style='flex: 1 1 300px; min-width: 280px;'> <!-- Caracter\u00edsticas F\u00edsicas --> <\/p>\n<div style='border: 1px solid rgba(150&comma; 150&comma; 150&comma; 0.4); border-radius: 8px; overflow: hidden; margin-bottom: 20px;'>\n<div style='padding: 15px; background: #df001e; color: white; font-weight: bold; font-size: 18px; border-bottom: 1px solid rgba(150&comma; 150&comma; 150&comma; 0.2);'>Caracter\u00edsticas F\u00edsicas y El\u00e9ctricas:<\/div>\n<div style='padding: 15px; color: inherit;'>\n<ul style='padding-left: 20px; margin: 0; font-size: 14px; list-style-type: disc;'>\n<li style='margin-bottom: 5px;'><span style='font-family: verdana&comma; geneva&comma; sans-serif;'>Alimentaci\u00f3n: 12 VDC \u00b1 25%&comma; 1.08 A&comma; max. 13 W \/ PoE IEEE 802.3at&comma; Class 4&comma; max. 15 W.<\/span><\/li>\n<li style='margin-bottom: 5px;'><span style='font-family: verdana&comma; geneva&comma; sans-serif;'>Temperatura de operaci\u00f3n: -30\u00b0C a 60\u00b0C \/ Humedad al 95% m\u00e1ximo.<\/span><\/li>\n<li style='margin-bottom: 5px;'><span style='font-family: verdana&comma; geneva&comma; sans-serif;'>Uso en exterior IP67&comma; IK10.<\/span><\/li>\n<li style='margin-bottom: 5px;'><span style='font-family: verdana&comma; geneva&comma; sans-serif;'>Sin protecci\u00f3n anti-corrosi\u00f3n espec\u00edfica.<\/span><\/li>\n<li style='margin-bottom: 5px;'><span style='font-family: verdana&comma; geneva&comma; sans-serif;'>Dimensiones: 332.8 x 97.9 x 94.2 mm.<\/span><\/li>\n<li style='margin-bottom: 5px;'><span style='font-family: verdana&comma; geneva&comma; sans-serif;'>Peso: 1531 gramos.<\/span><\/li>\n<\/ul><\/div>\n<\/p><\/div>\n<p> <!-- Caracter\u00edsticas Destacadas --> <\/p>\n<div style='border: 1px solid rgba(150&comma; 150&comma; 150&comma; 0.4); border-radius: 8px; overflow: hidden; margin-bottom: 20px;'>\n<div style='padding: 15px; background: #df001e; color: white; font-weight: bold; font-size: 18px; border-bottom: 1px solid rgba(150&comma; 150&comma; 150&comma; 0.2);'>Caracter\u00edsticas Destacadas:<\/div>\n<div style='padding: 15px; color: inherit;'>\n<ul style='padding-left: 20px; margin: 0; font-size: 14px; list-style-type: disc;'>\n<li style='margin-bottom: 5px;'><span style='font-family: verdana&comma; geneva&comma; sans-serif;'>Compatible con la plataforma de Hik-Connect para una conexi\u00f3n m\u00e1s r\u00e1pida y sencilla.<\/span><\/li>\n<li style='margin-bottom: 5px;'><span style='font-family: verdana&comma; geneva&comma; sans-serif;'>Soporta anal\u00edtico AcuSense para clasificaci\u00f3n de humanos y veh\u00edculos en eventos como cruce de l\u00ednea&comma; intrusi\u00f3n&comma; entrada y salida de \u00e1rea.<\/span><\/li>\n<li style='margin-bottom: 5px;'><span style='font-family: verdana&comma; geneva&comma; sans-serif;'>Tecnolog\u00eda Smart Hybrid Light: integra luces IR y blancas&comma; alternando autom\u00e1ticamente seg\u00fan detecci\u00f3n de movimiento (humanos\/veh\u00edculos).<\/span><\/li>\n<li style='margin-bottom: 5px;'><span style='font-family: verdana&comma; geneva&comma; sans-serif;'>Soporta anal\u00edticos de cruce de l\u00ednea e intrusi\u00f3n de \u00e1rea con filtro para humanos y veh\u00edculos.<\/span><\/li>\n<\/ul><\/div>\n<\/p><\/div>\n<p> <!-- Tabla DORI --> <\/p>\n<div style='border: 1px solid rgba(150&comma; 150&comma; 150&comma; 0.4); border-radius: 8px; overflow: hidden; margin-bottom: 20px;'>\n<div style='padding: 15px; background: #df001e; color: white; font-weight: bold; font-size: 18px; border-bottom: 1px solid rgba(150&comma; 150&comma; 150&comma; 0.2);'>Distancias DORI:<\/div>\n<div style='padding: 15px; color: inherit;'>\n<p style='margin-bottom: 15px;'><span style='font-family: verdana&comma; geneva&comma; sans-serif;'>DORI es un est\u00e1ndar utilizado para definir la distancia a la cual se puede detectar&comma; observar&comma; reconocer e identificar personas y objetos con claridad utilizando una c\u00e1mara de vigilancia.<\/span><\/p>\n<div style='overflow-x: auto;'>\n<table style='width: 100%; border-collapse: collapse; margin: 15px 0;'>\n<thead>\n<tr>\n<th style='font-family: verdana&comma; geneva&comma; sans-serif; width: 101px; border: 1px solid rgba(150&comma;150&comma;150&comma;0.3); padding: 8px; background: rgba(223&comma; 0&comma; 30&comma; 0.1); color: inherit;'>Distancia Focal<\/th>\n<th style='font-family: verdana&comma; geneva&comma; sans-serif; width: 88px; border: 1px solid rgba(150&comma;150&comma;150&comma;0.3); padding: 8px; background: rgba(223&comma; 0&comma; 30&comma; 0.1); color: inherit;'>Detectar<\/th>\n<th style='font-family: verdana&comma; geneva&comma; sans-serif; width: 91px; border: 1px solid rgba(150&comma;150&comma;150&comma;0.3); padding: 8px; background: rgba(223&comma; 0&comma; 30&comma; 0.1); color: inherit;'>Observar<\/th>\n<th style='font-family: verdana&comma; geneva&comma; sans-serif; width: 101px; border: 1px solid rgba(150&comma;150&comma;150&comma;0.3); padding: 8px; background: rgba(223&comma; 0&comma; 30&comma; 0.1); color: inherit;'>Reconocer<\/th>\n<th style='font-family: verdana&comma; geneva&comma; sans-serif; width: 100px; border: 1px solid rgba(150&comma;150&comma;150&comma;0.3); padding: 8px; background: rgba(223&comma; 0&comma; 30&comma; 0.1); color: inherit;'>Identificar<\/th>\n<\/tr>\n<\/thead>\n<tbody>\n<tr>\n<td style='font-family: verdana&comma; geneva&comma; sans-serif; width: 101px; border: 1px solid rgba(150&comma;150&comma;150&comma;0.3); padding: 8px;'>Distancia (2.8 a 12 mm)<\/td>\n<td style='font-family: verdana&comma; geneva&comma; sans-serif; width: 88px; border: 1px solid rgba(150&comma;150&comma;150&comma;0.3); padding: 8px;'>88.3 m a 289.7 m<\/td>\n<td style='font-family: verdana&comma; geneva&comma; sans-serif; width: 91px; border: 1px solid rgba(150&comma;150&comma;150&comma;0.3); padding: 8px;'>35 m a 114.9 m<\/td>\n<td style='font-family: verdana&comma; geneva&comma; sans-serif; width: 101px; border: 1px solid rgba(150&comma;150&comma;150&comma;0.3); padding: 8px;'>17.7 m a 57.9 m<\/td>\n<td style='font-family: verdana&comma; geneva&comma; sans-serif; width: 100px; border: 1px solid rgba(150&comma;150&comma;150&comma;0.3); padding: 8px;'>8.8 m a 29.0 m<\/td>\n<\/tr>\n<\/tbody>\n<\/table><\/div>\n<\/p><\/div>\n<\/p><\/div>\n<p> <!-- Im\u00e1genes AcuSense --> <\/p>\n<div style='margin-bottom: 20px;'> <img style='width: 100%; height: auto; border: 1px solid rgba(150&comma;150&comma;150&comma;0.3); border-radius: 8px; margin-bottom: 15px;' src='https:\/\/ftp3.syscom.mx\/usuarios\/ftp\/single_page\/HIKVISION\/acusense-colorvu.png' alt=''> <\/p>\n<p style='margin: 0; font-size: 14px;'><span style='font-family: verdana&comma; geneva&comma; sans-serif;'>Soporta anal\u00edtico AcuSense para distinguir personas y veh\u00edculos de otros objetos&comma; optimizando b\u00fasquedas de video.<\/span><\/p>\n<\/p><\/div>\n<p> <!-- Im\u00e1genes de luz IR y LED --> <\/p>\n<div style='display: flex; flex-wrap: wrap; gap: 15px; margin-top: 20px;'>\n<div style='flex: 1 1 30%; min-width: 250px;'> <img style='width: 100%; height: auto; border: 1px solid rgba(150&comma;150&comma;150&comma;0.3); border-radius: 8px;' src='https:\/\/ftp3.syscom.mx\/usuarios\/ftp\/single_page\/HIKVISION\/IR-PON-1.png' alt=''> <\/p>\n<div style='padding-top: 10px; font-size: 14px;'> <strong style='font-family: verdana&comma; geneva&comma; sans-serif; color: inherit;'>Luz IR Encendida<\/strong> <\/p>\n<p style='margin: 0; font-size: 14px;'><span style='font-family: verdana&comma; geneva&comma; sans-serif;'>En ausencia de veh\u00edculo o persona&comma; la c\u00e1mara utiliza s\u00f3lo luz IR.<\/span><\/p>\n<\/p><\/div>\n<\/p><\/div>\n<div style='flex: 1 1 30%; min-width: 250px;'> <img style='width: 100%; height: auto; border: 1px solid rgba(150&comma;150&comma;150&comma;0.3); border-radius: 8px;' src='https:\/\/ftp3.syscom.mx\/usuarios\/ftp\/single_page\/HIKVISION\/LED-ON-1.jpg' alt=''> <\/p>\n<div style='padding-top: 10px; font-size: 14px;'> <strong style='font-family: verdana&comma; geneva&comma; sans-serif; color: inherit;'>Luz LED Encendida<\/strong> <\/p>\n<p style='margin: 0; font-size: 14px;'><span style='font-family: verdana&comma; geneva&comma; sans-serif;'>Cuando AcuSense detecta un veh\u00edculo o persona&comma; activa la luz blanca autom\u00e1ticamente.<\/span><\/p>\n<\/p><\/div>\n<\/p><\/div>\n<div style='flex: 1 1 30%; min-width: 250px;'> <img style='width: 100%; height: auto; border: 1px solid rgba(150&comma;150&comma;150&comma;0.3); border-radius: 8px;' src='https:\/\/ftp3.syscom.mx\/usuarios\/ftp\/single_page\/HIKVISION\/IR-PON-2.png' alt=''> <\/p>\n<div style='padding-top: 10px; font-size: 14px;'> <strong style='font-family: verdana&comma; geneva&comma; sans-serif; color: inherit;'>Luz IR Encendida<\/strong> <\/p>\n<p style='margin: 0; font-size: 14px;'><span style='font-family: verdana&comma; geneva&comma; sans-serif;'>Al finalizar el evento&comma; la c\u00e1mara regresa a modo IR.<\/span><\/p>\n<\/p><\/div>\n<\/p><\/div>\n<\/p><\/div>\n<\/p><\/div>\n<\/p><\/div>\n<p> <!-- Video de YouTube --> <\/p>\n<div style='position: relative; padding-bottom: 56.25%; height: 0; overflow: hidden; margin-bottom: 30px;'>   <\/div>\n<p> <!-- Separador final --> <\/p>\n<hr style='border: 0; border-top: 1px solid rgba(150&comma; 150&comma; 150&comma; 0.3); margin: 30px 0;'> <\/div>\n","protected":false},"excerpt":{"rendered":"<p>[Dual Light + 2 Micr\u00f3fonos Integrados]  Bala IP 8 Megapixel (4K) \/ Lente Motorizado 2.8-12 mm \/ 60 m Luz Blanca + 60 m IR \/ AcuSense \/ Exterior IP67 \/ IK10 \/ WDR 120 dB \/ PoE 802.3at \/ ONVIF \/ Alarmas I\/O \/ Micro SD \/ ACUSEARCH<\/p>\n","protected":false},"featured_media":94209,"comment_status":"open","ping_status":"closed","template":"","meta":[],"product_brand":[],"product_cat":[438],"product_tag":[439,122,54],"class_list":{"0":"post-94210","1":"product","2":"type-product","3":"status-publish","4":"has-post-thumbnail","6":"product_cat-bala","7":"product_tag-bala","8":"product_tag-camaras-ip-y-nvrs","9":"product_tag-hikvision","11":"first","12":"instock","13":"sale","14":"shipping-taxable","15":"purchasable","16":"product-type-simple"},"_links":{"self":[{"href":"https:\/\/soydeaqui.ddns.net\/pachuca\/index.php\/wp-json\/wp\/v2\/product\/94210","targetHints":{"allow":["GET"]}}],"collection":[{"href":"https:\/\/soydeaqui.ddns.net\/pachuca\/index.php\/wp-json\/wp\/v2\/product"}],"about":[{"href":"https:\/\/soydeaqui.ddns.net\/pachuca\/index.php\/wp-json\/wp\/v2\/types\/product"}],"replies":[{"embeddable":true,"href":"https:\/\/soydeaqui.ddns.net\/pachuca\/index.php\/wp-json\/wp\/v2\/comments?post=94210"}],"wp:featuredmedia":[{"embeddable":true,"href":"https:\/\/soydeaqui.ddns.net\/pachuca\/index.php\/wp-json\/wp\/v2\/media\/94209"}],"wp:attachment":[{"href":"https:\/\/soydeaqui.ddns.net\/pachuca\/index.php\/wp-json\/wp\/v2\/media?parent=94210"}],"wp:term":[{"taxonomy":"product_brand","embeddable":true,"href":"https:\/\/soydeaqui.ddns.net\/pachuca\/index.php\/wp-json\/wp\/v2\/product_brand?post=94210"},{"taxonomy":"product_cat","embeddable":true,"href":"https:\/\/soydeaqui.ddns.net\/pachuca\/index.php\/wp-json\/wp\/v2\/product_cat?post=94210"},{"taxonomy":"product_tag","embeddable":true,"href":"https:\/\/soydeaqui.ddns.net\/pachuca\/index.php\/wp-json\/wp\/v2\/product_tag?post=94210"}],"curies":[{"name":"wp","href":"https:\/\/api.w.org\/{rel}","templated":true}]}}