{"id":94205,"date":"2026-03-20T06:35:50","date_gmt":"2026-03-20T06:35:50","guid":{"rendered":"https:\/\/soydeaqui.ddns.net\/pachuca\/index.php\/producto\/nvr-4-canales-grabacion-hasta-8mp-h-265-h-264-p2p-wisenet-4-puertos-poe-plug-and-play-soporta-1-disco-duro-no-incluido\/"},"modified":"2026-03-20T06:35:59","modified_gmt":"2026-03-20T06:35:59","slug":"nvr-4-canales-grabacion-hasta-8mp-h-265-h-264-p2p-wisenet-4-puertos-poe-plug-and-play-soporta-1-disco-duro-no-incluido","status":"publish","type":"product","link":"https:\/\/soydeaqui.ddns.net\/pachuca\/index.php\/producto\/nvr-4-canales-grabacion-hasta-8mp-h-265-h-264-p2p-wisenet-4-puertos-poe-plug-and-play-soporta-1-disco-duro-no-incluido\/","title":{"rendered":"NVR 4 canales grabacion hasta 8MP \/ H.265, H.264 \/ P2P Wisenet \/ 4 puertos PoE Plug and play \/ soporta 1 disco duro (no incluido)."},"content":{"rendered":"<div style='width: 100%; max-width: 1200px; margin: 0 auto; font-family: sans-serif; line-height: 1.6; color: inherit; background-color: transparent;'> <!-- Secci\u00f3n de caracter\u00edsticas con texto e im\u00e1genes --> <\/p>\n<div style='display: flex; flex-wrap: wrap; gap: 30px; margin-bottom: 30px;'>\n<div style='flex: 1 1 300px; min-width: 280px;'>\n<h3 style='font-size: 22px; border-bottom: 2px solid currentColor; padding-bottom: 5px; margin-top: 0; color: inherit; opacity: 0.8;'>Caracter\u00edsticas<\/h3>\n<p style='margin: 0 0 15px; font-size: 15px; color: inherit;'> <strong>WiseStream + H.265.<\/strong> Comprima hasta un <span style='color: #f37934;'>99%<\/span> el video&comma; este algoritmo le permite reducir costos en almacenamiento y en su estructura de la red por la baja transmisi\u00f3n de datos. <\/p>\n<p style='margin: 0 0 15px; font-size: 15px; color: inherit;'> <img style='width: 100%; height: auto; border: 1px solid rgba(150&comma;150&comma;150&comma;0.3); border-radius: 8px;' src='https:\/\/ftp3.syscom.mx\/usuarios\/aberumen\/5WN-X-WiseStream-II.jpg' alt=''> <\/p>\n<p style='margin: 0 0 15px; font-size: 15px; color: inherit;'> <span style='font-size: 12px;'>(Nota: Para poder tener esta compresi\u00f3n&comma; la c\u00e1mara tambi\u00e9n tiene que disponer de \u00e9sta).<\/span> <\/p>\n<p style='margin: 0 0 15px; font-size: 15px; color: inherit;'> <strong>Grabaci\u00f3n en 4K.<\/strong> Almacenamiento inteligente en <span style='color: #f37934;'>UHD 4K<\/span>. <\/p>\n<p style='margin: 0 0 15px; font-size: 15px; color: inherit;'> <img style='width: 100%; height: auto; border: 1px solid rgba(150&comma;150&comma;150&comma;0.3); border-radius: 8px;' src='https:\/\/ftp3.syscom.mx\/usuarios\/aberumen\/31-12-2018%2012-19-18%20p-%20m-.jpg' alt=''> <\/p>\n<p style='margin: 0 0 15px; font-size: 15px; color: inherit;'> <strong>Wisenet P2P.<\/strong> Visualizaci\u00f3n remota <span style='color: #f37934;'>segura<\/span>&comma; <span style='color: #f37934;'>simple<\/span> y <span style='color: #f37934;'>al instante<\/span>. <\/p>\n<\/p><\/div>\n<p> <!-- Secci\u00f3n de video --> <\/p>\n<div style='flex: 1 1 300px; min-width: 280px;'>\n<div style='position: relative; padding-bottom: 56.25%; height: 0; overflow: hidden; margin-bottom: 30px;'>   <\/div>\n<p style='margin: 0 0 15px; font-size: 12px; color: inherit; background-color: #f8f9fa; padding: 10px; border-left: 4px solid #f37934;'> NOTA: (El P2P es unicamente compatible con dispositivos moviles a travez de la aplicacion Wisenet mobile y con software Wisenet Viewer&comma; no es compatible con Smart Viewer&comma; SSM o Wisenet Wave). <\/p>\n<\/p><\/div>\n<\/p><\/div>\n<p> <!-- Separador --> <\/p>\n<hr style='border: 0; border-top: 1px solid rgba(150&comma; 150&comma; 150&comma; 0.3); margin: 30px 0;'> <!-- Secci\u00f3n de especificaciones --> <\/p>\n<div style='display: flex; flex-wrap: wrap; gap: 20px; margin-bottom: 30px;'> <!-- Caracter\u00edsticas del NVR --> <\/p>\n<div style='flex: 1 1 250px; border: 1px solid rgba(150&comma; 150&comma; 150&comma; 0.4); border-radius: 8px; overflow: hidden; display: flex; flex-direction: column;'>\n<div style='padding: 15px; border-bottom: 1px solid rgba(150&comma; 150&comma; 150&comma; 0.2); font-weight: bold; font-size: 18px; color: inherit;'>Caracter\u00edsticas del NVR<\/div>\n<div style='padding: 15px; color: inherit;'>\n<ul style='padding-left: 20px; margin: 0; font-size: 14px; list-style-type: disc;'>\n<li style='margin-bottom: 5px;'>Soporta 4 c\u00e1maras de hasta m\u00e1ximo 8MP<\/li>\n<li style='margin-bottom: 5px;'>Compresi\u00f3n de video: H.265&comma; H264&comma; MJPEG<\/li>\n<li style='margin-bottom: 5px;'>Soporta mouse USB para operar (incluido)<\/li>\n<li style='margin-bottom: 5px;'>Soporta 1 HDD de hasta 6TB<\/li>\n<li style='margin-bottom: 5px;'>Soporta Hanwha security DDNS y Wisenet P2P<\/li>\n<li style='margin-bottom: 5px;'>Acceso por dispositivo m\u00f3vil: Android&comma; iOS<\/li>\n<li style='margin-bottom: 5px;'>Protocolos: SUNAPI&comma; ONVIF Perfil S.<\/li>\n<li style='margin-bottom: 5px;'>Multilenguaje.<\/li>\n<\/ul><\/div>\n<\/p><\/div>\n<p> <!-- Caracter\u00edsticas de red --> <\/p>\n<div style='flex: 1 1 250px; border: 1px solid rgba(150&comma; 150&comma; 150&comma; 0.4); border-radius: 8px; overflow: hidden; display: flex; flex-direction: column;'>\n<div style='padding: 15px; border-bottom: 1px solid rgba(150&comma; 150&comma; 150&comma; 0.2); font-weight: bold; font-size: 18px; color: inherit;'>Caracter\u00edsticas de red<\/div>\n<div style='padding: 15px; color: inherit;'>\n<ul style='padding-left: 20px; margin: 0; font-size: 14px; list-style-type: disc;'>\n<li style='margin-bottom: 5px;'>Throughput de grabaci\u00f3n: 40Mbps<\/li>\n<li style='margin-bottom: 5px;'>Max. de usuarios remotos: 3 reproducci\u00f3n y 10 vista en directo<\/li>\n<li style='margin-bottom: 5px;'>1 Puerto de red RJ45 10\/100<\/li>\n<li style='margin-bottom: 5px;'>Switch POE interconstruido 4 puertos 35W de salida.<\/li>\n<\/ul><\/div>\n<\/p><\/div>\n<p> <!-- Interfaces --> <\/p>\n<div style='flex: 1 1 250px; border: 1px solid rgba(150&comma; 150&comma; 150&comma; 0.4); border-radius: 8px; overflow: hidden; display: flex; flex-direction: column;'>\n<div style='padding: 15px; border-bottom: 1px solid rgba(150&comma; 150&comma; 150&comma; 0.2); font-weight: bold; font-size: 18px; color: inherit;'>Interfaces<\/div>\n<div style='padding: 15px; color: inherit;'>\n<ul style='padding-left: 20px; margin: 0; font-size: 14px; list-style-type: disc;'>\n<li style='margin-bottom: 5px;'>Salida HDMI<\/li>\n<li style='margin-bottom: 5px;'>Decodificacion local hasta 4 camaras 1080p@30fps<\/li>\n<li style='margin-bottom: 5px;'>USB: 2 Puertos<\/li>\n<\/ul><\/div>\n<\/p><\/div>\n<p> <!-- Caracter\u00edsticas f\u00edsicas y el\u00e9ctricas --> <\/p>\n<div style='flex: 1 1 250px; border: 1px solid rgba(150&comma; 150&comma; 150&comma; 0.4); border-radius: 8px; overflow: hidden; display: flex; flex-direction: column;'>\n<div style='padding: 15px; border-bottom: 1px solid rgba(150&comma; 150&comma; 150&comma; 0.2); font-weight: bold; font-size: 18px; color: inherit;'>Caracter\u00edsticas f\u00edsicas y el\u00e9ctricas<\/div>\n<div style='padding: 15px; color: inherit;'>\n<ul style='padding-left: 20px; margin: 0; font-size: 14px; list-style-type: disc;'>\n<li style='margin-bottom: 5px;'>Alimentaci\u00f3n: 54V DC \/1.2A<\/li>\n<li style='margin-bottom: 5px;'>Consumo: MAX. 52W<\/li>\n<li style='margin-bottom: 5px;'>Dimensiones: 300.0 x 47 x 208.7mm<\/li>\n<li style='margin-bottom: 5px;'>Peso: 1.03Kg<\/li>\n<\/ul><\/div>\n<\/p><\/div>\n<\/p><\/div>\n<\/p><\/div>\n","protected":false},"excerpt":{"rendered":"<p>NVR 4 canales grabacion hasta 8MP \/ H.265, H.264 \/ P2P Wisenet \/ 4 puertos PoE Plug and play \/ soporta 1 disco duro (no incluido).<\/p>\n","protected":false},"featured_media":94204,"comment_status":"open","ping_status":"closed","template":"","meta":[],"product_brand":[],"product_cat":[2234],"product_tag":[122,1055,2235],"class_list":{"0":"post-94205","1":"product","2":"type-product","3":"status-publish","4":"has-post-thumbnail","6":"product_cat-nvrs-network-video-recorders","7":"product_tag-camaras-ip-y-nvrs","8":"product_tag-hanwha-vision","9":"product_tag-nvrs-network-video-recorders","11":"first","12":"instock","13":"sale","14":"shipping-taxable","15":"purchasable","16":"product-type-simple"},"_links":{"self":[{"href":"https:\/\/soydeaqui.ddns.net\/pachuca\/index.php\/wp-json\/wp\/v2\/product\/94205","targetHints":{"allow":["GET"]}}],"collection":[{"href":"https:\/\/soydeaqui.ddns.net\/pachuca\/index.php\/wp-json\/wp\/v2\/product"}],"about":[{"href":"https:\/\/soydeaqui.ddns.net\/pachuca\/index.php\/wp-json\/wp\/v2\/types\/product"}],"replies":[{"embeddable":true,"href":"https:\/\/soydeaqui.ddns.net\/pachuca\/index.php\/wp-json\/wp\/v2\/comments?post=94205"}],"wp:featuredmedia":[{"embeddable":true,"href":"https:\/\/soydeaqui.ddns.net\/pachuca\/index.php\/wp-json\/wp\/v2\/media\/94204"}],"wp:attachment":[{"href":"https:\/\/soydeaqui.ddns.net\/pachuca\/index.php\/wp-json\/wp\/v2\/media?parent=94205"}],"wp:term":[{"taxonomy":"product_brand","embeddable":true,"href":"https:\/\/soydeaqui.ddns.net\/pachuca\/index.php\/wp-json\/wp\/v2\/product_brand?post=94205"},{"taxonomy":"product_cat","embeddable":true,"href":"https:\/\/soydeaqui.ddns.net\/pachuca\/index.php\/wp-json\/wp\/v2\/product_cat?post=94205"},{"taxonomy":"product_tag","embeddable":true,"href":"https:\/\/soydeaqui.ddns.net\/pachuca\/index.php\/wp-json\/wp\/v2\/product_tag?post=94205"}],"curies":[{"name":"wp","href":"https:\/\/api.w.org\/{rel}","templated":true}]}}