{"id":94200,"date":"2026-03-20T06:35:38","date_gmt":"2026-03-20T06:35:38","guid":{"rendered":"https:\/\/soydeaqui.ddns.net\/pachuca\/index.php\/producto\/nvr-8-megapixel-4-canales-h-265-p2p-wisenet-4-puertos-poe\/"},"modified":"2026-03-20T06:35:47","modified_gmt":"2026-03-20T06:35:47","slug":"nvr-8-megapixel-4-canales-h-265-p2p-wisenet-4-puertos-poe","status":"publish","type":"product","link":"https:\/\/soydeaqui.ddns.net\/pachuca\/index.php\/producto\/nvr-8-megapixel-4-canales-h-265-p2p-wisenet-4-puertos-poe\/","title":{"rendered":"NVR 8 Megap\u00edxel \/ 4 canales \/ H.265 \/ P2P Wisenet \/ 4 puertos PoE"},"content":{"rendered":"<div style='width: 100%; max-width: 1200px; margin: 0 auto; font-family: sans-serif; line-height: 1.6; color: inherit; background-color: transparent;'> <!-- Secci\u00f3n de caracter\u00edsticas --> <\/p>\n<div style='display: flex; flex-wrap: wrap; gap: 30px; margin-bottom: 30px;'>\n<div style='flex: 1 1 300px; min-width: 280px;'>\n<h3 style='font-size: 22px; border-bottom: 2px solid currentColor; padding-bottom: 5px; margin-top: 0; color: inherit; opacity: 0.8;'>Caracter\u00edsticas del NVR<\/h3>\n<ul style='padding-left: 20px; font-size: 15px; color: inherit;'>\n<li style='margin-bottom: 5px;'>Soporta 4 c\u00e1maras de hasta m\u00e1ximo 8MP<\/li>\n<li style='margin-bottom: 5px;'>Compresi\u00f3n de video: H.265&comma; H264&comma; MJPEG<\/li>\n<li style='margin-bottom: 5px;'>Soporta mouse USB para operar (incluido)<\/li>\n<li style='margin-bottom: 5px;'>Soporta 1 HDD de M\u00e1ximo 6TB (incluye 1 Disco de 2TB)<\/li>\n<li style='margin-bottom: 5px;'>Soporta Hanwha security DDNS y Wisenet P2P<\/li>\n<li style='margin-bottom: 5px;'>Acceso por dispositivo m\u00f3vil: Android&comma; iOS<\/li>\n<li style='margin-bottom: 5px;'>Protocolos: SUNAPI&comma; ONVIF<\/li>\n<\/ul><\/div>\n<div style='flex: 1 1 300px; min-width: 280px;'>\n<h3 style='font-size: 22px; border-bottom: 2px solid currentColor; padding-bottom: 5px; margin-top: 0; color: inherit; opacity: 0.8;'>Caracter\u00edsticas de red<\/h3>\n<ul style='padding-left: 20px; font-size: 15px; color: inherit;'>\n<li style='margin-bottom: 5px;'>Throughput de grabaci\u00f3n: 40Mbps<\/li>\n<li style='margin-bottom: 5px;'>Max. de usuarios remotos: 3 reproducci\u00f3n y 10 vista en directo<\/li>\n<li style='margin-bottom: 5px;'>1 Puerto de red<\/li>\n<li style='margin-bottom: 5px;'>Switch POE interconstruido 4 puertos 35W de salida<\/li>\n<\/ul><\/div>\n<div style='flex: 1 1 300px; min-width: 280px;'>\n<h3 style='font-size: 22px; border-bottom: 2px solid currentColor; padding-bottom: 5px; margin-top: 0; color: inherit; opacity: 0.8;'>Interfaces<\/h3>\n<ul style='padding-left: 20px; font-size: 15px; color: inherit;'>\n<li style='margin-bottom: 5px;'>Salida HDMI<\/li>\n<li style='margin-bottom: 5px;'>Decodificaci\u00f3n local hasta 4 c\u00e1maras 1080p@30fps<\/li>\n<li style='margin-bottom: 5px;'>USB: 2 Puertos<\/li>\n<\/ul><\/div>\n<div style='flex: 1 1 300px; min-width: 280px;'>\n<h3 style='font-size: 22px; border-bottom: 2px solid currentColor; padding-bottom: 5px; margin-top: 0; color: inherit; opacity: 0.8;'>Caracter\u00edsticas f\u00edsicas y el\u00e9ctricas<\/h3>\n<ul style='padding-left: 20px; font-size: 15px; color: inherit;'>\n<li style='margin-bottom: 5px;'>Alimentaci\u00f3n: 54V DC \/1.2A<\/li>\n<li style='margin-bottom: 5px;'>Consumo: MAX. 52W<\/li>\n<li style='margin-bottom: 5px;'>Dimensiones: 300.0 x 47 x 208.4mm (17.32&#8242; x 1.89&#8242; x 8.22&#8242;)<\/li>\n<li style='margin-bottom: 5px;'>Peso: 1.03Kg<\/li>\n<\/ul><\/div>\n<\/p><\/div>\n<p> <!-- Secci\u00f3n de contenido con im\u00e1genes y video --> <\/p>\n<div style='display: flex; flex-wrap: wrap; gap: 30px; margin-bottom: 30px;'>\n<div style='flex: 1 1 400px; min-width: 300px;'>\n<p style='margin: 0 0 15px; font-size: 15px; color: inherit;'> <strong style='color: inherit;'>WiseStream + H.265.<\/strong> Comprima hasta un <span style='color: #f37934;'>99%<\/span> el video&comma; este algoritmo le permite reducir costos en almacenamiento y en su estructura de la red por la baja transmisi\u00f3n de datos. <\/p>\n<p> <img style='width: 100%; height: auto; border: 1px solid rgba(150&comma;150&comma;150&comma;0.3); border-radius: 8px;' src='https:\/\/ftp3.syscom.mx\/usuarios\/aberumen\/5WN-X-WiseStream-II.jpg' alt='WiseStream II'> <\/p>\n<p style='margin: 15px 0; font-size: 12px; color: inherit;'> (Nota: Para poder tener esta compresi\u00f3n&comma; la c\u00e1mara tambi\u00e9n tiene que disponer de \u00e9sta). <\/p>\n<\/p><\/div>\n<div style='flex: 1 1 400px; min-width: 300px;'>\n<p style='margin: 0 0 15px; font-size: 15px; color: inherit;'> <strong style='color: inherit;'>Grabaci\u00f3n en 4K.<\/strong> Almacenamiento inteligente en <span style='color: #f37934;'>UHD 4K<\/span>. <\/p>\n<p> <img style='width: 100%; height: auto; border: 1px solid rgba(150&comma;150&comma;150&comma;0.3); border-radius: 8px;' src='https:\/\/ftp3.syscom.mx\/usuarios\/aberumen\/31-12-2018%2012-19-18%20p-%20m-.jpg' alt='Grabaci\u00f3n en 4K'> <\/p>\n<p style='margin: 15px 0 5px; font-size: 15px; color: inherit;'> <strong style='color: inherit;'>Wisenet P2P.<\/strong> Visualizaci\u00f3n remota <span style='color: #f37934;'>segura<\/span>&comma; <span style='color: #f37934;'>simple<\/span> y <span style='color: #f37934;'>al instante<\/span>. <\/p>\n<div style='position: relative; padding-bottom: 56.25%; height: 0; overflow: hidden; margin-bottom: 30px;'>   <\/div>\n<p style='margin: 0 0 15px; font-size: 14px; color: inherit; background-color: #f8f9fa; padding: 10px; border-left: 4px solid #f37934;'> <strong style='color: inherit;'>NOTA:<\/strong> (El P2P es \u00fanicamente compatible con dispositivos m\u00f3viles a trav\u00e9s de la aplicaci\u00f3n Wisenet Mobile&comma; no es compatible con Smart Viewer&comma; SSM o Wisenet Wave). <\/p>\n<\/p><\/div>\n<\/p><\/div>\n<p> <!-- Enlace adicional --> <\/p>\n<div style='margin-top: 30px;'> <a href='http:\/\/soporte.syscom.mx\/videovigilancia\/hanwha-lista-de-tips-tecnicos' target='_blank' rel='noopener' style='text-decoration: none; color: inherit;'> <img style='width: 100%; max-width: 419px; height: auto; border: 1px solid rgba(150&comma;150&comma;150&comma;0.3); border-radius: 8px;' src='https:\/\/ftp3.syscom.mx\/usuarios\/imendez\/Hanwha\/Sintitulo-2.jpg' alt='Soporte t\u00e9cnico Hanwha'> <\/a> <\/div>\n<\/p><\/div>\n","protected":false},"excerpt":{"rendered":"<p>NVR 8 Megap\u00edxel \/ 4 canales \/ H.265 \/ P2P Wisenet \/ 4 puertos PoE<\/p>\n","protected":false},"featured_media":94199,"comment_status":"open","ping_status":"closed","template":"","meta":[],"product_brand":[],"product_cat":[2234],"product_tag":[122,1055,2235],"class_list":{"0":"post-94200","1":"product","2":"type-product","3":"status-publish","4":"has-post-thumbnail","6":"product_cat-nvrs-network-video-recorders","7":"product_tag-camaras-ip-y-nvrs","8":"product_tag-hanwha-vision","9":"product_tag-nvrs-network-video-recorders","11":"first","12":"instock","13":"sale","14":"shipping-taxable","15":"purchasable","16":"product-type-simple"},"_links":{"self":[{"href":"https:\/\/soydeaqui.ddns.net\/pachuca\/index.php\/wp-json\/wp\/v2\/product\/94200","targetHints":{"allow":["GET"]}}],"collection":[{"href":"https:\/\/soydeaqui.ddns.net\/pachuca\/index.php\/wp-json\/wp\/v2\/product"}],"about":[{"href":"https:\/\/soydeaqui.ddns.net\/pachuca\/index.php\/wp-json\/wp\/v2\/types\/product"}],"replies":[{"embeddable":true,"href":"https:\/\/soydeaqui.ddns.net\/pachuca\/index.php\/wp-json\/wp\/v2\/comments?post=94200"}],"wp:featuredmedia":[{"embeddable":true,"href":"https:\/\/soydeaqui.ddns.net\/pachuca\/index.php\/wp-json\/wp\/v2\/media\/94199"}],"wp:attachment":[{"href":"https:\/\/soydeaqui.ddns.net\/pachuca\/index.php\/wp-json\/wp\/v2\/media?parent=94200"}],"wp:term":[{"taxonomy":"product_brand","embeddable":true,"href":"https:\/\/soydeaqui.ddns.net\/pachuca\/index.php\/wp-json\/wp\/v2\/product_brand?post=94200"},{"taxonomy":"product_cat","embeddable":true,"href":"https:\/\/soydeaqui.ddns.net\/pachuca\/index.php\/wp-json\/wp\/v2\/product_cat?post=94200"},{"taxonomy":"product_tag","embeddable":true,"href":"https:\/\/soydeaqui.ddns.net\/pachuca\/index.php\/wp-json\/wp\/v2\/product_tag?post=94200"}],"curies":[{"name":"wp","href":"https:\/\/api.w.org\/{rel}","templated":true}]}}