{"id":94185,"date":"2026-03-20T06:34:56","date_gmt":"2026-03-20T06:34:56","guid":{"rendered":"https:\/\/soydeaqui.ddns.net\/pachuca\/index.php\/producto\/nvr-16-canales-grabacion-hasta-8mp-h-265-p2p-wisenet-16-puertos-poe-plug-and-play-80-mbps-para-grabacion\/"},"modified":"2026-03-20T06:35:04","modified_gmt":"2026-03-20T06:35:04","slug":"nvr-16-canales-grabacion-hasta-8mp-h-265-p2p-wisenet-16-puertos-poe-plug-and-play-80-mbps-para-grabacion","status":"publish","type":"product","link":"https:\/\/soydeaqui.ddns.net\/pachuca\/index.php\/producto\/nvr-16-canales-grabacion-hasta-8mp-h-265-p2p-wisenet-16-puertos-poe-plug-and-play-80-mbps-para-grabacion\/","title":{"rendered":"NVR 16 canales grabacion hasta 8MP \/ H.265 \/ P2P Wisenet \/ 16 puertos PoE Plug and Play \/ 80 Mbps para grabacion."},"content":{"rendered":"<div style='width: 100%; max-width: 1200px; margin: 0 auto; font-family: sans-serif; line-height: 1.6; color: inherit; background-color: transparent;'>\n<div style='display: flex; flex-wrap: wrap; gap: 30px; margin-bottom: 30px;'>\n<div style='flex: 1 1 300px; min-width: 280px;'>\n<h3 style='font-size: 22px; border-bottom: 2px solid currentColor; padding-bottom: 5px; margin-top: 0; color: inherit; opacity: 0.8;'>Caracter\u00edsticas del NVR<\/h3>\n<ul style='padding-left: 20px; font-size: 15px; color: inherit;'>\n<li style='margin-bottom: 5px;'>Soporta 16 c\u00e1maras de hasta m\u00e1ximo 8MP<\/li>\n<li style='margin-bottom: 5px;'>Compresi\u00f3n de video: H.265&comma; H264&comma; MJPEG<\/li>\n<li style='margin-bottom: 5px;'>Soporta mouse USB para operar (incluido)<\/li>\n<li style='margin-bottom: 5px;'>Soporta 2 HDD de hasta 6TB C\/U (No incluidos)<\/li>\n<li style='margin-bottom: 5px;'>Soporta Hanwha security DDNS y Wisenet P2P<\/li>\n<li style='margin-bottom: 5px;'>Acceso por dispositivo m\u00f3vil: Android&comma; iOS<\/li>\n<li style='margin-bottom: 5px;'>Protocolos: SUNAPI&comma; ONVIF Perfil S<\/li>\n<\/ul><\/div>\n<div style='flex: 1 1 300px; min-width: 280px;'>\n<h3 style='font-size: 22px; border-bottom: 2px solid currentColor; padding-bottom: 5px; margin-top: 0; color: inherit; opacity: 0.8;'>Caracter\u00edsticas de red<\/h3>\n<ul style='padding-left: 20px; font-size: 15px; color: inherit;'>\n<li style='margin-bottom: 5px;'>Throughput de grabaci\u00f3n: 80 Mbps<\/li>\n<li style='margin-bottom: 5px;'>Max. de usuarios remotos: 4 (1 local&comma; 3 remotos)<\/li>\n<li style='margin-bottom: 5px;'>1 Puerto de red RJ-45 1 Gbps<\/li>\n<li style='margin-bottom: 5px;'>Switch POE interconstruido 16 puertos 130W Max.<\/li>\n<\/ul><\/div>\n<div style='flex: 1 1 300px; min-width: 280px;'>\n<h3 style='font-size: 22px; border-bottom: 2px solid currentColor; padding-bottom: 5px; margin-top: 0; color: inherit; opacity: 0.8;'>Interfaces<\/h3>\n<ul style='padding-left: 20px; font-size: 15px; color: inherit;'>\n<li style='margin-bottom: 5px;'>Salida de video HDMI en 4K<\/li>\n<li style='margin-bottom: 5px;'>Salida de video local Hasta 16 c\u00e1maras 1080p@7.5fps<\/li>\n<li style='margin-bottom: 5px;'>USB: 2 Puertos<\/li>\n<\/ul><\/div>\n<div style='flex: 1 1 300px; min-width: 280px;'>\n<h3 style='font-size: 22px; border-bottom: 2px solid currentColor; padding-bottom: 5px; margin-top: 0; color: inherit; opacity: 0.8;'>Caracter\u00edsticas f\u00edsicas y el\u00e9ctricas<\/h3>\n<ul style='padding-left: 20px; font-size: 15px; color: inherit;'>\n<li style='margin-bottom: 5px;'>Alimentaci\u00f3n: 100 &#8211; 240 VCA<\/li>\n<li style='margin-bottom: 5px;'>Consumo: MAX. 188.2 W<\/li>\n<li style='margin-bottom: 5px;'>Dimensiones: 370.0 x 44.0 x 320mm (14.56&#8242; x 1.73&#8242; x 12.59&#8242;)<\/li>\n<li style='margin-bottom: 5px;'>Peso: 2.88 Kg<\/li>\n<\/ul><\/div>\n<\/p><\/div>\n<div style='margin-bottom: 30px;'>\n<div style='border: 1px solid rgba(150&comma; 150&comma; 150&comma; 0.4); border-radius: 8px; padding: 15px; background-color: rgba(255&comma; 244&comma; 179&comma; 0.2);'> <strong style='font-size: 16px; color: inherit;'>NOTA:<\/strong> <span style='font-size: 14px; color: inherit; display: block; margin-top: 8px;'>(El P2P es \u00fanicamente compatible con dispositivos m\u00f3viles a trav\u00e9s de la aplicaci\u00f3n Wisenet Mobile o software Wisenet Viewer&comma; no es compatible con Smart Viewer&comma; SSM o Wisenet Wave)<\/span> <\/div>\n<\/p><\/div>\n<hr style='border: 0; border-top: 1px solid rgba(150&comma; 150&comma; 150&comma; 0.3); margin: 30px 0;'> <\/div>\n","protected":false},"excerpt":{"rendered":"<p>NVR 16 canales grabacion hasta 8MP \/ H.265 \/ P2P Wisenet \/ 16 puertos PoE Plug and Play \/ 80 Mbps para grabacion.<\/p>\n","protected":false},"featured_media":94184,"comment_status":"open","ping_status":"closed","template":"","meta":[],"product_brand":[],"product_cat":[2234],"product_tag":[122,1055,2235],"class_list":{"0":"post-94185","1":"product","2":"type-product","3":"status-publish","4":"has-post-thumbnail","6":"product_cat-nvrs-network-video-recorders","7":"product_tag-camaras-ip-y-nvrs","8":"product_tag-hanwha-vision","9":"product_tag-nvrs-network-video-recorders","11":"first","12":"instock","13":"sale","14":"shipping-taxable","15":"purchasable","16":"product-type-simple"},"_links":{"self":[{"href":"https:\/\/soydeaqui.ddns.net\/pachuca\/index.php\/wp-json\/wp\/v2\/product\/94185","targetHints":{"allow":["GET"]}}],"collection":[{"href":"https:\/\/soydeaqui.ddns.net\/pachuca\/index.php\/wp-json\/wp\/v2\/product"}],"about":[{"href":"https:\/\/soydeaqui.ddns.net\/pachuca\/index.php\/wp-json\/wp\/v2\/types\/product"}],"replies":[{"embeddable":true,"href":"https:\/\/soydeaqui.ddns.net\/pachuca\/index.php\/wp-json\/wp\/v2\/comments?post=94185"}],"wp:featuredmedia":[{"embeddable":true,"href":"https:\/\/soydeaqui.ddns.net\/pachuca\/index.php\/wp-json\/wp\/v2\/media\/94184"}],"wp:attachment":[{"href":"https:\/\/soydeaqui.ddns.net\/pachuca\/index.php\/wp-json\/wp\/v2\/media?parent=94185"}],"wp:term":[{"taxonomy":"product_brand","embeddable":true,"href":"https:\/\/soydeaqui.ddns.net\/pachuca\/index.php\/wp-json\/wp\/v2\/product_brand?post=94185"},{"taxonomy":"product_cat","embeddable":true,"href":"https:\/\/soydeaqui.ddns.net\/pachuca\/index.php\/wp-json\/wp\/v2\/product_cat?post=94185"},{"taxonomy":"product_tag","embeddable":true,"href":"https:\/\/soydeaqui.ddns.net\/pachuca\/index.php\/wp-json\/wp\/v2\/product_tag?post=94185"}],"curies":[{"name":"wp","href":"https:\/\/api.w.org\/{rel}","templated":true}]}}