{"id":94178,"date":"2026-03-20T06:34:39","date_gmt":"2026-03-20T06:34:39","guid":{"rendered":"https:\/\/soydeaqui.ddns.net\/pachuca\/index.php\/producto\/camara-ip-tipo-domo-antivandalico-4-megapixel-lente-3-3-a-10-3-mm-ir-30m-wdr-120db-ip66-ik10-h-265-wisestream\/"},"modified":"2026-03-20T06:34:43","modified_gmt":"2026-03-20T06:34:43","slug":"camara-ip-tipo-domo-antivandalico-4-megapixel-lente-3-3-a-10-3-mm-ir-30m-wdr-120db-ip66-ik10-h-265-wisestream","status":"publish","type":"product","link":"https:\/\/soydeaqui.ddns.net\/pachuca\/index.php\/producto\/camara-ip-tipo-domo-antivandalico-4-megapixel-lente-3-3-a-10-3-mm-ir-30m-wdr-120db-ip66-ik10-h-265-wisestream\/","title":{"rendered":"C\u00e1mara IP Tipo Domo Antivand\u00e1lico 4 Megap\u00edxel \/ Lente 3.3 a 10.3 mm \/ IR 30M \/ WDR 120db \/ IP66 \/ IK10 \/ H.265 &#038; WiseStream"},"content":{"rendered":"<div style='width: 100%; max-width: 1200px; margin: 0 auto; font-family: sans-serif; line-height: 1.6; color: inherit; background-color: transparent;'> <!-- Secci\u00f3n de video y texto --> <\/p>\n<div style='display: flex; flex-wrap: wrap; gap: 30px; margin-bottom: 30px;'>\n<div style='flex: 1 1 400px; min-width: 300px;'>\n<div style='position: relative; padding-bottom: 56.25%; height: 0; overflow: hidden; margin-bottom: 30px;'>   <\/div>\n<\/p><\/div>\n<div style='flex: 1 1 400px; min-width: 300px;'>\n<h3 style='font-size: 22px; border-bottom: 2px solid currentColor; padding-bottom: 5px; margin-top: 0; color: inherit; opacity: 0.8;'>H.265 + <span style='color: #f37934;'>WiseStream<\/span><\/h3>\n<p style='font-size: 14px; color: inherit;'> Mediante WiseStream&comma; la tecnolog\u00eda de compresi\u00f3n de v\u00eddeo de Hanwha Techwin&comma; la serie Wisenet X reduce el almacenamiento de datos <strong><span style='color: #f37934;'>hasta un 75%<\/span><\/strong> en comparaci\u00f3n con la actual tecnolog\u00eda H.264&comma; cuando se combina con la compresi\u00f3n H.265. Los costes del sistema se reducen enormemente sin comprometer la calidad de las im\u00e1genes. <\/p>\n<\/p><\/div>\n<\/p><\/div>\n<p> <!-- Secci\u00f3n de cumplimiento y video --> <\/p>\n<div style='display: flex; flex-wrap: wrap; gap: 30px; margin-bottom: 30px;'>\n<div style='flex: 1 1 400px; min-width: 300px;'>\n<h3 style='font-size: 22px; border-bottom: 2px solid currentColor; padding-bottom: 5px; margin-top: 0; color: inherit; opacity: 0.8;'>Cumplimiento con NDAA&comma; FCC<\/h3>\n<p style='font-size: 14px; color: inherit;'> La nueva serie A de Camaras Hanwha esta certificada por NDAA y FCC. <\/p>\n<\/p><\/div>\n<div style='flex: 1 1 400px; min-width: 300px;'>\n<div style='position: relative; padding-bottom: 56.25%; height: 0; overflow: hidden; margin-bottom: 30px;'>   <\/div>\n<\/p><\/div>\n<\/p><\/div>\n<p> <!-- Secci\u00f3n de caracter\u00edsticas con im\u00e1genes --> <\/p>\n<div style='display: grid; grid-template-columns: repeat(auto-fill&comma; minmax(250px&comma; 1fr)); gap: 20px; margin-bottom: 30px;'>\n<div style='text-align: center;'>\n<h3 style='font-size: 18px; color: #f37934; margin-bottom: 10px;'>Detecci\u00f3n de Direcci\u00f3n<\/h3>\n<p> <img style='width: 100%; height: auto; border: 1px solid rgba(150&comma;150&comma;150&comma;0.3); border-radius: 8px;' src='https:\/\/ftp3.syscom.mx\/usuarios\/fotos\/QND6012R\/171514-direccion.png' alt='Detecci\u00f3n de Direcci\u00f3n'> <\/div>\n<div style='text-align: center;'>\n<h3 style='font-size: 18px; color: #f37934; margin-bottom: 10px;'>Linea Virtual<\/h3>\n<p> <img style='width: 100%; height: auto; border: 1px solid rgba(150&comma;150&comma;150&comma;0.3); border-radius: 8px;' src='https:\/\/ftp3.syscom.mx\/usuarios\/fotos\/QND6012R\/171514-linea_virtual.png' alt='Linea Virtual'> <\/div>\n<div style='text-align: center;'>\n<h3 style='font-size: 18px; color: #f37934; margin-bottom: 10px;'>Entrada \/ Salida<\/h3>\n<p> <img style='width: 100%; height: auto; border: 1px solid rgba(150&comma;150&comma;150&comma;0.3); border-radius: 8px;' src='https:\/\/ftp3.syscom.mx\/usuarios\/fotos\/QND6012R\/171514-entrada_salida.png' alt='Entrada \/ Salida'> <\/div>\n<\/p><\/div>\n<p> <!-- Secci\u00f3n de especificaciones en cards --> <\/p>\n<div style='display: flex; flex-wrap: wrap; gap: 20px; margin-bottom: 30px;'>\n<div style='flex: 1 1 300px; border: 1px solid rgba(150&comma; 150&comma; 150&comma; 0.4); border-radius: 8px; overflow: hidden; display: flex; flex-direction: column;'>\n<div style='padding: 15px; border-bottom: 1px solid rgba(150&comma; 150&comma; 150&comma; 0.2); font-weight: bold; font-size: 18px; color: inherit; background-color: rgba(243&comma; 121&comma; 52&comma; 0.05);'>Caracter\u00edsticas principales<\/div>\n<div style='padding: 15px; color: inherit;'>\n<ul style='padding-left: 20px; margin: 0; font-size: 14px; list-style-type: disc;'>\n<li style='margin-bottom: 5px;'>Sensor de imagen: 1\/2.8 CMOS Scan Progresivo.<\/li>\n<li style='margin-bottom: 5px;'>Iluminaci\u00f3n m\u00ednima: Color: 0.03Lux&comma; B\/N: 0Lux con IR encendido.<\/li>\n<li style='margin-bottom: 5px;'>D\u00eda \/ Noche real con filtro ICR.<\/li>\n<li style='margin-bottom: 5px;'>Lente Fijo: 3.3 a 10.3 mm.<\/li>\n<li style='margin-bottom: 5px;'>Distancia de IR: 30 m IR inteligente.<\/li>\n<li style='margin-bottom: 5px;'>Funciones: WDR real (120dB).<\/li>\n<\/ul>\n<h4 style='margin-top: 20px; margin-bottom: 10px; font-size: 16px; color: inherit;'>Accesorios adicionales<\/h4>\n<ul style='padding-left: 20px; margin: 0; font-size: 14px; list-style-type: disc;'>\n<li style='margin-bottom: 5px;'>Plato Adaptador para montaje: <a style='color: inherit; text-decoration: none; font-weight: 600;' href='https:\/\/www.syscom.mx\/principal\/searchcont?route=SBP-301HMW2-Hanwha-Techwin-Wisenet-164086&#038;autodetect=SBP-301HMW2'>SBP-301HMW2<\/a><\/li>\n<li style='margin-bottom: 5px;'>Caja de conexiones: <a style='color: inherit; text-decoration: none; font-weight: 600;' href='https:\/\/www.syscom.mx\/principal\/searchcont?route=SBV-A14B-Hanwha-Techwin-Wisenet-229969&#038;autodetect=SBV-A14B'>SBV-A14B<\/a><\/li>\n<li style='margin-bottom: 5px;'>Montaje de pared para interior: <a style='color: inherit; text-decoration: none; font-weight: 600;' href='https:\/\/www.syscom.mx\/principal\/searchcont?route=SBP-137WMW1-Hanwha-Techwin-Wisenet-176275&#038;autodetect=SBP-137WMW1'>SBP-137WMW1<\/a><\/li>\n<li style='margin-bottom: 5px;'>Montaje de techo colgante: <a style='color: inherit; text-decoration: none; font-weight: 600;' href='https:\/\/www.syscom.mx\/principal\/searchcont?route=SBP-300CMW-Hanwha-Techwin-Wisenet-164080&#038;autodetect=SBP-300CMW'>SBP-300CMW<\/a> (Requiere plato adaptador)<\/li>\n<li style='margin-bottom: 5px;'>Montaje de pared para exterior: <a style='color: inherit; text-decoration: none; font-weight: 600;' href='https:\/\/www.syscom.mx\/principal\/searchcont?route=SBP-300WMW1-Hanwha-Techwin-Wisenet-164078&#038;autodetect=SBP-300WMW1'>SBP-300WMW1<\/a> <span style='font-weight: 400;'>(Requiere plato adaptador)<\/span><\/li>\n<\/ul><\/div>\n<\/p><\/div>\n<div style='flex: 1 1 300px; border: 1px solid rgba(150&comma; 150&comma; 150&comma; 0.4); border-radius: 8px; overflow: hidden; display: flex; flex-direction: column;'>\n<div style='padding: 15px; border-bottom: 1px solid rgba(150&comma; 150&comma; 150&comma; 0.2); font-weight: bold; font-size: 18px; color: inherit; background-color: rgba(243&comma; 121&comma; 52&comma; 0.05);'>Compresi\u00f3n de v\u00eddeo y resoluci\u00f3n m\u00e1xima<\/div>\n<div style='padding: 15px; color: inherit;'>\n<ul style='padding-left: 20px; margin: 0; font-size: 14px; list-style-type: disc;'>\n<li style='margin-bottom: 5px;'>Resoluci\u00f3n m\u00e1xima: 4 Megap\u00edxel<\/li>\n<li style='margin-bottom: 5px;'>Compresi\u00f3n: H.265&comma; H.264&comma; MJPEG.<\/li>\n<\/ul>\n<h4 style='margin-top: 20px; margin-bottom: 10px; font-size: 16px; color: inherit;'>Funciones de red y almacenamiento<\/h4>\n<ul style='padding-left: 20px; margin: 0; font-size: 14px; list-style-type: disc;'>\n<li style='margin-bottom: 5px;'>Almacenamiento: Soporta microSD de hasta 128GB (no incluida).<\/li>\n<li style='margin-bottom: 5px;'>ONVIF: Profile S\/G\/T&comma; SUNAPI (HTTP API).<\/li>\n<li style='margin-bottom: 5px;'>Memoria RAM 512 MB<\/li>\n<li style='margin-bottom: 5px;'>Memoria Flash 256 MB<\/li>\n<\/ul><\/div>\n<\/p><\/div>\n<div style='flex: 1 1 300px; border: 1px solid rgba(150&comma; 150&comma; 150&comma; 0.4); border-radius: 8px; overflow: hidden; display: flex; flex-direction: column;'>\n<div style='padding: 15px; border-bottom: 1px solid rgba(150&comma; 150&comma; 150&comma; 0.2); font-weight: bold; font-size: 18px; color: inherit; background-color: rgba(243&comma; 121&comma; 52&comma; 0.05);'>Caracter\u00edsticas f\u00edsicas y el\u00e9ctricas<\/div>\n<div style='padding: 15px; color: inherit;'>\n<ul style='padding-left: 20px; margin: 0; font-size: 14px; list-style-type: disc;'>\n<li style='margin-bottom: 5px;'>Temperatura de operaci\u00f3n: -30 a 55 \u00b0C&comma; humedad menor a 90%.<\/li>\n<li style='margin-bottom: 5px;'>Alimentaci\u00f3n: PoE (802.3af) \/ 8 W.<\/li>\n<li style='margin-bottom: 5px;'>Tipo de uso: Exterior \/ IP66 \/ IK10<\/li>\n<li style='margin-bottom: 5px;'>Dimensiones: \u00d8137.8 x 107.1 mm.<\/li>\n<li style='margin-bottom: 5px;'>Peso: 550 g.<\/li>\n<\/ul>\n<p style='margin-top: 20px; font-weight: bold; color: inherit;'> Para m\u00e1s informaci\u00f3n&comma; ingrese <a style='color: inherit; text-decoration: none; font-weight: 600;' href='http:\/\/soporte.syscom.mx\/es\/articles\/2629283-hanwha-lista-de-tips-tecnicos'>aqu\u00ed.<\/a> <\/p>\n<\/p><\/div>\n<\/p><\/div>\n<\/p><\/div>\n<p> <!-- Nota final --> <\/p>\n<div style='margin-top: 30px; padding: 15px; border-left: 4px solid #f37934; background-color: rgba(243&comma; 121&comma; 52&comma; 0.05);'>\n<p style='margin: 0; font-size: 14px; color: inherit;'> <strong>Nota:<\/strong> En condiciones de alta humedad agregar la tira absorbente que se incluye como accesorio en el equipo. <a style='color: inherit; text-decoration: none; font-weight: 600;' href='http:\/\/soporte.syscom.mx\/es\/articles\/3864506-hanwha-uso-de-secante-en-camaras-wisenet-para-evitar-humedad-en-instalaciones-en-exterior' target='_blank' rel='noopener'>Ingrese aqu\u00ed<\/a> para referencia. <\/p>\n<\/p><\/div>\n<\/p><\/div>\n","protected":false},"excerpt":{"rendered":"<p>C\u00e1mara IP Tipo Domo Antivand\u00e1lico 4 Megap\u00edxel \/ Lente 3.3 a 10.3 mm \/ IR 30M \/ WDR 120db \/ IP66 \/ IK10 \/ H.265 &#038; WiseStream<\/p>\n","protected":false},"featured_media":94177,"comment_status":"open","ping_status":"closed","template":"","meta":[],"product_brand":[],"product_cat":[2056],"product_tag":[122,2057,1055],"class_list":{"0":"post-94178","1":"product","2":"type-product","3":"status-publish","4":"has-post-thumbnail","6":"product_cat-domo-eyeball-turret","7":"product_tag-camaras-ip-y-nvrs","8":"product_tag-domo-eyeball-turret","9":"product_tag-hanwha-vision","11":"first","12":"instock","13":"sale","14":"shipping-taxable","15":"purchasable","16":"product-type-simple"},"_links":{"self":[{"href":"https:\/\/soydeaqui.ddns.net\/pachuca\/index.php\/wp-json\/wp\/v2\/product\/94178","targetHints":{"allow":["GET"]}}],"collection":[{"href":"https:\/\/soydeaqui.ddns.net\/pachuca\/index.php\/wp-json\/wp\/v2\/product"}],"about":[{"href":"https:\/\/soydeaqui.ddns.net\/pachuca\/index.php\/wp-json\/wp\/v2\/types\/product"}],"replies":[{"embeddable":true,"href":"https:\/\/soydeaqui.ddns.net\/pachuca\/index.php\/wp-json\/wp\/v2\/comments?post=94178"}],"wp:featuredmedia":[{"embeddable":true,"href":"https:\/\/soydeaqui.ddns.net\/pachuca\/index.php\/wp-json\/wp\/v2\/media\/94177"}],"wp:attachment":[{"href":"https:\/\/soydeaqui.ddns.net\/pachuca\/index.php\/wp-json\/wp\/v2\/media?parent=94178"}],"wp:term":[{"taxonomy":"product_brand","embeddable":true,"href":"https:\/\/soydeaqui.ddns.net\/pachuca\/index.php\/wp-json\/wp\/v2\/product_brand?post=94178"},{"taxonomy":"product_cat","embeddable":true,"href":"https:\/\/soydeaqui.ddns.net\/pachuca\/index.php\/wp-json\/wp\/v2\/product_cat?post=94178"},{"taxonomy":"product_tag","embeddable":true,"href":"https:\/\/soydeaqui.ddns.net\/pachuca\/index.php\/wp-json\/wp\/v2\/product_tag?post=94178"}],"curies":[{"name":"wp","href":"https:\/\/api.w.org\/{rel}","templated":true}]}}