{"id":94162,"date":"2026-03-20T06:33:54","date_gmt":"2026-03-20T06:33:54","guid":{"rendered":"https:\/\/soydeaqui.ddns.net\/pachuca\/index.php\/producto\/camara-ip-tipo-bala-4-megapixel-lente-4mm-ir-25m-wdr-120db-ip66-h-265-wisestream-modo-pasillo-poe-802-3af\/"},"modified":"2026-03-20T06:34:07","modified_gmt":"2026-03-20T06:34:07","slug":"camara-ip-tipo-bala-4-megapixel-lente-4mm-ir-25m-wdr-120db-ip66-h-265-wisestream-modo-pasillo-poe-802-3af","status":"publish","type":"product","link":"https:\/\/soydeaqui.ddns.net\/pachuca\/index.php\/producto\/camara-ip-tipo-bala-4-megapixel-lente-4mm-ir-25m-wdr-120db-ip66-h-265-wisestream-modo-pasillo-poe-802-3af\/","title":{"rendered":"C\u00e1mara IP Tipo Bala 4 Megap\u00edxel \/ Lente 4mm \/ IR 25M \/ WDR 120db \/ IP66 \/ H.265 &#038; WiseStream \/ modo pasillo \/ POE 802.3af"},"content":{"rendered":"<div style='width: 100%; max-width: 1200px; margin: 0 auto; font-family: sans-serif; line-height: 1.6; color: inherit; background-color: transparent;'> <!-- Videos secci\u00f3n 1 --> <\/p>\n<div style='display: flex; flex-wrap: wrap; gap: 30px; margin-bottom: 30px;'>\n<div style='flex: 1 1 500px; min-width: 300px;'>\n<div style='position: relative; padding-bottom: 56.25%; height: 0; overflow: hidden; margin-bottom: 30px;'>   <\/div>\n<\/p><\/div>\n<div style='flex: 1 1 500px; min-width: 300px;'>\n<h3 style='font-size: 22px; border-bottom: 2px solid currentColor; padding-bottom: 5px; margin-top: 0; color: inherit; opacity: 0.8;'>H.265 + <span style='color: #f37934;'>WiseStream<\/span><\/h3>\n<p style='font-size: 14px; color: inherit;'>Mediante WiseStream&comma; la tecnolog\u00eda de compresi\u00f3n de v\u00eddeo de Hanwha Techwin&comma; la serie Wisenet X reduce el almacenamiento de datos <strong><span style='color: #f37934;'>hasta un 75%<\/span><\/strong> en comparaci\u00f3n con la actual tecnolog\u00eda H.264&comma; cuando se combina con la compresi\u00f3n H.265. Los costes del sistema se reducen enormemente sin comprometer la calidad de las im\u00e1genes.<\/p>\n<\/p><\/div>\n<\/p><\/div>\n<p> <!-- Videos secci\u00f3n 2 --> <\/p>\n<div style='display: flex; flex-wrap: wrap; gap: 30px; margin-bottom: 30px;'>\n<div style='flex: 1 1 500px; min-width: 300px;'>\n<h3 style='font-size: 22px; border-bottom: 2px solid currentColor; padding-bottom: 5px; margin-top: 0; color: inherit; opacity: 0.8;'>Cumplimiento con NDAA&comma; FCC<\/h3>\n<p style='font-size: 14px; color: inherit;'>La nueva serie A de Camaras Hanwha esta certificada por NDAA y FCC.<\/p>\n<\/p><\/div>\n<div style='flex: 1 1 500px; min-width: 300px;'>\n<div style='position: relative; padding-bottom: 56.25%; height: 0; overflow: hidden; margin-bottom: 30px;'>   <\/div>\n<\/p><\/div>\n<\/p><\/div>\n<p> <!-- Im\u00e1genes --> <\/p>\n<div style='display: grid; grid-template-columns: repeat(auto-fill&comma; minmax(280px&comma; 1fr)); gap: 30px; margin-bottom: 30px;'>\n<div style='text-align: center;'>\n<h4 style='font-size: 18px; color: #f37934; font-weight: bold; margin: 0 0 15px 0;'>Detecci\u00f3n de Direcci\u00f3n<\/h4>\n<p> <img style='width: 100%; height: auto; border: 1px solid rgba(150&comma;150&comma;150&comma;0.3); border-radius: 8px;' src='https:\/\/ftp3.syscom.mx\/usuarios\/fotos\/QND6012R\/171514-direccion.png' alt='Detecci\u00f3n de Direcci\u00f3n'> <\/div>\n<div style='text-align: center;'>\n<h4 style='font-size: 18px; color: #f37934; font-weight: bold; margin: 0 0 15px 0;'>L\u00ednea Virtual<\/h4>\n<p> <img style='width: 100%; height: auto; border: 1px solid rgba(150&comma;150&comma;150&comma;0.3); border-radius: 8px;' src='https:\/\/ftp3.syscom.mx\/usuarios\/fotos\/QND6012R\/171514-linea_virtual.png' alt='L\u00ednea Virtual'> <\/div>\n<div style='text-align: center;'>\n<h4 style='font-size: 18px; color: #f37934; font-weight: bold; margin: 0 0 15px 0;'>Entrada \/ Salida<\/h4>\n<p> <img style='width: 100%; height: auto; border: 1px solid rgba(150&comma;150&comma;150&comma;0.3); border-radius: 8px;' src='https:\/\/ftp3.syscom.mx\/usuarios\/fotos\/QND6012R\/171514-entrada_salida.png' alt='Entrada \/ Salida'> <\/div>\n<\/p><\/div>\n<p> <!-- Caracter\u00edsticas --> <\/p>\n<div style='display: grid; grid-template-columns: repeat(auto-fill&comma; minmax(300px&comma; 1fr)); gap: 30px; margin-bottom: 30px;'>\n<div style='border: 1px solid rgba(150&comma; 150&comma; 150&comma; 0.4); border-radius: 8px; overflow: hidden; display: flex; flex-direction: column;'>\n<div style='padding: 15px; border-bottom: 1px solid rgba(150&comma; 150&comma; 150&comma; 0.2); font-weight: bold; font-size: 18px; color: inherit;'>Caracter\u00edsticas principales<\/div>\n<div style='padding: 15px; color: inherit; flex-grow: 1;'>\n<ul style='padding-left: 20px; margin: 0; font-size: 14px; list-style-type: disc;'>\n<li style='margin-bottom: 5px;'>Sensor de imagen: 1\/3 CMOS Scan Progresivo.<\/li>\n<li style='margin-bottom: 5px;'>Iluminaci\u00f3n m\u00ednima: Color: 0.13Lux&comma; B\/N: 0Lux con IR encendido.<\/li>\n<li style='margin-bottom: 5px;'>D\u00eda \/ Noche real con filtro ICR.<\/li>\n<li style='margin-bottom: 5px;'>Lente Fijo: 4 mm. (78.2\u00ba visi\u00f3n horizontal)<\/li>\n<li style='margin-bottom: 5px;'>Distancia de IR: 25 m IR inteligente.<\/li>\n<li style='margin-bottom: 5px;'>Funciones: WDR real (120dB).<\/li>\n<\/ul><\/div>\n<\/p><\/div>\n<div style='border: 1px solid rgba(150&comma; 150&comma; 150&comma; 0.4); border-radius: 8px; overflow: hidden; display: flex; flex-direction: column;'>\n<div style='padding: 15px; border-bottom: 1px solid rgba(150&comma; 150&comma; 150&comma; 0.2); font-weight: bold; font-size: 18px; color: inherit;'>Compresi\u00f3n de v\u00eddeo y resoluci\u00f3n m\u00e1xima<\/div>\n<div style='padding: 15px; color: inherit; flex-grow: 1;'>\n<ul style='padding-left: 20px; margin: 0; font-size: 14px; list-style-type: disc;'>\n<li style='margin-bottom: 5px;'>Resoluci\u00f3n m\u00e1xima: 4 Megap\u00edxel (2560 x 1440) a 30FPS.<\/li>\n<li style='margin-bottom: 5px;'>Compresi\u00f3n: H.265&comma; H.264&comma; MJPEG.<\/li>\n<\/ul><\/div>\n<div style='padding: 15px; border-top: 1px solid rgba(150&comma; 150&comma; 150&comma; 0.2); color: inherit;'>\n<div style='font-weight: bold; font-size: 18px; margin-bottom: 10px;'>Funciones de red y almacenamiento<\/div>\n<ul style='padding-left: 20px; margin: 0; font-size: 14px; list-style-type: disc;'>\n<li style='margin-bottom: 5px;'>Almacenamiento: Soporta microSD de hasta 128GB (no incluida).<\/li>\n<li style='margin-bottom: 5px;'>ONVIF: Profile S\/G\/T&comma; SUNAPI (HTTP API).<\/li>\n<li style='margin-bottom: 5px;'>Memoria RAM 512MB<\/li>\n<li style='margin-bottom: 5px;'>Memoria Flash 256MB<\/li>\n<\/ul><\/div>\n<div style='padding: 15px; border-top: 1px solid rgba(150&comma; 150&comma; 150&comma; 0.2); color: inherit;'>\n<div style='font-weight: bold; font-size: 18px; margin-bottom: 10px;'>Accesorios sugeridos<\/div>\n<ul style='padding-left: 20px; margin: 0; font-size: 14px; list-style-type: disc;'>\n<li style='margin-bottom: 5px;'>Caja de conexiones compatible: <a href='https:\/\/www.syscom.mx\/producto\/SBV-A14B-Hanwha-Techwin-Wisenet-229969.html' target='_blank' rel='noopener' style='color: #f37934; text-decoration: none; font-weight: normal;'>SBV-A14B<\/a><\/li>\n<\/ul><\/div>\n<\/p><\/div>\n<div style='border: 1px solid rgba(150&comma; 150&comma; 150&comma; 0.4); border-radius: 8px; overflow: hidden; display: flex; flex-direction: column;'>\n<div style='padding: 15px; border-bottom: 1px solid rgba(150&comma; 150&comma; 150&comma; 0.2); font-weight: bold; font-size: 18px; color: inherit;'>Caracter\u00edsticas f\u00edsicas y el\u00e9ctricas<\/div>\n<div style='padding: 15px; color: inherit; flex-grow: 1;'>\n<ul style='padding-left: 20px; margin: 0; font-size: 14px; list-style-type: disc;'>\n<li style='margin-bottom: 5px;'>Temperatura de operaci\u00f3n: -30 a 55 \u00b0C&comma; humedad menor a 90%.<\/li>\n<li style='margin-bottom: 5px;'>Alimentaci\u00f3n: PoE (802.3af) \/ 7.5W.<\/li>\n<li style='margin-bottom: 5px;'>Tipo de uso: Exterior \/ IP66<\/li>\n<li style='margin-bottom: 5px;'>Dimensiones: \u00d878 x 262 mm.<\/li>\n<li style='margin-bottom: 5px;'>Peso: 390 g.<\/li>\n<\/ul><\/div>\n<div style='padding: 15px; border-top: 1px solid rgba(150&comma; 150&comma; 150&comma; 0.2); color: inherit;'>\n<p style='margin: 0; font-weight: bold; font-size: 14px;'><a href='http:\/\/soporte.syscom.mx\/es\/articles\/2629283-hanwha-lista-de-tips-tecnicos' target='_blank' rel='noopener' style='color: inherit; text-decoration: none;'>Para m\u00e1s informaci\u00f3n&comma; ingrese aqu\u00ed.<\/a><\/p>\n<\/p><\/div>\n<\/p><\/div>\n<\/p><\/div>\n<p> <!-- Nota final --> <\/p>\n<div style='margin-top: 30px; border-top: 1px solid rgba(150&comma; 150&comma; 150&comma; 0.3); padding-top: 20px;'>\n<p style='margin: 0; font-size: 14px; color: inherit;'><strong>Nota:<\/strong> En condiciones de alta humedad agregar la tira absorbente que se incluye como accesorio en el equipo.<\/p>\n<p style='margin-top: 10px; font-size: 14px; color: inherit;'><a href='http:\/\/soporte.syscom.mx\/es\/articles\/3864506-hanwha-uso-de-secante-en-camaras-wisenet-para-evitar-humedad-en-instalaciones-en-exterior' target='_blank' rel='noopener' style='color: #f37934; text-decoration: none;'>Para referencia ingrese Aqu\u00ed<\/a><\/p>\n<\/p><\/div>\n<p> <!-- Separador final --> <\/p>\n<hr style='border: 0; border-top: 1px solid rgba(150&comma; 150&comma; 150&comma; 0.3); margin: 30px 0;'> <\/div>\n","protected":false},"excerpt":{"rendered":"<p>C\u00e1mara IP Tipo Bala 4 Megap\u00edxel \/ Lente 4mm \/ IR 25M \/ WDR 120db \/ IP66 \/ H.265 &#038; WiseStream \/ modo pasillo \/ POE 802.3af<\/p>\n","protected":false},"featured_media":94161,"comment_status":"open","ping_status":"closed","template":"","meta":[],"product_brand":[],"product_cat":[438],"product_tag":[439,122,1055],"class_list":{"0":"post-94162","1":"product","2":"type-product","3":"status-publish","4":"has-post-thumbnail","6":"product_cat-bala","7":"product_tag-bala","8":"product_tag-camaras-ip-y-nvrs","9":"product_tag-hanwha-vision","11":"first","12":"instock","13":"sale","14":"shipping-taxable","15":"purchasable","16":"product-type-simple"},"_links":{"self":[{"href":"https:\/\/soydeaqui.ddns.net\/pachuca\/index.php\/wp-json\/wp\/v2\/product\/94162","targetHints":{"allow":["GET"]}}],"collection":[{"href":"https:\/\/soydeaqui.ddns.net\/pachuca\/index.php\/wp-json\/wp\/v2\/product"}],"about":[{"href":"https:\/\/soydeaqui.ddns.net\/pachuca\/index.php\/wp-json\/wp\/v2\/types\/product"}],"replies":[{"embeddable":true,"href":"https:\/\/soydeaqui.ddns.net\/pachuca\/index.php\/wp-json\/wp\/v2\/comments?post=94162"}],"wp:featuredmedia":[{"embeddable":true,"href":"https:\/\/soydeaqui.ddns.net\/pachuca\/index.php\/wp-json\/wp\/v2\/media\/94161"}],"wp:attachment":[{"href":"https:\/\/soydeaqui.ddns.net\/pachuca\/index.php\/wp-json\/wp\/v2\/media?parent=94162"}],"wp:term":[{"taxonomy":"product_brand","embeddable":true,"href":"https:\/\/soydeaqui.ddns.net\/pachuca\/index.php\/wp-json\/wp\/v2\/product_brand?post=94162"},{"taxonomy":"product_cat","embeddable":true,"href":"https:\/\/soydeaqui.ddns.net\/pachuca\/index.php\/wp-json\/wp\/v2\/product_cat?post=94162"},{"taxonomy":"product_tag","embeddable":true,"href":"https:\/\/soydeaqui.ddns.net\/pachuca\/index.php\/wp-json\/wp\/v2\/product_tag?post=94162"}],"curies":[{"name":"wp","href":"https:\/\/api.w.org\/{rel}","templated":true}]}}