{"id":94125,"date":"2026-03-20T06:32:21","date_gmt":"2026-03-20T06:32:21","guid":{"rendered":"https:\/\/soydeaqui.ddns.net\/pachuca\/index.php\/producto\/camara-bullet-antivandalica-bi-spectral-ip-visible-8mp-termica-640-x-480-lente-25mm-h-265-wisestream-ip67-nema4x\/"},"modified":"2026-03-20T06:32:29","modified_gmt":"2026-03-20T06:32:29","slug":"camara-bullet-antivandalica-bi-spectral-ip-visible-8mp-termica-640-x-480-lente-25mm-h-265-wisestream-ip67-nema4x","status":"publish","type":"product","link":"https:\/\/soydeaqui.ddns.net\/pachuca\/index.php\/producto\/camara-bullet-antivandalica-bi-spectral-ip-visible-8mp-termica-640-x-480-lente-25mm-h-265-wisestream-ip67-nema4x\/","title":{"rendered":"C\u00e1mara Bullet Antivand\u00e1lica Bi-Spectral IP Visible 8MP \/ T\u00e9rmica  640 x 480 Lente 25mm \/ H.265 &#038; WiseStream \/ IP67 \/ NEMA4X"},"content":{"rendered":"<div style='width: 100%; max-width: 1200px; margin: 0 auto; font-family: sans-serif; line-height: 1.6; color: inherit; background-color: transparent;'>\n<div style='display: flex; flex-wrap: wrap; gap: 30px; margin-bottom: 30px;'>\n<div style='flex: 1 1 300px; min-width: 280px;'>\n<h3 style='font-size: 22px; border-bottom: 2px solid currentColor; padding-bottom: 5px; margin-top: 0; color: inherit; opacity: 0.8;'>Caracter\u00edsticas generales<\/h3>\n<ul style='padding-left: 20px; font-size: 15px; color: inherit;'>\n<li style='margin-bottom: 5px;'>Resoluci\u00f3n M\u00e1xima lente termico: <strong>640 x 480<\/strong><\/li>\n<li style='margin-bottom: 5px;'>Resoluci\u00f3n M\u00e1xima lente Visible: <strong>8MP<\/strong><\/li>\n<li style='margin-bottom: 5px;'>Lente fijo termico: <strong>25 mm<\/strong><\/li>\n<li style='margin-bottom: 5px;'>Lente motorizado visible: <strong>10.9 a 29mm<\/strong><\/li>\n<li style='margin-bottom: 5px;'>Tarjetas de memoria: <strong>2 Micro SD\/SDHC\/SDXC (Hasta 256 GB&comma; No incluida)<\/strong><\/li>\n<li style='margin-bottom: 5px;'>Entrada\/Salida: <strong>Audio y alarma<\/strong><\/li>\n<li style='margin-bottom: 5px;'>Videoanal\u00edticos: Merodeo&comma; Manipulaci\u00f3n&comma; Detecci\u00f3n de direcci\u00f3n&comma; Cruce de l\u00ednea&comma; Entrada\/Salida&comma; Aparici\u00f3n y desaparici\u00f3n de objetos&comma; Detecci\u00f3n de audio&comma; Detecci\u00f3n de movimiento&comma; Clasificaci\u00f3n de sonido&comma; Detecci\u00f3n de golpe&comma; <strong>Detecci\u00f3n de cambio de temperatura<\/strong><\/li>\n<li style='margin-bottom: 5px;'>Memoria RAM: <strong>4GB<\/strong><\/li>\n<li style='margin-bottom: 5px;'>Memoria Flash: <strong>512MB<\/strong><\/li>\n<\/ul><\/div>\n<div style='flex: 1 1 300px; min-width: 280px;'>\n<h3 style='font-size: 22px; border-bottom: 2px solid currentColor; padding-bottom: 5px; margin-top: 0; color: inherit; opacity: 0.8;'>Caracter\u00edsticas f\u00edsicas y el\u00e9ctricas<\/h3>\n<ul style='padding-left: 20px; font-size: 15px; color: inherit;'>\n<li style='margin-bottom: 5px;'>Aplicaci\u00f3n: <strong>Exterior<\/strong><\/li>\n<li style='margin-bottom: 5px;'>Normas: <strong>IP66&comma; IP67&comma; NEMA 4X&comma; NEMA TS 2<\/strong><\/li>\n<li style='margin-bottom: 5px;'>Temperatura de Operaci\u00f3n: <strong>-50 ~ 60\u00baC<\/strong><\/li>\n<li style='margin-bottom: 5px;'>Dimensiones: <strong>353.4 x 287.5 x 191.2<\/strong><\/li>\n<li style='margin-bottom: 5px;'>Alimentaci\u00f3n: <strong>PoE 802.3at 23.5W \/ 12Vcc&comma; 19.5W<\/strong><\/li>\n<li style='margin-bottom: 5px;'>Peso: <strong>4.53 kg<\/strong><\/li>\n<\/ul><\/div>\n<div style='flex: 1 1 300px; min-width: 280px;'>\n<h3 style='font-size: 22px; border-bottom: 2px solid currentColor; padding-bottom: 5px; margin-top: 0; color: inherit; opacity: 0.8;'>Informaci\u00f3n DORI<\/h3>\n<ul style='padding-left: 20px; font-size: 15px; color: inherit;'>\n<li style='margin-bottom: 5px;'>Detecci\u00f3n: <strong>25PPM \/ 8PPF (583.4m)<\/strong><\/li>\n<li style='margin-bottom: 5px;'>Observaci\u00f3n: <strong>63PPM \/ 19PPF (233.3m)<\/strong><\/li>\n<li style='margin-bottom: 5px;'>Reconocimiento: <strong>125PPM \/ 38PPF (116.7m)<\/strong><\/li>\n<li style='margin-bottom: 5px;'>Identificaci\u00f3n: <strong>250PPM \/ 76PPF (58.3m)<\/strong><\/li>\n<\/ul><\/div>\n<\/p><\/div>\n<div style='display: flex; flex-wrap: wrap; gap: 20px; margin-bottom: 30px;'>\n<div style='flex: 1 1 250px; border: 1px solid rgba(150&comma; 150&comma; 150&comma; 0.4); border-radius: 8px; overflow: hidden; display: flex; flex-direction: column;'>\n<div style='padding: 15px; border-bottom: 1px solid rgba(150&comma; 150&comma; 150&comma; 0.2); font-weight: bold; font-size: 18px; color: inherit;'>Rango de vista<\/div>\n<div style='padding: 15px; color: inherit;'> <img style='width: 100%; height: auto; border: 1px solid rgba(150&comma;150&comma;150&comma;0.3); border-radius: 8px;' src='https:\/\/ftp3.syscom.mx\/usuarios\/fotos\/TNO4041T\/159435-tno-4051_temperatura.png' alt=''> <\/div>\n<\/p><\/div>\n<div style='flex: 1 1 250px; border: 1px solid rgba(150&comma; 150&comma; 150&comma; 0.4); border-radius: 8px; overflow: hidden; display: flex; flex-direction: column;'>\n<div style='padding: 15px; border-bottom: 1px solid rgba(150&comma; 150&comma; 150&comma; 0.2); font-weight: bold; font-size: 18px; color: inherit;'>Tipo de vista<\/div>\n<div style='padding: 15px; color: inherit;'> <img style='width: 100%; height: auto; border: 1px solid rgba(150&comma;150&comma;150&comma;0.3); border-radius: 8px;' src='https:\/\/ftp3.syscom.mx\/usuarios\/fotos\/TNO4041T\/159435-tno-4051_temperatura_1.png' alt=''> <\/div>\n<\/p><\/div>\n<div style='flex: 1 1 250px; border: 1px solid rgba(150&comma; 150&comma; 150&comma; 0.4); border-radius: 8px; overflow: hidden; display: flex; flex-direction: column;'>\n<div style='padding: 15px; border-bottom: 1px solid rgba(150&comma; 150&comma; 150&comma; 0.2); font-weight: bold; font-size: 18px; color: inherit;'>Garant\u00eda<\/div>\n<div style='padding: 15px; color: inherit;'>\n<p style='margin: 0;'>3 a\u00f1os<\/p>\n<\/p><\/div>\n<\/p><\/div>\n<\/p><\/div>\n<hr style='border: 0; border-top: 1px solid rgba(150&comma; 150&comma; 150&comma; 0.3); margin: 30px 0;'> <\/div>\n","protected":false},"excerpt":{"rendered":"<p>C\u00e1mara Bullet Antivand\u00e1lica Bi-Spectral IP Visible 8MP \/ T\u00e9rmica  640 x 480 Lente 25mm \/ H.265 &#038; WiseStream \/ IP67 \/ NEMA4X<\/p>\n","protected":false},"featured_media":94124,"comment_status":"open","ping_status":"closed","template":"","meta":[],"product_brand":[],"product_cat":[1049],"product_tag":[122,1055,1050],"class_list":{"0":"post-94125","1":"product","2":"type-product","3":"status-publish","4":"has-post-thumbnail","6":"product_cat-termicas","7":"product_tag-camaras-ip-y-nvrs","8":"product_tag-hanwha-vision","9":"product_tag-termicas","11":"first","12":"outofstock","13":"sale","14":"shipping-taxable","15":"purchasable","16":"product-type-simple"},"_links":{"self":[{"href":"https:\/\/soydeaqui.ddns.net\/pachuca\/index.php\/wp-json\/wp\/v2\/product\/94125","targetHints":{"allow":["GET"]}}],"collection":[{"href":"https:\/\/soydeaqui.ddns.net\/pachuca\/index.php\/wp-json\/wp\/v2\/product"}],"about":[{"href":"https:\/\/soydeaqui.ddns.net\/pachuca\/index.php\/wp-json\/wp\/v2\/types\/product"}],"replies":[{"embeddable":true,"href":"https:\/\/soydeaqui.ddns.net\/pachuca\/index.php\/wp-json\/wp\/v2\/comments?post=94125"}],"wp:featuredmedia":[{"embeddable":true,"href":"https:\/\/soydeaqui.ddns.net\/pachuca\/index.php\/wp-json\/wp\/v2\/media\/94124"}],"wp:attachment":[{"href":"https:\/\/soydeaqui.ddns.net\/pachuca\/index.php\/wp-json\/wp\/v2\/media?parent=94125"}],"wp:term":[{"taxonomy":"product_brand","embeddable":true,"href":"https:\/\/soydeaqui.ddns.net\/pachuca\/index.php\/wp-json\/wp\/v2\/product_brand?post=94125"},{"taxonomy":"product_cat","embeddable":true,"href":"https:\/\/soydeaqui.ddns.net\/pachuca\/index.php\/wp-json\/wp\/v2\/product_cat?post=94125"},{"taxonomy":"product_tag","embeddable":true,"href":"https:\/\/soydeaqui.ddns.net\/pachuca\/index.php\/wp-json\/wp\/v2\/product_tag?post=94125"}],"curies":[{"name":"wp","href":"https:\/\/api.w.org\/{rel}","templated":true}]}}