{"id":94113,"date":"2026-03-20T06:31:49","date_gmt":"2026-03-20T06:31:49","guid":{"rendered":"https:\/\/soydeaqui.ddns.net\/pachuca\/index.php\/producto\/montaje-adaptador-compatible-con-camaras-modelo-pnm-9084rqz1-pnm-9085rqz1-color-blanco\/"},"modified":"2026-03-20T06:31:50","modified_gmt":"2026-03-20T06:31:50","slug":"montaje-adaptador-compatible-con-camaras-modelo-pnm-9084rqz1-pnm-9085rqz1-color-blanco","status":"publish","type":"product","link":"https:\/\/soydeaqui.ddns.net\/pachuca\/index.php\/producto\/montaje-adaptador-compatible-con-camaras-modelo-pnm-9084rqz1-pnm-9085rqz1-color-blanco\/","title":{"rendered":"Montaje adaptador compatible con c\u00e1maras modelo PNM-9084RQZ1 \/ PNM-9085RQZ1 color blanco"},"content":{"rendered":"<div style='width: 100%; max-width: 1200px; margin: 0 auto; font-family: sans-serif; line-height: 1.6; color: inherit; background-color: transparent;'> <!-- Secci\u00f3n de caracter\u00edsticas principales --> <\/p>\n<div style='display: flex; flex-wrap: wrap; gap: 30px; margin-bottom: 30px;'>\n<div style='flex: 1 1 300px; min-width: 280px;'>\n<h3 style='font-size: 22px; border-bottom: 2px solid currentColor; padding-bottom: 5px; margin-top: 0; color: inherit; opacity: 0.8;'>Caracter\u00edsticas principales<\/h3>\n<ul style='padding-left: 20px; font-size: 15px; color: inherit;'>\n<li style='margin-bottom: 5px;'>Compatible con c\u00e1maras PNM-9084RQZ1 y 9085RQZ1<\/li>\n<li style='margin-bottom: 5px;'>Tama\u00f1o de tornillo de montaje PF 1 1\/2&#039;<\/li>\n<li style='margin-bottom: 5px;'>Color blanco para integraci\u00f3n est\u00e9tica<\/li>\n<li style='margin-bottom: 5px;'>Instalaci\u00f3n sencilla con soporte est\u00e1ndar<\/li>\n<li style='margin-bottom: 5px;'>Dise\u00f1o robusto para estabilidad en exteriores<\/li>\n<\/ul><\/div>\n<\/p><\/div>\n<p> <!-- Secci\u00f3n de especificaciones t\u00e9cnicas --> <\/p>\n<div style='display: flex; flex-wrap: wrap; gap: 20px; margin-bottom: 30px;'>\n<div style='flex: 1 1 250px; border: 1px solid rgba(150&comma; 150&comma; 150&comma; 0.4); border-radius: 8px; overflow: hidden; display: flex; flex-direction: column;'>\n<div style='padding: 15px; border-bottom: 1px solid rgba(150&comma; 150&comma; 150&comma; 0.2); font-weight: bold; font-size: 18px; color: inherit;'>Especificaciones t\u00e9cnicas<\/div>\n<div style='padding: 15px; color: inherit;'>\n<ul style='padding-left: 20px; margin: 0; font-size: 14px; list-style-type: disc;'>\n<li style='margin-bottom: 5px;'><strong>Modelo:<\/strong> SBP315HMW<\/li>\n<li style='margin-bottom: 5px;'><strong>Compatibilidad:<\/strong> C\u00e1maras PNM-9084RQZ1 \/ 9085RQZ1<\/li>\n<li style='margin-bottom: 5px;'><strong>Tama\u00f1o tornillo:<\/strong> PF 1 1\/2&#039;<\/li>\n<li style='margin-bottom: 5px;'><strong>Color:<\/strong> Blanco<\/li>\n<li style='margin-bottom: 5px;'><strong>Rango de tama\u00f1o:<\/strong> \u00f8251~315 mm<\/li>\n<li style='margin-bottom: 5px;'><strong>Material:<\/strong> Aluminio<\/li>\n<li style='margin-bottom: 5px;'><strong>Cantidad de tornillos:<\/strong> 4 unidades<\/li>\n<\/ul><\/div>\n<\/p><\/div>\n<p> <!-- Secci\u00f3n de precauciones de instalaci\u00f3n --> <\/p>\n<div style='flex: 1 1 250px; border: 1px solid rgba(150&comma; 150&comma; 150&comma; 0.4); border-radius: 8px; overflow: hidden; display: flex; flex-direction: column;'>\n<div style='padding: 15px; border-bottom: 1px solid rgba(150&comma; 150&comma; 150&comma; 0.2); font-weight: bold; font-size: 18px; color: inherit;'>Precauciones de instalaci\u00f3n<\/div>\n<div style='padding: 15px; color: inherit;'>\n<ul style='padding-left: 20px; margin: 0; font-size: 14px; list-style-type: disc;'>\n<li style='margin-bottom: 5px;'>El lugar de instalaci\u00f3n debe soportar al menos 4 veces el peso total del adaptador&comma; c\u00e1mara y soporte<\/li>\n<li style='margin-bottom: 5px;'>El adaptador puede conectarse a tubo de rosca PF 1 1\/2&#039; o al soporte de pared\/techo\/parapeto<\/li>\n<\/ul><\/div>\n<\/p><\/div>\n<p> <!-- Secci\u00f3n de contenido con tabla de montaje --> <\/p>\n<div style='flex: 1 1 250px; border: 1px solid rgba(150&comma; 150&comma; 150&comma; 0.4); border-radius: 8px; overflow: hidden; display: flex; flex-direction: column;'>\n<div style='padding: 15px; border-bottom: 1px solid rgba(150&comma; 150&comma; 150&comma; 0.2); font-weight: bold; font-size: 18px; color: inherit;'>Configuraci\u00f3n de montaje<\/div>\n<div style='padding: 15px; color: inherit;'>\n<p style='margin-bottom: 15px; font-size: 14px;'>Configuraci\u00f3n de orificios de montaje seg\u00fan tama\u00f1o de c\u00e1mara:<\/p>\n<table style='width: 100%; border-collapse: collapse; font-size: 14px;'>\n<thead>\n<tr style='background-color: rgba(150&comma;150&comma;150&comma;0.1);'>\n<th style='padding: 8px; border: 1px solid rgba(150&comma;150&comma;150&comma;0.3);'>Modelo<\/th>\n<th style='padding: 8px; border: 1px solid rgba(150&comma;150&comma;150&comma;0.3);'>Rango de tama\u00f1o (mm)<\/th>\n<th style='padding: 8px; border: 1px solid rgba(150&comma;150&comma;150&comma;0.3);'>Cantidad de tornillos<\/th>\n<\/tr>\n<\/thead>\n<tbody>\n<tr>\n<td style='padding: 8px; border: 1px solid rgba(150&comma;150&comma;150&comma;0.3);'>SBP-315HMW<\/td>\n<td style='padding: 8px; border: 1px solid rgba(150&comma;150&comma;150&comma;0.3);'>\u00f8251~315<\/td>\n<td style='padding: 8px; border: 1px solid rgba(150&comma;150&comma;150&comma;0.3);'>4 unidades<\/td>\n<\/tr>\n<\/tbody>\n<\/table><\/div>\n<\/p><\/div>\n<\/p><\/div>\n<p> <!-- Separador --> <\/p>\n<hr style='border: 0; border-top: 1px solid rgba(150&comma; 150&comma; 150&comma; 0.3); margin: 30px 0;'> <\/div>\n","protected":false},"excerpt":{"rendered":"<p>Montaje adaptador compatible con c\u00e1maras modelo PNM-9084RQZ1 \/ PNM-9085RQZ1 color blanco<\/p>\n","protected":false},"featured_media":94112,"comment_status":"open","ping_status":"closed","template":"","meta":[],"product_brand":[],"product_cat":[416],"product_tag":[417,1055,418],"class_list":{"0":"post-94113","1":"product","2":"type-product","3":"status-publish","4":"has-post-thumbnail","6":"product_cat-montajes-y-brackets-para-camaras","7":"product_tag-accesorios-generales","8":"product_tag-hanwha-vision","9":"product_tag-montajes-y-brackets-para-camaras","11":"first","12":"instock","13":"sale","14":"shipping-taxable","15":"purchasable","16":"product-type-simple"},"_links":{"self":[{"href":"https:\/\/soydeaqui.ddns.net\/pachuca\/index.php\/wp-json\/wp\/v2\/product\/94113","targetHints":{"allow":["GET"]}}],"collection":[{"href":"https:\/\/soydeaqui.ddns.net\/pachuca\/index.php\/wp-json\/wp\/v2\/product"}],"about":[{"href":"https:\/\/soydeaqui.ddns.net\/pachuca\/index.php\/wp-json\/wp\/v2\/types\/product"}],"replies":[{"embeddable":true,"href":"https:\/\/soydeaqui.ddns.net\/pachuca\/index.php\/wp-json\/wp\/v2\/comments?post=94113"}],"wp:featuredmedia":[{"embeddable":true,"href":"https:\/\/soydeaqui.ddns.net\/pachuca\/index.php\/wp-json\/wp\/v2\/media\/94112"}],"wp:attachment":[{"href":"https:\/\/soydeaqui.ddns.net\/pachuca\/index.php\/wp-json\/wp\/v2\/media?parent=94113"}],"wp:term":[{"taxonomy":"product_brand","embeddable":true,"href":"https:\/\/soydeaqui.ddns.net\/pachuca\/index.php\/wp-json\/wp\/v2\/product_brand?post=94113"},{"taxonomy":"product_cat","embeddable":true,"href":"https:\/\/soydeaqui.ddns.net\/pachuca\/index.php\/wp-json\/wp\/v2\/product_cat?post=94113"},{"taxonomy":"product_tag","embeddable":true,"href":"https:\/\/soydeaqui.ddns.net\/pachuca\/index.php\/wp-json\/wp\/v2\/product_tag?post=94113"}],"curies":[{"name":"wp","href":"https:\/\/api.w.org\/{rel}","templated":true}]}}