{"id":94105,"date":"2026-03-20T06:31:35","date_gmt":"2026-03-20T06:31:35","guid":{"rendered":"https:\/\/soydeaqui.ddns.net\/pachuca\/index.php\/producto\/dual-light-2-microfonos-integrados-bala-ip-6-megapixel-lente-4-mm-80-mts-luz-blanca-80-mts-ir-acusense-exterior-ip67-wdr-120-db-poe-micro-sd-metal-acusearch\/"},"modified":"2026-03-20T06:31:35","modified_gmt":"2026-03-20T06:31:35","slug":"dual-light-2-microfonos-integrados-bala-ip-6-megapixel-lente-4-mm-80-mts-luz-blanca-80-mts-ir-acusense-exterior-ip67-wdr-120-db-poe-micro-sd-metal-acusearch","status":"publish","type":"product","link":"https:\/\/soydeaqui.ddns.net\/pachuca\/index.php\/producto\/dual-light-2-microfonos-integrados-bala-ip-6-megapixel-lente-4-mm-80-mts-luz-blanca-80-mts-ir-acusense-exterior-ip67-wdr-120-db-poe-micro-sd-metal-acusearch\/","title":{"rendered":"[Dual Light + 2 Micr\u00f3fonos Integrados] Bala IP 6 Megapixel \/ Lente 4 mm \/ 80 mts Luz Blanca + 80 mts IR \/ ACUSENSE \/ Exterior IP67 \/ WDR 120 dB \/ PoE  \/ Micro SD \/ Metal \/ ACUSEARCH"},"content":{"rendered":"<div style='width: 100%; max-width: 1200px; margin: 0 auto; font-family: sans-serif; line-height: 1.6; color: inherit; background-color: transparent;'> <!-- Imagen principal --> <\/p>\n<div style='margin-bottom: 30px;'> <img style='width: 100%; height: auto; border: 1px solid rgba(150&comma;150&comma;150&comma;0.3); border-radius: 8px;' src='https:\/\/ftp3.syscom.mx\/usuarios\/ftp\/single_page\/HIKVISION\/_smart-hybrid.jpg' alt=''> <\/div>\n<p> <!-- Secci\u00f3n de contenido con flex\/grid --> <\/p>\n<div style='display: flex; flex-wrap: wrap; gap: 30px; margin-bottom: 30px;'>\n<div style='flex: 1 1 300px; min-width: 280px;'> <img style='width: 100%; height: auto; border: 1px solid rgba(150&comma;150&comma;150&comma;0.3); border-radius: 8px;' src='https:\/\/ftp3.syscom.mx\/usuarios\/ftp\/single_page\/HIKVISION\/ICONOS-SMART-HYBRID.png' alt=''> <\/div>\n<\/p><\/div>\n<p> <!-- Secci\u00f3n de cards con especificaciones --> <\/p>\n<div style='display: flex; flex-wrap: wrap; gap: 20px; margin-bottom: 30px;'> <!-- Caracter\u00edsticas Principales --> <\/p>\n<div style='flex: 1 1 250px; border: 1px solid rgba(150&comma; 150&comma; 150&comma; 0.4); border-radius: 8px; overflow: hidden; display: flex; flex-direction: column;'>\n<div style='padding: 15px; border-bottom: 1px solid rgba(150&comma; 150&comma; 150&comma; 0.2); font-weight: bold; font-size: 18px; color: inherit; background-color: #df001e; color: white;'> Caracter\u00edsticas Principales <\/div>\n<div style='padding: 15px; color: inherit;'>\n<ul style='padding-left: 20px; margin: 0; font-size: 14px; list-style-type: disc;'>\n<li style='margin-bottom: 5px;'><span style='font-family: verdana&comma; geneva&comma; sans-serif;'>Resoluci\u00f3n m\u00e1xima: 6 Megapixel (3200 \u00d7 1800).<\/span><\/li>\n<li style='margin-bottom: 5px;'><span style='font-family: verdana&comma; geneva&comma; sans-serif;'>Iluminaci\u00f3n m\u00ednima: 0.005 Lux @ (F1.6&comma; AGC ON)<\/span><\/li>\n<li style='margin-bottom: 5px;'><span style='font-family: verdana&comma; geneva&comma; sans-serif;'>Lente fijo: 4mm (\u00c1ngulo horizontal de apertura: 78\u00b0)<\/span><\/li>\n<li style='margin-bottom: 5px;'><span style='font-family: verdana&comma; geneva&comma; sans-serif;'>80 m de IR EXIR (visi\u00f3n nocturna&comma; espec\u00edfico para modelo -4LI2U).<\/span><\/li>\n<li style='margin-bottom: 5px;'><span style='font-family: verdana&comma; geneva&comma; sans-serif;'>80 m de luz blanca (ayuda a iluminar el sitio para mantener la imagen siempre a color&comma; espec\u00edfico para modelo -4LI2U).<\/span><\/li>\n<li style='margin-bottom: 5px;'><span style='font-family: verdana&comma; geneva&comma; sans-serif;'>WDR de 120 dB.<\/span><\/li>\n<li style='margin-bottom: 5px;'><span style='font-family: verdana&comma; geneva&comma; sans-serif;'>Detecci\u00f3n de movimiento \/ Cruce de l\u00ednea \/ Detecci\u00f3n de intrusi\u00f3n.<\/span><\/li>\n<li style='margin-bottom: 5px;'><span style='font-family: verdana&comma; geneva&comma; sans-serif;'>Compatible con plataforma Hik-Connect P2P <a style='color: inherit; text-decoration: underline;' href='https:\/\/appstore.hikvision.com\/'>(https:\/\/appstore.hikvision.com\/)<\/a><\/span><\/li>\n<\/ul><\/div>\n<\/p><\/div>\n<p> <!-- Entradas y Salidas --> <\/p>\n<div style='flex: 1 1 250px; border: 1px solid rgba(150&comma; 150&comma; 150&comma; 0.4); border-radius: 8px; overflow: hidden; display: flex; flex-direction: column;'>\n<div style='padding: 15px; border-bottom: 1px solid rgba(150&comma; 150&comma; 150&comma; 0.2); font-weight: bold; font-size: 18px; color: inherit; background-color: #df001e; color: white;'> Entradas y Salidas <\/div>\n<div style='padding: 15px; color: inherit;'>\n<ul style='padding-left: 20px; margin: 0; font-size: 14px; list-style-type: disc;'>\n<li style='margin-bottom: 5px;'><span style='font-family: verdana&comma; geneva&comma; sans-serif;'>Entradas de alarma: N\/A.<\/span><\/li>\n<li style='margin-bottom: 5px;'><span style='font-family: verdana&comma; geneva&comma; sans-serif;'>Salidas de alarma: N\/A.<\/span><\/li>\n<li style='margin-bottom: 5px;'><span style='font-family: verdana&comma; geneva&comma; sans-serif;'>Entradas de audio: N\/A.<\/span><\/li>\n<li style='margin-bottom: 5px;'><span style='font-family: verdana&comma; geneva&comma; sans-serif;'>Salidas de audio: N\/A.<\/span><\/li>\n<li style='margin-bottom: 5px;'><strong><span style='font-family: verdana&comma; geneva&comma; sans-serif;'>Micr\u00f3fono Integrado: Arreglo de Micr\u00f3fono Doble para mejor cobertura.<\/span><\/strong><\/li>\n<li style='margin-bottom: 5px;'><span style='font-family: verdana&comma; geneva&comma; sans-serif;'>Soporta memoria micro SD 512 GB (no incluida).<\/span><\/li>\n<li style='margin-bottom: 5px;'><span style='font-family: verdana&comma; geneva&comma; sans-serif;'>Puerto de red: 1 (10 \/ 100 Mbps \/ PoE 802.3af).<\/span><\/li>\n<\/ul><\/div>\n<\/p><\/div>\n<p> <!-- Caracter\u00edsticas F\u00edsicas --> <\/p>\n<div style='flex: 1 1 250px; border: 1px solid rgba(150&comma; 150&comma; 150&comma; 0.4); border-radius: 8px; overflow: hidden; display: flex; flex-direction: column;'>\n<div style='padding: 15px; border-bottom: 1px solid rgba(150&comma; 150&comma; 150&comma; 0.2); font-weight: bold; font-size: 18px; color: inherit; background-color: #df001e; color: white;'> Caracter\u00edsticas F\u00edsicas y El\u00e9ctricas <\/div>\n<div style='padding: 15px; color: inherit;'>\n<ul style='padding-left: 20px; margin: 0; font-size: 14px; list-style-type: disc;'>\n<li style='margin-bottom: 5px;'><span style='font-family: verdana&comma; geneva&comma; sans-serif;'>Temperatura de Operaci\u00f3n: &#8211; 30\u00b0C a 60\u00b0C.<\/span><\/li>\n<li style='margin-bottom: 5px;'><span style='font-family: verdana&comma; geneva&comma; sans-serif;'>Alimentaci\u00f3n: 12Vcc \/ 10.5 Watts.<\/span><\/li>\n<li style='margin-bottom: 5px;'><span style='font-family: verdana&comma; geneva&comma; sans-serif;'>Soporta PoE 802.3af \/ 12 Watts.<\/span><\/li>\n<li style='margin-bottom: 5px;'><span style='font-family: verdana&comma; geneva&comma; sans-serif;'>Protecci\u00f3n: Interior \/ Exterior IP67.<\/span><\/li>\n<li style='margin-bottom: 5px;'><span style='font-family: verdana&comma; geneva&comma; sans-serif;'>Fabricado en material de metal.<\/span><\/li>\n<li style='margin-bottom: 5px;'><span style='font-family: verdana&comma; geneva&comma; sans-serif;'>Dimensiones: 286.7 x 88.7 x 93.1 mm.<\/span><\/li>\n<li style='margin-bottom: 5px;'><span style='font-family: verdana&comma; geneva&comma; sans-serif;'>Peso: 1150 gramos.<\/span><\/li>\n<\/ul><\/div>\n<\/p><\/div>\n<p> <!-- Acesorios Compatibles --> <\/p>\n<div style='flex: 1 1 250px; border: 1px solid rgba(150&comma; 150&comma; 150&comma; 0.4); border-radius: 8px; overflow: hidden; display: flex; flex-direction: column;'>\n<div style='padding: 15px; border-bottom: 1px solid rgba(150&comma; 150&comma; 150&comma; 0.2); font-weight: bold; font-size: 18px; color: inherit; background-color: #df001e; color: white;'> Acesorios Compatibles <\/div>\n<div style='padding: 15px; color: inherit;'>\n<ul style='padding-left: 20px; margin: 0; font-size: 14px; list-style-type: disc;'>\n<li style='margin-bottom: 5px;'><span style='font-family: verdana&comma; geneva&comma; sans-serif; font-size: 14pt;'><strong>Consulte la ficha t\u00e9cnica para validar los accesorios compatibles&comma; de clic <a style='color: inherit; text-decoration: underline;' href='https:\/\/ftp3.syscom.mx\/usuarios\/roberto.espino\/Specs\/Modelos%2006-25%20-%2007-25\/Especificaciones%20Tecnicas%20DS-2CD2T63G2-2LI2U_4LI2U_20250208.pdf?_gl=1*cvnug8*_gcl_au*MTc3NjMxMDk4MS4xNzUwMTgxMDMx' target='_blank' rel='noopener'>Aqu\u00ed<\/a><\/strong><\/span><\/li>\n<\/ul><\/div>\n<\/p><\/div>\n<p> <!-- Caracter\u00edsticas Destacadas --> <\/p>\n<div style='flex: 1 1 250px; border: 1px solid rgba(150&comma; 150&comma; 150&comma; 0.4); border-radius: 8px; overflow: hidden; display: flex; flex-direction: column;'>\n<div style='padding: 15px; border-bottom: 1px solid rgba(150&comma; 150&comma; 150&comma; 0.2); font-weight: bold; font-size: 18px; color: inherit; background-color: #df001e; color: white;'> Caracter\u00edsticas Destacadas <\/div>\n<div style='padding: 15px; color: inherit;'>\n<ul style='padding-left: 20px; margin: 0; font-size: 14px; list-style-type: disc;'>\n<li style='margin-bottom: 5px;'><span style='font-family: verdana&comma; geneva&comma; sans-serif;'>Compatible con la plataforma de Hik-Connect para una conexi\u00f3n m\u00e1s r\u00e1pida y sencilla.<\/span><\/li>\n<li style='margin-bottom: 5px;'><span style='font-family: verdana&comma; geneva&comma; sans-serif;'>Soporta anal\u00edtico de ACUSENSE para con anal\u00edticos como filtro de humano y veh\u00edculos para eventos inteligentes como cruce de l\u00ednea&comma; intrusi\u00f3n&comma; entrada y salida de \u00e1rea.<\/span><\/li>\n<li style='margin-bottom: 5px;'><span style='font-family: verdana&comma; geneva&comma; sans-serif;'>Soporta la tecnolog\u00eda Dual Light&comma; podemos tener en la noche la imagen de B\/N con los IR encendidos y cuando detecte movimiento por medio del anal\u00edtico de ACUSENSE (filtro de humanos y veh\u00edculos) encender\u00e1 la luz blanca para poder tener el evento a color&comma; cuando pase el evento se vuelve a colocar la imagen en B\/N.<\/span><\/li>\n<li style='margin-bottom: 5px;'><span style='font-family: verdana&comma; geneva&comma; sans-serif;'>Soporta anal\u00edtico cruce de l\u00ednea o intrusi\u00f3n de \u00e1rea.<\/span><\/li>\n<li style='margin-bottom: 5px;'><span style='font-family: verdana&comma; geneva&comma; sans-serif;'>Soporta anal\u00edtico de cambio de escena (cuando mueven la c\u00e1mara f\u00edsicamente hacia otro lado o la giran).<\/span><\/li>\n<\/ul><\/div>\n<\/p><\/div>\n<p> <!-- Distancias DORI --> <\/p>\n<div style='flex: 1 1 250px; border: 1px solid rgba(150&comma; 150&comma; 150&comma; 0.4); border-radius: 8px; overflow: hidden; display: flex; flex-direction: column;'>\n<div style='padding: 15px; border-bottom: 1px solid rgba(150&comma; 150&comma; 150&comma; 0.2); font-weight: bold; font-size: 18px; color: inherit; background-color: #df001e; color: white;'> Distancias DORI <\/div>\n<div style='padding: 15px; color: inherit;'>\n<p style='margin-bottom: 15px;'><span style='font-family: verdana&comma; geneva&comma; sans-serif;'>DORI es un est\u00e1ndar utilizado para definir la distancia a la cual se puede detectar&comma; observar&comma; reconocer e identificar personas y objetos con claridad utilizando una c\u00e1mara de vigilancia.<\/span><\/p>\n<div style='overflow-x: auto;'>\n<table style='width: 100%; border-collapse: collapse; margin: 15px 0; font-size: 14px;'>\n<thead>\n<tr>\n<th style='padding: 10px; border: 1px solid rgba(150&comma;150&comma;150&comma;0.3); text-align: left; font-family: verdana&comma; geneva&comma; sans-serif;'>Distancia Focal<\/th>\n<th style='padding: 10px; border: 1px solid rgba(150&comma;150&comma;150&comma;0.3); text-align: left; font-family: verdana&comma; geneva&comma; sans-serif;'>Detectar<\/th>\n<th style='padding: 10px; border: 1px solid rgba(150&comma;150&comma;150&comma;0.3); text-align: left; font-family: verdana&comma; geneva&comma; sans-serif;'>Observar<\/th>\n<th style='padding: 10px; border: 1px solid rgba(150&comma;150&comma;150&comma;0.3); text-align: left; font-family: verdana&comma; geneva&comma; sans-serif;'>Reconocer<\/th>\n<th style='padding: 10px; border: 1px solid rgba(150&comma;150&comma;150&comma;0.3); text-align: left; font-family: verdana&comma; geneva&comma; sans-serif;'>Identificar<\/th>\n<\/tr>\n<\/thead>\n<tbody>\n<tr>\n<td style='padding: 10px; border: 1px solid rgba(150&comma;150&comma;150&comma;0.3); font-family: verdana&comma; geneva&comma; sans-serif;'>Distancia (4mm)<\/td>\n<td style='padding: 10px; border: 1px solid rgba(150&comma;150&comma;150&comma;0.3); font-family: verdana&comma; geneva&comma; sans-serif;'>115 m<\/td>\n<td style='padding: 10px; border: 1px solid rgba(150&comma;150&comma;150&comma;0.3); font-family: verdana&comma; geneva&comma; sans-serif;'>45 m<\/td>\n<td style='padding: 10px; border: 1px solid rgba(150&comma;150&comma;150&comma;0.3); font-family: verdana&comma; geneva&comma; sans-serif;'>23 m<\/td>\n<td style='padding: 10px; border: 1px solid rgba(150&comma;150&comma;150&comma;0.3); font-family: verdana&comma; geneva&comma; sans-serif;'>11 m<\/td>\n<\/tr>\n<\/tbody>\n<\/table><\/div>\n<\/p><\/div>\n<\/p><\/div>\n<p> <!-- Im\u00e1genes adicionales --> <\/p>\n<div style='flex: 1 1 250px; border: 1px solid rgba(150&comma; 150&comma; 150&comma; 0.4); border-radius: 8px; overflow: hidden; display: flex; flex-direction: column;'>\n<div style='padding: 15px; border-bottom: 1px solid rgba(150&comma; 150&comma; 150&comma; 0.2); font-weight: bold; font-size: 18px; color: inherit; background-color: #df001e; color: white;'> ACUSENSE <\/div>\n<div style='padding: 15px; color: inherit;'>\n<div style='margin-bottom: 15px;'> <img style='width: 100%; height: auto; border: 1px solid rgba(150&comma;150&comma;150&comma;0.3); border-radius: 8px;' src='https:\/\/ftp3.syscom.mx\/usuarios\/ftp\/single_page\/HIKVISION\/acusense-colorvu.png' alt=''> <\/div>\n<p style='margin-bottom: 0;'><span style='font-family: verdana&comma; geneva&comma; sans-serif;'>Soporta anal\u00edtico de ACUSENSE Lite distingue personas y veh\u00edculos de otros objetos en el entorno&comma; enfoc\u00e1ndose en amenazas de seguridad reales con b\u00fasquedas de video eficientes.<\/span><\/p>\n<\/p><\/div>\n<\/p><\/div>\n<p> <!-- Im\u00e1genes de ejemplo --> <\/p>\n<div style='flex: 1 1 250px; display: flex; flex-direction: column; gap: 15px;'>\n<div style='flex: 1; border: 1px solid rgba(150&comma; 150&comma; 150&comma; 0.4); border-radius: 8px; overflow: hidden;'> <img style='width: 100%; height: auto; display: block;' src='https:\/\/ftp3.syscom.mx\/usuarios\/ftp\/single_page\/HIKVISION\/IR-PON-1.png' alt=''> <\/p>\n<div style='padding: 15px; border-top: 5px solid #df001e;'>\n<h5 style='margin-top: 0; margin-bottom: 10px; font-size: 16px;'><span style='font-family: verdana&comma; geneva&comma; sans-serif;'>Luz IR Encendida<\/span><\/h5>\n<p style='margin-bottom: 0;'><span style='font-family: verdana&comma; geneva&comma; sans-serif;'>En ausencia de veh\u00edculo o persona&comma; la c\u00e1mara utiliza s\u00f3lo luz IR.<\/span><\/p>\n<\/p><\/div>\n<\/p><\/div>\n<div style='flex: 1; border: 1px solid rgba(150&comma; 150&comma; 150&comma; 0.4); border-radius: 8px; overflow: hidden;'> <img style='width: 100%; height: auto; display: block;' src='https:\/\/ftp3.syscom.mx\/usuarios\/ftp\/single_page\/HIKVISION\/LED-ON-1.jpg' alt=''> <\/p>\n<div style='padding: 15px; border-top: 5px solid #df001e;'>\n<h5 style='margin-top: 0; margin-bottom: 10px; font-size: 16px;'><span style='font-family: verdana&comma; geneva&comma; sans-serif;'>Luz LED Encendida<\/span><\/h5>\n<p style='margin-bottom: 0;'><span style='font-family: verdana&comma; geneva&comma; sans-serif;'>Cuando se detecta un veh\u00edculo o una persona&comma; la luz blanca se activa autom\u00e1ticamente encendido&comma; lo que produce im\u00e1genes en colores vivos con detalles claros.<\/span><\/p>\n<\/p><\/div>\n<\/p><\/div>\n<div style='flex: 1; border: 1px solid rgba(150&comma; 150&comma; 150&comma; 0.4); border-radius: 8px; overflow: hidden;'> <img style='width: 100%; height: auto; display: block;' src='https:\/\/ftp3.syscom.mx\/usuarios\/ftp\/single_page\/HIKVISION\/IR-PON-2.png' alt=''> <\/p>\n<div style='padding: 15px; border-top: 5px solid #df001e;'>\n<h5 style='margin-top: 0; margin-bottom: 10px; font-size: 16px;'><span style='font-family: verdana&comma; geneva&comma; sans-serif;'>Luz IR Encendida<\/span><\/h5>\n<p style='margin-bottom: 0;'><span style='font-family: verdana&comma; geneva&comma; sans-serif;'>Una vez que el veh\u00edculo o la persona sale&comma; las c\u00e1maras vuelven a la luz IR autom\u00e1ticamente.<\/span><\/p>\n<\/p><\/div>\n<\/p><\/div>\n<\/p><\/div>\n<\/p><\/div>\n<p> <!-- Video --> <\/p>\n<div style='margin-bottom: 30px;'>\n<div style='position: relative; padding-bottom: 56.25%; height: 0; overflow: hidden;'>   <\/div>\n<\/p><\/div>\n<p> <!-- Separador final --> <\/p>\n<hr style='border: 0; border-top: 1px solid rgba(150&comma; 150&comma; 150&comma; 0.3); margin: 30px 0;'> <\/div>\n","protected":false},"excerpt":{"rendered":"<p>[Dual Light + 2 Micr\u00f3fonos Integrados] Bala IP 6 Megapixel \/ Lente 4 mm \/ 80 mts Luz Blanca + 80 mts IR \/ ACUSENSE \/ Exterior IP67 \/ WDR 120 dB \/ PoE  \/ Micro SD \/ Metal \/ ACUSEARCH<\/p>\n","protected":false},"featured_media":94104,"comment_status":"open","ping_status":"closed","template":"","meta":[],"product_brand":[],"product_cat":[438],"product_tag":[439,122,54],"class_list":{"0":"post-94105","1":"product","2":"type-product","3":"status-publish","4":"has-post-thumbnail","6":"product_cat-bala","7":"product_tag-bala","8":"product_tag-camaras-ip-y-nvrs","9":"product_tag-hikvision","11":"first","12":"instock","13":"sale","14":"shipping-taxable","15":"purchasable","16":"product-type-simple"},"_links":{"self":[{"href":"https:\/\/soydeaqui.ddns.net\/pachuca\/index.php\/wp-json\/wp\/v2\/product\/94105","targetHints":{"allow":["GET"]}}],"collection":[{"href":"https:\/\/soydeaqui.ddns.net\/pachuca\/index.php\/wp-json\/wp\/v2\/product"}],"about":[{"href":"https:\/\/soydeaqui.ddns.net\/pachuca\/index.php\/wp-json\/wp\/v2\/types\/product"}],"replies":[{"embeddable":true,"href":"https:\/\/soydeaqui.ddns.net\/pachuca\/index.php\/wp-json\/wp\/v2\/comments?post=94105"}],"wp:featuredmedia":[{"embeddable":true,"href":"https:\/\/soydeaqui.ddns.net\/pachuca\/index.php\/wp-json\/wp\/v2\/media\/94104"}],"wp:attachment":[{"href":"https:\/\/soydeaqui.ddns.net\/pachuca\/index.php\/wp-json\/wp\/v2\/media?parent=94105"}],"wp:term":[{"taxonomy":"product_brand","embeddable":true,"href":"https:\/\/soydeaqui.ddns.net\/pachuca\/index.php\/wp-json\/wp\/v2\/product_brand?post=94105"},{"taxonomy":"product_cat","embeddable":true,"href":"https:\/\/soydeaqui.ddns.net\/pachuca\/index.php\/wp-json\/wp\/v2\/product_cat?post=94105"},{"taxonomy":"product_tag","embeddable":true,"href":"https:\/\/soydeaqui.ddns.net\/pachuca\/index.php\/wp-json\/wp\/v2\/product_tag?post=94105"}],"curies":[{"name":"wp","href":"https:\/\/api.w.org\/{rel}","templated":true}]}}