{"id":94097,"date":"2026-03-20T06:31:18","date_gmt":"2026-03-20T06:31:18","guid":{"rendered":"https:\/\/soydeaqui.ddns.net\/pachuca\/index.php\/producto\/dual-light-2-microfonos-integrados-bala-ip-4-megapixel-color-negro-lente-2-8-mm-40-mts-luz-blanca-40-mts-ir-acusense-exterior-ip67-wdr-120-db-poe-onvif-micro-sd-metal-acuse\/"},"modified":"2026-03-20T06:31:19","modified_gmt":"2026-03-20T06:31:19","slug":"dual-light-2-microfonos-integrados-bala-ip-4-megapixel-color-negro-lente-2-8-mm-40-mts-luz-blanca-40-mts-ir-acusense-exterior-ip67-wdr-120-db-poe-onvif-micro-sd-metal-acuse","status":"publish","type":"product","link":"https:\/\/soydeaqui.ddns.net\/pachuca\/index.php\/producto\/dual-light-2-microfonos-integrados-bala-ip-4-megapixel-color-negro-lente-2-8-mm-40-mts-luz-blanca-40-mts-ir-acusense-exterior-ip67-wdr-120-db-poe-onvif-micro-sd-metal-acuse\/","title":{"rendered":"[Dual Light + 2 Micr\u00f3fonos Integrados] Bala IP 4 Megapixel \/ Color Negro \/ Lente 2.8 mm \/ 40 mts Luz Blanca + 40 mts IR \/ ACUSENSE \/ Exterior IP67 \/ WDR 120 dB \/ PoE \/ ONVIF \/ Micro SD \/ Metal \/ ACUSEARCH"},"content":{"rendered":"<div style=\"width: 100%; max-width: 1200px; margin: 0 auto; font-family: sans-serif; line-height: 1.6; color: inherit; background-color: transparent;\"><!-- Imagen principal --><\/p>\n<div style=\"margin-bottom: 30px;\"><img decoding=\"async\" style=\"width: 100%; height: auto; border: 1px solid rgba(150&comma; 150&comma; 150&comma; 0.3); border-radius: 8px;\" src=\"https:\/\/ftp3.syscom.mx\/usuarios\/ftp\/single_page\/HIKVISION\/vision-nocturna-V2.jpg\" alt=\"Visi\u00f3n nocturna\" class=\"fr-fic fr-dii\"><\/div>\n<p><!-- Contenedor principal con grid --><\/p>\n<div style=\"display: grid; grid-template-columns: 1fr; gap: 30px; margin-bottom: 30px;\"><!-- Secci\u00f3n de caracter\u00edsticas principales --><\/p>\n<div style=\"border: 1px solid rgba(150&comma; 150&comma; 150&comma; 0.4); border-radius: 8px; overflow: hidden;\">\n<div style=\"padding: 15px; border-bottom: 1px solid rgba(150&comma; 150&comma; 150&comma; 0.2); font-weight: bold; font-size: 18px; color: inherit; background-color: rgba(223&comma; 0&comma; 30&comma; 0.1);\">Caracter&iacute;sticas Principales<\/div>\n<div style=\"padding: 15px; color: inherit;\">\n<ul style=\"padding-left: 20px; margin: 0; font-size: 14px; list-style-type: disc;\">\n<li style=\"margin-bottom: 5px;\"><span style=\"font-family: verdana&comma; geneva&comma; sans-serif;\">Resoluci&oacute;n M&aacute;xima: 4 Megapixel (2688 x 1520)<\/span><\/li>\n<li style=\"margin-bottom: 5px;\"><span style=\"font-family: verdana&comma; geneva&comma; sans-serif;\">Iluminaci&oacute;n m&iacute;nima: 0.005 Lux @ (F1.6&comma; AGC ON)<\/span><\/li>\n<li style=\"margin-bottom: 5px;\"><span style=\"font-family: verdana&comma; geneva&comma; sans-serif;\">Lente fijo: 2.8mm (&Aacute;ngulo de apertura 104&deg;)<\/span><\/li>\n<li style=\"margin-bottom: 5px;\"><span style=\"font-family: verdana&comma; geneva&comma; sans-serif;\">40 m de IR EXIR (visi&oacute;n nocturna)<\/span><\/li>\n<li style=\"margin-bottom: 5px;\"><span style=\"font-family: verdana&comma; geneva&comma; sans-serif;\">40 m de luz blanca (ayuda a iluminar el sitio para mantener la imagen siempre a color)<\/span><\/li>\n<li style=\"margin-bottom: 5px;\"><span style=\"font-family: verdana&comma; geneva&comma; sans-serif;\">Funciones normales: WDR de 120 dB \/ ROI \/ 3D DNR \/ BLC \/ HLC<\/span><\/li>\n<li style=\"margin-bottom: 5px;\"><span style=\"font-family: verdana&comma; geneva&comma; sans-serif;\">Detecci&oacute;n de Rostros \/ Cruce de l&iacute;nea \/ Detecci&oacute;n de intrusi&oacute;n<\/span><\/li>\n<li style=\"margin-bottom: 5px;\"><span style=\"font-family: verdana&comma; geneva&comma; sans-serif;\">Compatible con plataforma Hik-Connect P2P <a href=\"https:\/\/appstore.hikvision.com\/\" style=\"color: inherit; text-decoration: underline;\" target=\"_blank\" rel=\"noopener\">https:\/\/appstore.hikvision.com\/<\/a><\/span><\/li>\n<\/ul>\n<\/div>\n<\/div>\n<p><!-- Secci\u00f3n de entradas y salidas --><\/p>\n<div style=\"border: 1px solid rgba(150&comma; 150&comma; 150&comma; 0.4); border-radius: 8px; overflow: hidden;\">\n<div style=\"padding: 15px; border-bottom: 1px solid rgba(150&comma; 150&comma; 150&comma; 0.2); font-weight: bold; font-size: 18px; color: inherit; background-color: rgba(223&comma; 0&comma; 30&comma; 0.1);\">Entradas y salidas de Audio \/ Alarmas \/ Red \/ Almacenamiento<\/div>\n<div style=\"padding: 15px; color: inherit;\">\n<ul style=\"padding-left: 20px; margin: 0; font-size: 14px; list-style-type: disc;\">\n<li style=\"margin-bottom: 5px;\"><span style=\"font-family: verdana&comma; geneva&comma; sans-serif;\">Entradas de alarma: N\/A<\/span><\/li>\n<li style=\"margin-bottom: 5px;\"><span style=\"font-family: verdana&comma; geneva&comma; sans-serif;\">Salidas de alarma: N\/A<\/span><\/li>\n<li style=\"margin-bottom: 5px;\"><span style=\"font-family: verdana&comma; geneva&comma; sans-serif;\">Entradas de audio: N\/A<\/span><\/li>\n<li style=\"margin-bottom: 5px;\"><span style=\"font-family: verdana&comma; geneva&comma; sans-serif;\">Salidas de audio: N\/A<\/span><\/li>\n<li style=\"margin-bottom: 5px;\"><strong><span style=\"font-family: verdana&comma; geneva&comma; sans-serif;\">Micr&oacute;fono Integrado<\/span><\/strong><\/li>\n<li style=\"margin-bottom: 5px;\"><span style=\"font-family: verdana&comma; geneva&comma; sans-serif;\">Soporta memoria micro SD 512 GB (no incluida)<\/span><\/li>\n<li style=\"margin-bottom: 5px;\"><span style=\"font-family: verdana&comma; geneva&comma; sans-serif;\">Puerto de red: 1 (10 \/ 100 Mbps \/ PoE 802.3af )<\/span><\/li>\n<li style=\"margin-bottom: 5px;\"><span style=\"font-family: verdana&comma; geneva&comma; sans-serif;\">Soporta ONVIF (PROFILE S y G) \/ ISAPI<\/span><\/li>\n<\/ul>\n<\/div>\n<\/div>\n<p><!-- Secci\u00f3n de caracter\u00edsticas f\u00edsicas --><\/p>\n<div style=\"border: 1px solid rgba(150&comma; 150&comma; 150&comma; 0.4); border-radius: 8px; overflow: hidden;\">\n<div style=\"padding: 15px; border-bottom: 1px solid rgba(150&comma; 150&comma; 150&comma; 0.2); font-weight: bold; font-size: 18px; color: inherit; background-color: rgba(223&comma; 0&comma; 30&comma; 0.1);\">Caracter&iacute;sticas F&iacute;sicas y El&eacute;ctricas<\/div>\n<div style=\"padding: 15px; color: inherit;\">\n<ul style=\"padding-left: 20px; margin: 0; font-size: 14px; list-style-type: disc;\">\n<li style=\"margin-bottom: 5px;\"><span style=\"font-family: verdana&comma; geneva&comma; sans-serif;\">Temperatura de Operaci&oacute;n: &#8211; 30&deg;C a 60&deg;C<\/span><\/li>\n<li style=\"margin-bottom: 5px;\"><span style=\"font-family: verdana&comma; geneva&comma; sans-serif;\">Alimentaci&oacute;n: 12Vcc \/ 6 Watts<\/span><\/li>\n<li style=\"margin-bottom: 5px;\"><span style=\"font-family: verdana&comma; geneva&comma; sans-serif;\">Soporta PoE 802.3af \/ 7.5 Watts<\/span><\/li>\n<li style=\"margin-bottom: 5px;\"><span style=\"font-family: verdana&comma; geneva&comma; sans-serif;\">Protecci&oacute;n: Interior \/ Exterior IP67<\/span><\/li>\n<li style=\"margin-bottom: 5px;\"><span style=\"font-family: verdana&comma; geneva&comma; sans-serif;\">Fabricado en material de metal<\/span><\/li>\n<li style=\"margin-bottom: 5px;\"><span style=\"font-family: verdana&comma; geneva&comma; sans-serif;\">Dimensiones: 74.4 x 176.3 mm<\/span><\/li>\n<li style=\"margin-bottom: 5px;\"><span style=\"font-family: verdana&comma; geneva&comma; sans-serif;\">Peso: 515 gramos<\/span><\/li>\n<\/ul>\n<\/div>\n<\/div>\n<p><!-- Secci\u00f3n de accesorios compatibles --><\/p>\n<div style=\"border: 1px solid rgba(150&comma; 150&comma; 150&comma; 0.4); border-radius: 8px; overflow: hidden;\">\n<div style=\"padding: 15px; border-bottom: 1px solid rgba(150&comma; 150&comma; 150&comma; 0.2); font-weight: bold; font-size: 18px; color: inherit; background-color: rgba(223&comma; 0&comma; 30&comma; 0.1);\">Accesorios Compatibles<\/div>\n<div style=\"padding: 15px; color: inherit;\">\n<ul style=\"padding-left: 20px; margin: 0; font-size: 14px; list-style-type: disc;\">\n<li style=\"margin-bottom: 5px;\"><span style=\"font-family: verdana&comma; geneva&comma; sans-serif; font-size: 14pt;\"><strong>Consulte la ficha t&eacute;cnica para validar los accesorios compatibles&comma; de clic&nbsp;<\/strong><a href=\"https:\/\/ftp3.syscom.mx\/usuarios\/roberto.espino\/Specs\/Modelos%2006-25%20-%2007-25\/Especificaciones%20Tecnicas%20DS-2CD2043G2-LI2U_20250211.pdf?_gl=1*1tdxo3j*_gcl_au*MTc3NjMxMDk4MS4xNzUwMTgxMDMx\" style=\"color: inherit; text-decoration: underline;\" target=\"_blank\" rel=\"noopener\">Aqu&iacute;<\/a><\/span><\/li>\n<\/ul>\n<\/div>\n<\/div>\n<p><!-- Secci\u00f3n de caracter\u00edsticas destacadas --><\/p>\n<div style=\"border: 1px solid rgba(150&comma; 150&comma; 150&comma; 0.4); border-radius: 8px; overflow: hidden;\">\n<div style=\"padding: 15px; border-bottom: 1px solid rgba(150&comma; 150&comma; 150&comma; 0.2); font-weight: bold; font-size: 18px; color: inherit; background-color: rgba(223&comma; 0&comma; 30&comma; 0.1);\">Caracter&iacute;sticas Destacadas<\/div>\n<div style=\"padding: 15px; color: inherit;\">\n<ul style=\"padding-left: 20px; margin: 0; font-size: 14px; list-style-type: disc;\">\n<li style=\"margin-bottom: 5px;\"><span style=\"font-family: verdana&comma; geneva&comma; sans-serif;\">Compatible con la plataforma de Hik-Connect para una conexi&oacute;n m&aacute;s r&aacute;pida y sencilla<\/span><\/li>\n<li style=\"margin-bottom: 5px;\"><span style=\"font-family: verdana&comma; geneva&comma; sans-serif;\">Soporta anal&iacute;tico de ACUSENSE para con anal&iacute;ticos como filtro de humano y veh&iacute;culos para eventos inteligentes como cruce de l&iacute;nea&comma; intrusi&oacute;n&comma; entrada y salida de &aacute;rea<\/span><\/li>\n<li style=\"margin-bottom: 5px;\"><span style=\"font-family: verdana&comma; geneva&comma; sans-serif;\">Soporta la tecnolog&iacute;a Dual Light&comma; podemos tener en la noche la imagen de B\/N con los IR encendidos y cuando detecte movimiento por medio del anal&iacute;tico de ACUSENSE (filtro de humanos y veh&iacute;culos) encender&aacute; la luz blanca para poder tener el evento a color&comma; cuando pase el evento se vuelve a colocar la imagen en B\/N<\/span><\/li>\n<li style=\"margin-bottom: 5px;\"><span style=\"font-family: verdana&comma; geneva&comma; sans-serif;\">Soporta anal&iacute;tico cruce de l&iacute;nea o intrusi&oacute;n de &aacute;rea<\/span><\/li>\n<li style=\"margin-bottom: 5px;\"><span style=\"font-family: verdana&comma; geneva&comma; sans-serif;\">Soporta anal&iacute;tico de cambio de escena (cuando mueven la c&aacute;mara f&iacute;sicamente hacia otro lado o la giran)<\/span><\/li>\n<\/ul>\n<\/div>\n<\/div>\n<p><!-- Secci\u00f3n de distancias DORI --><\/p>\n<div style=\"border: 1px solid rgba(150&comma; 150&comma; 150&comma; 0.4); border-radius: 8px; overflow: hidden;\">\n<div style=\"padding: 15px; border-bottom: 1px solid rgba(150&comma; 150&comma; 150&comma; 0.2); font-weight: bold; font-size: 18px; color: inherit; background-color: rgba(223&comma; 0&comma; 30&comma; 0.1);\">Distancias DORI<\/div>\n<div style=\"padding: 15px; color: inherit;\">\n<p style=\"margin-bottom: 15px;\"><span style=\"font-family: verdana&comma; geneva&comma; sans-serif;\">DORI es un est&aacute;ndar utilizado para definir la distancia a la cual se puede detectar&comma; observar&comma; reconocer e identificar personas y objetos con claridad utilizando una c&aacute;mara de vigilancia<\/span><\/p>\n<div style=\"overflow-x: auto;\">\n<table style=\"width: 100%; border-collapse: collapse; margin: 20px 0; color: inherit;\">\n<thead>\n<tr>\n<th style=\"padding: 12px; border: 1px solid rgba(150&comma;150&comma;150&comma;0.3); text-align: left; font-family: verdana&comma; geneva&comma; sans-serif; background-color: rgba(223&comma; 0&comma; 30&comma; 0.1);\">Distancia Focal<\/th>\n<th style=\"padding: 12px; border: 1px solid rgba(150&comma;150&comma;150&comma;0.3); text-align: left; font-family: verdana&comma; geneva&comma; sans-serif; background-color: rgba(223&comma; 0&comma; 30&comma; 0.1);\">Detectar<\/th>\n<th style=\"padding: 12px; border: 1px solid rgba(150&comma;150&comma;150&comma;0.3); text-align: left; font-family: verdana&comma; geneva&comma; sans-serif; background-color: rgba(223&comma; 0&comma; 30&comma; 0.1);\">Observar<\/th>\n<th style=\"padding: 12px; border: 1px solid rgba(150&comma;150&comma;150&comma;0.3); text-align: left; font-family: verdana&comma; geneva&comma; sans-serif; background-color: rgba(223&comma; 0&comma; 30&comma; 0.1);\">Reconocer<\/th>\n<th style=\"padding: 12px; border: 1px solid rgba(150&comma;150&comma;150&comma;0.3); text-align: left; font-family: verdana&comma; geneva&comma; sans-serif; background-color: rgba(223&comma; 0&comma; 30&comma; 0.1);\">Identificar<\/th>\n<\/tr>\n<\/thead>\n<tbody>\n<tr>\n<td style=\"padding: 12px; border: 1px solid rgba(150&comma;150&comma;150&comma;0.3); font-family: verdana&comma; geneva&comma; sans-serif;\">Distancia (2.8mm)<\/td>\n<td style=\"padding: 12px; border: 1px solid rgba(150&comma;150&comma;150&comma;0.3); font-family: verdana&comma; geneva&comma; sans-serif;\">63 m<\/td>\n<td style=\"padding: 12px; border: 1px solid rgba(150&comma;150&comma;150&comma;0.3); font-family: verdana&comma; geneva&comma; sans-serif;\">25 m<\/td>\n<td style=\"padding: 12px; border: 1px solid rgba(150&comma;150&comma;150&comma;0.3); font-family: verdana&comma; geneva&comma; sans-serif;\">12 m<\/td>\n<td style=\"padding: 12px; border: 1px solid rgba(150&comma;150&comma;150&comma;0.3); font-family: verdana&comma; geneva&comma; sans-serif;\">6 m<\/td>\n<\/tr>\n<\/tbody>\n<\/table>\n<\/div>\n<\/div>\n<\/div>\n<p><!-- Secci\u00f3n de imagen de acusense --><\/p>\n<div style=\"display: flex; flex-wrap: wrap; gap: 30px; margin-bottom: 30px;\">\n<div style=\"flex: 1 1 300px; min-width: 280px;\"><img decoding=\"async\" style=\"width: 100%; height: auto; border: 1px solid rgba(150&comma; 150&comma; 150&comma; 0.3); border-radius: 8px;\" src=\"https:\/\/ftp3.syscom.mx\/usuarios\/ftp\/single_page\/HIKVISION\/acusense-colorvu.png\" alt=\"ACUSENSE ColorVu\" class=\"fr-fic fr-dii\"><\/div>\n<div style=\"flex: 1 1 300px; min-width: 280px; display: flex; align-items: center;\">\n<p style=\"font-size: 14px; margin: 0; color: inherit;\"><span style=\"font-family: verdana&comma; geneva&comma; sans-serif;\">Soporta anal&iacute;tico de ACUSENSE Lite distingue personas y veh&iacute;culos de otros objetos en el entorno&comma; enfoc&aacute;ndose en amenazas de seguridad reales con b&uacute;squedas de video eficientes<\/span><\/p>\n<\/div>\n<\/div>\n<p><!-- Secci\u00f3n de im\u00e1genes de funcionamiento --><\/p>\n<div style=\"display: flex; flex-wrap: wrap; gap: 20px; margin-bottom: 30px;\">\n<div style=\"flex: 1 1 calc(33.333% - 13px); min-width: 280px;\"><img decoding=\"async\" style=\"width: 100%; height: auto; border: 1px solid rgba(150&comma; 150&comma; 150&comma; 0.3); border-radius: 8px;\" src=\"https:\/\/ftp3.syscom.mx\/usuarios\/ftp\/single_page\/HIKVISION\/IR-PON-1.png\" alt=\"Luz IR Encendida\" class=\"fr-fic fr-dii\"><\/p>\n<h4 style=\"font-size: 16px; margin-top: 0; margin-bottom: 8px; color: inherit;\">Luz IR Encendida<\/h4>\n<p style=\"font-size: 14px; margin: 0; color: inherit;\"><span style=\"font-family: verdana&comma; geneva&comma; sans-serif;\">En ausencia de veh&iacute;culo o persona&comma; la c&aacute;mara utiliza s&oacute;lo luz IR<\/span><\/p>\n<\/div>\n<div style=\"flex: 1 1 calc(33.333% - 13px); min-width: 280px;\"><img decoding=\"async\" style=\"width: 100%; height: auto; border: 1px solid rgba(150&comma; 150&comma; 150&comma; 0.3); border-radius: 8px;\" src=\"https:\/\/ftp3.syscom.mx\/usuarios\/ftp\/single_page\/HIKVISION\/LED-ON-1.jpg\" alt=\"Luz LED Encendida\" class=\"fr-fic fr-dii\"><\/p>\n<h4 style=\"font-size: 16px; margin-top: 0; margin-bottom: 8px; color: inherit;\">Luz LED Encendida<\/h4>\n<p style=\"font-size: 14px; margin: 0; color: inherit;\"><span style=\"font-family: verdana&comma; geneva&comma; sans-serif;\">Cuando se detecta un veh&iacute;culo o una persona&comma; la luz blanca se activa autom&aacute;ticamente encendido&comma; lo que produce im&aacute;genes en colores vivos con detalles claros<\/span><\/p>\n<\/div>\n<div style=\"flex: 1 1 calc(33.333% - 13px); min-width: 280px;\"><img decoding=\"async\" style=\"width: 100%; height: auto; border: 1px solid rgba(150&comma; 150&comma; 150&comma; 0.3); border-radius: 8px;\" src=\"https:\/\/ftp3.syscom.mx\/usuarios\/ftp\/single_page\/HIKVISION\/IR-PON-2.png\" alt=\"Luz IR Encendida\" class=\"fr-fic fr-dii\"><\/p>\n<h4 style=\"font-size: 16px; margin-top: 0; margin-bottom: 8px; color: inherit;\">Luz IR Encendida<\/h4>\n<p style=\"font-size: 14px; margin: 0; color: inherit;\"><span style=\"font-family: verdana&comma; geneva&comma; sans-serif;\">Una vez que el veh&iacute;culo o la persona sale&comma; las c&aacute;maras vuelven a la luz IR autom&aacute;ticamente<\/span><\/p>\n<\/div>\n<\/div>\n<p><!-- Secci\u00f3n de video de YouTube --><\/p>\n<div style=\"margin: 30px 0;\">\n<div style=\"position: relative; padding-bottom: 56.25%; height: 0; overflow: hidden;\"> <\/div>\n<\/div>\n<p><!-- Imagen de iconos --><\/p>\n<div style=\"margin-top: 30px;\"><img decoding=\"async\" style=\"width: 100%; height: auto; border: 1px solid rgba(150&comma; 150&comma; 150&comma; 0.3); border-radius: 8px;\" src=\"https:\/\/ftp3.syscom.mx\/usuarios\/ftp\/single_page\/HIKVISION\/SMARTH-HYBRID-ICONOS-mic-dual.jpg\" alt=\"Iconos de micr\u00f3fonos\" class=\"fr-fic fr-dii\"><\/div>\n<\/div>\n<\/div>\n","protected":false},"excerpt":{"rendered":"<p>[Dual Light + 2 Micr\u00f3fonos Integrados] Bala IP 4 Megapixel \/ Color Negro \/ Lente 2.8 mm \/ 40 mts Luz Blanca + 40 mts IR \/ ACUSENSE \/ Exterior IP67 \/ WDR 120 dB \/ PoE \/ ONVIF \/ Micro SD \/ Metal \/ ACUSEARCH<\/p>\n","protected":false},"featured_media":94096,"comment_status":"open","ping_status":"closed","template":"","meta":[],"product_brand":[],"product_cat":[438],"product_tag":[439,122,54],"class_list":{"0":"post-94097","1":"product","2":"type-product","3":"status-publish","4":"has-post-thumbnail","6":"product_cat-bala","7":"product_tag-bala","8":"product_tag-camaras-ip-y-nvrs","9":"product_tag-hikvision","11":"first","12":"instock","13":"sale","14":"shipping-taxable","15":"purchasable","16":"product-type-simple"},"_links":{"self":[{"href":"https:\/\/soydeaqui.ddns.net\/pachuca\/index.php\/wp-json\/wp\/v2\/product\/94097","targetHints":{"allow":["GET"]}}],"collection":[{"href":"https:\/\/soydeaqui.ddns.net\/pachuca\/index.php\/wp-json\/wp\/v2\/product"}],"about":[{"href":"https:\/\/soydeaqui.ddns.net\/pachuca\/index.php\/wp-json\/wp\/v2\/types\/product"}],"replies":[{"embeddable":true,"href":"https:\/\/soydeaqui.ddns.net\/pachuca\/index.php\/wp-json\/wp\/v2\/comments?post=94097"}],"wp:featuredmedia":[{"embeddable":true,"href":"https:\/\/soydeaqui.ddns.net\/pachuca\/index.php\/wp-json\/wp\/v2\/media\/94096"}],"wp:attachment":[{"href":"https:\/\/soydeaqui.ddns.net\/pachuca\/index.php\/wp-json\/wp\/v2\/media?parent=94097"}],"wp:term":[{"taxonomy":"product_brand","embeddable":true,"href":"https:\/\/soydeaqui.ddns.net\/pachuca\/index.php\/wp-json\/wp\/v2\/product_brand?post=94097"},{"taxonomy":"product_cat","embeddable":true,"href":"https:\/\/soydeaqui.ddns.net\/pachuca\/index.php\/wp-json\/wp\/v2\/product_cat?post=94097"},{"taxonomy":"product_tag","embeddable":true,"href":"https:\/\/soydeaqui.ddns.net\/pachuca\/index.php\/wp-json\/wp\/v2\/product_tag?post=94097"}],"curies":[{"name":"wp","href":"https:\/\/api.w.org\/{rel}","templated":true}]}}