{"id":94087,"date":"2026-03-20T06:31:01","date_gmt":"2026-03-20T06:31:01","guid":{"rendered":"https:\/\/soydeaqui.ddns.net\/pachuca\/index.php\/producto\/kit-de-camara-pt-4g-bateria-recargable-incluye-1-pieza-de-cs-eb8-4g-y-1-pieza-de-cs-psp8\/"},"modified":"2026-03-20T06:31:02","modified_gmt":"2026-03-20T06:31:02","slug":"kit-de-camara-pt-4g-bateria-recargable-incluye-1-pieza-de-cs-eb8-4g-y-1-pieza-de-cs-psp8","status":"publish","type":"product","link":"https:\/\/soydeaqui.ddns.net\/pachuca\/index.php\/producto\/kit-de-camara-pt-4g-bateria-recargable-incluye-1-pieza-de-cs-eb8-4g-y-1-pieza-de-cs-psp8\/","title":{"rendered":"Kit de Camara PT 4G \/ bater\u00eda recargable \/ Incluye 1 pieza de CS-EB8-4G y 1 Pieza de CS-PSP8"},"content":{"rendered":"<div style=\"width: 100%; max-width: 1200px; margin: 0 auto; font-family: sans-serif; line-height: 1.6; color: inherit; background-color: transparent;\"><!-- Banner principal --> <\/p>\n<div style=\"width: 100%; margin-bottom: 30px;\"><a style=\"display: block; text-align: center;\" href=\"#link\" target=\"_blank\" rel=\"noopener\"> <img decoding=\"async\" style=\"width: 100%; height: auto; border: 1px solid rgba(150&comma;150&comma;150&comma;0.3); border-radius: 8px; max-width: 600px;\" src=\"https:\/\/ftp3.syscom.mx\/usuarios\/rcovarrubias\/EZVIZ\/Bannerspag\/SerieH.png\" alt=\"Banner principal\" \/> <\/a><\/div>\n<p> <!-- Secci\u00f3n de caracter\u00edsticas en grid --> <\/p>\n<div style=\"display: grid; grid-template-columns: repeat(auto-fit&comma; minmax(280px&comma; 1fr)); gap: 30px; margin-bottom: 30px;\"><!-- Caracter\u00edsticas principales --> <\/p>\n<div style=\"border-left: 5px solid #42BB1A; border-radius: 5px; padding: 15px; box-shadow: 2px 2px 10px rgba(216&comma;216&comma;216&comma;0.3);\">\n<h3 style=\"font-size: 18px; margin-top: 0; color: inherit;\">Caracter&iacute;sticas principales:<\/h3>\n<p style=\"margin-top: 10px; margin-bottom: 10px;\"><strong>El kit incluye:<\/strong><\/p>\n<ul style=\"padding-left: 20px; font-size: 14px; color: inherit;\">\n<li style=\"margin-bottom: 8px;\">1 C&aacute;mara de bater&iacute;a recargable<a href=\"https:\/\/www.syscom.mx\/products\/224847\"> CS-EB8-4G<\/a><\/li>\n<li style=\"margin-bottom: 8px;\">1 Panel solar <a style=\"color: #005cb9; text-decoration: underline; font-weight: bold;\" href=\"https:\/\/www.syscom.mx\/products\/243690\">CS-PSP8<\/a><\/li>\n<\/ul><\/div>\n<p> <!-- Caracter\u00edsticas F\u00edsicas y El\u00e9ctricas --> <\/p>\n<div style=\"border-left: 5px solid #42BB1A; border-radius: 5px; padding: 15px; box-shadow: 2px 2px 10px rgba(216&comma;216&comma;216&comma;0.3);\">\n<h3 style=\"font-size: 18px; margin-top: 0; color: inherit;\">Caracter&iacute;sticas F&iacute;sicas y El&eacute;ctricas:<\/h3>\n<ul style=\"padding-left: 20px; font-size: 14px; color: inherit;\">\n<li style=\"margin-bottom: 8px;\">Alimentaci&oacute;n de la c&aacute;mara: 5 Vcc \/ 10W<\/li>\n<li style=\"margin-bottom: 8px;\">Material Policarbonato<\/li>\n<li style=\"margin-bottom: 8px;\">La c&aacute;mara solo incluye cable USB&comma; fuente recomendada <a style=\"color: #005cb9; text-decoration: underline; font-weight: bold;\" href=\"https:\/\/betaweb.syscom.mx\/products\/190868\">PLUSC3000<\/a><\/li>\n<li style=\"margin-bottom: 8px;\">El cable del panel solar es de 4 metros para conexi&oacute;n a la c&aacute;mara<\/li>\n<\/ul><\/div>\n<p> <!-- Caracter\u00edsticas Destacadas --> <\/p>\n<div style=\"border-left: 5px solid #42BB1A; border-radius: 5px; padding: 15px; box-shadow: 2px 2px 10px rgba(216&comma;216&comma;216&comma;0.3);\">\n<h3 style=\"font-size: 18px; margin-top: 0; color: inherit;\">Caracter&iacute;sticas Destacadas:<\/h3>\n<ul style=\"padding-left: 20px; font-size: 14px; color: inherit;\">\n<li style=\"margin-bottom: 8px;\">Licencias para grabaci&oacute;n en nube <a style=\"color: #005cb9; text-decoration: none; font-weight: bold;\" href=\"https:\/\/www.syscom.mx\/producto\/EZ-CLOUD-7A-EZVIZ-207807.html\">EZ-CLOUD\/7A<\/a>&comma; <a style=\"color: #005cb9; text-decoration: none; font-weight: bold;\" href=\"https:\/\/www.syscom.mx\/producto\/EZ-CLOUD-30A-EZVIZ-207809.html\">EZ-CLOUD\/30A<\/a><\/li>\n<li style=\"margin-bottom: 8px;\">Tambi&eacute;n puede contratar nube en la App de EZVIZ<\/li>\n<\/ul>\n<p style=\"margin-top: 20px; margin-bottom: 5px; color: #e74c3c; font-weight: bold;\">Notas:<\/p>\n<ul style=\"padding-left: 20px; margin: 0; font-size: 14px; color: #e74c3c;\">\n<li style=\"margin-bottom: 8px;\">Configuraci&oacute;n &uacute;nicamente mediante aplicaci&oacute;n EZVIZ<\/li>\n<\/ul><\/div>\n<\/p><\/div>\n<p> <!-- Secci\u00f3n de descripci\u00f3n con imagen --> <\/p>\n<div style=\"display: flex; flex-wrap: wrap; gap: 30px; align-items: center; margin-bottom: 30px;\">\n<div style=\"flex: 1 1 300px; min-width: 280px;\"><img decoding=\"async\" style=\"width: 100%; height: auto; border: 1px solid rgba(150&comma;150&comma;150&comma;0.3); border-radius: 8px;\" src=\"https:\/\/ftp3.syscom.mx\/usuarios\/rcovarrubias\/EZVIZ\/Manual%20esp-ing\/CS-EB84G\/imag1%20eb84g.png\" alt=\"C&aacute;mara EB8 4G\" \/><\/div>\n<div style=\"flex: 1 1 300px; min-width: 280px;\">\n<h2 style=\"font-size: 24px; margin-top: 0; color: inherit;\">Con 4G&comma; port&aacute;til y m&oacute;vil<\/h2>\n<p style=\"color: inherit;\">La cobertura Wi-Fi ya no ser&aacute; un problema cuando se trate de encontrar el lugar perfecto para instalar el EB8 4G. Solo tiene que instalar la c&aacute;mara en cualquier lugar con conexi&oacute;n 4G LTE y moverla a otro punto siempre que lo necesite.<\/p>\n<p style=\"color: #2880b9;\"><strong>*La c&aacute;mara no es compatible con redes Wi-Fi.<\/strong> Se necesita una tarjeta Micro Sim y un plan de datos de telefon&iacute;a m&oacute;vil para utilizar la c&aacute;mara. Si necesita utilizar una tarjeta Nano SIM&comma; por favor utilice el adaptador de tarjeta incluido para convertirla al tama&ntilde;o Micro primero.<\/p>\n<\/p><\/div>\n<\/p><\/div>\n<p> <!-- Secci\u00f3n de bater\u00eda y panel solar --> <\/p>\n<div style=\"display: flex; flex-wrap: wrap; gap: 30px; align-items: center; margin-bottom: 30px;\">\n<div style=\"flex: 1 1 300px; min-width: 280px;\">\n<h2 style=\"font-size: 24px; margin-top: 0; color: inherit;\">&iexcl;Bater&iacute;a de gran capacidad&comma; con opciones de carga ecol&oacute;gicas!<\/h2>\n<p style=\"color: inherit;\">La EB8 4G es 100% inal&aacute;mbrica gracias a sus bater&iacute;as recargables integradas&sup3;. Para ir a&uacute;n m&aacute;s lejos en el &aacute;mbito de la energ&iacute;a ecol&oacute;gica sostenible&comma; esta c&aacute;mara se puede conectar a un panel solar EZVIZ para aprovechar la energ&iacute;a del sol.<\/p>\n<\/p><\/div>\n<div style=\"flex: 1 1 300px; min-width: 280px;\"><img decoding=\"async\" style=\"width: 100%; height: auto; border: 1px solid rgba(150&comma;150&comma;150&comma;0.3); border-radius: 8px;\" src=\"https:\/\/ftp3.syscom.mx\/usuarios\/rcovarrubias\/EZVIZ\/Manual%20esp-ing\/CS-EB84G\/imag2EB84gbat.png\" alt=\"Bater&iacute;a EB8 4G\" \/><\/div>\n<\/p><\/div>\n<p> <!-- Imagen final --> <\/p>\n<div style=\"width: 100%; margin-bottom: 30px;\"><img decoding=\"async\" style=\"width: 100%; height: auto; border: 1px solid rgba(150&comma;150&comma;150&comma;0.3); border-radius: 8px; max-width: 971px; margin: 0 auto; display: block;\" src=\"https:\/\/ftp3.syscom.mx\/usuarios\/rcovarrubias\/EZVIZ\/IMAGENES\/HB8\/hb8panel.png\" alt=\"Panel solar EB8 4G\" \/><\/div>\n<\/p><\/div>\n","protected":false},"excerpt":{"rendered":"<p>Kit de Camara PT 4G \/ bater\u00eda recargable \/ Incluye 1 pieza de CS-EB8-4G y 1 Pieza de CS-PSP8<\/p>\n","protected":false},"featured_media":94086,"comment_status":"open","ping_status":"closed","template":"","meta":[],"product_brand":[],"product_cat":[2231],"product_tag":[111,2233,2232],"class_list":{"0":"post-94087","1":"product","2":"type-product","3":"status-publish","4":"has-post-thumbnail","6":"product_cat-ip-megapixel","7":"product_tag-ezviz","8":"product_tag-ip-megapixel","9":"product_tag-kits-sistemas-completos","11":"first","12":"instock","13":"sale","14":"shipping-taxable","15":"purchasable","16":"product-type-simple"},"_links":{"self":[{"href":"https:\/\/soydeaqui.ddns.net\/pachuca\/index.php\/wp-json\/wp\/v2\/product\/94087","targetHints":{"allow":["GET"]}}],"collection":[{"href":"https:\/\/soydeaqui.ddns.net\/pachuca\/index.php\/wp-json\/wp\/v2\/product"}],"about":[{"href":"https:\/\/soydeaqui.ddns.net\/pachuca\/index.php\/wp-json\/wp\/v2\/types\/product"}],"replies":[{"embeddable":true,"href":"https:\/\/soydeaqui.ddns.net\/pachuca\/index.php\/wp-json\/wp\/v2\/comments?post=94087"}],"wp:featuredmedia":[{"embeddable":true,"href":"https:\/\/soydeaqui.ddns.net\/pachuca\/index.php\/wp-json\/wp\/v2\/media\/94086"}],"wp:attachment":[{"href":"https:\/\/soydeaqui.ddns.net\/pachuca\/index.php\/wp-json\/wp\/v2\/media?parent=94087"}],"wp:term":[{"taxonomy":"product_brand","embeddable":true,"href":"https:\/\/soydeaqui.ddns.net\/pachuca\/index.php\/wp-json\/wp\/v2\/product_brand?post=94087"},{"taxonomy":"product_cat","embeddable":true,"href":"https:\/\/soydeaqui.ddns.net\/pachuca\/index.php\/wp-json\/wp\/v2\/product_cat?post=94087"},{"taxonomy":"product_tag","embeddable":true,"href":"https:\/\/soydeaqui.ddns.net\/pachuca\/index.php\/wp-json\/wp\/v2\/product_tag?post=94087"}],"curies":[{"name":"wp","href":"https:\/\/api.w.org\/{rel}","templated":true}]}}