{"id":94036,"date":"2026-03-20T06:28:49","date_gmt":"2026-03-20T06:28:49","guid":{"rendered":"https:\/\/soydeaqui.ddns.net\/pachuca\/index.php\/producto\/kit-de-ti-del-adaptador-para-carrito-de-emergencia-de-consola-kvm-usb-para-ordenador-portatil\/"},"modified":"2026-03-20T06:29:12","modified_gmt":"2026-03-20T06:29:12","slug":"kit-de-ti-del-adaptador-para-carrito-de-emergencia-de-consola-kvm-usb-para-ordenador-portatil","status":"publish","type":"product","link":"https:\/\/soydeaqui.ddns.net\/pachuca\/index.php\/producto\/kit-de-ti-del-adaptador-para-carrito-de-emergencia-de-consola-kvm-usb-para-ordenador-portatil\/","title":{"rendered":"Kit de TI del adaptador para carrito de emergencia de consola KVM USB para ordenador port\u00e1til"},"content":{"rendered":"<div style='width: 100%; max-width: 1200px; margin: 0 auto; font-family: sans-serif; line-height: 1.6; color: inherit; background-color: transparent;'> <!-- Imagen principal --> <\/p>\n<div style='width: 100%; margin-bottom: 30px;'> <img style='width: 100%; height: auto; border: 1px solid rgba(150&comma;150&comma;150&comma;0.3); border-radius: 8px;' src='https:\/\/ftp3.syscom.mx\/usuarios\/luis.vargas\/ATEN\/ATEN.jpg' alt=''> <\/div>\n<p> <!-- Secci\u00f3n de descripci\u00f3n --> <\/p>\n<div style='display: flex; flex-wrap: wrap; gap: 30px; margin-bottom: 30px;'>\n<div style='flex: 1 1 300px; min-width: 280px;'>\n<p style='font-size: 15px; color: inherit;'>El CV211 de ATEN es un adaptador para consola KVM USB dise\u00f1ado para administradores de TI m\u00f3vil frustrados. Es el sustituto perfecto para el carrito de emergencia&comma; ya que convierte el ordenador port\u00e1til en una consola KVM que combina la funcionalidad de un conmutador&comma; una caja de captura&comma; un DVD-ROM externo&comma; un teclado&comma; un rat\u00f3n y un monitor en una unidad compacta y pr\u00e1ctica. Podr\u00e1 diagnosticar y resolver de forma r\u00e1pida y profesional servidores&comma; cajeros autom\u00e1ticos o sistemas de punto de venta.<\/p>\n<\/p><\/div>\n<\/p><\/div>\n<p> <!-- Imagen 2 --> <\/p>\n<div style='width: 100%; margin-bottom: 30px;'> <img style='width: 100%; height: auto; border: 1px solid rgba(150&comma;150&comma;150&comma;0.3); border-radius: 8px;' src='http:\/\/ftp3.syscom.mx\/usuarios\/ftp\/2025\/10\/17\/2807\/1760722902857.png_froala_68f27fd4415aa' alt=''> <\/div>\n<p> <!-- Secci\u00f3n de caracter\u00edsticas --> <\/p>\n<div style='display: flex; flex-wrap: wrap; gap: 30px; margin-bottom: 30px;'>\n<div style='flex: 1 1 300px; min-width: 280px;'>\n<h3 style='font-size: 22px; border-bottom: 2px solid currentColor; padding-bottom: 5px; margin-top: 0; color: inherit; opacity: 0.8;'>Caracter\u00edsticas principales<\/h3>\n<ul style='padding-left: 20px; font-size: 15px; color: inherit;'>\n<li style='margin-bottom: 5px;'>El Kit de TI del adaptador para carrito de emergencia de consola KVM USB para ordenador port\u00e1til es la opci\u00f3n ideal para profesionales de TI que se desplazan continuamente y que necesitan una conexi\u00f3n flexible y alta movilidad.<\/li>\n<li style='margin-bottom: 5px;'>Este Kit ofrece una soluci\u00f3n todo en uno que garantiza la compatibilidad con la mayor\u00eda de los tipos de interfaz de v\u00eddeo principales&comma; tales como DisplayPort&comma; HDMI y VGA.<\/li>\n<li style='margin-bottom: 5px;'>Evita los costes y la incomodidad de adquirir distintos adaptadores de v\u00eddeo.<\/li>\n<li style='margin-bottom: 5px;'>Ofrece una soluci\u00f3n todo en uno que garantiza la compatibilidad con la mayor\u00eda de los tipos de interfaz de v\u00eddeo principales.<\/li>\n<\/ul><\/div>\n<div style='flex: 1 1 300px; min-width: 280px;'>\n<h3 style='font-size: 22px; border-bottom: 2px solid currentColor; padding-bottom: 5px; margin-top: 0; color: inherit; opacity: 0.8;'>Funcionalidades avanzadas<\/h3>\n<ul style='padding-left: 20px; font-size: 15px; color: inherit;'>\n<li style='margin-bottom: 5px;'>Conexi\u00f3n directa de ordenador port\u00e1til a ordenador para servidores&comma; ordenadores&comma; quioscos y cajeros autom\u00e1ticos.<\/li>\n<li style='margin-bottom: 5px;'>Elimina la necesidad de transportar pesados carritos de emergencia.<\/li>\n<li style='margin-bottom: 5px;'>Acceso a nivel de la BIOS&comma; transferencias de archivos bidireccionales&comma; macros de teclas de funci\u00f3n r\u00e1pida&comma; grabaci\u00f3n de v\u00eddeo y capturas de pantalla.<\/li>\n<li style='margin-bottom: 5px;'>Innovadora funci\u00f3n Virtual Media para aplicaciones con archivos&comma; revisiones del sistema operativo&comma; pruebas de diagn\u00f3stico e instalaciones de software.<\/li>\n<li style='margin-bottom: 5px;'>Interfaz gr\u00e1fica de usuario (GUI) con redimensionamiento autom\u00e1tico de panel para ajustar a la resoluci\u00f3n del ordenador remoto.<\/li>\n<li style='margin-bottom: 5px;'>Dise\u00f1o de clip de cable \u00fanico para organizar los cables desorganizados.<\/li>\n<\/ul><\/div>\n<\/p><\/div>\n<p> <!-- Secci\u00f3n de componentes del kit --> <\/p>\n<div style='display: flex; flex-wrap: wrap; gap: 20px; margin-bottom: 30px;'>\n<div style='flex: 1 1 250px; border: 1px solid rgba(150&comma; 150&comma; 150&comma; 0.4); border-radius: 8px; overflow: hidden; display: flex; flex-direction: column;'>\n<div style='padding: 15px; border-bottom: 1px solid rgba(150&comma; 150&comma; 150&comma; 0.2); font-weight: bold; font-size: 18px; color: inherit;'>Contenido del paquete<\/div>\n<div style='padding: 15px; color: inherit;'>\n<ul style='padding-left: 20px; margin: 0; font-size: 14px; list-style-type: disc;'>\n<li style='margin-bottom: 5px;'>1x adaptador para carrito de emergencia de consola KVM USB para ordenador port\u00e1til CV211<\/li>\n<li style='margin-bottom: 5px;'>1x adaptador de DisplayPort a VGA VC925<\/li>\n<li style='margin-bottom: 5px;'>1x adaptador de HDMI a VGA VC810<\/li>\n<li style='margin-bottom: 5px;'>1x cable USB Tipo A a USB Mini-B<\/li>\n<li style='margin-bottom: 5px;'>1x manual de instrucciones<\/li>\n<\/ul><\/div>\n<\/p><\/div>\n<\/p><\/div>\n<p> <!-- Imagen 3 --> <\/p>\n<div style='width: 100%; margin-bottom: 30px;'> <img style='width: 100%; height: auto; border: 1px solid rgba(150&comma;150&comma;150&comma;0.3); border-radius: 8px;' src='http:\/\/ftp3.syscom.mx\/usuarios\/ftp\/2025\/10\/17\/2807\/1760723008729.png_froala_68f2803e29748' alt=''> <\/div>\n<p> <!-- Secci\u00f3n de beneficios --> <\/p>\n<div style='display: flex; flex-wrap: wrap; gap: 30px; margin-bottom: 30px;'>\n<div style='flex: 1 1 300px; min-width: 280px;'>\n<h3 style='font-size: 22px; border-bottom: 2px solid currentColor; padding-bottom: 5px; margin-top: 0; color: inherit; opacity: 0.8;'>Beneficios del producto<\/h3>\n<ul style='padding-left: 20px; font-size: 15px; color: inherit;'>\n<li style='margin-bottom: 5px;'>Sustituto perfecto al carrito de emergencias para soluci\u00f3n de problemas de sistemas a los que resulta dif\u00edcil acceder.<\/li>\n<li style='margin-bottom: 5px;'>Permite trabajar en sistemas donde el acceso a Internet no est\u00e1 disponible o permitido.<\/li>\n<li style='margin-bottom: 5px;'>Dise\u00f1o compacto y pr\u00e1ctico para facilitar el transporte y almacenamiento.<\/li>\n<li style='margin-bottom: 5px;'>Ahorro de costes al integrar m\u00faltiples funcionalidades en un solo dispositivo.<\/li>\n<\/ul><\/div>\n<div style='flex: 1 1 300px; min-width: 280px;'>\n<h3 style='font-size: 22px; border-bottom: 2px solid currentColor; padding-bottom: 5px; margin-top: 0; color: inherit; opacity: 0.8;'>Aplicaciones t\u00edpicas<\/h3>\n<ul style='padding-left: 20px; font-size: 15px; color: inherit;'>\n<li style='margin-bottom: 5px;'>Diagn\u00f3stico y resoluci\u00f3n de problemas en servidores<\/li>\n<li style='margin-bottom: 5px;'>Mantenimiento de cajeros autom\u00e1ticos<\/li>\n<li style='margin-bottom: 5px;'>Soporte t\u00e9cnico en sistemas de punto de venta<\/li>\n<li style='margin-bottom: 5px;'>Acceso a sistemas con restricciones de red<\/li>\n<\/ul><\/div>\n<\/p><\/div>\n<\/p><\/div>\n","protected":false},"excerpt":{"rendered":"<p>Kit de TI del adaptador para carrito de emergencia de consola KVM USB para ordenador port\u00e1til<\/p>\n","protected":false},"featured_media":94035,"comment_status":"open","ping_status":"closed","template":"","meta":[],"product_brand":[],"product_cat":[2073,2074,2077,2075,2072,2076],"product_tag":[417,2121,2079,2080,2083,2081,2078,2082],"class_list":{"0":"post-94036","1":"product","2":"type-product","3":"status-publish","4":"has-post-thumbnail","6":"product_cat-convertidores","7":"product_cat-divisores","8":"product_cat-dvi","9":"product_cat-hdmi","10":"product_cat-kits-extensores","11":"product_cat-vga","12":"product_tag-accesorios-generales","13":"product_tag-aten","14":"product_tag-convertidores","15":"product_tag-divisores","16":"product_tag-dvi","17":"product_tag-hdmi","18":"product_tag-kits-extensores","19":"product_tag-vga","21":"first","22":"outofstock","23":"sale","24":"shipping-taxable","25":"purchasable","26":"product-type-simple"},"_links":{"self":[{"href":"https:\/\/soydeaqui.ddns.net\/pachuca\/index.php\/wp-json\/wp\/v2\/product\/94036","targetHints":{"allow":["GET"]}}],"collection":[{"href":"https:\/\/soydeaqui.ddns.net\/pachuca\/index.php\/wp-json\/wp\/v2\/product"}],"about":[{"href":"https:\/\/soydeaqui.ddns.net\/pachuca\/index.php\/wp-json\/wp\/v2\/types\/product"}],"replies":[{"embeddable":true,"href":"https:\/\/soydeaqui.ddns.net\/pachuca\/index.php\/wp-json\/wp\/v2\/comments?post=94036"}],"wp:featuredmedia":[{"embeddable":true,"href":"https:\/\/soydeaqui.ddns.net\/pachuca\/index.php\/wp-json\/wp\/v2\/media\/94035"}],"wp:attachment":[{"href":"https:\/\/soydeaqui.ddns.net\/pachuca\/index.php\/wp-json\/wp\/v2\/media?parent=94036"}],"wp:term":[{"taxonomy":"product_brand","embeddable":true,"href":"https:\/\/soydeaqui.ddns.net\/pachuca\/index.php\/wp-json\/wp\/v2\/product_brand?post=94036"},{"taxonomy":"product_cat","embeddable":true,"href":"https:\/\/soydeaqui.ddns.net\/pachuca\/index.php\/wp-json\/wp\/v2\/product_cat?post=94036"},{"taxonomy":"product_tag","embeddable":true,"href":"https:\/\/soydeaqui.ddns.net\/pachuca\/index.php\/wp-json\/wp\/v2\/product_tag?post=94036"}],"curies":[{"name":"wp","href":"https:\/\/api.w.org\/{rel}","templated":true}]}}