{"id":94034,"date":"2026-03-20T06:28:44","date_gmt":"2026-03-20T06:28:44","guid":{"rendered":"https:\/\/soydeaqui.ddns.net\/pachuca\/index.php\/producto\/servidor-de-administracion-doble-procesador-xeon-scalable-4309y-2tb-sata-x-2-raid1-para-s-o-no-incluye-s-o-64-gb-ram-ddr4-fuente-redundante\/"},"modified":"2026-03-20T06:28:46","modified_gmt":"2026-03-20T06:28:46","slug":"servidor-de-administracion-doble-procesador-xeon-scalable-4309y-2tb-sata-x-2-raid1-para-s-o-no-incluye-s-o-64-gb-ram-ddr4-fuente-redundante","status":"publish","type":"product","link":"https:\/\/soydeaqui.ddns.net\/pachuca\/index.php\/producto\/servidor-de-administracion-doble-procesador-xeon-scalable-4309y-2tb-sata-x-2-raid1-para-s-o-no-incluye-s-o-64-gb-ram-ddr4-fuente-redundante\/","title":{"rendered":"Servidor de Administraci\u00f3n \/ Doble Procesador Xeon Scalable 4309Y \/ 2TB SATA x 2 RAID1 para S.O (No incluye S.O.) \/ 64 GB RAM DDR4 \/ Fuente Redundante"},"content":{"rendered":"<div style='width: 100%; max-width: 1200px; margin: 0 auto; font-family: sans-serif; line-height: 1.6; color: inherit; background-color: transparent;'>\n<p style='text-align: center;'><img style='width: 100%; height: auto; border: 1px solid rgba(150&comma;150&comma;150&comma;0.3); border-radius: 8px;' src='http:\/\/ftp3.syscom.mx\/usuarios\/jdelafuente\/HIKVISION\/hikvision%20logo%20complete.png' alt='Logo Hikvision'><\/p>\n<div style='display: flex; flex-wrap: wrap; gap: 30px; margin-bottom: 30px;'>\n<div style='flex: 1 1 300px; min-width: 280px;'>\n<h3 style='font-size: 22px; border-bottom: 2px solid currentColor; padding-bottom: 5px; margin-top: 0; color: inherit; opacity: 0.8;'>Caracter\u00edsticas Principales<\/h3>\n<ul style='padding-left: 20px; font-size: 15px; color: inherit;'>\n<li style='margin-bottom: 5px;'>Xeon Scalable Processors (4309Y*2)<\/li>\n<li style='margin-bottom: 5px;'>Memoria RAM 64 GB DDR4 DIMM<\/li>\n<li style='margin-bottom: 5px;'>Controladora de almacenamiento SAS_H355<\/li>\n<li style='margin-bottom: 5px;'><strong>Sin Sistema Operativo<\/strong><\/li>\n<li style='margin-bottom: 5px;'>2 discos duros 2 TB 7.2k SATA (RAID1) para sistema operativo<\/li>\n<\/ul><\/div>\n<div style='flex: 1 1 300px; min-width: 280px;'>\n<h3 style='font-size: 22px; border-bottom: 2px solid currentColor; padding-bottom: 5px; margin-top: 0; color: inherit; opacity: 0.8;'>Caracter\u00edsticas F\u00edsicas y El\u00e9ctricas<\/h3>\n<ul style='padding-left: 20px; font-size: 15px; color: inherit;'>\n<li style='margin-bottom: 5px;'>Alimentaci\u00f3n: 100 a 240 VCA<\/li>\n<li style='margin-bottom: 5px;'>Consumo: 800 W \/ Fuente de poder redundante<\/li>\n<li style='margin-bottom: 5px;'>Temperatura de Operaci\u00f3n: 0 a 45 \u00b0C (32 a +113 \u00b0F)<\/li>\n<li style='margin-bottom: 5px;'>Factor de forma: 2U Rack<\/li>\n<li style='margin-bottom: 5px;'>Dimensiones: 707.78 x 482 x 86.8 mm<\/li>\n<li style='margin-bottom: 5px;'>Peso: 28.8 kg<\/li>\n<li style='margin-bottom: 5px;'><strong>No incluye cable de corriente&comma; recomendado: HIK-ACCORD<\/strong><\/li>\n<\/ul><\/div>\n<\/p><\/div>\n<div style='display: flex; flex-wrap: wrap; gap: 20px; margin-bottom: 30px;'>\n<div style='flex: 1 1 100%; border: 1px solid rgba(150&comma; 150&comma; 150&comma; 0.4); border-radius: 8px; overflow: hidden; display: flex; flex-direction: column;'>\n<div style='padding: 15px; border-bottom: 1px solid rgba(150&comma; 150&comma; 150&comma; 0.2); font-weight: bold; font-size: 18px; color: inherit;'>Perif\u00e9ricos<\/div>\n<div style='padding: 15px; color: inherit;'>\n<p style='margin: 15px 0 5px 0;'><strong>Puertos Frontales:<\/strong><\/p>\n<ul style='padding-left: 20px; margin: 0; font-size: 14px; list-style-type: disc;'>\n<li style='margin-bottom: 5px;'>1 VGA<\/li>\n<li style='margin-bottom: 5px;'>1 DVD<\/li>\n<li style='margin-bottom: 5px;'>2 USB 2.0<\/li>\n<li style='margin-bottom: 5px;'>1iDRAC Direct (Micro-AB USB)<\/li>\n<\/ul>\n<p style='margin: 15px 0 5px 0;'><strong>Puertos Traseros:<\/strong><\/p>\n<ul style='padding-left: 20px; margin: 0; font-size: 14px; list-style-type: disc;'>\n<li style='margin-bottom: 5px;'>1 USB 2.0<\/li>\n<li style='margin-bottom: 5px;'>1 USB 3.0<\/li>\n<li style='margin-bottom: 5px;'>6 Puertos Ethernet Gb<\/li>\n<li style='margin-bottom: 5px;'>1 VGA<\/li>\n<\/ul><\/div>\n<\/p><\/div>\n<\/p><\/div>\n<hr style='border: 0; border-top: 1px solid rgba(150&comma; 150&comma; 150&comma; 0.3); margin: 30px 0;'>\n<p style='text-align: center;'><img style='width: 100%; height: auto; border: 1px solid rgba(150&comma;150&comma;150&comma;0.3); border-radius: 8px;' src='https:\/\/ftp3.syscom.mx\/usuarios\/jsosa\/HIKVISION\/imagenes\/banners\/solution%20complete.png' alt='Soluci\u00f3n completa'><\/p>\n<\/p><\/div>\n","protected":false},"excerpt":{"rendered":"<p>Servidor de Administraci\u00f3n \/ Doble Procesador Xeon Scalable 4309Y \/ 2TB SATA x 2 RAID1 para S.O (No incluye S.O.) \/ 64 GB RAM DDR4 \/ Fuente Redundante<\/p>\n","protected":false},"featured_media":94033,"comment_status":"open","ping_status":"closed","template":"","meta":[],"product_brand":[],"product_cat":[2262],"product_tag":[54,2263],"class_list":{"0":"post-94034","1":"product","2":"type-product","3":"status-publish","4":"has-post-thumbnail","6":"product_cat-hikvision-software-vms-y-analiticas","7":"product_tag-hikvision","8":"product_tag-software-vms-y-analiticas","10":"first","11":"outofstock","12":"sale","13":"shipping-taxable","14":"purchasable","15":"product-type-simple"},"_links":{"self":[{"href":"https:\/\/soydeaqui.ddns.net\/pachuca\/index.php\/wp-json\/wp\/v2\/product\/94034","targetHints":{"allow":["GET"]}}],"collection":[{"href":"https:\/\/soydeaqui.ddns.net\/pachuca\/index.php\/wp-json\/wp\/v2\/product"}],"about":[{"href":"https:\/\/soydeaqui.ddns.net\/pachuca\/index.php\/wp-json\/wp\/v2\/types\/product"}],"replies":[{"embeddable":true,"href":"https:\/\/soydeaqui.ddns.net\/pachuca\/index.php\/wp-json\/wp\/v2\/comments?post=94034"}],"wp:featuredmedia":[{"embeddable":true,"href":"https:\/\/soydeaqui.ddns.net\/pachuca\/index.php\/wp-json\/wp\/v2\/media\/94033"}],"wp:attachment":[{"href":"https:\/\/soydeaqui.ddns.net\/pachuca\/index.php\/wp-json\/wp\/v2\/media?parent=94034"}],"wp:term":[{"taxonomy":"product_brand","embeddable":true,"href":"https:\/\/soydeaqui.ddns.net\/pachuca\/index.php\/wp-json\/wp\/v2\/product_brand?post=94034"},{"taxonomy":"product_cat","embeddable":true,"href":"https:\/\/soydeaqui.ddns.net\/pachuca\/index.php\/wp-json\/wp\/v2\/product_cat?post=94034"},{"taxonomy":"product_tag","embeddable":true,"href":"https:\/\/soydeaqui.ddns.net\/pachuca\/index.php\/wp-json\/wp\/v2\/product_tag?post=94034"}],"curies":[{"name":"wp","href":"https:\/\/api.w.org\/{rel}","templated":true}]}}