{"id":94007,"date":"2026-03-20T06:27:35","date_gmt":"2026-03-20T06:27:35","guid":{"rendered":"https:\/\/soydeaqui.ddns.net\/pachuca\/index.php\/producto\/disco-duro-sata-de-35-serie-enterprise-hat5300-capacidad-20-tb-7200-rpm-cache-de-512-mb-mtbf-2-5-millones-de-horas-carga-de-trabajo-550-tb-al-ano-garantia-de-3-anos\/"},"modified":"2026-03-20T06:27:38","modified_gmt":"2026-03-20T06:27:38","slug":"disco-duro-sata-de-35-serie-enterprise-hat5300-capacidad-20-tb-7200-rpm-cache-de-512-mb-mtbf-2-5-millones-de-horas-carga-de-trabajo-550-tb-al-ano-garantia-de-3-anos","status":"publish","type":"product","link":"https:\/\/soydeaqui.ddns.net\/pachuca\/index.php\/producto\/disco-duro-sata-de-35-serie-enterprise-hat5300-capacidad-20-tb-7200-rpm-cache-de-512-mb-mtbf-2-5-millones-de-horas-carga-de-trabajo-550-tb-al-ano-garantia-de-3-anos\/","title":{"rendered":"Disco Duro SATA de 3,5&#8243; Serie Enterprise HAT5300 | Capacidad 20 TB | 7200 RPM | Cach\u00e9 de 512 MB | MTBF 2.5 Millones de Horas | Carga de Trabajo 550 TB al A\u00f1o | Garant\u00eda de 3 A\u00f1os."},"content":{"rendered":"<div style='width: 100%; max-width: 1200px; margin: 0 auto; font-family: sans-serif; line-height: 1.6; color: inherit; background-color: transparent;'> <!-- Secci\u00f3n de overview --> <\/p>\n<div style='margin-bottom: 30px;'>\n<p style='font-size: 16px; line-height: 1.6; margin: 0; color: inherit;'> El disco duro SATA de 3&comma;5&#8242; serie Enterprise HAT5300 de Synology est\u00e1 dise\u00f1ado para cargas de trabajo exigentes en entornos empresariales. Con capacidades de hasta 20 TB&comma; una velocidad de rotaci\u00f3n de 7200 RPM y una cach\u00e9 de 256 MB o 512 MB&comma; ofrece un rendimiento superior y una fiabilidad inquebrantable. Validado con m\u00e1s de 500&comma;000 horas de pruebas&comma; este disco duro es ideal para videovigilancia a gran escala&comma; posproducci\u00f3n multimedia y servidores de archivos empresariales. <\/p>\n<\/p><\/div>\n<p> <!-- Secci\u00f3n de caracter\u00edsticas principales --> <\/p>\n<div style='margin-bottom: 30px;'>\n<h3 style='font-size: 22px; border-bottom: 2px solid currentColor; padding-bottom: 5px; margin-top: 0; margin-bottom: 20px; color: inherit; opacity: 0.8;'>Caracter\u00edsticas Principales<\/h3>\n<div style='display: flex; flex-wrap: wrap; gap: 20px;'>\n<div style='flex: 1 1 250px; min-width: 280px;'>\n<ul style='padding-left: 20px; font-size: 15px; color: inherit;'>\n<li style='margin-bottom: 5px;'>Fiabilidad empresarial con un MTBF de hasta 2.5 millones de horas<\/li>\n<li style='margin-bottom: 5px;'>Tecnolog\u00eda de cach\u00e9 de escritura persistente para protecci\u00f3n de datos<\/li>\n<li style='margin-bottom: 5px;'>Rendimiento de lectura secuencial multicliente mejorado en un 23%<\/li>\n<li style='margin-bottom: 5px;'>Actualizaci\u00f3n de firmware con un solo clic a trav\u00e9s de DSM<\/li>\n<li style='margin-bottom: 5px;'>Garant\u00eda limitada de Synology de 3 a\u00f1os<\/li>\n<\/ul><\/div>\n<\/p><\/div>\n<\/p><\/div>\n<p> <!-- Secci\u00f3n de especificaciones t\u00e9cnicas --> <\/p>\n<div style='margin-bottom: 30px;'>\n<h3 style='font-size: 22px; border-bottom: 2px solid currentColor; padding-bottom: 5px; margin-top: 0; margin-bottom: 20px; color: inherit; opacity: 0.8;'>Detalles T\u00e9cnicos<\/h3>\n<div style='display: flex; flex-wrap: wrap; gap: 20px;'>\n<div style='flex: 1 1 250px; border: 1px solid rgba(150&comma; 150&comma; 150&comma; 0.4); border-radius: 8px; overflow: hidden; display: flex; flex-direction: column; min-width: 250px;'>\n<div style='padding: 15px; border-bottom: 1px solid rgba(150&comma; 150&comma; 150&comma; 0.2); font-weight: bold; font-size: 18px; color: inherit;'>Especificaciones<\/div>\n<div style='padding: 15px; color: inherit;'>\n<ul style='padding-left: 20px; margin: 0; font-size: 14px; list-style-type: disc;'>\n<li style='margin-bottom: 5px;'><strong>Capacidades:<\/strong> 4 TB&comma; 8 TB&comma; 12 TB&comma; 16 TB&comma; 18 TB&comma; 20 TB<\/li>\n<li style='margin-bottom: 5px;'><strong>Velocidad de rotaci\u00f3n:<\/strong> 7200 RPM<\/li>\n<li style='margin-bottom: 5px;'><strong>Interfaz:<\/strong> SATA 6.0 Gb\/s&comma; 3.0 Gb\/s&comma; 1.5 Gb\/s<\/li>\n<li style='margin-bottom: 5px;'><strong>Tama\u00f1o del sector:<\/strong> 512e<\/li>\n<li style='margin-bottom: 5px;'><strong>Dise\u00f1o:<\/strong> Aire o sellado con helio<\/li>\n<li style='margin-bottom: 5px;'><strong>Consumo el\u00e9ctrico:<\/strong> 4.07 W &#8211; 9.29 W<\/li>\n<\/ul><\/div>\n<\/p><\/div>\n<div style='flex: 1 1 250px; border: 1px solid rgba(150&comma; 150&comma; 150&comma; 0.4); border-radius: 8px; overflow: hidden; display: flex; flex-direction: column; min-width: 250px;'>\n<div style='padding: 15px; border-bottom: 1px solid rgba(150&comma; 150&comma; 150&comma; 0.2); font-weight: bold; font-size: 18px; color: inherit;'>Interfaces y Conectividad<\/div>\n<div style='padding: 15px; color: inherit;'>\n<ul style='padding-left: 20px; margin: 0; font-size: 14px; list-style-type: disc;'>\n<li style='margin-bottom: 5px;'><strong>Interfaz:<\/strong> SATA compatible con m\u00faltiples velocidades<\/li>\n<li style='margin-bottom: 5px;'><strong>Compatibilidad:<\/strong> Sistemas NAS e IP SAN de Synology<\/li>\n<\/ul><\/div>\n<\/p><\/div>\n<\/p><\/div>\n<\/p><\/div>\n<p> <!-- Secci\u00f3n de aplicaciones y casos de uso --> <\/p>\n<div style='margin-bottom: 30px;'>\n<h3 style='font-size: 22px; border-bottom: 2px solid currentColor; padding-bottom: 5px; margin-top: 0; margin-bottom: 20px; color: inherit; opacity: 0.8;'>Aplicaciones y Casos de Uso<\/h3>\n<div style='display: flex; flex-wrap: wrap; gap: 20px;'>\n<div style='flex: 1 1 250px; border: 1px solid rgba(150&comma; 150&comma; 150&comma; 0.4); border-radius: 8px; overflow: hidden; display: flex; flex-direction: column; min-width: 250px;'>\n<div style='padding: 15px; border-bottom: 1px solid rgba(150&comma; 150&comma; 150&comma; 0.2); font-weight: bold; font-size: 18px; color: inherit;'>Videovigilancia<\/div>\n<div style='padding: 15px; color: inherit;'>\n<p style='margin: 0; font-size: 14px;'>Ideal para sistemas de videovigilancia a gran escala con alta demanda de almacenamiento y fiabilidad.<\/p>\n<\/p><\/div>\n<\/p><\/div>\n<div style='flex: 1 1 250px; border: 1px solid rgba(150&comma; 150&comma; 150&comma; 0.4); border-radius: 8px; overflow: hidden; display: flex; flex-direction: column; min-width: 250px;'>\n<div style='padding: 15px; border-bottom: 1px solid rgba(150&comma; 150&comma; 150&comma; 0.2); font-weight: bold; font-size: 18px; color: inherit;'>Posproducci\u00f3n Multimedia<\/div>\n<div style='padding: 15px; color: inherit;'>\n<p style='margin: 0; font-size: 14px;'>Perfecto para entornos de posproducci\u00f3n que requieren alto rendimiento y capacidad de almacenamiento.<\/p>\n<\/p><\/div>\n<\/p><\/div>\n<div style='flex: 1 1 250px; border: 1px solid rgba(150&comma; 150&comma; 150&comma; 0.4); border-radius: 8px; overflow: hidden; display: flex; flex-direction: column; min-width: 250px;'>\n<div style='padding: 15px; border-bottom: 1px solid rgba(150&comma; 150&comma; 150&comma; 0.2); font-weight: bold; font-size: 18px; color: inherit;'>Servidores de Archivos Empresariales<\/div>\n<div style='padding: 15px; color: inherit;'>\n<p style='margin: 0; font-size: 14px;'>Dise\u00f1ado para servidores de archivos empresariales con cargas de trabajo intensivas y alta disponibilidad.<\/p>\n<\/p><\/div>\n<\/p><\/div>\n<\/p><\/div>\n<\/p><\/div>\n<p> <!-- Separador final --> <\/p>\n<hr style='border: 0; border-top: 1px solid rgba(150&comma; 150&comma; 150&comma; 0.3); margin: 30px 0;'> <\/div>\n","protected":false},"excerpt":{"rendered":"<p>Disco Duro SATA de 3,5&#8243; Serie Enterprise HAT5300 | Capacidad 20 TB | 7200 RPM | Cach\u00e9 de 512 MB | MTBF 2.5 Millones de Horas | Carga de Trabajo 550 TB al A\u00f1o | Garant\u00eda de 3 A\u00f1os.<\/p>\n","protected":false},"featured_media":94006,"comment_status":"open","ping_status":"closed","template":"","meta":[],"product_brand":[],"product_cat":[2103],"product_tag":[2022,2065,1976],"class_list":{"0":"post-94007","1":"product","2":"type-product","3":"status-publish","4":"has-post-thumbnail","6":"product_cat-discos-duros-mecanicos-hdd-servidores-almacenamiento","7":"product_tag-discos-duros-mecanicos-hdd","8":"product_tag-servidores-almacenamiento","9":"product_tag-synology","11":"first","12":"instock","13":"sale","14":"shipping-taxable","15":"purchasable","16":"product-type-simple"},"_links":{"self":[{"href":"https:\/\/soydeaqui.ddns.net\/pachuca\/index.php\/wp-json\/wp\/v2\/product\/94007","targetHints":{"allow":["GET"]}}],"collection":[{"href":"https:\/\/soydeaqui.ddns.net\/pachuca\/index.php\/wp-json\/wp\/v2\/product"}],"about":[{"href":"https:\/\/soydeaqui.ddns.net\/pachuca\/index.php\/wp-json\/wp\/v2\/types\/product"}],"replies":[{"embeddable":true,"href":"https:\/\/soydeaqui.ddns.net\/pachuca\/index.php\/wp-json\/wp\/v2\/comments?post=94007"}],"wp:featuredmedia":[{"embeddable":true,"href":"https:\/\/soydeaqui.ddns.net\/pachuca\/index.php\/wp-json\/wp\/v2\/media\/94006"}],"wp:attachment":[{"href":"https:\/\/soydeaqui.ddns.net\/pachuca\/index.php\/wp-json\/wp\/v2\/media?parent=94007"}],"wp:term":[{"taxonomy":"product_brand","embeddable":true,"href":"https:\/\/soydeaqui.ddns.net\/pachuca\/index.php\/wp-json\/wp\/v2\/product_brand?post=94007"},{"taxonomy":"product_cat","embeddable":true,"href":"https:\/\/soydeaqui.ddns.net\/pachuca\/index.php\/wp-json\/wp\/v2\/product_cat?post=94007"},{"taxonomy":"product_tag","embeddable":true,"href":"https:\/\/soydeaqui.ddns.net\/pachuca\/index.php\/wp-json\/wp\/v2\/product_tag?post=94007"}],"curies":[{"name":"wp","href":"https:\/\/api.w.org\/{rel}","templated":true}]}}