{"id":94001,"date":"2026-03-20T06:27:20","date_gmt":"2026-03-20T06:27:20","guid":{"rendered":"https:\/\/soydeaqui.ddns.net\/pachuca\/index.php\/producto\/dvr-16-canales-turbohd-8-canales-ip-5-megapixel-lite-3k-lite-audio-de-dos-vias-por-coaxitron-reconocimiento-facial-acusense-evita-falsas-alarmas-1-bahia-de-disco-duro-salida-de-video\/"},"modified":"2026-03-20T06:27:32","modified_gmt":"2026-03-20T06:27:32","slug":"dvr-16-canales-turbohd-8-canales-ip-5-megapixel-lite-3k-lite-audio-de-dos-vias-por-coaxitron-reconocimiento-facial-acusense-evita-falsas-alarmas-1-bahia-de-disco-duro-salida-de-video","status":"publish","type":"product","link":"https:\/\/soydeaqui.ddns.net\/pachuca\/index.php\/producto\/dvr-16-canales-turbohd-8-canales-ip-5-megapixel-lite-3k-lite-audio-de-dos-vias-por-coaxitron-reconocimiento-facial-acusense-evita-falsas-alarmas-1-bahia-de-disco-duro-salida-de-video\/","title":{"rendered":"DVR 16 Canales TURBOHD + 8 Canales IP \/ 5 Megapixel Lite &#8211; 3K Lite \/ Audio de Dos V\u00edas por Coaxitron \/ Reconocimiento Facial \/ ACUSENSE (Evita falsas alarmas) \/ 1 Bah\u00eda de Disco Duro \/ Salida de Video en Full HD"},"content":{"rendered":"<div style='width: 100%; max-width: 1200px; margin: 0 auto; font-family: sans-serif; line-height: 1.6; color: inherit; background-color: transparent;'> <!-- Imagen principal --> <\/p>\n<div style='text-align: center; margin-bottom: 30px;'> <img style='width: 100%; height: auto; border: 1px solid rgba(150&comma;150&comma;150&comma;0.3); border-radius: 8px;' src='https:\/\/ftp3.syscom.mx\/usuarios\/emendoza\/elesbanmch\/HIKVISON\/IMAGENES\/COAXITRON-audio.jpg' alt=''> <\/div>\n<p> <!-- Secci\u00f3n de im\u00e1genes --> <\/p>\n<div style='display: flex; flex-wrap: wrap; gap: 15px; margin-bottom: 30px;'>\n<div style='flex: 1 1 48%; min-width: 280px;'> <img style='width: 100%; height: auto; border: 1px solid rgba(150&comma;150&comma;150&comma;0.3); border-radius: 8px;' src='https:\/\/ftp3.syscom.mx\/usuarios\/fotos\/IDS7208HQHIM1\/S(C)\/192927-untitled.png' alt=''> <\/div>\n<div style='flex: 1 1 48%; min-width: 280px;'> <img style='width: 100%; height: auto; border: 1px solid rgba(150&comma;150&comma;150&comma;0.3); border-radius: 8px;' src='https:\/\/ftp3.syscom.mx\/usuarios\/fotos\/IDS7208HQHIM1\/S(C)\/192927-untitled_(2).png' alt=''> <\/div>\n<\/p><\/div>\n<p> <!-- Secci\u00f3n de videos MP4 --> <\/p>\n<div style='display: flex; flex-wrap: wrap; gap: 20px; margin-bottom: 30px;'>\n<div style='flex: 1 1 48%; min-width: 280px;'> <video style='width: 100%; height: auto; border: 1px solid rgba(150&comma;150&comma;150&comma;0.3); border-radius: 8px;' muted controls><source src='https:\/\/ftp3.syscom.mx\/usuarios\/nicolas.jimenez\/Turbo8\/Turbo8%20animacion.mp4' type='video\/mp4'><\/video> <\/div>\n<div style='flex: 1 1 48%; min-width: 280px;'> <video style='width: 100%; height: auto; border: 1px solid rgba(150&comma;150&comma;150&comma;0.3); border-radius: 8px;' controls><source src='https:\/\/ftp3.syscom.mx\/usuarios\/nicolas.jimenez\/Turbo8\/Turbo%20HD%208.0-Audio%20bidireccional%20TVI%20Doblaje.mp4' type='video\/mp4'><\/video> <\/div>\n<\/p><\/div>\n<p> <!-- Secci\u00f3n de videos YouTube --> <\/p>\n<div style='display: flex; flex-wrap: wrap; gap: 20px; margin-bottom: 30px;'>\n<div style='flex: 1 1 30%; min-width: 280px;'>\n<div style='position: relative; padding-bottom: 56.25%; height: 0; overflow: hidden;'>   <\/div>\n<\/p><\/div>\n<div style='flex: 1 1 30%; min-width: 280px;'>\n<div style='position: relative; padding-bottom: 56.25%; height: 0; overflow: hidden;'>   <\/div>\n<\/p><\/div>\n<div style='flex: 1 1 30%; min-width: 280px;'>\n<div style='position: relative; padding-bottom: 56.25%; height: 0; overflow: hidden;'>   <\/div>\n<\/p><\/div>\n<div style='flex: 1 1 30%; min-width: 280px;'>\n<div style='position: relative; padding-bottom: 56.25%; height: 0; overflow: hidden;'>   <\/div>\n<\/p><\/div>\n<div style='flex: 1 1 30%; min-width: 280px;'>\n<div style='position: relative; padding-bottom: 56.25%; height: 0; overflow: hidden;'>   <\/div>\n<\/p><\/div>\n<div style='flex: 1 1 30%; min-width: 280px;'>\n<div style='position: relative; padding-bottom: 56.25%; height: 0; overflow: hidden;'>   <\/div>\n<\/p><\/div>\n<\/p><\/div>\n<p> <!-- Secci\u00f3n de caracter\u00edsticas --> <\/p>\n<div style='display: flex; flex-wrap: wrap; gap: 30px; margin-bottom: 30px;'>\n<div style='flex: 1 1 48%; min-width: 280px;'>\n<h3 style='font-size: 22px; border-bottom: 2px solid currentColor; padding-bottom: 5px; margin-top: 0; color: inherit; opacity: 0.8;'>Caracter\u00edsticas Principales<\/h3>\n<ul style='padding-left: 20px; font-size: 15px; color: inherit;'>\n<li style='margin-bottom: 5px;'>Soporta audio de dos v\u00edas por coaxitron en todos los canales (UTP o coaxial)<\/li>\n<li style='margin-bottom: 5px;'>Soporta reconocimiento facial<\/li>\n<li style='margin-bottom: 5px;'>Soporta ACUSENSE<\/li>\n<li style='margin-bottom: 5px;'>Soporta 16 canales TURBOHD + 8 canales IP = 24 canales en total<\/li>\n<li style='margin-bottom: 5px;'>DVR pentah\u00edbrido: HD-TVI \/ HD-CVI \/ Anal\u00f3gico \/ IP \/ AHD<\/li>\n<li style='margin-bottom: 5px;'>Acceso remoto: PC (Windows \/ Mac)&comma; Smartphone (iOS \/ Android)<\/li>\n<li style='margin-bottom: 5px;'>Compatible con Internet Explorer o Chrome<\/li>\n<li style='margin-bottom: 5px;'>Software cliente iVMS-4200 hasta 64 canales<\/li>\n<li style='margin-bottom: 5px;'>Compatible con Hik-Connect P2P<\/li>\n<li style='margin-bottom: 5px;'>Soporta DDNS Hik-Connect \/ DynDNS<\/li>\n<li style='margin-bottom: 5px;'>1 entrada y 1 salida de audio<\/li>\n<li style='margin-bottom: 5px;'>Soporta 1 HDD hasta 10 TB (no incluido)<\/li>\n<li style='margin-bottom: 5px;'>RS-485 (Hikvision C \/ Coaxitron \/ Pelco D \/ Pelco P)<\/li>\n<li style='margin-bottom: 5px;'>Compresi\u00f3n H.265+ \/ H.265 \/ H.264<\/li>\n<li style='margin-bottom: 5px;'><strong>Salida de video simult\u00e1nea HDMI y VGA<\/strong><\/li>\n<\/ul><\/div>\n<div style='flex: 1 1 48%; min-width: 280px;'>\n<h3 style='font-size: 22px; border-bottom: 2px solid currentColor; padding-bottom: 5px; margin-top: 0; color: inherit; opacity: 0.8;'>Caracter\u00edsticas F\u00edsicas y El\u00e9ctricas<\/h3>\n<ul style='padding-left: 20px; font-size: 15px; color: inherit;'>\n<li style='margin-bottom: 5px;'>Alimentaci\u00f3n: 12 Vcc (fuente incluida)<\/li>\n<li style='margin-bottom: 5px;'>Consumo sin HDD: 18 W<\/li>\n<li style='margin-bottom: 5px;'>Temperatura: -10 \u00b0C a 55 \u00b0C<\/li>\n<li style='margin-bottom: 5px;'>Dimensiones: 315 \u00d7 242 \u00d7 45 mm<\/li>\n<li style='margin-bottom: 5px;'>Peso: 1.78 kg sin HDD<\/li>\n<li style='margin-bottom: 5px;'>No compatible con control remoto<\/li>\n<\/ul>\n<h3 style='font-size: 22px; border-bottom: 2px solid currentColor; padding-bottom: 5px; margin-top: 20px; margin-bottom: 15px; color: inherit; opacity: 0.8;'>Resoluci\u00f3n<\/h3>\n<ul style='padding-left: 20px; font-size: 15px; color: inherit;'>\n<li style='margin-bottom: 5px;'>TVI (TurboHD): 3K \/ 5 MP \/ 4 MP \/ 2 MP<\/li>\n<li style='margin-bottom: 5px;'>CVI: 5 MP \/ 4 MP \/ 2 MP<\/li>\n<li style='margin-bottom: 5px;'>AHD: 5 MP \/ 4 MP \/ 2 MP<\/li>\n<li style='margin-bottom: 5px;'>CVBS: 1200 TVL<\/li>\n<li style='margin-bottom: 5px;'>IP: 6 MP \/ 5 MP \/ 4 MP \/ 2 MP<\/li>\n<\/ul><\/div>\n<\/p><\/div>\n<p> <!-- Caracter\u00edsticas destacadas --> <\/p>\n<div style='display: flex; flex-wrap: wrap; gap: 30px; margin-bottom: 30px;'>\n<div style='flex: 1 1 100%; min-width: 280px;'>\n<h3 style='font-size: 22px; border-bottom: 2px solid currentColor; padding-bottom: 5px; margin-top: 0; color: inherit; opacity: 0.8;'>Caracter\u00edsticas Destacadas<\/h3>\n<ul style='padding-left: 20px; font-size: 15px; color: inherit;'>\n<li style='margin-bottom: 5px;'>Audio bidireccional por coaxitron compatible con c\u00e1maras TurboHD<\/li>\n<li style='margin-bottom: 5px;'>Reconocimiento facial en 4 canales TurboHD<\/li>\n<li style='margin-bottom: 5px;'>8 canales con tecnolog\u00eda ACUSENSE (filtro humano \/ veh\u00edculo)<\/li>\n<li style='margin-bottom: 5px;'>ACUSENSE Lite en todos los canales<\/li>\n<li style='margin-bottom: 5px;'>16 bloques de memoria para ejecuci\u00f3n simult\u00e1nea de anal\u00edticos<\/li>\n<li style='margin-bottom: 5px;'>Conversi\u00f3n de canales TurboHD a IP hasta 24 canales IP<\/li>\n<\/ul><\/div>\n<\/p><\/div>\n<p> <!-- Tabla comparativa 3K Lite vs 3K Est\u00e1ndar --> <\/p>\n<div style='margin: 30px 0;'>\n<h3 style='font-size: 20px; text-align: center; margin-bottom: 20px; color: inherit; opacity: 0.9;'>Comparativo 3K Lite vs 3K Est\u00e1ndar<\/h3>\n<div style='overflow-x: auto;'>\n<table style='width: 100%; border-collapse: collapse; border: 1px solid rgba(150&comma;150&comma;150&comma;0.3);'>\n<thead>\n<tr>\n<th style='width: 33%; border: 1px solid rgba(150&comma;150&comma;150&comma;0.3); padding: 12px; background-color: #df001e; color: white; text-align: center;'>Caracter\u00edstica<\/th>\n<th style='width: 33%; border: 1px solid rgba(150&comma;150&comma;150&comma;0.3); padding: 12px; background-color: #df001e; color: white; text-align: center;'>3K Lite (2.5MP)<\/th>\n<th style='width: 33%; border: 1px solid rgba(150&comma;150&comma;150&comma;0.3); padding: 12px; background-color: #df001e; color: white; text-align: center;'>3K Est\u00e1ndar (5MP)<\/th>\n<\/tr>\n<\/thead>\n<tbody>\n<tr>\n<th style='border: 1px solid rgba(150&comma;150&comma;150&comma;0.3); padding: 10px; text-align: center; background-color: rgba(255&comma;255&comma;255&comma;0.05);'>Resoluci\u00f3n<\/th>\n<td style='border: 1px solid rgba(150&comma;150&comma;150&comma;0.3); padding: 10px; text-align: center;'>2560\u00d71440<\/td>\n<td style='border: 1px solid rgba(150&comma;150&comma;150&comma;0.3); padding: 10px; text-align: center;'>2880\u00d71620<\/td>\n<\/tr>\n<tr>\n<th style='border: 1px solid rgba(150&comma;150&comma;150&comma;0.3); padding: 10px; text-align: center; background-color: rgba(255&comma;255&comma;255&comma;0.05);'>Almacenamiento<\/th>\n<td style='border: 1px solid rgba(150&comma;150&comma;150&comma;0.3); padding: 10px; text-align: center;'>Optimizado (+30% duraci\u00f3n)<\/td>\n<td style='border: 1px solid rgba(150&comma;150&comma;150&comma;0.3); padding: 10px; text-align: center;'>Mayor espacio requerido<\/td>\n<\/tr>\n<tr>\n<th style='border: 1px solid rgba(150&comma;150&comma;150&comma;0.3); padding: 10px; text-align: center; background-color: rgba(255&comma;255&comma;255&comma;0.05);'>Uso recomendado<\/th>\n<td style='border: 1px solid rgba(150&comma;150&comma;150&comma;0.3); padding: 10px; text-align: center;'>\u00c1reas medianas\/Interiores<\/td>\n<td style='border: 1px solid rgba(150&comma;150&comma;150&comma;0.3); padding: 10px; text-align: center;'>\u00c1reas extensas\/Exteriores<\/td>\n<\/tr>\n<\/tbody>\n<\/table><\/div>\n<\/p><\/div>\n<p> <!-- Imagen final --> <\/p>\n<div style='text-align: center; margin: 30px 0;'> <img style='width: 100%; height: auto; border: 1px solid rgba(150&comma;150&comma;150&comma;0.3); border-radius: 8px;' src='https:\/\/ftp3.syscom.mx\/usuarios\/jsosa\/HIKVISION\/imagenes\/banners\/solution%20complete.png' alt=''> <\/div>\n<\/p><\/div>\n","protected":false},"excerpt":{"rendered":"<p>DVR 16 Canales TURBOHD + 8 Canales IP \/ 5 Megapixel Lite &#8211; 3K Lite \/ Audio de Dos V\u00edas por Coaxitron \/ Reconocimiento Facial \/ ACUSENSE (Evita falsas alarmas) \/ 1 Bah\u00eda de Disco Duro \/ Salida de Video en Full HD<\/p>\n","protected":false},"featured_media":94000,"comment_status":"open","ping_status":"closed","template":"","meta":[],"product_brand":[],"product_cat":[2254],"product_tag":[2255,54,2256],"class_list":{"0":"post-94001","1":"product","2":"type-product","3":"status-publish","4":"has-post-thumbnail","6":"product_cat-videograbadoras-analogicas-turbohd-tvi-ahd-cvi","7":"product_tag-camaras-y-dvrs-hd-turbohd-ahd-hd-tvi","8":"product_tag-hikvision","9":"product_tag-videograbadoras-analogicas-turbohd-tvi-ahd-cvi","11":"first","12":"instock","13":"sale","14":"shipping-taxable","15":"purchasable","16":"product-type-simple"},"_links":{"self":[{"href":"https:\/\/soydeaqui.ddns.net\/pachuca\/index.php\/wp-json\/wp\/v2\/product\/94001","targetHints":{"allow":["GET"]}}],"collection":[{"href":"https:\/\/soydeaqui.ddns.net\/pachuca\/index.php\/wp-json\/wp\/v2\/product"}],"about":[{"href":"https:\/\/soydeaqui.ddns.net\/pachuca\/index.php\/wp-json\/wp\/v2\/types\/product"}],"replies":[{"embeddable":true,"href":"https:\/\/soydeaqui.ddns.net\/pachuca\/index.php\/wp-json\/wp\/v2\/comments?post=94001"}],"wp:featuredmedia":[{"embeddable":true,"href":"https:\/\/soydeaqui.ddns.net\/pachuca\/index.php\/wp-json\/wp\/v2\/media\/94000"}],"wp:attachment":[{"href":"https:\/\/soydeaqui.ddns.net\/pachuca\/index.php\/wp-json\/wp\/v2\/media?parent=94001"}],"wp:term":[{"taxonomy":"product_brand","embeddable":true,"href":"https:\/\/soydeaqui.ddns.net\/pachuca\/index.php\/wp-json\/wp\/v2\/product_brand?post=94001"},{"taxonomy":"product_cat","embeddable":true,"href":"https:\/\/soydeaqui.ddns.net\/pachuca\/index.php\/wp-json\/wp\/v2\/product_cat?post=94001"},{"taxonomy":"product_tag","embeddable":true,"href":"https:\/\/soydeaqui.ddns.net\/pachuca\/index.php\/wp-json\/wp\/v2\/product_tag?post=94001"}],"curies":[{"name":"wp","href":"https:\/\/api.w.org\/{rel}","templated":true}]}}