{"id":93938,"date":"2026-03-20T06:24:38","date_gmt":"2026-03-20T06:24:38","guid":{"rendered":"https:\/\/soydeaqui.ddns.net\/pachuca\/index.php\/producto\/adaptador-activo-de-mini-displayport-a-hdmi-4k-displayport-1-2a-compatible-con-audio\/"},"modified":"2026-03-20T06:24:46","modified_gmt":"2026-03-20T06:24:46","slug":"adaptador-activo-de-mini-displayport-a-hdmi-4k-displayport-1-2a-compatible-con-audio","status":"publish","type":"product","link":"https:\/\/soydeaqui.ddns.net\/pachuca\/index.php\/producto\/adaptador-activo-de-mini-displayport-a-hdmi-4k-displayport-1-2a-compatible-con-audio\/","title":{"rendered":"Adaptador activo de Mini DisplayPort a HDMI 4K | DisplayPort 1.2a | Compatible con audio"},"content":{"rendered":"<div style='width: 100%; max-width: 1200px; margin: 0 auto; font-family: sans-serif; line-height: 1.6; color: inherit; background-color: transparent;'> <!-- Imagen 1 --> <\/p>\n<div style='margin-bottom: 30px;'> <img style='width: 100%; height: auto; border: 1px solid rgba(150&comma;150&comma;150&comma;0.3); border-radius: 8px;' src='https:\/\/ftp3.syscom.mx\/usuarios\/luis.vargas\/ATEN\/ATEN.jpg' alt='ATEN VM1600A'> <\/div>\n<p> <!-- Imagen 2 + Descripci\u00f3n --> <\/p>\n<div style='display: flex; flex-wrap: wrap; gap: 30px; margin-bottom: 30px;'>\n<div style='flex: 1 1 300px; min-width: 280px;'> <img style='width: 100%; height: auto; border: 1px solid rgba(150&comma;150&comma;150&comma;0.3); border-radius: 8px;' src='https:\/\/ftp3.syscom.mx\/usuarios\/luis.vargas\/ATEN\/VC981\/VC981.png' alt=''> <\/div>\n<div style='flex: 1 1 300px; min-width: 280px;'>\n<div style='font-size: 22px; margin-bottom: 15px; color: inherit; opacity: 0.8;'>Adaptador activo de Mini DisplayPort a HDMI 4K<\/div>\n<p style='font-size: 15px; margin-bottom: 15px; color: inherit;'>Adaptador activo de Mini DisplayPort a HDMI que le permite conectar su dispositivo de salida Mini DisplayPort\/DisplayPort a la entrada HDMI de un televisor u otra pantalla con resoluci\u00f3n 4K.<\/p>\n<p style='font-size: 15px; margin-bottom: 15px; color: inherit;'>Adaptador activo que incorpora chips avanzados que garantizan una conversi\u00f3n de se\u00f1al de v\u00eddeo estable incluso cuando la fuente de v\u00eddeo no es compatible con DisplayPort de modo doble (DP++).* Adem\u00e1s&comma; la compatibilidad con resoluciones hasta 4K hacen que este adaptador resulte ideal para aquellos usuarios que necesitan una soluci\u00f3n de conversi\u00f3n de se\u00f1al de alto rendimiento.<\/p>\n<p style='font-size: 14px; color: inherit; opacity: 0.8;'>* El DisplayPort de modo doble (DP++) puede procesar directamente la se\u00f1al de DisplayPort a se\u00f1ales HDMI o DVI.<\/p>\n<\/p><\/div>\n<\/p><\/div>\n<p> <!-- Caracter\u00edsticas --> <\/p>\n<div style='margin-bottom: 30px;'>\n<h3 style='font-size: 20px; border-bottom: 2px solid currentColor; padding-bottom: 5px; margin-top: 0; margin-bottom: 20px; color: inherit; opacity: 0.8;'>Caracter\u00edsticas<\/h3>\n<p> <!-- Secci\u00f3n de Video --> <\/p>\n<div style='margin-bottom: 20px;'>\n<div style='font-weight: bold; margin-bottom: 10px; color: inherit;'>V\u00eddeo<\/div>\n<ul style='padding-left: 20px; font-size: 14px; color: inherit;'>\n<li style='margin-bottom: 5px;'>Resoluci\u00f3n m\u00e1xima: 3840 x 2160 a 30 Hz&comma; 1920 x 1200 a 60 Hz<\/li>\n<li style='margin-bottom: 5px;'>Max. Pixel Clock: 297 MHz<\/li>\n<li style='margin-bottom: 5px;'>Normativa: DP1.2a&comma; HDMI (3D&comma; Color profundo&comma; 4K)&comma; HDCP 1.3<\/li>\n<\/ul><\/div>\n<p> <!-- Entrada de Video --> <\/p>\n<div style='margin-bottom: 20px;'>\n<div style='font-weight: bold; margin-bottom: 10px; color: inherit;'>Entrada de v\u00eddeo<\/div>\n<ul style='padding-left: 20px; font-size: 14px; color: inherit;'>\n<li style='margin-bottom: 5px;'>Interfaces: 1 x Mini DisplayPort macho (Blanco)<\/li>\n<\/ul><\/div>\n<p> <!-- Salida de Video --> <\/p>\n<div style='margin-bottom: 20px;'>\n<div style='font-weight: bold; margin-bottom: 10px; color: inherit;'>Salida de v\u00eddeo<\/div>\n<ul style='padding-left: 20px; font-size: 14px; color: inherit;'>\n<li style='margin-bottom: 5px;'>Interfaces: 1 x HDMI tipo A hembra (Negro)<\/li>\n<\/ul><\/div>\n<p> <!-- Audio --> <\/p>\n<div style='margin-bottom: 20px;'>\n<div style='font-weight: bold; margin-bottom: 10px; color: inherit;'>Audio<\/div>\n<ul style='padding-left: 20px; font-size: 14px; color: inherit;'>\n<li style='margin-bottom: 5px;'>Salida: 1 x HDMI tipo A hembra (Negro)<\/li>\n<\/ul><\/div>\n<p> <!-- Condiciones medioambientales --> <\/p>\n<div style='margin-bottom: 20px;'>\n<div style='font-weight: bold; margin-bottom: 10px; color: inherit;'>Condiciones medioambientales<\/div>\n<ul style='padding-left: 20px; font-size: 14px; color: inherit;'>\n<li style='margin-bottom: 5px;'>Temperatura de funcionamiento: 0 &#8211; 50 \u00baC<\/li>\n<li style='margin-bottom: 5px;'>Temperatura de almacenamiento: -20\u201360 \u00baC<\/li>\n<li style='margin-bottom: 5px;'>Humedad: HR del 0 &#8211; 80% Sin condensaci\u00f3n<\/li>\n<\/ul><\/div>\n<p> <!-- Propiedades f\u00edsicas --> <\/p>\n<div style='margin-bottom: 20px;'>\n<div style='font-weight: bold; margin-bottom: 10px; color: inherit;'>Propiedades f\u00edsicas<\/div>\n<ul style='padding-left: 20px; font-size: 14px; color: inherit;'>\n<li style='margin-bottom: 5px;'>Carcasa: Pl\u00e1stico<\/li>\n<li style='margin-bottom: 5px;'>Peso: 0.04 kg (0.09 lb)<\/li>\n<li style='margin-bottom: 5px;'>Dimensiones (LA x AN x AL): 17.50 x 4.50 x 1.50 cm (6.89 x 1.77 x 0.59 in.)<\/li>\n<\/ul><\/div>\n<\/p><\/div>\n<p> <!-- Imagen 3 + Informaci\u00f3n adicional --> <\/p>\n<div style='display: flex; flex-wrap: wrap; gap: 30px; margin-bottom: 30px;'>\n<div style='flex: 1 1 300px; min-width: 280px;'> <img style='width: 100%; height: auto; border: 1px solid rgba(150&comma;150&comma;150&comma;0.3); border-radius: 8px;' src='https:\/\/ftp3.syscom.mx\/usuarios\/luis.vargas\/ATEN\/VC981\/imagen%202%20VC981.png' alt=''> <\/div>\n<div style='flex: 1 1 300px; min-width: 280px;'>\n<p style='font-size: 15px; margin-bottom: 15px; color: inherit;'>Plug and Play<\/p>\n<p style='font-size: 15px; color: inherit;'>No se necesita ning\u00fan controlador ni software adicional. El VC981 es la soluci\u00f3n perfecta para conectar entradas DisplayPort a pantallas de salida HDMI. El chip integrado garantiza una conversi\u00f3n de se\u00f1al de alta calidad&comma; una salida fluida y compatibilidad con DP++.<\/p>\n<\/p><\/div>\n<\/p><\/div>\n<p> <!-- Imagen 4 --> <\/p>\n<div style='margin-bottom: 30px;'> <img style='width: 16%; height: auto; border: 1px solid rgba(150&comma;150&comma;150&comma;0.3); border-radius: 8px;' src='https:\/\/ftp3.syscom.mx\/usuarios\/luis.vargas\/ATEN\/VC981\/Imagen%20VC981.png' alt=''> <\/div>\n<\/p><\/div>\n","protected":false},"excerpt":{"rendered":"<p>Adaptador activo de Mini DisplayPort a HDMI 4K | DisplayPort 1.2a | Compatible con audio<\/p>\n","protected":false},"featured_media":93937,"comment_status":"open","ping_status":"closed","template":"","meta":[],"product_brand":[],"product_cat":[2073,2074,2077,2075,2072,2076],"product_tag":[417,2121,2079,2080,2083,2081,2078,2082],"class_list":{"0":"post-93938","1":"product","2":"type-product","3":"status-publish","4":"has-post-thumbnail","6":"product_cat-convertidores","7":"product_cat-divisores","8":"product_cat-dvi","9":"product_cat-hdmi","10":"product_cat-kits-extensores","11":"product_cat-vga","12":"product_tag-accesorios-generales","13":"product_tag-aten","14":"product_tag-convertidores","15":"product_tag-divisores","16":"product_tag-dvi","17":"product_tag-hdmi","18":"product_tag-kits-extensores","19":"product_tag-vga","21":"first","22":"outofstock","23":"sale","24":"shipping-taxable","25":"purchasable","26":"product-type-simple"},"_links":{"self":[{"href":"https:\/\/soydeaqui.ddns.net\/pachuca\/index.php\/wp-json\/wp\/v2\/product\/93938","targetHints":{"allow":["GET"]}}],"collection":[{"href":"https:\/\/soydeaqui.ddns.net\/pachuca\/index.php\/wp-json\/wp\/v2\/product"}],"about":[{"href":"https:\/\/soydeaqui.ddns.net\/pachuca\/index.php\/wp-json\/wp\/v2\/types\/product"}],"replies":[{"embeddable":true,"href":"https:\/\/soydeaqui.ddns.net\/pachuca\/index.php\/wp-json\/wp\/v2\/comments?post=93938"}],"wp:featuredmedia":[{"embeddable":true,"href":"https:\/\/soydeaqui.ddns.net\/pachuca\/index.php\/wp-json\/wp\/v2\/media\/93937"}],"wp:attachment":[{"href":"https:\/\/soydeaqui.ddns.net\/pachuca\/index.php\/wp-json\/wp\/v2\/media?parent=93938"}],"wp:term":[{"taxonomy":"product_brand","embeddable":true,"href":"https:\/\/soydeaqui.ddns.net\/pachuca\/index.php\/wp-json\/wp\/v2\/product_brand?post=93938"},{"taxonomy":"product_cat","embeddable":true,"href":"https:\/\/soydeaqui.ddns.net\/pachuca\/index.php\/wp-json\/wp\/v2\/product_cat?post=93938"},{"taxonomy":"product_tag","embeddable":true,"href":"https:\/\/soydeaqui.ddns.net\/pachuca\/index.php\/wp-json\/wp\/v2\/product_tag?post=93938"}],"curies":[{"name":"wp","href":"https:\/\/api.w.org\/{rel}","templated":true}]}}