{"id":93923,"date":"2026-03-20T06:23:58","date_gmt":"2026-03-20T06:23:58","guid":{"rendered":"https:\/\/soydeaqui.ddns.net\/pachuca\/index.php\/producto\/audio-bidireccional-dual-light-colorvu-pt-turbohd-2-megapixel-1080p-lente-3-6-mm-25-mts-ir-exir-20-mts-luz-blanca-microfono-y-bocina-integrado-interior-plastico-dwdr\/"},"modified":"2026-03-20T06:24:18","modified_gmt":"2026-03-20T06:24:18","slug":"audio-bidireccional-dual-light-colorvu-pt-turbohd-2-megapixel-1080p-lente-3-6-mm-25-mts-ir-exir-20-mts-luz-blanca-microfono-y-bocina-integrado-interior-plastico-dwdr","status":"publish","type":"product","link":"https:\/\/soydeaqui.ddns.net\/pachuca\/index.php\/producto\/audio-bidireccional-dual-light-colorvu-pt-turbohd-2-megapixel-1080p-lente-3-6-mm-25-mts-ir-exir-20-mts-luz-blanca-microfono-y-bocina-integrado-interior-plastico-dwdr\/","title":{"rendered":"[Audio Bidireccional + Dual Light + ColorVu] PT TURBOHD 2 Megapixel (1080p) \/ Lente 3.6 mm \/ 25 mts IR EXIR + 20 mts Luz Blanca \/ Micr\u00f3fono y Bocina Integrado \/ Interior \/ Plastico \/ dWDR"},"content":{"rendered":"<div style=\"width: 100%; max-width: 1200px; margin: 0 auto; font-family: sans-serif; line-height: 1.6; color: inherit; background-color: transparent;\"><!-- Videos locales --><\/p>\n<div style=\"display: flex; flex-wrap: wrap; gap: 30px; margin-bottom: 30px;\">\n<div style=\"flex: 1 1 300px; min-width: 280px;\"><span class=\"fr-video fr-deletable\" contenteditable=\"false\"><video muted=\"\" style=\"width: 100%; height: auto; border: 1px solid rgba(150&comma;150&comma;150&comma;0.3); border-radius: 8px;\" controls=\"\"><source src=\"https:\/\/ftp3.syscom.mx\/usuarios\/nicolas.jimenez\/Turbo8\/Turbo8%20animacion.mp4\" type=\"video\/mp4\"><\/video><\/span><\/div>\n<div style=\"flex: 1 1 300px; min-width: 280px;\"><span class=\"fr-video fr-deletable\" contenteditable=\"false\"><video muted=\"\" style=\"width: 100%; height: auto; border: 1px solid rgba(150&comma;150&comma;150&comma;0.3); border-radius: 8px;\" controls=\"\"><source src=\"https:\/\/ftp3.syscom.mx\/usuarios\/nicolas.jimenez\/Turbo8\/Turbo%20HD%208.0-Audio%20bidireccional%20TVI%20Doblaje.mp4\" type=\"video\/mp4\"><\/video><\/span><\/div>\n<\/div>\n<p><!-- Imagen destacada --><\/p>\n<div style=\"margin-bottom: 30px;\"><img decoding=\"async\" style=\"width: 100%; height: auto; border: 1px solid rgba(150&comma; 150&comma; 150&comma; 0.3); border-radius: 8px;\" src=\"https:\/\/ftp3.syscom.mx\/usuarios\/emendoza\/elesbanmch\/HIKVISON\/IMAGENES\/COAXITRON-audio.jpg\" alt=\"\" class=\"fr-fic fr-dii\"><\/div>\n<p><!-- Videos de YouTube --><\/p>\n<div style=\"display: grid; grid-template-columns: repeat(auto-fill&comma; minmax(280px&comma; 1fr)); gap: 30px; margin-bottom: 30px;\">\n<div style=\"position: relative; padding-bottom: 56.25%; height: 0; overflow: hidden;\"><span class=\"fr-video\" contenteditable=\"false\"> <\/span><\/div>\n<div style=\"position: relative; padding-bottom: 56.25%; height: 0; overflow: hidden;\"><span class=\"fr-video\" contenteditable=\"false\"> <\/span><\/div>\n<div style=\"position: relative; padding-bottom: 56.25%; height: 0; overflow: hidden;\"><span class=\"fr-video\" contenteditable=\"false\"> <\/span><\/div>\n<div style=\"position: relative; padding-bottom: 56.25%; height: 0; overflow: hidden;\"><span class=\"fr-video\" contenteditable=\"false\"> <\/span><\/div>\n<\/div>\n<p><!-- Secciones de caracter\u00edsticas --><\/p>\n<div style=\"display: flex; flex-wrap: wrap; gap: 30px; margin-bottom: 30px;\"><!-- Caracter\u00edsticas Principales --><\/p>\n<div style=\"flex: 1 1 300px; min-width: 280px;\">\n<div style=\"border: 1px solid rgba(150&comma; 150&comma; 150&comma; 0.4); border-radius: 8px; overflow: hidden; display: flex; flex-direction: column; height: 100%;\">\n<div style=\"padding: 15px; border-bottom: 1px solid rgba(150&comma; 150&comma; 150&comma; 0.2); font-weight: bold; font-size: 18px; color: #ffffff; background: #df001e; background: linear-gradient(to right&comma; #df001e&comma; #a80000);\">Caracter&iacute;sticas Principales:<\/div>\n<div style=\"padding: 15px; color: inherit; flex-grow: 1;\">\n<ul style=\"padding-left: 20px; margin: 0; font-size: 14px; list-style-type: disc;\">\n<li style=\"margin-bottom: 5px;\"><span style=\"font-size: 14px; color: inherit;\">Resoluci&oacute;n m&aacute;xima: 2 Megapixel (1920 x 1080).<\/span><\/li>\n<li style=\"margin-bottom: 5px;\"><span style=\"font-size: 14px; color: inherit;\">Lente fijo: 3.6 mm (&aacute;ngulo de visi&oacute;n 87&deg;).<\/span><\/li>\n<li style=\"margin-bottom: 5px;\"><span style=\"font-size: 14px; color: inherit;\">Dual light (25 mts smart IR + 20 mts luz blanca).<\/span><\/li>\n<li style=\"margin-bottom: 5px;\"><span style=\"font-size: 14px; color: inherit;\">dWDR \/ BLC \/ HLC.<\/span><\/li>\n<li style=\"margin-bottom: 5px;\"><span style=\"font-size: 14px; color: inherit;\">Audio de dos v&iacute;as (micr&oacute;fono y bocina integrado).<\/span><\/li>\n<li style=\"margin-bottom: 5px;\"><span style=\"font-size: 14px; color: inherit;\"><strong>Nota:<\/strong> El audio de dos v&iacute;as por coaxitron se env&iacute;a &uacute;nicamente por tecnolog&iacute;a TVI.<\/span><\/li>\n<\/ul>\n<\/div>\n<\/div>\n<\/div>\n<p><!-- Caracter\u00edsticas F\u00edsicas y El\u00e9ctricas --><\/p>\n<div style=\"flex: 1 1 300px; min-width: 280px;\">\n<div style=\"border: 1px solid rgba(150&comma; 150&comma; 150&comma; 0.4); border-radius: 8px; overflow: hidden; display: flex; flex-direction: column; height: 100%;\">\n<div style=\"padding: 15px; border-bottom: 1px solid rgba(150&comma; 150&comma; 150&comma; 0.2); font-weight: bold; font-size: 18px; color: #ffffff; background: #df001e; background: linear-gradient(to right&comma; #df001e&comma; #a80000);\">Caracter&iacute;sticas F&iacute;sicas y El&eacute;ctricas:<\/div>\n<div style=\"padding: 15px; color: inherit; flex-grow: 1;\">\n<ul style=\"padding-left: 20px; margin: 0; font-size: 14px; list-style-type: disc;\">\n<li style=\"margin-bottom: 5px;\"><span style=\"font-size: 14px; color: inherit;\">Alimentaci&oacute;n \/ Consumo: 12 Vcc \/ 8.7 Watts.<\/span><\/li>\n<li style=\"margin-bottom: 5px;\"><span style=\"font-size: 14px; color: inherit;\">Protecci&oacute;n: Uso en interior.<\/span><\/li>\n<li style=\"margin-bottom: 5px;\"><span style=\"font-size: 14px; color: inherit;\">Fabricada en plastico.<\/span><\/li>\n<li style=\"margin-bottom: 5px;\"><span style=\"font-size: 14px; color: inherit;\">Peso: 290 gramos.<\/span><\/li>\n<\/ul>\n<\/div>\n<div style=\"padding: 15px; border-top: 1px solid rgba(150&comma; 150&comma; 150&comma; 0.2); font-weight: bold; font-size: 18px; color: #ffffff; background: #df001e; background: linear-gradient(to right&comma; #df001e&comma; #a80000);\">Accesorios Opcionales:<\/div>\n<div style=\"padding: 15px; color: inherit;\">\n<ul style=\"padding-left: 20px; margin: 0; font-size: 14px; list-style-type: disc;\">\n<li style=\"margin-bottom: 5px;\"><span style=\"font-size: 14px; color: inherit;\">No requiere cajas de conexi&oacute;n&comma; va directo al techo o pared.<\/span><\/li>\n<\/ul>\n<\/div>\n<\/div>\n<\/div>\n<\/div>\n<p><!-- Caracter\u00edsticas Destacadas --><\/p>\n<div style=\"margin-bottom: 30px;\">\n<div style=\"border: 1px solid rgba(150&comma; 150&comma; 150&comma; 0.4); border-radius: 8px; overflow: hidden;\">\n<div style=\"padding: 15px; border-bottom: 1px solid rgba(150&comma; 150&comma; 150&comma; 0.2); font-weight: bold; font-size: 18px; color: #ffffff; background: #df001e; background: linear-gradient(to right&comma; #df001e&comma; #a80000);\">Caracter&iacute;sticas Destacadas:<\/div>\n<div style=\"padding: 15px; color: inherit;\">\n<ul style=\"padding-left: 20px; margin: 0; font-size: 14px; list-style-type: disc;\">\n<li style=\"margin-bottom: 15px;\"><span style=\"font-size: 14px; color: inherit;\">La c&aacute;mara cuenta con un micr&oacute;fono y bocina interconstruido&comma; el cual no requiere cables adicionales para poder transmitir el audio y video. Podemos tener una comunicaci&oacute;n bidireccional desde la App (Hik-Connect) usando el DVR de por medio para la interconexi&oacute;n.<\/span><\/li>\n<li style=\"margin-bottom: 15px;\"><strong style=\"color: inherit;\"><span style=\"font-size: 14px; color: inherit;\">Nota:<\/span><\/strong><span style=\"font-size: 14px; color: inherit;\">&nbsp;El audio de dos v&iacute;as solo es compatible con DVRs de la serie XT de HIKVISION y EX-5000 (ejemplo IDS-7204HQHI\/<strong style=\"color: inherit;\">XT \/&nbsp;<\/strong><strong style=\"color: inherit;\">EX<\/strong>-5004TURBO)<\/span><\/li>\n<li style=\"margin-bottom: 15px;\"><strong style=\"color: inherit;\"><span style=\"font-size: 14px; color: inherit;\">Nota:<\/span><\/strong><span style=\"font-size: 14px; color: inherit;\">&nbsp;La funci&oacute;n de audio bidireccional tiene un alcance efectivo de hasta <strong style=\"color: inherit;\">5 metros<\/strong>. Aseg&uacute;rese de ubicar la c&aacute;mara en un lugar estrat&eacute;gico para maximizar la claridad del sonido y garantizar una comunicaci&oacute;n fluida.<\/span><\/li>\n<li style=\"margin-bottom: 15px;\"><strong style=\"color: inherit;\"><span style=\"font-size: 14px; color: inherit;\">Nota:<\/span><\/strong><span style=\"font-size: 14px; color: inherit;\">&nbsp;Para la funci&oacute;n de audio de 2 v&iacute;as&comma; la distancia m&aacute;xima soportada entre el grabador y la c&aacute;mara es de <strong style=\"color: inherit;\">150 metros<\/strong>.<\/span><\/li>\n<li style=\"margin-bottom: 15px;\"><span style=\"font-size: 14px; color: inherit;\">La funci&oacute;n de Dual Light permite que la c&aacute;mara&comma; cuando est&eacute; en modo noche (con IR encendido)&comma; pueda activar su luz blanca para grabar a color cuando ocurra un evento (detecci&oacute;n de movimiento&comma; cruce de l&iacute;nea&comma; entrada de &aacute;rea). La comunicaci&oacute;n para activar luz blanca funciona &uacute;nicamente en modo TVI (TURBOHD) y con grabadores que sean de la serie ACUSENSE&comma; serie XT de HIKVISION y EX de epcom.<\/span><\/li>\n<\/ul>\n<\/div>\n<\/div>\n<\/div>\n<p><!-- Imagen final --><\/p>\n<div style=\"margin-bottom: 30px;\"><img decoding=\"async\" style=\"width: 100%; height: auto; border: 1px solid rgba(150&comma; 150&comma; 150&comma; 0.3); border-radius: 8px;\" src=\"https:\/\/ftp3.syscom.mx\/usuarios\/jsosa\/HIKVISION\/imagenes\/banners\/solution%20complete.png\" alt=\"\" class=\"fr-fic fr-dii\"><\/div>\n<\/div>\n","protected":false},"excerpt":{"rendered":"<p>[Audio Bidireccional + Dual Light + ColorVu] PT TURBOHD 2 Megapixel (1080p) \/ Lente 3.6 mm \/ 25 mts IR EXIR + 20 mts Luz Blanca \/ Micr\u00f3fono y Bocina Integrado \/ Interior \/ Plastico \/ dWDR<\/p>\n","protected":false},"featured_media":93922,"comment_status":"open","ping_status":"closed","template":"","meta":[],"product_brand":[],"product_cat":[2269],"product_tag":[2255,2057,54],"class_list":{"0":"post-93923","1":"product","2":"type-product","3":"status-publish","4":"has-post-thumbnail","6":"product_cat-domo-eyeball-turret-camaras-y-dvrs-hd-turbohd-ahd-hd-tvi","7":"product_tag-camaras-y-dvrs-hd-turbohd-ahd-hd-tvi","8":"product_tag-domo-eyeball-turret","9":"product_tag-hikvision","11":"first","12":"instock","13":"sale","14":"shipping-taxable","15":"purchasable","16":"product-type-simple"},"_links":{"self":[{"href":"https:\/\/soydeaqui.ddns.net\/pachuca\/index.php\/wp-json\/wp\/v2\/product\/93923","targetHints":{"allow":["GET"]}}],"collection":[{"href":"https:\/\/soydeaqui.ddns.net\/pachuca\/index.php\/wp-json\/wp\/v2\/product"}],"about":[{"href":"https:\/\/soydeaqui.ddns.net\/pachuca\/index.php\/wp-json\/wp\/v2\/types\/product"}],"replies":[{"embeddable":true,"href":"https:\/\/soydeaqui.ddns.net\/pachuca\/index.php\/wp-json\/wp\/v2\/comments?post=93923"}],"wp:featuredmedia":[{"embeddable":true,"href":"https:\/\/soydeaqui.ddns.net\/pachuca\/index.php\/wp-json\/wp\/v2\/media\/93922"}],"wp:attachment":[{"href":"https:\/\/soydeaqui.ddns.net\/pachuca\/index.php\/wp-json\/wp\/v2\/media?parent=93923"}],"wp:term":[{"taxonomy":"product_brand","embeddable":true,"href":"https:\/\/soydeaqui.ddns.net\/pachuca\/index.php\/wp-json\/wp\/v2\/product_brand?post=93923"},{"taxonomy":"product_cat","embeddable":true,"href":"https:\/\/soydeaqui.ddns.net\/pachuca\/index.php\/wp-json\/wp\/v2\/product_cat?post=93923"},{"taxonomy":"product_tag","embeddable":true,"href":"https:\/\/soydeaqui.ddns.net\/pachuca\/index.php\/wp-json\/wp\/v2\/product_tag?post=93923"}],"curies":[{"name":"wp","href":"https:\/\/api.w.org\/{rel}","templated":true}]}}