{"id":93915,"date":"2026-03-20T06:23:40","date_gmt":"2026-03-20T06:23:40","guid":{"rendered":"https:\/\/soydeaqui.ddns.net\/pachuca\/index.php\/producto\/dvr-8-canales-turbohd-8-canales-ip-8-megapixel-4k-audio-por-coaxitron-acusense-reconocimiento-facial-2-bahias-de-disco-duro-salida-de-video-en-4k-h-265-alarmas-i-o\/"},"modified":"2026-03-20T06:23:41","modified_gmt":"2026-03-20T06:23:41","slug":"dvr-8-canales-turbohd-8-canales-ip-8-megapixel-4k-audio-por-coaxitron-acusense-reconocimiento-facial-2-bahias-de-disco-duro-salida-de-video-en-4k-h-265-alarmas-i-o","status":"publish","type":"product","link":"https:\/\/soydeaqui.ddns.net\/pachuca\/index.php\/producto\/dvr-8-canales-turbohd-8-canales-ip-8-megapixel-4k-audio-por-coaxitron-acusense-reconocimiento-facial-2-bahias-de-disco-duro-salida-de-video-en-4k-h-265-alarmas-i-o\/","title":{"rendered":"DVR 8 Canales TURBOHD + 8 Canales IP \/ 8 Megapixel (4K) \/ Audio por Coaxitron \/ ACUSENSE \/ Reconocimiento Facial \/ 2 Bah\u00edas de Disco Duro \/ Salida de Video en 4K \/ H.265+ \/ Alarmas I\/O"},"content":{"rendered":"<div style=\"width: 100%; max-width: 1200px; margin: 0 auto; font-family: sans-serif; line-height: 1.6; color: inherit; background-color: transparent;\"><!-- Im\u00e1genes del producto --> <\/p>\n<div style=\"display: flex; flex-wrap: wrap; gap: 20px; margin-bottom: 30px;\">\n<div style=\"flex: 1 1 300px; min-width: 280px;\"><img decoding=\"async\" style=\"width: 100%; height: auto; border: 1px solid rgba(150&comma;150&comma;150&comma;0.3); border-radius: 8px;\" src=\"https:\/\/ftp3.syscom.mx\/usuarios\/fotos\/IDS7208HQHIM1\/S(C)\/192927-untitled.png\" alt=\"\" \/><\/div>\n<div style=\"flex: 1 1 300px; min-width: 280px;\"><img decoding=\"async\" style=\"width: 100%; height: auto; border: 1px solid rgba(150&comma;150&comma;150&comma;0.3); border-radius: 8px;\" src=\"https:\/\/ftp3.syscom.mx\/usuarios\/fotos\/IDS7208HQHIM1\/S(C)\/192927-untitled_(2).png\" alt=\"\" \/><\/div>\n<\/p><\/div>\n<p> <!-- Video --> <\/p>\n<div style=\"position: relative; padding-bottom: 56.25%; height: 0; overflow: hidden; margin-bottom: 30px;\"> <\/div>\n<p> <!-- Caracter\u00edsticas Principales --> <\/p>\n<div style=\"display: flex; flex-wrap: wrap; gap: 30px; margin-bottom: 30px;\">\n<div style=\"flex: 1 1 300px; min-width: 280px;\">\n<h3 style=\"font-size: 22px; border-bottom: 2px solid currentColor; padding-bottom: 5px; margin-top: 0; color: inherit; opacity: 0.8;\">Caracter&iacute;sticas Principales:<\/h3>\n<ul style=\"padding-left: 20px; font-size: 15px; color: inherit;\">\n<li style=\"margin-bottom: 5px;\">Soporta audio por coaxitron en todos los canales (UTP o coaxial).<\/li>\n<li style=\"margin-bottom: 5px;\">Soporta reconocimiento facial.<\/li>\n<li style=\"margin-bottom: 5px;\">Soporta ACUSENSE<\/li>\n<li style=\"margin-bottom: 5px;\">Soporta 8 canales TURBOHD + 8 canales IP = 16 canales en total.<\/li>\n<li style=\"margin-bottom: 5px;\">DVR pentah&iacute;brido: HD-TVI \/ HD-CVI \/ Analogico \/ IP \/ AHD.<\/li>\n<li style=\"margin-bottom: 5px;\">Acceso remoto: PC (WINDOWS \/ MAC)&comma; Smart Phone (iPhone&comma; iPad&comma; Android).<\/li>\n<li style=\"margin-bottom: 5px;\">Compatibilidad con navegador Internet Explorer o Chrome.<\/li>\n<li style=\"margin-bottom: 5px;\">Software cliente multi sitio de hasta 64 canales (iVMS-4200).<\/li>\n<li style=\"margin-bottom: 5px;\">Compatible con Hik-Connect P2P.<\/li>\n<li style=\"margin-bottom: 5px;\">Soporta servicio DDNS Hik-Connect Domain \/ DynDNS.<\/li>\n<li style=\"margin-bottom: 5px;\">1 entrada y 1 salida de audio (bocina y microfono externo).<\/li>\n<li style=\"margin-bottom: 5px;\">Soporta 2 HDD de hasta 10 TB (no incluido).<\/li>\n<li style=\"margin-bottom: 5px;\">Interfaz serial: RS-485 (HIKVISION C&comma; COAXITRON&comma; PELCO D&comma; PELCO P&comma; etc).<\/li>\n<li style=\"margin-bottom: 5px;\">Compresi&oacute;n: H.265+ \/ H.265 \/ H.264.<\/li>\n<li style=\"margin-bottom: 5px;\"><strong>Salida de video sumultaneo en HDMI y VGA.<\/strong><\/li>\n<\/ul><\/div>\n<p> <!-- Caracter\u00edsticas F\u00edsicas y El\u00e9ctricas --> <\/p>\n<div style=\"flex: 1 1 300px; min-width: 280px;\">\n<h3 style=\"font-size: 22px; border-bottom: 2px solid currentColor; padding-bottom: 5px; margin-top: 0; color: inherit; opacity: 0.8;\">Caracter&iacute;sticas F&iacute;sicas y El&eacute;ctricas:<\/h3>\n<ul style=\"padding-left: 20px; font-size: 15px; color: inherit;\">\n<li style=\"margin-bottom: 5px;\">Alimentaci&oacute;n: 12 Vcc (fuente incluida).<\/li>\n<li style=\"margin-bottom: 5px;\">Consumo sin HDD: 18 watts.<\/li>\n<li style=\"margin-bottom: 5px;\">Temperatura de operaci&oacute;n: -10 &ordm;C hasta 55 &ordm;C.<\/li>\n<li style=\"margin-bottom: 5px;\">Dimensiones: 315 x 242 x 45 mm (W &times; D &times; H)<\/li>\n<li style=\"margin-bottom: 5px;\">Peso: 1.78 Kg sin HDD.<\/li>\n<li style=\"margin-bottom: 5px;\">Entrada de alarmas: 4.<\/li>\n<li style=\"margin-bottom: 5px;\">Salida de alarmas: 8.<\/li>\n<li style=\"margin-bottom: 5px;\">No compatible con control remoto<\/li>\n<\/ul>\n<p> <!-- Resoluci\u00f3n --> <\/p>\n<h3 style=\"font-size: 22px; border-bottom: 2px solid currentColor; padding-bottom: 5px; margin-top: 20px; color: inherit; opacity: 0.8;\">Resoluci&oacute;n:<\/h3>\n<ul style=\"padding-left: 20px; font-size: 15px; color: inherit;\">\n<li style=\"margin-bottom: 5px;\">TVI (TURBOHD): 4K (8MP) \/ 3K \/ 5 MP \/ 4 MP \/ 2 MP.<\/li>\n<li style=\"margin-bottom: 5px;\">CVI: 5 MP \/ 4 MP \/ 2 MP.<\/li>\n<li style=\"margin-bottom: 5px;\">AHD: 5 MP \/ 4 MP \/ 2 MP.<\/li>\n<li style=\"margin-bottom: 5px;\">CVBS (anal&oacute;gico): 1200 TVL.<\/li>\n<li style=\"margin-bottom: 5px;\">IP: 4K (8 MP) \/ 6 MP \/ 5 MP \/ 4 MP \/ 2 MP.<\/li>\n<\/ul><\/div>\n<\/p><\/div>\n<p> <!-- Caracter\u00edsticas Destacadas --> <\/p>\n<div style=\"display: flex; flex-wrap: wrap; gap: 30px; margin-bottom: 30px;\">\n<div style=\"flex: 1 1 100%;\">\n<h3 style=\"font-size: 22px; border-bottom: 2px solid currentColor; padding-bottom: 5px; margin-top: 0; color: inherit; opacity: 0.8;\">Caracter&iacute;sticas Destacadas:<\/h3>\n<ul style=\"padding-left: 20px; font-size: 15px; color: inherit;\">\n<li style=\"margin-bottom: 10px;\">Soporta reconocimiento facial en 2 canales de video&comma; compatible solo con c&aacute;maras TURBOHD (el analitico lo hace el DVR&comma; puede ser cualquier c&aacute;mara TURBOHD).<\/li>\n<li style=\"margin-bottom: 10px;\">Soporta 2 canales con tecnologia ACUSENSE&comma; permite filtrar por analitica de cruce de linea o intrusion de area humanos o vehiculos para activar un evento o grabaci&oacute;n&comma; esto nos permite descartar falsas alarmas (grabaciones) cuando exista un movimiento de hojas o movimiento de algun animal&comma; vuelve mas eficiente la grabaci&oacute;n cuando realmente si sea necesario.<\/li>\n<li style=\"margin-bottom: 10px;\">Soporta en todos los canales con tecnolog&iacute;a ACUSENSE Lite&comma; permite filtrar por detecci&oacute;n de movimiento humanos o vehiculos para activar un evento o grabaci&oacute;n&comma; esto nos permite descartar falsas alarmas (grabaciones) cuando exista un movimiento de hojas o movimiento de algun animal&comma; vuelve mas eficiente la grabaci&oacute;n cuando realmente si sea necesario.<\/li>\n<li style=\"margin-bottom: 10px;\">No es posible usar ACUSENSE y ACUSENSE Lite al mismo tiempo&comma; se tiene que definir el modo de uso.<\/li>\n<li style=\"margin-bottom: 10px;\">Soporta apagar canales TURBOHD y poder conventir el DVR en un equipo NVR completo&comma; por cada canal TURBOHD que se apague se puede generar un canal IP adicional. Podemos tener hasta 16 canales IP en total.<\/li>\n<\/ul><\/div>\n<\/p><\/div>\n<p> <!-- Imagen final --> <\/p>\n<div style=\"margin-bottom: 30px;\"><img decoding=\"async\" style=\"width: 100%; height: auto; border: 1px solid rgba(150&comma;150&comma;150&comma;0.3); border-radius: 8px;\" src=\"https:\/\/ftp3.syscom.mx\/usuarios\/jsosa\/HIKVISION\/imagenes\/banners\/solution%20complete.png\" alt=\"\" \/><\/div>\n<p> <!-- Separador final --><\/p>\n<hr style=\"border: 0; border-top: 1px solid rgba(150&comma; 150&comma; 150&comma; 0.3); margin: 30px 0;\" \/><\/div>\n","protected":false},"excerpt":{"rendered":"<p>DVR 8 Canales TURBOHD + 8 Canales IP \/ 8 Megapixel (4K) \/ Audio por Coaxitron \/ ACUSENSE \/ Reconocimiento Facial \/ 2 Bah\u00edas de Disco Duro \/ Salida de Video en 4K \/ H.265+ \/ Alarmas I\/O<\/p>\n","protected":false},"featured_media":93914,"comment_status":"open","ping_status":"closed","template":"","meta":[],"product_brand":[],"product_cat":[2254],"product_tag":[2255,54,2256],"class_list":{"0":"post-93915","1":"product","2":"type-product","3":"status-publish","4":"has-post-thumbnail","6":"product_cat-videograbadoras-analogicas-turbohd-tvi-ahd-cvi","7":"product_tag-camaras-y-dvrs-hd-turbohd-ahd-hd-tvi","8":"product_tag-hikvision","9":"product_tag-videograbadoras-analogicas-turbohd-tvi-ahd-cvi","11":"first","12":"instock","13":"sale","14":"shipping-taxable","15":"purchasable","16":"product-type-simple"},"_links":{"self":[{"href":"https:\/\/soydeaqui.ddns.net\/pachuca\/index.php\/wp-json\/wp\/v2\/product\/93915","targetHints":{"allow":["GET"]}}],"collection":[{"href":"https:\/\/soydeaqui.ddns.net\/pachuca\/index.php\/wp-json\/wp\/v2\/product"}],"about":[{"href":"https:\/\/soydeaqui.ddns.net\/pachuca\/index.php\/wp-json\/wp\/v2\/types\/product"}],"replies":[{"embeddable":true,"href":"https:\/\/soydeaqui.ddns.net\/pachuca\/index.php\/wp-json\/wp\/v2\/comments?post=93915"}],"wp:featuredmedia":[{"embeddable":true,"href":"https:\/\/soydeaqui.ddns.net\/pachuca\/index.php\/wp-json\/wp\/v2\/media\/93914"}],"wp:attachment":[{"href":"https:\/\/soydeaqui.ddns.net\/pachuca\/index.php\/wp-json\/wp\/v2\/media?parent=93915"}],"wp:term":[{"taxonomy":"product_brand","embeddable":true,"href":"https:\/\/soydeaqui.ddns.net\/pachuca\/index.php\/wp-json\/wp\/v2\/product_brand?post=93915"},{"taxonomy":"product_cat","embeddable":true,"href":"https:\/\/soydeaqui.ddns.net\/pachuca\/index.php\/wp-json\/wp\/v2\/product_cat?post=93915"},{"taxonomy":"product_tag","embeddable":true,"href":"https:\/\/soydeaqui.ddns.net\/pachuca\/index.php\/wp-json\/wp\/v2\/product_tag?post=93915"}],"curies":[{"name":"wp","href":"https:\/\/api.w.org\/{rel}","templated":true}]}}