{"id":93891,"date":"2026-03-20T06:22:38","date_gmt":"2026-03-20T06:22:38","guid":{"rendered":"https:\/\/soydeaqui.ddns.net\/pachuca\/index.php\/producto\/servidor-de-almacenamiento-en-red-incluye-10-discos-de-25-tb-soporta-hasta-256-canales-controlador-simple\/"},"modified":"2026-03-20T06:22:42","modified_gmt":"2026-03-20T06:22:42","slug":"servidor-de-almacenamiento-en-red-incluye-10-discos-de-25-tb-soporta-hasta-256-canales-controlador-simple","status":"publish","type":"product","link":"https:\/\/soydeaqui.ddns.net\/pachuca\/index.php\/producto\/servidor-de-almacenamiento-en-red-incluye-10-discos-de-25-tb-soporta-hasta-256-canales-controlador-simple\/","title":{"rendered":"Servidor de Almacenamiento en Red \/ Incluye 10 Discos de 25 TB \/ Soporta Hasta 256 Canales \/ Controlador Simple"},"content":{"rendered":"<div style='width: 100%; max-width: 1200px; margin: 0 auto; font-family: sans-serif; line-height: 1.6; color: inherit; background-color: transparent;'>\n<p style='text-align: center;'><img style='width: 100%; height: auto; border: 1px solid rgba(150&comma;150&comma;150&comma;0.3); border-radius: 8px;' src='https:\/\/ftp3.syscom.mx\/usuarios\/jsosa\/HIKVISION\/imagenes\/logo\/hikvision%20see%20far.png' alt='Logo Hikvision' \/><\/p>\n<div style='display: flex; flex-wrap: wrap; gap: 30px; margin: 30px 0;'>\n<div style='flex: 1 1 300px; min-width: 280px;'>\n<h3 style='font-size: 22px; border-bottom: 2px solid currentColor; padding-bottom: 5px; margin-top: 0; color: inherit; opacity: 0.8;'>Caracter\u00edsticas principales<\/h3>\n<ul style='padding-left: 20px; font-size: 15px; color: inherit;'>\n<li style='margin-bottom: 5px;'>Compatible con DVR \/ NVR epcom y HIKVISION<\/li>\n<li style='margin-bottom: 5px;'>Compatible con sistemas de Hik-Central (no requiere licencias adicionales para grabar)<\/li>\n<li style='margin-bottom: 5px;'>Soporta compresi\u00f3n H.265+ \/ H.265 \/ H.264<\/li>\n<li style='margin-bottom: 5px;'>Incluye 10 HDD de 25TB<\/li>\n<li style='margin-bottom: 5px;'>Soporta Hot Swap<\/li>\n<li style='margin-bottom: 5px;'>Controlador sencillo (64 bit procesador multi-core)<\/li>\n<li style='margin-bottom: 5px;'>Cuenta con fuente de alimentaci\u00f3n redundante<\/li>\n<li style='margin-bottom: 5px;'>Puede grabar hasta 256 c\u00e1maras IP (usando 2 Mbps por c\u00e1mara)<\/li>\n<li style='margin-bottom: 5px;'>Soporta arreglo RAID5&comma; RAID6&comma; iRAID<\/li>\n<\/ul><\/div>\n<div style='flex: 1 1 300px; min-width: 280px;'>\n<h3 style='font-size: 22px; border-bottom: 2px solid currentColor; padding-bottom: 5px; margin-top: 0; color: inherit; opacity: 0.8;'>Caracter\u00edsticas F\u00edsicas y El\u00e9ctricas<\/h3>\n<ul style='padding-left: 20px; font-size: 15px; color: inherit;'>\n<li style='margin-bottom: 5px;'>Dimensiones: 484 mm x 684 mm x 174 mm<\/li>\n<li style='margin-bottom: 5px;'>Peso: 40 Kg (sin HDD)<\/li>\n<li style='margin-bottom: 5px;'>Ocupa 4U de rack (19&#8242;)<\/li>\n<li style='margin-bottom: 5px;'>Alimentaci\u00f3n: 550 W<\/li>\n<\/ul><\/div>\n<\/p><\/div>\n<hr style='border: 0; border-top: 1px solid rgba(150&comma;150&comma;150&comma;0.3); margin: 30px 0;'>\n<div style='display: flex; flex-wrap: wrap; gap: 30px; margin: 30px 0;'>\n<div style='flex: 1 1 100%; text-align: center;'> <img style='width: 100%; height: auto; border: 1px solid rgba(150&comma;150&comma;150&comma;0.3); border-radius: 8px;' src='https:\/\/ftp3.syscom.mx\/usuarios\/yalvarado\/hikvision\/CVR\/FOTOS\/CVR4.PNG' alt='Vista frontal del servidor' \/> <\/div>\n<\/p><\/div>\n<hr style='border: 0; border-top: 1px solid rgba(150&comma;150&comma;150&comma;0.3); margin: 30px 0;'>\n<div style='margin: 30px 0;'>\n<p style='text-align: justify;'><strong>El sistema de almacenamiento de la serie DS-AT1000S es un producto con gran capacidad y dise\u00f1o de alta densidad.<\/strong><\/p>\n<p style='text-align: justify;'>En comparaci\u00f3n con producto de almacenamiento general&comma; el DS-AT1000S reduce el total costo hasta un 20%. La tecnolog\u00eda iRAID realiza una gesti\u00f3n intensiva del espacio de almacenamiento y los datos&comma; y protege la seguridad de los datos de la subestructura. La tecnolog\u00eda de almacenamiento jer\u00e1rquico mejora el rendimiento de la b\u00fasqueda de datos por al menos 10 veces. La sustituci\u00f3n peri\u00f3dica del disco duro garantiza la disponibilidad del producto.<\/p>\n<\/p><\/div>\n<hr style='border: 0; border-top: 1px solid rgba(150&comma;150&comma;150&comma;0.3); margin: 30px 0;'>\n<div style='display: flex; flex-wrap: wrap; gap: 30px; margin: 30px 0;'>\n<div style='flex: 1 1 100%; text-align: center;'> <img style='width: 100%; height: auto; border: 1px solid rgba(150&comma;150&comma;150&comma;0.3); border-radius: 8px;' src='https:\/\/ftp3.syscom.mx\/usuarios\/yalvarado\/hikvision\/CVR\/FOTOS\/CVR6.PNG' alt='Vista trasera del servidor' \/> <\/div>\n<\/p><\/div>\n<hr style='border: 0; border-top: 1px solid rgba(150&comma;150&comma;150&comma;0.3); margin: 30px 0;'>\n<div style='display: flex; flex-wrap: wrap; gap: 30px; margin: 30px 0;'>\n<div style='flex: 1 1 50%; min-width: 300px;'>\n<h3 style='font-size: 22px; border-bottom: 2px solid currentColor; padding-bottom: 5px; margin-top: 0; color: inherit; opacity: 0.8;'>SOLUCI\u00d3N RENTABLE<\/h3>\n<ul style='padding-left: 20px; font-size: 15px; color: inherit;'>\n<li style='margin-bottom: 5px;'>La soluci\u00f3n de Hikvision ocupa menos espacio en la sala&comma; utiliza menos electricidad y reduce el tiempo de implementaci\u00f3n&comma; lo que le ahorra tiempo y dinero. En comparaci\u00f3n con los dispositivos de almacenamiento de 8TB actuales&comma; el HDD SMR de 20TB ahorra a los usuarios hasta un 35% del costo TB y hasta un 50% del consumo de espacio y energ\u00eda por TB.<\/li>\n<\/ul><\/div>\n<div style='flex: 1 1 50%; min-width: 300px; text-align: center;'> <img style='width: 100%; height: auto; border: 1px solid rgba(150&comma;150&comma;150&comma;0.3); border-radius: 8px;' src='https:\/\/ftp3.syscom.mx\/usuarios\/yalvarado\/hikvision\/CVR\/FOTOS\/CVR.PNG' alt='Ilustraci\u00f3n soluci\u00f3n rentable' \/> <\/div>\n<\/p><\/div>\n<hr style='border: 0; border-top: 1px solid rgba(150&comma;150&comma;150&comma;0.3); margin: 30px 0;'>\n<div style='display: flex; flex-wrap: wrap; gap: 30px; margin: 30px 0;'>\n<div style='flex: 1 1 50%; min-width: 300px; text-align: center;'> <img style='width: 100%; height: auto; border: 1px solid rgba(150&comma;150&comma;150&comma;0.3); border-radius: 8px;' src='https:\/\/ftp3.syscom.mx\/usuarios\/yalvarado\/hikvision\/CVR\/FOTOS\/CVR2.PNG' alt='Ilustraci\u00f3n seguridad' \/> <\/div>\n<div style='flex: 1 1 50%; min-width: 300px;'>\n<h3 style='font-size: 22px; border-bottom: 2px solid currentColor; padding-bottom: 5px; margin-top: 0; color: inherit; opacity: 0.8;'>SEGURA Y CONFIABLE<\/h3>\n<ul style='padding-left: 20px; font-size: 15px; color: inherit;'>\n<li style='margin-bottom: 5px;'>La tecnolog\u00eda de almacenamiento iRAID de Hikvision aumenta la seguridad de los datos. Mientras que el RAID tradicional deja de funcionar cuando fallan tres discos duros&comma; iRAID continua funcionando&comma; por lo que la grabaci\u00f3n de video contin\u00faa sin interrupciones incluso cuando fallan cuatro discos duros (la versi\u00f3n personalizada). Adem\u00e1s&comma; los datos almacenados en discos duros que funcionan a\u00fan se pueden reproducir.<\/li>\n<\/ul><\/div>\n<\/p><\/div>\n<hr style='border: 0; border-top: 1px solid rgba(150&comma;150&comma;150&comma;0.3); margin: 30px 0;'>\n<div style='display: flex; flex-wrap: wrap; gap: 30px; margin: 30px 0;'>\n<div style='flex: 1 1 50%; min-width: 300px;'>\n<h3 style='font-size: 22px; border-bottom: 2px solid currentColor; padding-bottom: 5px; margin-top: 0; color: inherit; opacity: 0.8;'>FACIL OPERACI\u00d3N Y MANTENIMIENTO<\/h3>\n<ul style='padding-left: 20px; font-size: 15px; color: inherit;'>\n<li style='margin-bottom: 5px;'>Nuestro software de mantenimiento recientemente lanzado admite una configuraci\u00f3n sencilla y \u00fanica&comma; lo que ahorra tiempo y mejora la eficiencia. El estado de los HDD&comma; CPU&comma; unidades de energ\u00eda y ventiladores se monitorea en tiempo real y se mostrar\u00e1n mensajes de alarma cuando ocurra alg\u00fan problema.<\/li>\n<\/ul><\/div>\n<div style='flex: 1 1 50%; min-width: 300px; text-align: center;'> <img style='width: 100%; height: auto; border: 1px solid rgba(150&comma;150&comma;150&comma;0.3); border-radius: 8px;' src='https:\/\/ftp3.syscom.mx\/usuarios\/yalvarado\/hikvision\/CVR\/FOTOS\/CVR3.PNG' alt='Interfaz de operaci\u00f3n' \/> <\/div>\n<\/p><\/div>\n<\/p><\/div>\n","protected":false},"excerpt":{"rendered":"<p>Servidor de Almacenamiento en Red \/ Incluye 10 Discos de 25 TB \/ Soporta Hasta 256 Canales \/ Controlador Simple<\/p>\n","protected":false},"featured_media":93890,"comment_status":"open","ping_status":"closed","template":"","meta":[],"product_brand":[],"product_cat":[2064],"product_tag":[2066,54,2065],"class_list":{"0":"post-93891","1":"product","2":"type-product","3":"status-publish","4":"has-post-thumbnail","6":"product_cat-almacenamiento-nas-san-esata","7":"product_tag-almacenamiento-nas-san-esata","8":"product_tag-hikvision","9":"product_tag-servidores-almacenamiento","11":"first","12":"instock","13":"sale","14":"shipping-taxable","15":"purchasable","16":"product-type-simple"},"_links":{"self":[{"href":"https:\/\/soydeaqui.ddns.net\/pachuca\/index.php\/wp-json\/wp\/v2\/product\/93891","targetHints":{"allow":["GET"]}}],"collection":[{"href":"https:\/\/soydeaqui.ddns.net\/pachuca\/index.php\/wp-json\/wp\/v2\/product"}],"about":[{"href":"https:\/\/soydeaqui.ddns.net\/pachuca\/index.php\/wp-json\/wp\/v2\/types\/product"}],"replies":[{"embeddable":true,"href":"https:\/\/soydeaqui.ddns.net\/pachuca\/index.php\/wp-json\/wp\/v2\/comments?post=93891"}],"wp:featuredmedia":[{"embeddable":true,"href":"https:\/\/soydeaqui.ddns.net\/pachuca\/index.php\/wp-json\/wp\/v2\/media\/93890"}],"wp:attachment":[{"href":"https:\/\/soydeaqui.ddns.net\/pachuca\/index.php\/wp-json\/wp\/v2\/media?parent=93891"}],"wp:term":[{"taxonomy":"product_brand","embeddable":true,"href":"https:\/\/soydeaqui.ddns.net\/pachuca\/index.php\/wp-json\/wp\/v2\/product_brand?post=93891"},{"taxonomy":"product_cat","embeddable":true,"href":"https:\/\/soydeaqui.ddns.net\/pachuca\/index.php\/wp-json\/wp\/v2\/product_cat?post=93891"},{"taxonomy":"product_tag","embeddable":true,"href":"https:\/\/soydeaqui.ddns.net\/pachuca\/index.php\/wp-json\/wp\/v2\/product_tag?post=93891"}],"curies":[{"name":"wp","href":"https:\/\/api.w.org\/{rel}","templated":true}]}}