{"id":93852,"date":"2026-03-20T06:20:58","date_gmt":"2026-03-20T06:20:58","guid":{"rendered":"https:\/\/soydeaqui.ddns.net\/pachuca\/index.php\/producto\/body-camera-en-placa-de-identificacion-grabacion-1600-1200p-pantalla-de-tinta-2-13-in-memoria-interna-64gb-wi-fi\/"},"modified":"2026-03-20T06:21:02","modified_gmt":"2026-03-20T06:21:02","slug":"body-camera-en-placa-de-identificacion-grabacion-1600-1200p-pantalla-de-tinta-2-13-in-memoria-interna-64gb-wi-fi","status":"publish","type":"product","link":"https:\/\/soydeaqui.ddns.net\/pachuca\/index.php\/producto\/body-camera-en-placa-de-identificacion-grabacion-1600-1200p-pantalla-de-tinta-2-13-in-memoria-interna-64gb-wi-fi\/","title":{"rendered":"Body Camera en placa de identificaci\u00f3n \/ Grabaci\u00f3n 1600 * 1200p \/ Pantalla de tinta 2.13 in \/ Memoria Interna 64GB \/ Wi-Fi"},"content":{"rendered":"<div style='width: 100%; max-width: 1200px; margin: 0 auto; font-family: sans-serif; line-height: 1.6; color: inherit; background-color: transparent;'>\n<p style='text-align: center;'><img style='width: 100%; max-width: 400px; height: auto; border: 1px solid rgba(150&comma;150&comma;150&comma;0.3); border-radius: 8px;' src='https:\/\/ftp3.syscom.mx\/usuarios\/jsosa\/HIKVISION\/imagenes\/logo\/hikvision%20see%20far.png' alt='Logo Hikvision'><\/p>\n<p><span style='color: inherit;'>La c\u00e1mara con placa de identificaci\u00f3n es una placa de identificaci\u00f3n digital inteligente con funci\u00f3n de grabaci\u00f3n de video. Se puede llevar en el bolsillo del pecho y su tama\u00f1o es discreto.<\/span><\/p>\n<p><span style='color: inherit;'>La pantalla de tinta electr\u00f3nica proporciona una configuraci\u00f3n flexible de la informaci\u00f3n de la placa de identificaci\u00f3n digital. El dispositivo puede ser aplicable para registrar el proceso de venta en banco&comma; agencia de seguros&comma; as\u00ed como tiendas departamentales y compa\u00f1\u00eda de valores. Tambi\u00e9n se puede utilizar para registrar la ejecuci\u00f3n proceso en seguridad p\u00fablica&comma; transporte&comma; organizaci\u00f3n judicial&comma; administraci\u00f3n industrial y comercial&comma; administraci\u00f3n tributaria&comma; etc.<\/span><\/p>\n<div style='display: flex; flex-wrap: wrap; gap: 30px; margin: 30px 0;'>\n<div style='flex: 1 1 300px; min-width: 280px;'>\n<div style='border: 1px solid rgba(150&comma; 150&comma; 150&comma; 0.4); border-radius: 8px; overflow: hidden; display: flex; flex-direction: column; height: 100%;'>\n<div style='padding: 15px; border-bottom: 1px solid rgba(150&comma; 150&comma; 150&comma; 0.2); font-weight: bold; font-size: 18px; color: inherit; background-color: rgba(255&comma; 0&comma; 0&comma; 0.05);'>Caracter\u00edsticas principales<\/div>\n<div style='padding: 15px; color: inherit;'>\n<ul style='padding-left: 20px; margin: 0; font-size: 14px; list-style-type: disc;'>\n<li style='margin-bottom: 5px;'><span style='color: inherit;'>Compresi\u00f3n: H.265 \/ H.264.<\/span><\/li>\n<li style='margin-bottom: 5px;'><span style='color: inherit;'>Permite tomar fotos de hasta 40 Megapixel.<\/span><\/li>\n<li style='margin-bottom: 5px;'><span style='color: inherit;'>Grabaci\u00f3n de video en 1600*1200p.<\/span><\/li>\n<li style='margin-bottom: 5px;'><span style='color: inherit;'>Micr\u00f3fono interconstruido.<\/span><\/li>\n<li style='margin-bottom: 5px;'><span style='color: inherit;'>Tecnolog\u00eda de reducci\u00f3n de ruido y eco.<\/span><\/li>\n<li style='margin-bottom: 5px;'><span style='color: inherit;'>Cuenta con almacenamiento interno de 64GB (no extra\u00edble&comma; no expandible).<\/span><\/li>\n<li style='margin-bottom: 5px;'><span style='color: inherit;'>Cuenta con micr\u00f3fono integrado.<\/span><\/li>\n<li style='margin-bottom: 5px;'><span style='color: inherit;'>Descarga de informaci\u00f3n directo a PC con software BodyCamera Assistant.<\/span><\/li>\n<li style='margin-bottom: 5px;'><span style='color: inherit;'>Configuraci\u00f3n a trav\u00e9s de APP.<\/span><\/li>\n<li style='margin-bottom: 5px;'><span style='color: inherit;'>Incluye m\u00f3dulo WiFi 802.11 a\/b\/g\/n<\/span><\/li>\n<li style='margin-bottom: 5px;'><strong style='color: inherit;'>Incluye: clip<\/strong><\/li>\n<\/ul><\/div>\n<\/p><\/div>\n<\/p><\/div>\n<div style='flex: 1 1 300px; min-width: 280px;'>\n<div style='border: 1px solid rgba(150&comma; 150&comma; 150&comma; 0.4); border-radius: 8px; overflow: hidden; display: flex; flex-direction: column; height: 100%;'>\n<div style='padding: 15px; border-bottom: 1px solid rgba(150&comma; 150&comma; 150&comma; 0.2); font-weight: bold; font-size: 18px; color: inherit; background-color: rgba(255&comma; 0&comma; 0&comma; 0.05);'>Caracter\u00edsticas F\u00edsicas y El\u00e9ctricas<\/div>\n<div style='padding: 15px; color: inherit;'>\n<ul style='padding-left: 20px; margin: 0; font-size: 14px; list-style-type: disc;'>\n<li style='margin-bottom: 5px;'><span style='color: inherit;'>Dimensiones: 81 \u00d7 32.4 \u00d7 9 mm.<\/span><\/li>\n<li style='margin-bottom: 5px;'><span style='color: inherit;'>Peso: 52 gramos.<\/span><\/li>\n<li style='margin-bottom: 5px;'><span style='color: inherit;'>Interfaz USB-C carga de bater\u00eda.<\/span><\/li>\n<li style='margin-bottom: 5px;'><span style='color: inherit;'>Bater\u00eda de 1550 mAh&comma; permite grabar 12 horas de v\u00eddeo a 720p.<\/span><\/li>\n<\/ul><\/div>\n<\/p><\/div>\n<\/p><\/div>\n<\/p><\/div>\n<div style='margin: 30px 0;'>\n<div style='border: 1px solid rgba(150&comma; 150&comma; 150&comma; 0.4); border-radius: 8px; overflow: hidden;'>\n<div style='padding: 15px; border-bottom: 1px solid rgba(150&comma; 150&comma; 150&comma; 0.2); font-weight: bold; font-size: 18px; color: inherit; background-color: rgba(255&comma; 0&comma; 0&comma; 0.05);'>Funciones adicionales<\/div>\n<div style='padding: 15px; color: inherit;'>\n<ul style='padding-left: 20px; margin: 0; font-size: 14px; list-style-type: disc;'>\n<li style='margin-bottom: 5px;'><span style='color: inherit;'>Con bajo consumo de energ\u00eda&comma; la pantalla de tinta electr\u00f3nica de 2&comma;13&#8242; proporciona un efecto de visualizaci\u00f3n claro en configuraci\u00f3n diurna y manual de la informaci\u00f3n de la placa de identificaci\u00f3n digital.<\/span><\/li>\n<li style='margin-bottom: 5px;'><span style='color: inherit;'>Ligero y peque\u00f1o. Aprox. 52 g (0&comma;1 lb&comma; sin placa trasera) y c\u00f3modo de llevar.<\/span><\/li>\n<li style='margin-bottom: 5px;'><span style='color: inherit;'>Admite conexi\u00f3n Wi-Fi&comma; visualizaci\u00f3n en vivo y control a trav\u00e9s de la aplicaci\u00f3n m\u00f3vil.<\/span><\/li>\n<li style='margin-bottom: 5px;'><span style='color: inherit;'>Se puede llevar con el im\u00e1n o el pin.<\/span><\/li>\n<li style='margin-bottom: 5px;'><span style='color: inherit;'>Funci\u00f3n de prevenci\u00f3n de p\u00e9rdida de datos: si la bater\u00eda est\u00e1 baja durante la grabaci\u00f3n&comma; el dispositivo guardar\u00e1 autom\u00e1ticamente los datos grabados antes de apagar.<\/span><\/li>\n<\/ul><\/div>\n<\/p><\/div>\n<\/p><\/div>\n<div style='margin: 30px 0;'> <img style='width: 100%; height: auto; border: 1px solid rgba(150&comma;150&comma;150&comma;0.3); border-radius: 8px; margin-bottom: 15px;' src='https:\/\/ftp3.syscom.mx\/usuarios\/jsosa\/HIKVISION\/imagenes\/banners\/solution%20complete.png' alt='Soluci\u00f3n completa'> <\/div>\n<\/p><\/div>\n","protected":false},"excerpt":{"rendered":"<p>Body Camera en placa de identificaci\u00f3n \/ Grabaci\u00f3n 1600 * 1200p \/ Pantalla de tinta 2.13 in \/ Memoria Interna 64GB \/ Wi-Fi<\/p>\n","protected":false},"featured_media":93851,"comment_status":"open","ping_status":"closed","template":"","meta":[],"product_brand":[],"product_cat":[2266,1406],"product_tag":[2267,1409,54,1345],"class_list":{"0":"post-93852","1":"product","2":"type-product","3":"status-publish","4":"has-post-thumbnail","6":"product_cat-body-cams-portatiles","7":"product_cat-videograbadoras-moviles-videovigilancia","8":"product_tag-body-cams-portatiles","9":"product_tag-dash-cams-y-body-cams","10":"product_tag-hikvision","11":"product_tag-videograbadoras-moviles","13":"first","14":"outofstock","15":"sale","16":"shipping-taxable","17":"purchasable","18":"product-type-simple"},"_links":{"self":[{"href":"https:\/\/soydeaqui.ddns.net\/pachuca\/index.php\/wp-json\/wp\/v2\/product\/93852","targetHints":{"allow":["GET"]}}],"collection":[{"href":"https:\/\/soydeaqui.ddns.net\/pachuca\/index.php\/wp-json\/wp\/v2\/product"}],"about":[{"href":"https:\/\/soydeaqui.ddns.net\/pachuca\/index.php\/wp-json\/wp\/v2\/types\/product"}],"replies":[{"embeddable":true,"href":"https:\/\/soydeaqui.ddns.net\/pachuca\/index.php\/wp-json\/wp\/v2\/comments?post=93852"}],"wp:featuredmedia":[{"embeddable":true,"href":"https:\/\/soydeaqui.ddns.net\/pachuca\/index.php\/wp-json\/wp\/v2\/media\/93851"}],"wp:attachment":[{"href":"https:\/\/soydeaqui.ddns.net\/pachuca\/index.php\/wp-json\/wp\/v2\/media?parent=93852"}],"wp:term":[{"taxonomy":"product_brand","embeddable":true,"href":"https:\/\/soydeaqui.ddns.net\/pachuca\/index.php\/wp-json\/wp\/v2\/product_brand?post=93852"},{"taxonomy":"product_cat","embeddable":true,"href":"https:\/\/soydeaqui.ddns.net\/pachuca\/index.php\/wp-json\/wp\/v2\/product_cat?post=93852"},{"taxonomy":"product_tag","embeddable":true,"href":"https:\/\/soydeaqui.ddns.net\/pachuca\/index.php\/wp-json\/wp\/v2\/product_tag?post=93852"}],"curies":[{"name":"wp","href":"https:\/\/api.w.org\/{rel}","templated":true}]}}