{"id":93846,"date":"2026-03-20T06:20:44","date_gmt":"2026-03-20T06:20:44","guid":{"rendered":"https:\/\/soydeaqui.ddns.net\/pachuca\/index.php\/producto\/domo-ip-ptz-4mp-antivandalico-31x-zoom-optico-ir-300m-wdr-150db-auto-tracking-video-analiticos-h-265-wisestream-ii\/"},"modified":"2026-03-20T06:20:52","modified_gmt":"2026-03-20T06:20:52","slug":"domo-ip-ptz-4mp-antivandalico-31x-zoom-optico-ir-300m-wdr-150db-auto-tracking-video-analiticos-h-265-wisestream-ii","status":"publish","type":"product","link":"https:\/\/soydeaqui.ddns.net\/pachuca\/index.php\/producto\/domo-ip-ptz-4mp-antivandalico-31x-zoom-optico-ir-300m-wdr-150db-auto-tracking-video-analiticos-h-265-wisestream-ii\/","title":{"rendered":"Domo IP PTZ 4MP Antivand\u00e1lico \/ 31X Zoom \u00d3ptico \/ IR 300m \/ WDR 150DB \/ Auto Tracking \/ Video Anal\u00edticos \/ H.265 &#038; WiseStream II"},"content":{"rendered":"<div style='width: 100%; max-width: 1200px; margin: 0 auto; font-family: sans-serif; line-height: 1.6; color: inherit; background-color: transparent;'>\n<div style='display: flex; flex-direction: column; align-items: center; margin-bottom: 30px;'> <a href='https:\/\/syscom.mx\/principal\/consultarproductosazul?global_search=htasx&#038;ordenar=Relevancia&#038;pag=1' target='_blank' rel='noopener'> <img style='width: 100%; max-width: 483px; height: auto; border: 1px solid rgba(150&comma;150&comma;150&comma;0.3); border-radius: 8px;' src='https:\/\/ftp3.syscom.mx\/usuarios\/gmagos\/Hanwha\/fotos\/wisenet-X%5B1%5D%201.png' alt=''> <\/a> <\/div>\n<div style='display: grid; grid-template-columns: 1fr; gap: 30px; margin-bottom: 30px;'>\n<div style='display: grid; grid-template-columns: 1fr; gap: 20px;'>\n<div style='display: flex; flex-direction: column; border: 1px solid rgba(150&comma;150&comma;150&comma;0.3); border-radius: 8px; overflow: hidden;'>\n<div style='padding: 15px; background-color: rgba(243&comma;121&comma;52&comma;0.1); border-bottom: 1px solid rgba(150&comma;150&comma;150&comma;0.3);'>\n<h3 style='margin: 0; font-size: 20px; color: inherit; font-weight: 600;'>H.265 + <span style='color: #f37934;'>WiseStream II<\/span><\/h3>\n<\/p><\/div>\n<div style='padding: 15px;'>\n<p style='margin: 0; font-size: 15px; color: inherit;'> Mediante WiseStream II&comma; la tecnolog\u00eda de compresi\u00f3n de v\u00eddeo de Hanwha Techwin&comma; la serie Wisenet X <span style='color: #f37934;'>reduce el almacenamiento de datos hasta un <strong>99%<\/strong><\/span> en comparaci\u00f3n con la actual tecnolog\u00eda H.264&comma; cuando se combina con la compresi\u00f3n H.265. Los costes del sistema se reducen enormemente sin comprometer la calidad de las im\u00e1genes. <\/p>\n<\/p><\/div>\n<\/p><\/div>\n<p> <img style='width: 100%; height: auto; border: 1px solid rgba(150&comma;150&comma;150&comma;0.3); border-radius: 8px;' src='https:\/\/ftp3.syscom.mx\/usuarios\/imendez\/Hanwha\/Serie%20X\/GIF\/WiseStream.gif' alt=''> <\/div>\n<div style='display: grid; grid-template-columns: 1fr; gap: 20px;'> <img style='width: 100%; height: auto; border: 1px solid rgba(150&comma;150&comma;150&comma;0.3); border-radius: 8px;' src='https:\/\/ftp3.syscom.mx\/usuarios\/imendez\/Hanwha\/Serie%20X\/GIF\/WDR%20150dB%20GIF.gif' alt=''> <\/p>\n<div style='display: flex; flex-direction: column; border: 1px solid rgba(150&comma;150&comma;150&comma;0.3); border-radius: 8px; overflow: hidden;'>\n<div style='padding: 15px; background-color: rgba(243&comma;121&comma;52&comma;0.1); border-bottom: 1px solid rgba(150&comma;150&comma;150&comma;0.3);'>\n<h3 style='margin: 0; font-size: 20px; color: inherit; font-weight: 600;'>WDR <span style='color: #f37934;'>150 dB<\/span><\/h3>\n<\/p><\/div>\n<div style='padding: 15px;'>\n<p style='margin: 0; font-size: 15px; color: inherit;'> Una imagen de amplio rango din\u00e1mico se forma combinando 2 capturas con distintas exposiciones. La serie Wisenet X con un amplio rango din\u00e1mico de <span style='color: #f37934;'>150 dB<\/span> utiliza 4 capturas para crear im\u00e1genes m\u00e1s naturales. Las zonas borrosas son un punto d\u00e9bil cr\u00edtico asociado al amplio rango din\u00e1mico&comma; pero esta nueva tecnolog\u00eda elimina todo tipo de movimientos&comma; proporcionando im\u00e1genes vistosas y claras. <\/p>\n<p style='margin-top: 10px; font-size: 14px; color: inherit; opacity: 0.8;'> * Las c\u00e1maras de la serie Wisenet X de 5MP tienen 120dB. <\/p>\n<\/p><\/div>\n<\/p><\/div>\n<\/p><\/div>\n<div style='display: grid; grid-template-columns: 1fr; gap: 20px;'>\n<div style='display: flex; flex-direction: column; border: 1px solid rgba(150&comma;150&comma;150&comma;0.3); border-radius: 8px; overflow: hidden;'>\n<div style='padding: 15px; background-color: rgba(243&comma;121&comma;52&comma;0.1); border-bottom: 1px solid rgba(150&comma;150&comma;150&comma;0.3);'>\n<h3 style='margin: 0; font-size: 20px; color: inherit; font-weight: 600;'>Iluminaci\u00f3n a Color<\/h3>\n<\/p><\/div>\n<div style='padding: 15px;'>\n<p style='margin: 0; font-size: 15px; color: inherit;'> Con el potente nuevo chipset de la serie Wisenet X y la asombrosa tecnolog\u00eda de lentes de Hanwha Techwin&comma; se pueden supervisar im\u00e1genes en entornos de poca luz&comma; incluso en color sin utilizar LED IR. Ahora se pueden capturar im\u00e1genes vistosas con independencia de la zona y de la hora del d\u00eda. <\/p>\n<\/p><\/div>\n<\/p><\/div>\n<p> <img style='width: 100%; height: auto; border: 1px solid rgba(150&comma;150&comma;150&comma;0.3); border-radius: 8px;' src='https:\/\/ftp3.syscom.mx\/usuarios\/imendez\/Hanwha\/Serie%20X\/GIF\/Luz%20GIF.gif' alt=''> <\/div>\n<div style='margin: 30px 0;'>\n<h2 style='text-align: center; font-size: 20px; color: inherit; opacity: 0.9; border-bottom: 2px solid currentColor; padding-bottom: 5px; margin-bottom: 20px;'> Caracter\u00edsticas t\u00e9cnicas <\/h2>\n<div style='display: grid; grid-template-columns: repeat(auto-fit&comma; minmax(280px&comma; 1fr)); gap: 20px;'>\n<div style='border: 1px solid rgba(150&comma;150&comma;150&comma;0.3); border-radius: 8px; overflow: hidden;'>\n<div style='padding: 15px; background-color: rgba(243&comma;121&comma;52&comma;0.1); border-bottom: 1px solid rgba(150&comma;150&comma;150&comma;0.3);'>\n<h3 style='margin: 0; font-size: 18px; color: inherit; font-weight: 600;'>Video<\/h3>\n<\/p><\/div>\n<div style='padding: 15px;'>\n<ul style='padding-left: 20px; margin: 0; list-style: disc; color: inherit;'>\n<li style='margin-bottom: 5px;'><strong>Compresi\u00f3n:<\/strong> H.265 &#038; WiseStream II <span style='color: #f37934;'>hasta 99% de compresi\u00f3n<\/span> \/ H.264 \/ High Profile \/ MJPEG<\/li>\n<li style='margin-bottom: 5px;'><strong>Resoluci\u00f3n m\u00e1xima:<\/strong> 4MP@30<strong><span style='color: #f37934;'>IPS<\/span><\/strong><\/li>\n<li style='margin-bottom: 5px;'><strong>Dual Stream \/ Dual Codec<\/strong> Simult\u00e1neos con configuraciones diferentes<\/li>\n<\/ul><\/div>\n<\/p><\/div>\n<div style='border: 1px solid rgba(150&comma;150&comma;150&comma;0.3); border-radius: 8px; overflow: hidden;'>\n<div style='padding: 15px; background-color: rgba(243&comma;121&comma;52&comma;0.1); border-bottom: 1px solid rgba(150&comma;150&comma;150&comma;0.3);'>\n<h3 style='margin: 0; font-size: 18px; color: inherit; font-weight: 600;'>Lente<\/h3>\n<\/p><\/div>\n<div style='padding: 15px;'>\n<ul style='padding-left: 20px; margin: 0; list-style: disc; color: inherit;'>\n<li style='margin-bottom: 5px;'><strong>Lente<\/strong> de 6.91 &#8211; 214.7 mm. (31x)<\/li>\n<\/ul><\/div>\n<\/p><\/div>\n<div style='border: 1px solid rgba(150&comma;150&comma;150&comma;0.3); border-radius: 8px; overflow: hidden;'>\n<div style='padding: 15px; background-color: rgba(243&comma;121&comma;52&comma;0.1); border-bottom: 1px solid rgba(150&comma;150&comma;150&comma;0.3);'>\n<h3 style='margin: 0; font-size: 18px; color: inherit; font-weight: 600;'>Funciones<\/h3>\n<\/p><\/div>\n<div style='padding: 15px;'>\n<ul style='padding-left: 20px; margin: 0; list-style: disc; color: inherit;'>\n<li style='margin-bottom: 5px;'>Compensaci\u00f3n de luz: WDR 120dB&comma; BLC&comma; HLC&comma; SSDR<\/li>\n<li style='margin-bottom: 5px;'>IR de<strong> 300 m<\/strong><\/li>\n<\/ul><\/div>\n<\/p><\/div>\n<div style='border: 1px solid rgba(150&comma;150&comma;150&comma;0.3); border-radius: 8px; overflow: hidden;'>\n<div style='padding: 15px; background-color: rgba(243&comma;121&comma;52&comma;0.1); border-bottom: 1px solid rgba(150&comma;150&comma;150&comma;0.3);'>\n<h3 style='margin: 0; font-size: 18px; color: inherit; font-weight: 600;'>Interfaces<\/h3>\n<\/p><\/div>\n<div style='padding: 15px;'>\n<ul style='padding-left: 20px; margin: 0; list-style: disc; color: inherit;'>\n<li style='margin-bottom: 5px;'>1 Puerto Ethernet RJ45 10\/100 Base-T<\/li>\n<li style='margin-bottom: 5px;'>2 Slots para tarjetas SD de hasta 512 GB cada uno<\/li>\n<li style='margin-bottom: 5px;'>4GB memoria RAM&comma; 512MB flash<\/li>\n<\/ul><\/div>\n<\/p><\/div>\n<div style='border: 1px solid rgba(150&comma;150&comma;150&comma;0.3); border-radius: 8px; overflow: hidden;'>\n<div style='padding: 15px; background-color: rgba(243&comma;121&comma;52&comma;0.1); border-bottom: 1px solid rgba(150&comma;150&comma;150&comma;0.3);'>\n<h3 style='margin: 0; font-size: 18px; color: inherit; font-weight: 600;'>Caracter\u00edsticas F\u00edsicas y El\u00e9ctricas<\/h3>\n<\/p><\/div>\n<div style='padding: 15px;'>\n<ul style='padding-left: 20px; margin: 0; list-style: disc; color: inherit;'>\n<li style='margin-bottom: 5px;'>Protecci\u00f3n: Interior\/Exterior&comma; IP66 \/ IK10 \/ NEMA 4X<\/li>\n<li style='margin-bottom: 5px;'>Temperatura de Operaci\u00f3n: -40\u00b0C ~ +55\u00b0C<\/li>\n<li style='margin-bottom: 5px;'>Alimentaci\u00f3n: HPOE (IEEE 802.3bt&comma; Class8&comma; type4) <strong>Inyector POE Incluido<\/strong><\/li>\n<li style='margin-bottom: 5px;'>Consumo: Max. 62 W (solo camara)<\/li>\n<li style='margin-bottom: 5px;'>Dimensiones: \u00d8 188 x 264.9mm (7.40 x 10.47&#8242;)<\/li>\n<li style='margin-bottom: 5px;'>Peso: 4.4 Kg (9.70 lb)<\/li>\n<\/ul><\/div>\n<\/p><\/div>\n<div style='border: 1px solid rgba(150&comma;150&comma;150&comma;0.3); border-radius: 8px; overflow: hidden;'>\n<div style='padding: 15px; background-color: rgba(243&comma;121&comma;52&comma;0.1); border-bottom: 1px solid rgba(150&comma;150&comma;150&comma;0.3);'>\n<h3 style='margin: 0; font-size: 18px; color: inherit; font-weight: 600;'>Video Anal\u00edticos Avanzados<\/h3>\n<\/p><\/div>\n<div style='padding: 15px;'>\n<ul style='padding-left: 20px; margin: 0; list-style: disc; color: inherit;'>\n<li style='margin-bottom: 5px;'>Deteccion de personas<\/li>\n<li style='margin-bottom: 5px;'>Deteccion de vehiculos<\/li>\n<li style='margin-bottom: 5px;'>Manipulaci\u00f3n<\/li>\n<li style='margin-bottom: 5px;'>Merodeo<\/li>\n<li style='margin-bottom: 5px;'>Detecci\u00f3n de direcci\u00f3n<\/li>\n<li style='margin-bottom: 5px;'>Detecci\u00f3n de niebla<\/li>\n<li style='margin-bottom: 5px;'><strong>Cruce de l\u00ednea<\/strong><\/li>\n<li style='margin-bottom: 5px;'>Entrada \/ Salida<\/li>\n<li style='margin-bottom: 5px;'>Aparici\u00f3n \/ Desaparici\u00f3n<\/li>\n<li style='margin-bottom: 5px;'>Detecci\u00f3n de Audio (opcional con caja digital SPM-4210W)<\/li>\n<li style='margin-bottom: 5px;'><strong>Detecci\u00f3n de Rostros<\/strong><\/li>\n<li style='margin-bottom: 5px;'>Detecci\u00f3n de Movimiento<\/li>\n<li style='margin-bottom: 5px;'><strong>Linea virtual<\/strong><\/li>\n<\/ul><\/div>\n<\/p><\/div>\n<div style='border: 1px solid rgba(150&comma;150&comma;150&comma;0.3); border-radius: 8px; overflow: hidden;'>\n<div style='padding: 15px; background-color: rgba(243&comma;121&comma;52&comma;0.1); border-bottom: 1px solid rgba(150&comma;150&comma;150&comma;0.3);'>\n<h3 style='margin: 0; font-size: 18px; color: inherit; font-weight: 600;'>Accesorios Opcionales<\/h3>\n<\/p><\/div>\n<div style='padding: 15px;'>\n<ul style='padding-left: 20px; margin: 0; list-style: disc; color: inherit;'>\n<li style='margin-bottom: 5px;'>Montaje de techo: <a style='color: #005cb9; text-decoration: none;' href='https:\/\/www.syscom.mx\/producto\/SBP-156CMW-Hanwha-Techwin-Wisenet-192705.html' target='_blank' rel='noopener'>SBP-156CMW<\/a><\/li>\n<li style='margin-bottom: 5px;'>Montaje de pared: <a style='color: #005cb9; text-decoration: none;' href='https:\/\/www.syscom.mx\/producto\/SBP-156WMW-Hanwha-Techwin-Wisenet-192703.html' target='_blank' rel='noopener'>SBP-156WMW<\/a><\/li>\n<li style='margin-bottom: 5px;'>Adaptador para colocar montajes adicionales: <a style='color: #005cb9; text-decoration: none;' href='https:\/\/www.syscom.mx\/producto\/SBP-156HMW-Hanwha-Techwin-Wisenet-192704.html' target='_blank' rel='noopener'>SBP-156HMW<\/a><\/li>\n<li style='margin-bottom: 5px;'>Montaje de pared: <a style='color: #005cb9; text-decoration: none;' href='https:\/\/www.syscom.mx\/producto\/SBP-300WMW1-Hanwha-Techwin-Wisenet-164078.html' target='_blank' rel='noopener'>SBP-300WMW1<\/a> Requiere adaptador SBP-156HMW<\/li>\n<li style='margin-bottom: 5px;'>Montaje de techo: <a style='color: #005cb9; text-decoration: none;' href='https:\/\/www.syscom.mx\/producto\/SBP-300CMW-Hanwha-Techwin-Wisenet-164080.html'>SBP-300CMW<\/a> Requiere adaptador SBP-156HMW<\/li>\n<\/ul><\/div>\n<\/p><\/div>\n<div style='border: 1px solid rgba(150&comma;150&comma;150&comma;0.3); border-radius: 8px; overflow: hidden;'>\n<div style='padding: 15px; background-color: rgba(243&comma;121&comma;52&comma;0.1); border-bottom: 1px solid rgba(150&comma;150&comma;150&comma;0.3);'>\n<h3 style='margin: 0; font-size: 18px; color: inherit; font-weight: 600;'>Notas<\/h3>\n<\/p><\/div>\n<div style='padding: 15px;'>\n<p style='margin: 0; font-size: 14px; color: inherit;'> <strong>Nota:<\/strong> Los montajes se cotizan por separado&comma; revisar los accesorios necesarios seg\u00fan la instalaci\u00f3n. <\/p>\n<p style='margin-top: 10px; font-size: 14px; color: inherit;'> <strong>Para m\u00e1s informaci\u00f3n&comma; ingrese<\/strong> <a style='color: #005cb9; text-decoration: none;' href='https:\/\/hanwhavisionamerica.com\/download\/30483\/' target='_blank' rel='noopener'>aqu\u00ed<\/a>. <\/p>\n<\/p><\/div>\n<\/p><\/div>\n<\/p><\/div>\n<\/p><\/div>\n<div style='margin: 30px 0;'>\n<h2 style='text-align: center; font-size: 20px; color: inherit; opacity: 0.9; border-bottom: 2px solid currentColor; padding-bottom: 5px;'> Otras caracter\u00edsticas <\/h2>\n<\/p><\/div>\n<div style='display: grid; grid-template-columns: repeat(auto-fit&comma; minmax(280px&comma; 1fr)); gap: 20px; margin-bottom: 30px;'>\n<div style='border-left: 5px solid #F37934; border-radius: 5px; padding: 10px; background-color: rgba(243&comma;121&comma;52&comma;0.05); border: 1px solid rgba(150&comma;150&comma;150&comma;0.2);'> <strong>H.265 &#038; WiseStream II:<\/strong> <\/div>\n<div style='border-left: 5px solid #F37934; border-radius: 5px; padding: 10px; background-color: rgba(243&comma;121&comma;52&comma;0.05); border: 1px solid rgba(150&comma;150&comma;150&comma;0.2);'> <strong>Anal\u00edticos de Audio:<\/strong> <\/div>\n<div style='border-left: 5px solid #F37934; border-radius: 5px; padding: 10px; background-color: rgba(243&comma;121&comma;52&comma;0.05); border: 1px solid rgba(150&comma;150&comma;150&comma;0.2);'> <strong>Estabilizacion de Imagen<\/strong> <\/div>\n<\/p><\/div>\n<div style='display: grid; grid-template-columns: repeat(auto-fit&comma; minmax(280px&comma; 1fr)); gap: 30px; margin-bottom: 30px;'>\n<div style='position: relative; padding-bottom: 56.25%; height: 0; overflow: hidden;'>   <\/div>\n<div style='position: relative; padding-bottom: 56.25%; height: 0; overflow: hidden;'>   <\/div>\n<div style='position: relative; padding-bottom: 56.25%; height: 0; overflow: hidden;'>   <\/div>\n<\/p><\/div>\n<div style='display: grid; grid-template-columns: repeat(auto-fit&comma; minmax(280px&comma; 1fr)); gap: 20px; margin-bottom: 30px;'>\n<div style='border-left: 5px solid #F37934; border-radius: 5px; padding: 10px; background-color: rgba(243&comma;121&comma;52&comma;0.05); border: 1px solid rgba(150&comma;150&comma;150&comma;0.2);'> <strong>Demostraci\u00f3n WDR 150dB:<\/strong> <\/div>\n<div style='border-left: 5px solid #F37934; border-radius: 5px; padding: 10px; background-color: rgba(243&comma;121&comma;52&comma;0.05); border: 1px solid rgba(150&comma;150&comma;150&comma;0.2);'> <strong>Detecci\u00f3n de Rostros:<\/strong> <\/div>\n<div style='border-left: 5px solid #F37934; border-radius: 5px; padding: 10px; background-color: rgba(243&comma;121&comma;52&comma;0.05); border: 1px solid rgba(150&comma;150&comma;150&comma;0.2);'> <strong>Funci\u00f3n Handover:<\/strong> <\/div>\n<\/p><\/div>\n<div style='display: grid; grid-template-columns: repeat(auto-fit&comma; minmax(280px&comma; 1fr)); gap: 30px;'>\n<div style='position: relative; padding-bottom: 56.25%; height: 0; overflow: hidden;'>   <\/div>\n<div style='position: relative; padding-bottom: 56.25%; height: 0; overflow: hidden;'>   <\/div>\n<div style='position: relative; padding-bottom: 56.25%; height: 0; overflow: hidden;'>   <\/div>\n<\/p><\/div>\n<\/p><\/div>\n<\/p><\/div>\n","protected":false},"excerpt":{"rendered":"<p>Domo IP PTZ 4MP Antivand\u00e1lico \/ 31X Zoom \u00d3ptico \/ IR 300m \/ WDR 150DB \/ Auto Tracking \/ Video Anal\u00edticos \/ H.265 &#038; WiseStream II<\/p>\n","protected":false},"featured_media":93845,"comment_status":"open","ping_status":"closed","template":"","meta":[],"product_brand":[],"product_cat":[1224],"product_tag":[122,1055,1225],"class_list":{"0":"post-93846","1":"product","2":"type-product","3":"status-publish","4":"has-post-thumbnail","6":"product_cat-ptz","7":"product_tag-camaras-ip-y-nvrs","8":"product_tag-hanwha-vision","9":"product_tag-ptz","11":"first","12":"outofstock","13":"sale","14":"shipping-taxable","15":"purchasable","16":"product-type-simple"},"_links":{"self":[{"href":"https:\/\/soydeaqui.ddns.net\/pachuca\/index.php\/wp-json\/wp\/v2\/product\/93846","targetHints":{"allow":["GET"]}}],"collection":[{"href":"https:\/\/soydeaqui.ddns.net\/pachuca\/index.php\/wp-json\/wp\/v2\/product"}],"about":[{"href":"https:\/\/soydeaqui.ddns.net\/pachuca\/index.php\/wp-json\/wp\/v2\/types\/product"}],"replies":[{"embeddable":true,"href":"https:\/\/soydeaqui.ddns.net\/pachuca\/index.php\/wp-json\/wp\/v2\/comments?post=93846"}],"wp:featuredmedia":[{"embeddable":true,"href":"https:\/\/soydeaqui.ddns.net\/pachuca\/index.php\/wp-json\/wp\/v2\/media\/93845"}],"wp:attachment":[{"href":"https:\/\/soydeaqui.ddns.net\/pachuca\/index.php\/wp-json\/wp\/v2\/media?parent=93846"}],"wp:term":[{"taxonomy":"product_brand","embeddable":true,"href":"https:\/\/soydeaqui.ddns.net\/pachuca\/index.php\/wp-json\/wp\/v2\/product_brand?post=93846"},{"taxonomy":"product_cat","embeddable":true,"href":"https:\/\/soydeaqui.ddns.net\/pachuca\/index.php\/wp-json\/wp\/v2\/product_cat?post=93846"},{"taxonomy":"product_tag","embeddable":true,"href":"https:\/\/soydeaqui.ddns.net\/pachuca\/index.php\/wp-json\/wp\/v2\/product_tag?post=93846"}],"curies":[{"name":"wp","href":"https:\/\/api.w.org\/{rel}","templated":true}]}}