{"id":93828,"date":"2026-03-20T06:20:00","date_gmt":"2026-03-20T06:20:00","guid":{"rendered":"https:\/\/soydeaqui.ddns.net\/pachuca\/index.php\/producto\/tandemvu-ptz-ip-4-megapixel-con-camara-panoramica-4-megapixel-4x-zoom-dual-light-40-mts-ir-30-mts-luz-blanca-acusense-ip66-poe-darkfighter-micro-sd-incluye-base-para-techo-o-pa\/"},"modified":"2026-03-20T06:20:06","modified_gmt":"2026-03-20T06:20:06","slug":"tandemvu-ptz-ip-4-megapixel-con-camara-panoramica-4-megapixel-4x-zoom-dual-light-40-mts-ir-30-mts-luz-blanca-acusense-ip66-poe-darkfighter-micro-sd-incluye-base-para-techo-o-pa","status":"publish","type":"product","link":"https:\/\/soydeaqui.ddns.net\/pachuca\/index.php\/producto\/tandemvu-ptz-ip-4-megapixel-con-camara-panoramica-4-megapixel-4x-zoom-dual-light-40-mts-ir-30-mts-luz-blanca-acusense-ip66-poe-darkfighter-micro-sd-incluye-base-para-techo-o-pa\/","title":{"rendered":"[TandemVu] PTZ IP 4 Megapixel con C\u00e1mara Panor\u00e1mica 4 Megapixel \/ 4X Zoom \/ Dual Light (40 mts IR + 30 mts Luz Blanca) \/ ACUSENSE \/ IP66  \/ PoE+ \/ DARKFIGHTER \/ Micro SD \/ Incluye Base para Techo o Pared"},"content":{"rendered":"<div style='width: 100%; max-width: 1200px; margin: 0 auto; font-family: sans-serif; line-height: 1.6; color: inherit; background-color: transparent;'> <!-- Banner inicial --> <\/p>\n<p style='text-align: center; margin: 0 0 20px 0;'> <span style='display: flex; justify-content: center;'> <img style='width: 45%; height: auto; border: 1px solid rgba(150&comma;150&comma;150&comma;0.3); border-radius: 8px;' src='https:\/\/ftp3.syscom.mx\/usuarios\/jsosa\/HIKVISION\/imagenes\/logo\/hikvision%20see%20far.png' alt='Logo Hikvision'> <\/span> <\/p>\n<p> <!-- T\u00edtulo --> <\/p>\n<div style='text-align: center; margin: 0 0 30px 0;'>\n<h1 style='font-size: 26px; color: #232a6f; border-bottom: 2px solid #232a6f; padding-bottom: 8px; display: inline-block; margin: 0; font-family: sans-serif; opacity: 0.85;'>Especif\u00edcaciones<\/h1>\n<\/p><\/div>\n<p> <!-- Secci\u00f3n de caracter\u00edsticas principales --> <\/p>\n<div style='display: flex; flex-wrap: wrap; gap: 20px; margin-bottom: 30px;'>\n<div style='flex: 1 1 500px; min-width: 280px;'>\n<div style='border: 1px solid rgba(150&comma; 150&comma; 150&comma; 0.4); border-radius: 8px; overflow: hidden;'>\n<div style='background: #df001e; border-bottom: 1px solid #a80000; padding: 12px 15px; font-size: 18px; color: white; font-weight: bold;'> Caracter\u00edsticas Principales: <\/div>\n<div style='padding: 15px;'>\n<ul style='padding-left: 20px; margin: 0;'>\n<li style='margin-bottom: 8px;'><strong>C\u00e1mara PTZ<\/strong><\/li>\n<ul style='padding-left: 20px; margin-top: 5px; margin-bottom: 10px;'>\n<li style='margin-bottom: 5px;'>Resoluci\u00f3n m\u00e1xima: 4 Megapixel (2560 x 1440)<\/li>\n<li style='margin-bottom: 5px;'>Iluminaci\u00f3n m\u00ednima: color 0.01 Lux @ (F1.5&comma; AGC ON)<\/li>\n<li style='margin-bottom: 5px;'>Iluminaci\u00f3n m\u00ednima: B\/N 0.005 Lux @ (F1.5&comma; AGC ON)<\/li>\n<li style='margin-bottom: 5px;'>D\u00eda \/ Noche Real (filtro ICR)<\/li>\n<li style='margin-bottom: 5px;'>Distancia focal: 2.8 a 12 mm (4X zoom \u00f3ptico \/ 16X zoom digital)<\/li>\n<li style='margin-bottom: 5px;'>Funciones normales: HLC \/ ROI \/ WDR 120dB \/ BLC<\/li>\n<li style='margin-bottom: 5px;'>Distancia de infrarrojo: 40 mts Smart IR<\/li>\n<\/ul>\n<li style='margin-bottom: 8px;'><strong>C\u00e1mara Fija:<\/strong><\/li>\n<ul style='padding-left: 20px; margin-top: 5px; margin-bottom: 10px;'>\n<li style='margin-bottom: 5px;'>Resoluci\u00f3n m\u00e1xima: 4 Megapixel (2560 x 1440)<\/li>\n<li style='margin-bottom: 5px;'>Iluminaci\u00f3n m\u00ednima: color 0.01 Lux @ (F1.6&comma; AGC ON)<\/li>\n<li style='margin-bottom: 5px;'>Iluminaci\u00f3n m\u00ednima: B\/N 0.005 Lux con Luz blanca<\/li>\n<li style='margin-bottom: 5px;'>D\u00eda \/ Noche Real (filtro ICR)<\/li>\n<li style='margin-bottom: 5px;'>Distancia focal: 2.8 mm<\/li>\n<\/ul>\n<li style='margin-bottom: 5px;'>Funciones normales: HLC \/ ROI \/ WDR 120dB \/ BLC<\/li>\n<li style='margin-bottom: 5px;'>Distancia Luz blanca: 30 mts<\/li>\n<li style='margin-bottom: 5px;'>Distancia de IR: 30 metros<\/li>\n<li style='margin-bottom: 5px;'>Detecci\u00f3n de Intrusi\u00f3n \/ Cruce de l\u00ednea \/ Entrada-Salida de Regi\u00f3n<\/li>\n<li style='margin-bottom: 5px;'>Compresi\u00f3n: H.265+ \/ H.265 \/ H.264+ \/ H.264<\/li>\n<li style='margin-bottom: 5px;'>Compatible con la plataforma de Hik-Connect <a style='color: #0d6efd; text-decoration: none;' href='https:\/\/appstore.hikvision.com\/' target='_blank' rel='noopener'>https:\/\/appstore.hikvision.com\/<\/a><\/li>\n<\/ul><\/div>\n<\/p><\/div>\n<\/p><\/div>\n<p> <!-- Caracter\u00edsticas f\u00edsicas y el\u00e9ctricas --> <\/p>\n<div style='flex: 1 1 500px; min-width: 280px;'>\n<div style='border: 1px solid rgba(150&comma; 150&comma; 150&comma; 0.4); border-radius: 8px; overflow: hidden;'>\n<div style='background: #df001e; border-bottom: 1px solid #a80000; padding: 12px 15px; font-size: 18px; color: white; font-weight: bold;'> Caracter\u00edsticas F\u00edsicas y El\u00e9ctricas: <\/div>\n<div style='padding: 15px;'>\n<ul style='padding-left: 20px; margin: 0;'>\n<li style='margin-bottom: 5px;'>Alimentaci\u00f3n: 12 Vcc \/ PoE+ (<strong>No incluye fuente<\/strong>&comma; se recomienda <a style='color: #0d6efd; text-decoration: none;' href='https:\/\/www.syscom.mx\/products\/144801' target='_blank' rel='noopener'>P12DC3A<\/a>)<\/li>\n<li style='margin-bottom: 5px;'>Temperatura de operaci\u00f3n: -30\u00b0C a 50\u00b0C \/ Humedad al 90% m\u00e1ximo<\/li>\n<li style='margin-bottom: 5px;'>Uso en exterior IP66<\/li>\n<li style='margin-bottom: 5px;'>Protecci\u00f3n contra sobretensiones y protecci\u00f3n contra voltajes transitorios<\/li>\n<li style='margin-bottom: 5px;'>Dimensiones: 311.5 mm \u00d7 223.5 x 156 mm<\/li>\n<li style='margin-bottom: 5px;'>Peso: 1.37 Kgs<\/li>\n<li style='margin-bottom: 5px;'>Se recomienda usar el modelo <strong><a style='color: #0d6efd; text-decoration: none;' href='https:\/\/www.syscom.mx\/producto\/LAS60-57CN-RJ45-HIKVISION-72655.html' target='_blank' rel='noopener'>LAS-3057-CNRJ45<\/a><\/strong> en caso de que requiera alimentar el domo por medio de PoE<\/li>\n<li style='margin-top: 15px;'> <a style='color: #0d6efd; text-decoration: none; font-weight: bold;' href='https:\/\/ftp3.syscom.mx\/usuarios\/emendoza\/elesbanmch\/HIKVISON\/SPECS\/Especificaciones%20%20DS-2SE3C404MWG-E14.pdf' target='_blank' rel='noopener'>Consulte la ficha t\u00e9cnica para validar los accesorios compatibles<\/a> <\/li>\n<\/ul><\/div>\n<\/p><\/div>\n<\/p><\/div>\n<\/p><\/div>\n<p> <!-- Secci\u00f3n de interfaces --> <\/p>\n<div style='display: flex; flex-wrap: wrap; gap: 20px; margin-bottom: 30px;'>\n<div style='flex: 1 1 500px; min-width: 280px;'>\n<div style='border: 1px solid rgba(150&comma; 150&comma; 150&comma; 0.4); border-radius: 8px; overflow: hidden;'>\n<div style='background: #df001e; border-bottom: 1px solid #a80000; padding: 12px 15px; font-size: 18px; color: white; font-weight: bold;'> Interfaces Entradas y Salidas: <\/div>\n<div style='padding: 15px;'>\n<ul style='padding-left: 20px; margin: 0;'>\n<li style='margin-bottom: 5px;'>Entradas de alarma: N\/A<\/li>\n<li style='margin-bottom: 5px;'>Salidas de alarma: N\/A<\/li>\n<li style='margin-bottom: 5px;'>Entradas de audio: N\/A<\/li>\n<li style='margin-bottom: 5px;'>Salidas de audio: N\/A<\/li>\n<li style='margin-bottom: 5px;'>Puerto de red: 1 (10 \/ 100 Mbps \/ PoE+)<\/li>\n<li style='margin-bottom: 5px;'>Almacenamiento micro SD de hasta 512 GB \/ ANR (Automatic Network Recovery)<\/li>\n<li style='margin-bottom: 5px;'>Soporta ONVIF (Profile S&comma; Profile G&comma; Profile T) \/ ISUP<\/li>\n<\/ul><\/div>\n<\/p><\/div>\n<\/p><\/div>\n<p> <!-- Caracter\u00edsticas generales --> <\/p>\n<div style='flex: 1 1 500px; min-width: 280px;'>\n<div style='border: 1px solid rgba(150&comma; 150&comma; 150&comma; 0.4); border-radius: 8px; overflow: hidden;'>\n<div style='background: #df001e; border-bottom: 1px solid #a80000; padding: 12px 15px; font-size: 18px; color: white; font-weight: bold;'> Caracteristicas Generales: <\/div>\n<div style='padding: 15px;'>\n<ul style='padding-left: 20px; margin: 0;'>\n<li style='margin-bottom: 5px;'>Paneo: 350\u00b0<\/li>\n<li style='margin-bottom: 5px;'>Tildeo: -5\u00b0 a 90\u00ba<\/li>\n<li style='margin-bottom: 5px;'>Patrol: 8 (hasta 32 presets por patrol)<\/li>\n<li style='margin-bottom: 5px;'>Pattern: N\/A<\/li>\n<li style='margin-bottom: 5px;'>Park Action (Preset&comma; Patrol)<\/li>\n<\/ul><\/div>\n<\/p><\/div>\n<\/p><\/div>\n<\/p><\/div>\n<p> <!-- Caracter\u00edsticas destacadas --> <\/p>\n<div style='margin-bottom: 30px;'>\n<div style='border: 1px solid rgba(150&comma; 150&comma; 150&comma; 0.4); border-radius: 8px; overflow: hidden;'>\n<div style='background: #df001e; border-bottom: 1px solid #a80000; padding: 12px 15px; font-size: 18px; color: white; font-weight: bold;'> Caracter\u00edsticas destacadas: <\/div>\n<div style='padding: 15px;'>\n<div style='margin-bottom: 25px;'>\n<h3 style='margin: 0 0 10px 0; font-size: 18px; color: inherit; font-weight: bold; font-family: sans-serif;'>TandemVu con doble canal (Bullet + PTZ)<\/h3>\n<ul style='padding-left: 20px; margin: 0;'>\n<li style='margin-bottom: 5px;'>Integra dos c\u00e1maras en un solo dispositivo: un canal fijo (bullet) y otro con capacidades PTZ<\/li>\n<li style='margin-bottom: 5px;'>Permite vigilancia general + enfoque en detalles de forma simult\u00e1nea&comma; sin perder cobertura<\/li>\n<li style='margin-bottom: 5px;'>La c\u00e1mara al momento de agregarse a un DVR\/NVR consume 2 canales de video (PTZ + fijo)<\/li>\n<\/ul><\/div>\n<div style='margin-bottom: 25px;'>\n<h3 style='margin: 0 0 10px 0; font-size: 18px; color: inherit; font-weight: bold; font-family: sans-serif;'>Soporta la tecnolog\u00eda Dual Light<\/h3>\n<ul style='padding-left: 20px; margin: 0;'>\n<li style='margin-bottom: 5px;'>En la noche proporciona imagen en B\/N con IR encendidos para m\u00e1xima sensibilidad<\/li>\n<li style='margin-bottom: 5px;'>Cuando detecta movimiento mediante AcuSense Lite (filtro de humanos y veh\u00edculos)&comma; activa la luz blanca para capturar eventos a color<\/li>\n<li style='margin-bottom: 5px;'>Despu\u00e9s del evento&comma; regresa autom\u00e1ticamente a modo B\/N para optimizar el consumo energ\u00e9tico<\/li>\n<\/ul><\/div>\n<div style='margin-bottom: 25px;'>\n<h3 style='margin: 0 0 10px 0; font-size: 18px; color: inherit; font-weight: bold; font-family: sans-serif;'>Tecnolog\u00eda DarkFighter para visi\u00f3n en baja luz<\/h3>\n<ul style='padding-left: 20px; margin: 0;'>\n<li style='margin-bottom: 5px;'>Ofrece excelente rendimiento en condiciones de poca iluminaci\u00f3n<\/li>\n<li style='margin-bottom: 5px;'>Iluminaci\u00f3n m\u00ednima: Color: 0.01 Lux&comma; B\/N: 0.005 Lux (en ambos canales)<\/li>\n<\/ul><\/div>\n<div style='margin-bottom: 0;'>\n<h3 style='margin: 0 0 10px 0; font-size: 18px; color: inherit; font-weight: bold; font-family: sans-serif;'>Zoom \u00f3ptico 4\u00d7 y doble sistema de iluminaci\u00f3n<\/h3>\n<ul style='padding-left: 20px; margin: 0;'>\n<li style='margin-bottom: 5px;'>Canal PTZ con <strong>zoom \u00f3ptico 4\u00d7 y digital 16\u00d7<\/strong> para capturar detalles a distancia<\/li>\n<li style='margin-bottom: 5px;'><strong>Doble tipo de iluminador:<\/strong><\/li>\n<ul style='padding-left: 30px; margin-top: 5px; margin-bottom: 5px;'>\n<li style='margin-bottom: 5px;'><strong>Bullet:<\/strong> H\u00edbrido (IR + Luz Blanca)&comma; alcance 30 m<\/li>\n<li style='margin-bottom: 5px;'><strong>PTZ:<\/strong> IR&comma; alcance 40 m<\/li>\n<\/ul>\n<\/ul><\/div>\n<\/p><\/div>\n<\/p><\/div>\n<\/p><\/div>\n<p> <!-- Banner final --> <\/p>\n<div style='margin: 30px 0;'> <img style='width: 100%; height: auto; border: 1px solid rgba(150&comma;150&comma;150&comma;0.3); border-radius: 8px;' src='https:\/\/ftp3.syscom.mx\/usuarios\/jsosa\/HIKVISION\/imagenes\/banners\/solution%20complete.png' alt='Banner de soluci\u00f3n completa'> <\/div>\n<\/p><\/div>\n","protected":false},"excerpt":{"rendered":"<p>[TandemVu] PTZ IP 4 Megapixel con C\u00e1mara Panor\u00e1mica 4 Megapixel \/ 4X Zoom \/ Dual Light (40 mts IR + 30 mts Luz Blanca) \/ ACUSENSE \/ IP66  \/ PoE+ \/ DARKFIGHTER \/ Micro SD \/ Incluye Base para Techo o Pared<\/p>\n","protected":false},"featured_media":93827,"comment_status":"open","ping_status":"closed","template":"","meta":[],"product_brand":[],"product_cat":[1224],"product_tag":[122,54,1225],"class_list":{"0":"post-93828","1":"product","2":"type-product","3":"status-publish","4":"has-post-thumbnail","6":"product_cat-ptz","7":"product_tag-camaras-ip-y-nvrs","8":"product_tag-hikvision","9":"product_tag-ptz","11":"first","12":"instock","13":"sale","14":"shipping-taxable","15":"purchasable","16":"product-type-simple"},"_links":{"self":[{"href":"https:\/\/soydeaqui.ddns.net\/pachuca\/index.php\/wp-json\/wp\/v2\/product\/93828","targetHints":{"allow":["GET"]}}],"collection":[{"href":"https:\/\/soydeaqui.ddns.net\/pachuca\/index.php\/wp-json\/wp\/v2\/product"}],"about":[{"href":"https:\/\/soydeaqui.ddns.net\/pachuca\/index.php\/wp-json\/wp\/v2\/types\/product"}],"replies":[{"embeddable":true,"href":"https:\/\/soydeaqui.ddns.net\/pachuca\/index.php\/wp-json\/wp\/v2\/comments?post=93828"}],"wp:featuredmedia":[{"embeddable":true,"href":"https:\/\/soydeaqui.ddns.net\/pachuca\/index.php\/wp-json\/wp\/v2\/media\/93827"}],"wp:attachment":[{"href":"https:\/\/soydeaqui.ddns.net\/pachuca\/index.php\/wp-json\/wp\/v2\/media?parent=93828"}],"wp:term":[{"taxonomy":"product_brand","embeddable":true,"href":"https:\/\/soydeaqui.ddns.net\/pachuca\/index.php\/wp-json\/wp\/v2\/product_brand?post=93828"},{"taxonomy":"product_cat","embeddable":true,"href":"https:\/\/soydeaqui.ddns.net\/pachuca\/index.php\/wp-json\/wp\/v2\/product_cat?post=93828"},{"taxonomy":"product_tag","embeddable":true,"href":"https:\/\/soydeaqui.ddns.net\/pachuca\/index.php\/wp-json\/wp\/v2\/product_tag?post=93828"}],"curies":[{"name":"wp","href":"https:\/\/api.w.org\/{rel}","templated":true}]}}