{"id":93819,"date":"2026-03-20T06:19:35","date_gmt":"2026-03-20T06:19:35","guid":{"rendered":"https:\/\/soydeaqui.ddns.net\/pachuca\/index.php\/producto\/transformador-24-vca-70-va\/"},"modified":"2026-03-20T06:19:50","modified_gmt":"2026-03-20T06:19:50","slug":"transformador-24-vca-70-va","status":"publish","type":"product","link":"https:\/\/soydeaqui.ddns.net\/pachuca\/index.php\/producto\/transformador-24-vca-70-va\/","title":{"rendered":"Transformador 24 Vca 70 VA"},"content":{"rendered":"<div style='width: 100%; max-width: 1200px; margin: 0 auto; font-family: sans-serif; line-height: 1.6; color: inherit; background-color: transparent;'>\n<div style='text-align: center; margin-bottom: 30px;'>\n<h1 style='font-size: 28px; margin: 0 0 10px; color: inherit;'>RT2470LS<\/h1>\n<h3 style='font-size: 22px; margin: 0 0 15px; color: inherit;'>Transformador de 24 Vca @ 70 VA<\/h3>\n<p style='font-size: 15px; max-width: 800px; margin: 0 auto; color: inherit;'> <strong>EPCOM POWER LINE marca l\u00edder en transformadores con alta eficiencia en alimentaci\u00f3n para equipos de seguridad electr\u00f3nica por sus ventajas de aprobaciones&comma; certificaciones&comma; protecci\u00f3n contra sobretensiones&comma; y circuitos de protecci\u00f3n contra anti-interferencia&#8230;<\/strong> <\/p>\n<\/p><\/div>\n<div style='display: flex; flex-wrap: wrap; gap: 30px; margin-bottom: 30px;'>\n<div style='flex: 1 1 300px; min-width: 280px;'> <img style='width: 100%; height: auto; border: 1px solid rgba(150&comma;150&comma;150&comma;0.3); border-radius: 8px;' src='https:\/\/ftp3.syscom.mx\/usuarios\/fotos\/BancoFotografiasSyscom\/EPCOMPOWERLINE\/RT2470LS\/RT2470LS-p.PNG' alt=''> <\/p>\n<div style='margin-top: 20px;'>\n<h3 style='font-size: 20px; border-bottom: 2px solid currentColor; padding-bottom: 5px; margin-top: 0; color: inherit; opacity: 0.8;'>Caracter\u00edsticas<\/h3>\n<ul style='padding-left: 20px; font-size: 15px; color: inherit;'>\n<li style='margin-bottom: 5px;'><strong>Voltaje de entrada:<\/strong> 120 Vca<\/li>\n<li style='margin-bottom: 5px;'><strong>Voltaje de salida:<\/strong> 24 Vca<\/li>\n<li style='margin-bottom: 5px;'><strong>Potencia de salida:<\/strong> 70 Watts<\/li>\n<li style='margin-bottom: 5px;'><strong>Dimensiones (Largo x Ancho x Alto):<\/strong> 102.5 x 68 x 58 mm<\/li>\n<li style='margin-bottom: 5px;'><strong>Condiciones de funcionamiento Temperatura:<\/strong> -10 \u00b0C ~ 45 \u00b0C<\/li>\n<\/ul><\/div>\n<\/p><\/div>\n<div style='flex: 1 1 300px; min-width: 280px;'> <img style='width: 100%; height: auto; border: 1px solid rgba(150&comma;150&comma;150&comma;0.3); border-radius: 8px;' src='https:\/\/ftp3.syscom.mx\/usuarios\/fotos\/BancoFotografiasSyscom\/EPCOMPOWERLINE\/RT2470LS\/RT2470LS-LAT-IZQ-p.PNG' alt=''> <\/p>\n<div style='margin-top: 20px;'>\n<h3 style='font-size: 20px; border-bottom: 2px solid currentColor; padding-bottom: 5px; margin-top: 0; color: inherit; opacity: 0.8;'>Modelos Relacionados<\/h3>\n<ul style='padding-left: 20px; font-size: 15px; color: inherit;'>\n<li style='margin-bottom: 5px;'><strong>RT925LS<\/strong> &#8230;&#8230;&#8230;&#8230;&#8230; 9 Vca @ 25 VA<\/li>\n<li style='margin-bottom: 5px;'><strong>RT1230LS<\/strong> &#8230;&#8230;&#8230;&#8230;. 12 Vca @ 30 VA<\/li>\n<li style='margin-bottom: 5px;'><strong>RT1440LS<\/strong> &#8230;&#8230;&#8230;&#8230;&#8230; 14 Vca @ 40 VA<\/li>\n<li style='margin-bottom: 5px;'><strong>RT1640LS<\/strong> &#8230;&#8230;&#8230;&#8230;&#8230;. 16 Vca @ 40 VA<\/li>\n<\/ul><\/div>\n<\/p><\/div>\n<div style='flex: 1 1 300px; min-width: 280px;'> <img style='width: 100%; height: auto; border: 1px solid rgba(150&comma;150&comma;150&comma;0.3); border-radius: 8px;' src='https:\/\/ftp3.syscom.mx\/usuarios\/fotos\/BancoFotografiasSyscom\/EPCOMPOWERLINE\/RT2470LS\/RT2470LS-AD-1-p.PNG' alt=''> <\/p>\n<div style='margin-top: 20px;'>\n<h3 style='font-size: 20px; border-bottom: 2px solid currentColor; padding-bottom: 5px; margin-top: 0; color: inherit; opacity: 0.8;'>Modelos Relacionados<\/h3>\n<ul style='padding-left: 20px; font-size: 15px; color: inherit;'>\n<li style='margin-bottom: 5px;'><strong>RT2460LS<\/strong> &#8230;&#8230;&#8230;&#8230;&#8230;. 24 Vca @ 60 VA<\/li>\n<li style='margin-bottom: 5px;'><strong>PL24100<\/strong> &#8230;&#8230;&#8230;&#8230;&#8230;&#8230;. 24 Vca @ 100 VA<\/li>\n<li style='margin-bottom: 5px;'><strong>PL24175220<\/strong> &#8230;&#8230;&#8230;&#8230;. Entrada 220 Vca \/ 24 Vca @ 175 VA<\/li>\n<\/ul><\/div>\n<\/p><\/div>\n<\/p><\/div>\n<\/p><\/div>\n","protected":false},"excerpt":{"rendered":"<p>Transformador 24 Vca 70 VA<\/p>\n","protected":false},"featured_media":93818,"comment_status":"open","ping_status":"closed","template":"","meta":[],"product_brand":[],"product_cat":[551],"product_tag":[142,454,441],"class_list":{"0":"post-93819","1":"product","2":"type-product","3":"status-publish","4":"has-post-thumbnail","6":"product_cat-transformadores-energia-videovigilancia","7":"product_tag-energia","8":"product_tag-epcom-powerline","9":"product_tag-transformadores","11":"first","12":"instock","13":"sale","14":"shipping-taxable","15":"purchasable","16":"product-type-simple"},"_links":{"self":[{"href":"https:\/\/soydeaqui.ddns.net\/pachuca\/index.php\/wp-json\/wp\/v2\/product\/93819","targetHints":{"allow":["GET"]}}],"collection":[{"href":"https:\/\/soydeaqui.ddns.net\/pachuca\/index.php\/wp-json\/wp\/v2\/product"}],"about":[{"href":"https:\/\/soydeaqui.ddns.net\/pachuca\/index.php\/wp-json\/wp\/v2\/types\/product"}],"replies":[{"embeddable":true,"href":"https:\/\/soydeaqui.ddns.net\/pachuca\/index.php\/wp-json\/wp\/v2\/comments?post=93819"}],"wp:featuredmedia":[{"embeddable":true,"href":"https:\/\/soydeaqui.ddns.net\/pachuca\/index.php\/wp-json\/wp\/v2\/media\/93818"}],"wp:attachment":[{"href":"https:\/\/soydeaqui.ddns.net\/pachuca\/index.php\/wp-json\/wp\/v2\/media?parent=93819"}],"wp:term":[{"taxonomy":"product_brand","embeddable":true,"href":"https:\/\/soydeaqui.ddns.net\/pachuca\/index.php\/wp-json\/wp\/v2\/product_brand?post=93819"},{"taxonomy":"product_cat","embeddable":true,"href":"https:\/\/soydeaqui.ddns.net\/pachuca\/index.php\/wp-json\/wp\/v2\/product_cat?post=93819"},{"taxonomy":"product_tag","embeddable":true,"href":"https:\/\/soydeaqui.ddns.net\/pachuca\/index.php\/wp-json\/wp\/v2\/product_tag?post=93819"}],"curies":[{"name":"wp","href":"https:\/\/api.w.org\/{rel}","templated":true}]}}