{"id":93811,"date":"2026-03-20T06:19:17","date_gmt":"2026-03-20T06:19:17","guid":{"rendered":"https:\/\/soydeaqui.ddns.net\/pachuca\/index.php\/producto\/camara-ip-wi-fi-2-megapixel-vision-360o-audio-doble-vias-vision-nocturna-notificacion-push-vision-de-hasta-9-metros\/"},"modified":"2026-03-20T06:19:23","modified_gmt":"2026-03-20T06:19:23","slug":"camara-ip-wi-fi-2-megapixel-vision-360o-audio-doble-vias-vision-nocturna-notificacion-push-vision-de-hasta-9-metros","status":"publish","type":"product","link":"https:\/\/soydeaqui.ddns.net\/pachuca\/index.php\/producto\/camara-ip-wi-fi-2-megapixel-vision-360o-audio-doble-vias-vision-nocturna-notificacion-push-vision-de-hasta-9-metros\/","title":{"rendered":"C\u00e1mara IP Wi-Fi 2 megapixel \/ Visi\u00f3n 360\u00ba \/ Audio doble v\u00edas \/ Visi\u00f3n Nocturna \/  Notificaci\u00f3n Push \/ Vision de Hasta 9 Metros"},"content":{"rendered":"<div style=\"width: 100%; max-width: 1200px; margin: 0 auto; font-family: sans-serif; line-height: 1.6; color: inherit; background-color: transparent;\"><!-- Secci\u00f3n principal producto --><\/p>\n<div style=\"display: flex; flex-wrap: wrap; gap: 30px; align-items: center; margin-bottom: 30px; border: 1px solid rgba(150&comma; 150&comma; 150&comma; 0.3); border-radius: 12px; padding: 20px;\">\n<div style=\"flex: 1 1 320px; min-width: 280px;\"><img decoding=\"async\" style=\"width: 100%; height: auto; border: 1px solid rgba(150&comma; 150&comma; 150&comma; 0.3); border-radius: 12px;\" src=\"http:\/\/ftp3.syscom.mx\/usuarios\/ftp\/2026\/02\/09\/1908\/1.jpg_froala_698a1f499e8fd\" alt=\"Punto de Acceso WiFi 7 EAP783\" class=\"fr-fic fr-dii\"><\/div>\n<div style=\"flex: 1 1 360px; min-width: 280px;\">\n<h2 style=\"margin: 0 0 10px; font-size: 1.8rem; color: inherit;\">Inteligente&comma; Seguro y F&aacute;cil<\/h2>\n<div style=\"margin: 0 0 15px; color: inherit; font-weight: 600;\">Modelo: Tapo C500<\/div>\n<p style=\"margin: 0; color: inherit;\">La TP-Link Tapo C500 es una c&aacute;mara de seguridad para interior con resoluci&oacute;n 2K Quad HD (2560 x 1440 p&iacute;xeles)&comma; que ofrece una imagen n&iacute;tida y detallada. Es una c&aacute;mara popular para vigilar el hogar&comma; mascotas o negocios peque&ntilde;os&comma; con un buen equilibrio entre calidad de imagen&comma; funciones y precio.<\/p>\n<\/div>\n<\/div>\n<p><!-- Grid de especificaciones t\u00e9cnicas --><\/p>\n<div style=\"display: flex; flex-wrap: wrap; gap: 20px; margin-bottom: 30px;\"><!-- Card: Caracter\u00edsticas principales --><\/p>\n<div style=\"flex: 1 1 280px; min-width: 260px; border: 1px solid rgba(150&comma; 150&comma; 150&comma; 0.3); border-radius: 8px; overflow: hidden; display: flex; flex-direction: column;\">\n<div style=\"padding: 15px; border-bottom: 1px solid rgba(150&comma; 150&comma; 150&comma; 0.2); font-weight: bold; font-size: 18px; color: inherit;\">Caracter&iacute;sticas principales<\/div>\n<div style=\"padding: 15px; color: inherit;\">\n<ul style=\"padding-left: 20px; margin: 0; font-size: 14px; list-style-type: disc;\">\n<li style=\"box-sizing: border-box; border: 0px solid; margin: 0px 0px 5px; padding: 0px; letter-spacing: 0.01em;\" data-pasted=\"true\">Resoluci&oacute;n: Video 2K 2MP Full HD 1080p<\/li>\n<li style=\"box-sizing: border-box; border: 0px solid; margin: 0px 0px 5px; padding: 0px; letter-spacing: 0.01em;\" data-pasted=\"true\">Detecci&oacute;n de movimiento y de personas<\/li>\n<li style=\"box-sizing: border-box; border: 0px solid; margin: 0px 0px 5px; padding: 0px; letter-spacing: 0.01em;\">Notificaci&oacute;n Push<\/li>\n<li style=\"box-sizing: border-box; border: 0px solid; margin: 0px 0px 5px; padding: 0px; letter-spacing: 0.01em;\">Codec H.264<\/li>\n<li style=\"box-sizing: border-box; border: 0px solid; margin: 0px 0px 5px; padding: 0px; letter-spacing: 0.01em;\">Cuadros por segundo: 15 fps<\/li>\n<li style=\"box-sizing: border-box; border: 0px solid; margin: 0px 0px 5px; padding: 0px; letter-spacing: 0.01em;\">Audio en 2 v&iacute;as<\/li>\n<li style=\"box-sizing: border-box; border: 0px solid; margin: 0px 0px 5px; padding: 0px; letter-spacing: 0.01em;\">Frecuencia 2.4GHz<\/li>\n<li style=\"box-sizing: border-box; border: 0px solid; margin: 0px 0px 5px; padding: 0px; letter-spacing: 0.01em;\">Memoria microSD de 512 GB (<span style=\"color: rgb(184&comma; 49&comma; 47);\">no incluye memoria<\/span>)<\/li>\n<li style=\"box-sizing: border-box; border: 0px solid; margin: 0px 0px 5px; padding: 0px; letter-spacing: 0.01em;\">Visi&oacute;n nocturna hasta 9 metros<\/li>\n<li style=\"box-sizing: border-box; border: 0px solid; margin: 0px 0px 5px; padding: 0px; letter-spacing: 0.01em;\">Certificaciones: CE&comma; FCC&comma; RoHS&comma; RCM<\/li>\n<li style=\"margin-bottom: 8px;\" data-pasted=\"true\">Visi&oacute;n nocturna: LED IR de 850 nm hasta 30 pies<\/li>\n<li style=\"box-sizing: border-box; border: 0px solid; margin: 0px 0px 5px; padding: 0px; letter-spacing: 0.01em;\" data-pasted=\"true\">Micr&oacute;fono y altavoz integrado<\/li>\n<\/ul>\n<\/div>\n<\/div>\n<p><!-- Card: Caracter\u00edsticas f\u00edsicas y el\u00e9ctricas --><\/p>\n<div style=\"flex: 1 1 280px; min-width: 260px; border: 1px solid rgba(150&comma; 150&comma; 150&comma; 0.3); border-radius: 8px; overflow: hidden; display: flex; flex-direction: column;\">\n<div style=\"padding: 15px; border-bottom: 1px solid rgba(150&comma; 150&comma; 150&comma; 0.2); font-weight: bold; font-size: 18px; color: inherit;\">Caracter&iacute;sticas f&iacute;sicas y el&eacute;ctricas<\/div>\n<div style=\"padding: 15px; color: inherit;\">\n<ul style=\"padding-left: 20px; margin: 0; font-size: 14px; list-style-type: disc;\">\n<li style=\"box-sizing: border-box; border: 0px solid; margin: 0px 0px 5px; padding: 0px; letter-spacing: 0.01em;\" data-pasted=\"true\">Adaptador corriente: 12 Vcc \/ 1 A<\/li>\n<li style=\"box-sizing: border-box; border: 0px solid; margin: 0px 0px 5px; padding: 0px; letter-spacing: 0.01em;\">Bot&oacute;n de reset<\/li>\n<li style=\"box-sizing: border-box; border: 0px solid; margin: 0px 0px 5px; padding: 0px; letter-spacing: 0.01em;\">Indicador LED<\/li>\n<li style=\"box-sizing: border-box; border: 0px solid; margin: 0px 0px 5px; padding: 0px; letter-spacing: 0.01em;\">Temperatura de operaci&oacute;n: -30&ordm; ~ 60&ordm; C<\/li>\n<li style=\"box-sizing: border-box; border: 0px solid; margin: 0px 0px 5px; padding: 0px; letter-spacing: 0.01em;\">Humedad en operaci&oacute;n: 10%~90% HR&comma; sin condensaci&oacute;n<\/li>\n<li style=\"box-sizing: border-box; border: 0px solid; margin: 0px 0px 5px; padding: 0px; letter-spacing: 0.01em;\">Dimensiones: 123&comma;8 x 123 x 90 mm<\/li>\n<li style=\"box-sizing: border-box; border: 0px solid; margin: 0px 0px 5px; padding: 0px; letter-spacing: 0.01em;\">Protecci&oacute;n IP65<\/li>\n<li style=\"box-sizing: border-box; border: 0px solid; margin: 0px 0px 5px; padding: 0px; letter-spacing: 0.01em;\" data-pasted=\"true\">Lente focal de 3.3mm<\/li>\n<li style=\"margin-bottom: 8px;\" data-pasted=\"true\">Rango mec&aacute;nico de giro: 340&deg; (cobertura de giro de 360&deg;)<\/li>\n<li style=\"margin-bottom: 8px;\" data-pasted=\"true\">Rango mec&aacute;nico de inclinaci&oacute;n: 90&deg; (cobertura de inclinaci&oacute;n de 131&deg;)<\/li>\n<\/ul>\n<\/div>\n<\/div>\n<p><!-- Card: Contenido del paquete --><\/p>\n<div style=\"flex: 1 1 280px; min-width: 260px; border: 1px solid rgba(150&comma; 150&comma; 150&comma; 0.3); border-radius: 8px; overflow: hidden; display: flex; flex-direction: column;\">\n<div style=\"padding: 15px; border-bottom: 1px solid rgba(150&comma; 150&comma; 150&comma; 0.2); font-weight: bold; font-size: 18px; color: inherit;\">Contenido del Paquete<\/div>\n<div style=\"padding: 15px; color: inherit;\">\n<ul style=\"padding-left: 20px; margin: 0; font-size: 14px; list-style-type: disc;\">\n<li style=\"box-sizing: border-box; border: 0px solid; margin: 0px 0px 5px; padding: 0px; letter-spacing: 0.01em;\" data-pasted=\"true\">Tapo C500<\/li>\n<li style=\"box-sizing: border-box; border: 0px solid; margin: 0px 0px 5px; padding: 0px; letter-spacing: 0.01em;\">Adaptador de corriente<\/li>\n<li style=\"box-sizing: border-box; border: 0px solid; margin: 0px 0px 5px; padding: 0px; letter-spacing: 0.01em;\">Gu&iacute;a de instalaci&oacute;n r&aacute;pida<\/li>\n<li style=\"box-sizing: border-box; border: 0px solid; margin: 0px 0px 5px; padding: 0px; letter-spacing: 0.01em;\" data-pasted=\"true\">Placa de montaje<\/li>\n<li style=\"box-sizing: border-box; border: 0px solid; margin: 0px 0px 5px; padding: 0px; letter-spacing: 0.01em;\">Tornillos de montaje<\/li>\n<\/ul>\n<\/div>\n<\/div>\n<p><!-- Card: Funciones avanzadas --><\/p>\n<div style=\"flex: 1 1 280px; min-width: 260px; border: 1px solid rgba(150&comma; 150&comma; 150&comma; 0.3); border-radius: 8px; overflow: hidden; display: flex; flex-direction: column;\">\n<div style=\"padding: 15px; border-bottom: 1px solid rgba(150&comma; 150&comma; 150&comma; 0.2); font-weight: bold; font-size: 18px; color: inherit;\">Funciones Avanzadas<\/div>\n<div style=\"padding: 15px; color: inherit;\">\n<ul style=\"padding-left: 20px; margin: 0; font-size: 14px; list-style-type: disc;\">\n<li style=\"margin-bottom: 8px;\">Detecci&oacute;n IA: Detecci&oacute;n de movimiento \/ de personas<\/li>\n<li style=\"margin-bottom: 8px;\"><a href=\"https:\/\/www.tapo.com\/mx\/about-us\/tapo-story\/\"><\/a><a href=\"https:\/\/www.tapo.com\/mx\/about-us\/tapo-story\/\">Aprende m&aacute;s sobre TAPO<\/a><\/li>\n<li style=\"margin-bottom: 8px;\">Seguridad: Cifrado AES de 128 bits con SSL\/TLS<\/li>\n<li style=\"margin-bottom: 8px;\">Notificaci&oacute;n&comma; Instant&aacute;nea (Tapo care)&comma; Clips (Tapo care).<\/li>\n<li style=\"margin-bottom: 8px;\">Micr&oacute;fono y altavoz integrados<\/li>\n<li style=\"margin-bottom: 8px;\">Mejora de la imagen: 3DNR \/ WDR<\/li>\n<li style=\"margin-bottom: 8px;\">Volumen de sirena: 90 dB (nivel medido a una distancia de 10 cm\/4 pulgadas)<\/li>\n<li style=\"margin-bottom: 8px;\">Servicios de almacenamiento en la nube de Tapo Care (<strong>se requiere suscripci&oacute;n<\/strong>)<\/li>\n<li style=\"margin-bottom: 8px;\">Integraci&oacute;n Inteligente: Asistente de Google&comma; Amazon Alexa<\/li>\n<\/ul>\n<\/div>\n<\/div>\n<\/div>\n<p><!-- Separador --><\/p>\n<hr style=\"border: 0; border-top: 1px solid rgba(150&comma; 150&comma; 150&comma; 0.3); margin: 30px 0;\"><!-- Secci\u00f3n: Soluci\u00f3n completa para redes de mayor velocidad --><\/p>\n<div style=\"display: flex; flex-wrap: wrap; gap: 30px; align-items: center; margin-bottom: 30px; border: 1px solid rgba(150&comma; 150&comma; 150&comma; 0.3); border-radius: 12px; padding: 20px;\">\n<div style=\"flex: 1 1 320px; min-width: 280px;\"><img decoding=\"async\" style=\"width: 100%; height: auto; border: 1px solid rgba(150&comma; 150&comma; 150&comma; 0.3); border-radius: 12px;\" src=\"http:\/\/ftp3.syscom.mx\/usuarios\/ftp\/2026\/02\/09\/1908\/2.jpg_froala_698a0f09798f7\" alt=\"Soluci\u00f3n completa para redes de mayor velocidad\" class=\"fr-fic fr-dii\"><\/div>\n<div style=\"flex: 1 1 360px; min-width: 280px;\">\n<h2 style=\"margin: 0 0 10px; font-size: 1.8rem; color: inherit;\">Detecci&oacute;n de personas y sensor de movimiento<\/h2>\n<p data-pasted=\"true\">Smart AI identifica a una persona mientras sigue el movimiento con rotaci&oacute;n de alta velocidad&comma; notificando a los usuarios seg&uacute;n sea necesario. La c&aacute;mara gira suavemente para seguirlo mientras camina &rarr; Tu tel&eacute;fono recibe al instante una notificaci&oacute;n de &quot;Persona detectada&quot; con un v&iacute;deo corto. Puedes abrir la app para ver en vivo o hablar a trav&eacute;s de la c&aacute;mara.<\/p>\n<p><\/p>\n<\/div>\n<\/div>\n<p><!-- Secci\u00f3n: Wi-Fi 7: M\u00e1s r\u00e1pido&comma; m\u00e1s fluido&comma; m\u00e1s potente --><\/p>\n<div style=\"display: flex; flex-wrap: wrap; gap: 30px; align-items: center; margin-bottom: 30px; border: 1px solid rgba(150&comma; 150&comma; 150&comma; 0.3); border-radius: 12px; padding: 20px;\">\n<div style=\"flex: 1 1 360px; min-width: 280px; order: 1;\">\n<h2 style=\"margin: 0 0 10px; font-size: 1.8rem; color: inherit;\">Porque en la claridad&comma; hay confianza<\/h2>\n<p style=\"color: inherit;\">Imagina poder distinguir cada detalle&comma; como si estuvieras all&iacute;: la sonrisa de quien llega&comma; el movimiento en la puerta&comma; la tranquilidad de saber que todo est&aacute; bien. Con calidad Full HD&comma; cada segundo se ve n&iacute;tido y real&comma; para que nunca te pierdas de lo esencial.<\/p>\n<\/div>\n<div style=\"flex: 1 1 320px; min-width: 280px; order: 2;\"><img decoding=\"async\" style=\"width: 100%; height: auto; border: 1px solid rgba(150&comma; 150&comma; 150&comma; 0.3); border-radius: 12px;\" src=\"http:\/\/ftp3.syscom.mx\/usuarios\/ftp\/2026\/02\/09\/1908\/3.jpg_froala_698a10155256c\" alt=\"Wi-Fi 7 caracter\u00edsticas\" class=\"fr-fic fr-dii\"><\/div>\n<\/div>\n<p><!-- Secci\u00f3n: Plataforma Omada SDN --><\/p>\n<div style=\"display: flex; flex-wrap: wrap; gap: 30px; align-items: center; margin-bottom: 30px; border: 1px solid rgba(150&comma; 150&comma; 150&comma; 0.3); border-radius: 12px; padding: 20px;\">\n<div style=\"flex: 1 1 320px; min-width: 280px;\"><img decoding=\"async\" style=\"width: 900px; height: 126px; border: 1px solid rgba(150&comma; 150&comma; 150&comma; 0.3); border-radius: 12px;\" src=\"http:\/\/ftp3.syscom.mx\/usuarios\/ftp\/2026\/02\/09\/1908\/Captura_de_pantalla_20260209_a_la_s__11.58.16a.m..png_froala_698a20736dac1\" alt=\"Plataforma Omada SDN\" class=\"fr-fic fr-dii\"><\/div>\n<div style=\"flex: 1 1 360px; min-width: 280px;\">\n<h2 style=\"margin: 0 0 10px; font-size: 1.8rem; color: inherit;\">Tu casa conectada y segura&comma; siempre &nbsp;<\/h2>\n<ul style=\"padding-left: 20px; color: inherit;\">\n<li style=\"margin-bottom: 8px;\"><strong>Audio de dos v&iacute;as:<\/strong> Comun&iacute;quese directamente con la facilidad del audio a doble v&iacute;a.<\/li>\n<li><strong>Almacenamiento local seguro:<\/strong> Graba v&iacute;deos 24\/7 y crea tus horarios espec&iacute;ficos de grabaci&oacute;n con una microSD de hasta 256 GB (no incluida)<\/li>\n<li><strong>Almacenamiento en la Nube:<\/strong> Tapo Care. Disfruta de tu almacenamiento en la nube con espacios ilimitados.<\/li>\n<\/ul>\n<\/div>\n<\/div>\n<p><!-- Secci\u00f3n: Administraci\u00f3n centralizada en la nube --><\/p>\n<div style=\"display: flex; flex-wrap: wrap; gap: 30px; align-items: center; margin-bottom: 30px; border: 1px solid rgba(150&comma; 150&comma; 150&comma; 0.3); border-radius: 12px; padding: 20px;\">\n<div style=\"flex: 1 1 360px; min-width: 280px; order: 1;\">\n<h2 style=\"margin: 0 0 10px; font-size: 1.8rem; color: inherit;\">F&aacute;cil configuraci&oacute;n por Tapo app<\/h2>\n<p style=\"color: inherit;\">Siga las instrucciones y finalice la configuraci&oacute;n en pocos minutos.<\/p>\n<ul style=\"padding-left: 20px; color: inherit;\">\n<li style=\"margin-bottom: 8px;\">Descarga Tapo app<\/li>\n<li style=\"margin-bottom: 8px;\">Conecta tu c&aacute;mara a la corriente el&eacute;ctrica<\/li>\n<li style=\"margin-bottom: 8px;\">Sigue las instrucciones de la app<\/li>\n<\/ul>\n<\/div>\n<div style=\"flex: 1 1 320px; min-width: 280px; order: 2;\"><img decoding=\"async\" style=\"width: 100%; height: auto; border: 1px solid rgba(150&comma; 150&comma; 150&comma; 0.3); border-radius: 12px;\" src=\"http:\/\/ftp3.syscom.mx\/usuarios\/ftp\/2026\/02\/09\/1908\/app.png_froala_698a4034c7b8b\" alt=\"Administraci\u00f3n centralizada Omada\" class=\"fr-fic fr-dii\"><\/div>\n<\/div>\n<\/div>\n","protected":false},"excerpt":{"rendered":"<p>C\u00e1mara IP Wi-Fi 2 megapixel \/ Visi\u00f3n 360\u00ba \/ Audio doble v\u00edas \/ Visi\u00f3n Nocturna \/  Notificaci\u00f3n Push \/ Vision de Hasta 9 Metros<\/p>\n","protected":false},"featured_media":93810,"comment_status":"open","ping_status":"closed","template":"","meta":[],"product_brand":[],"product_cat":[1224],"product_tag":[122,1225,71],"class_list":{"0":"post-93811","1":"product","2":"type-product","3":"status-publish","4":"has-post-thumbnail","6":"product_cat-ptz","7":"product_tag-camaras-ip-y-nvrs","8":"product_tag-ptz","9":"product_tag-tp-link","11":"first","12":"instock","13":"sale","14":"shipping-taxable","15":"purchasable","16":"product-type-simple"},"_links":{"self":[{"href":"https:\/\/soydeaqui.ddns.net\/pachuca\/index.php\/wp-json\/wp\/v2\/product\/93811","targetHints":{"allow":["GET"]}}],"collection":[{"href":"https:\/\/soydeaqui.ddns.net\/pachuca\/index.php\/wp-json\/wp\/v2\/product"}],"about":[{"href":"https:\/\/soydeaqui.ddns.net\/pachuca\/index.php\/wp-json\/wp\/v2\/types\/product"}],"replies":[{"embeddable":true,"href":"https:\/\/soydeaqui.ddns.net\/pachuca\/index.php\/wp-json\/wp\/v2\/comments?post=93811"}],"wp:featuredmedia":[{"embeddable":true,"href":"https:\/\/soydeaqui.ddns.net\/pachuca\/index.php\/wp-json\/wp\/v2\/media\/93810"}],"wp:attachment":[{"href":"https:\/\/soydeaqui.ddns.net\/pachuca\/index.php\/wp-json\/wp\/v2\/media?parent=93811"}],"wp:term":[{"taxonomy":"product_brand","embeddable":true,"href":"https:\/\/soydeaqui.ddns.net\/pachuca\/index.php\/wp-json\/wp\/v2\/product_brand?post=93811"},{"taxonomy":"product_cat","embeddable":true,"href":"https:\/\/soydeaqui.ddns.net\/pachuca\/index.php\/wp-json\/wp\/v2\/product_cat?post=93811"},{"taxonomy":"product_tag","embeddable":true,"href":"https:\/\/soydeaqui.ddns.net\/pachuca\/index.php\/wp-json\/wp\/v2\/product_tag?post=93811"}],"curies":[{"name":"wp","href":"https:\/\/api.w.org\/{rel}","templated":true}]}}