{"id":93738,"date":"2026-03-20T06:16:04","date_gmt":"2026-03-20T06:16:04","guid":{"rendered":"https:\/\/soydeaqui.ddns.net\/pachuca\/index.php\/producto\/monitor-led-32-2-altavoces-potentes-angulo-de-vision-178-entradas-hdmi-y-vga-uso-24-7-montaje-vesa-100-x-100-calibracion-inteligente-de-imagen\/"},"modified":"2026-03-20T06:16:13","modified_gmt":"2026-03-20T06:16:13","slug":"monitor-led-32-2-altavoces-potentes-angulo-de-vision-178-entradas-hdmi-y-vga-uso-24-7-montaje-vesa-100-x-100-calibracion-inteligente-de-imagen","status":"publish","type":"product","link":"https:\/\/soydeaqui.ddns.net\/pachuca\/index.php\/producto\/monitor-led-32-2-altavoces-potentes-angulo-de-vision-178-entradas-hdmi-y-vga-uso-24-7-montaje-vesa-100-x-100-calibracion-inteligente-de-imagen\/","title":{"rendered":"Monitor LED 32&#8243; \/ 2 Altavoces Potentes \/ \u00c1ngulo de Visi\u00f3n 178\u00b0 \/ Entradas HDMI y VGA \/ Uso 24-7 \/ Montaje VESA (100 X 100) \/ Calibraci\u00f3n Inteligente de Imagen"},"content":{"rendered":"<div style='width: 100%; max-width: 1200px; margin: 0 auto; font-family: sans-serif; line-height: 1.6; color: inherit; background-color: transparent;'>\n<div style='width: 100%; display: flex; justify-content: center; margin: 20px 0;'> <img style='width: 50%; height: auto; border: 1px solid rgba(150&comma;150&comma;150&comma;0.3); border-radius: 8px;' src='https:\/\/ftp3.syscom.mx\/usuarios\/nortega\/hikvision\/HPD.png' alt=''> <\/div>\n<div style='display: flex; flex-wrap: wrap; gap: 30px; margin-bottom: 30px;'>\n<div style='flex: 1 1 300px; min-width: 280px;'>\n<h3 style='font-size: 22px; border-bottom: 2px solid currentColor; padding-bottom: 5px; margin-top: 0; color: inherit; opacity: 0.8;'>Caracter\u00edsticas principales<\/h3>\n<ul style='padding-left: 20px; font-size: 15px; color: inherit;'>\n<li style='margin-bottom: 5px;'>Monitor 32&#8242; LED Full HD (1920 x 1080)<\/li>\n<li style='margin-bottom: 5px;'>Entrada de v\u00eddeo en HDMI y VGA\n<ul style='padding-left: 20px; margin-top: 5px;'>\n<li style='margin-bottom: 5px;'>Incluye cable HDMI<\/li>\n<li style='margin-bottom: 5px;'>Incluye control remoto<\/li>\n<\/ul>\n<\/li>\n<li style='margin-bottom: 5px;'>Bocinas: 2 x 8\u03a9 10W8<\/li>\n<li style='margin-bottom: 5px;'>Ideal para negocio&comma; oficina&comma; hogar y videovigilancia (uso 24\/7)<\/li>\n<li style='margin-bottom: 5px;'>Compatible con montajes VESA (100 x 100)<\/li>\n<li style='margin-bottom: 5px;'>Incluye control remoto<\/li>\n<\/ul><\/div>\n<div style='flex: 1 1 300px; min-width: 280px;'>\n<h3 style='font-size: 22px; border-bottom: 2px solid currentColor; padding-bottom: 5px; margin-top: 0; color: inherit; opacity: 0.8;'>Caracter\u00edsticas F\u00edsicas y El\u00e9ctricas<\/h3>\n<ul style='padding-left: 20px; font-size: 15px; color: inherit;'>\n<li style='margin-bottom: 5px;'>Alimentaci\u00f3n \/ Consumo: 100 a 240 VCA \/ 50 Watts<\/li>\n<li style='margin-bottom: 5px;'>Color negro<\/li>\n<li style='margin-bottom: 5px;'>Dimensiones:\n<ul style='padding-left: 20px; margin-top: 5px;'>\n<li style='margin-bottom: 5px;'>Con base: 735.08 mm x 489.16 mm x 207.95 mm<\/li>\n<li style='margin-bottom: 5px;'>Sin base: 735.08 mm x 433.46 mm x 80.19 mm<\/li>\n<\/ul>\n<\/li>\n<li style='margin-bottom: 5px;'>Peso: 4.55 Kg<\/li>\n<\/ul><\/div>\n<div style='flex: 1 1 300px; min-width: 280px;'>\n<h3 style='font-size: 22px; border-bottom: 2px solid currentColor; padding-bottom: 5px; margin-top: 0; color: inherit; opacity: 0.8;'>Caracter\u00edsticas Destacadas<\/h3>\n<p style='font-size: 15px; color: inherit;'>Los monitores de HIKVISION est\u00e1n dedicados para el uso continuo (24\/7)&comma; ideal para cualquier ambiente o uso&comma; ya sea para un usuario casero&comma; de oficina o el sistema de videovigilancia.<\/p>\n<\/p><\/div>\n<\/p><\/div>\n<hr style='border: 0; border-top: 1px solid rgba(150&comma; 150&comma; 150&comma; 0.3); margin: 30px 0;'>\n<div style='width: 100%; display: flex; justify-content: center; margin: 20px 0;'> <img style='width: 100%; height: auto; border: 1px solid rgba(150&comma;150&comma;150&comma;0.3); border-radius: 8px;' src='https:\/\/ftp3.syscom.mx\/usuarios\/nortega\/hikvision\/imagenes\/HIKVISION-VW-DS.png' alt=''> <\/div>\n<\/p><\/div>\n","protected":false},"excerpt":{"rendered":"<p>Monitor LED 32&#8243; \/ 2 Altavoces Potentes \/ \u00c1ngulo de Visi\u00f3n 178\u00b0 \/ Entradas HDMI y VGA \/ Uso 24-7 \/ Montaje VESA (100 X 100) \/ Calibraci\u00f3n Inteligente de Imagen<\/p>\n","protected":false},"featured_media":93737,"comment_status":"open","ping_status":"closed","template":"","meta":[],"product_brand":[],"product_cat":[2191],"product_tag":[54,2089,2192],"class_list":{"0":"post-93738","1":"product","2":"type-product","3":"status-publish","4":"has-post-thumbnail","6":"product_cat-pantallas-monitores-monitores-pantallas-y-mobiliario","7":"product_tag-hikvision","8":"product_tag-monitores-pantallas-y-mobiliario","9":"product_tag-pantallas-monitores-2","11":"first","12":"outofstock","13":"sale","14":"shipping-taxable","15":"purchasable","16":"product-type-simple"},"_links":{"self":[{"href":"https:\/\/soydeaqui.ddns.net\/pachuca\/index.php\/wp-json\/wp\/v2\/product\/93738","targetHints":{"allow":["GET"]}}],"collection":[{"href":"https:\/\/soydeaqui.ddns.net\/pachuca\/index.php\/wp-json\/wp\/v2\/product"}],"about":[{"href":"https:\/\/soydeaqui.ddns.net\/pachuca\/index.php\/wp-json\/wp\/v2\/types\/product"}],"replies":[{"embeddable":true,"href":"https:\/\/soydeaqui.ddns.net\/pachuca\/index.php\/wp-json\/wp\/v2\/comments?post=93738"}],"wp:featuredmedia":[{"embeddable":true,"href":"https:\/\/soydeaqui.ddns.net\/pachuca\/index.php\/wp-json\/wp\/v2\/media\/93737"}],"wp:attachment":[{"href":"https:\/\/soydeaqui.ddns.net\/pachuca\/index.php\/wp-json\/wp\/v2\/media?parent=93738"}],"wp:term":[{"taxonomy":"product_brand","embeddable":true,"href":"https:\/\/soydeaqui.ddns.net\/pachuca\/index.php\/wp-json\/wp\/v2\/product_brand?post=93738"},{"taxonomy":"product_cat","embeddable":true,"href":"https:\/\/soydeaqui.ddns.net\/pachuca\/index.php\/wp-json\/wp\/v2\/product_cat?post=93738"},{"taxonomy":"product_tag","embeddable":true,"href":"https:\/\/soydeaqui.ddns.net\/pachuca\/index.php\/wp-json\/wp\/v2\/product_tag?post=93738"}],"curies":[{"name":"wp","href":"https:\/\/api.w.org\/{rel}","templated":true}]}}