{"id":93705,"date":"2026-03-20T06:14:42","date_gmt":"2026-03-20T06:14:42","guid":{"rendered":"https:\/\/soydeaqui.ddns.net\/pachuca\/index.php\/producto\/nvr-wisenet-wave-basada-en-windows-montable-en-rack-1u-incluye-1-licencia-wave-pro-04-470-mbps-throughput-incluye-80-tb-para-almacenamiento\/"},"modified":"2026-03-20T06:14:46","modified_gmt":"2026-03-20T06:14:46","slug":"nvr-wisenet-wave-basada-en-windows-montable-en-rack-1u-incluye-1-licencia-wave-pro-04-470-mbps-throughput-incluye-80-tb-para-almacenamiento","status":"publish","type":"product","link":"https:\/\/soydeaqui.ddns.net\/pachuca\/index.php\/producto\/nvr-wisenet-wave-basada-en-windows-montable-en-rack-1u-incluye-1-licencia-wave-pro-04-470-mbps-throughput-incluye-80-tb-para-almacenamiento\/","title":{"rendered":"NVR Wisenet WAVE basada en Windows \/ Montable en Rack 1U \/ Incluye 1 licencia WAVE-PRO-04 \/ 470 Mbps throughput \/ Incluye 80 TB para almacenamiento"},"content":{"rendered":"<div style='width: 100%; max-width: 1200px; margin: 0 auto; font-family: sans-serif; line-height: 1.6; color: inherit; background-color: transparent;'> <!-- Imagen destacada --> <\/p>\n<div style='margin-bottom: 30px;'> <img style='width: 100%; height: auto; border: 1px solid rgba(150&comma;150&comma;150&comma;0.3); border-radius: 8px;' src='https:\/\/ftp3.syscom.mx\/usuarios\/gmagos\/Hanwha\/fotos\/plantilla-iconos-win.jpg' alt=''> <\/div>\n<p> <!-- T\u00edtulo de secci\u00f3n --> <\/p>\n<div style='text-align: center; margin-bottom: 30px;'>\n<h3 style='font-size: 22px; border-bottom: 2px solid currentColor; padding-bottom: 5px; margin-top: 0; color: inherit; opacity: 0.8; display: inline-block; border-bottom: 2px solid currentColor;'>Caracter\u00edsticas t\u00e9cnicas<\/h3>\n<\/p><\/div>\n<p> <!-- Secci\u00f3n de contenido con grid --> <\/p>\n<div style='display: grid; grid-template-columns: repeat(auto-fill&comma; minmax(300px&comma; 1fr)); gap: 30px; margin-bottom: 30px;'> <!-- Columna 1 --> <\/p>\n<div style='min-width: 280px;'>\n<div style='border-left: 5px solid #f37324; border-radius: 5px; padding: 5px; box-shadow: 2px 2px 10px rgba(243&comma;115&comma;36&comma;0.3);'> <strong style='font-family: Arial&comma; Helvetica&comma; sans-serif; display: block; margin-bottom: 10px; color: inherit;'>Sistema:<\/strong> <\/p>\n<ul style='padding-left: 20px; font-size: 15px; color: inherit; list-style-type: disc;'>\n<li style='margin-bottom: 5px;'><span style='font-family: Arial&comma; Helvetica&comma; sans-serif;'>Software VMS: Wisenet WAVE<\/span><\/li>\n<li style='margin-bottom: 5px;'><span style='font-family: Arial&comma; Helvetica&comma; sans-serif;'>Licencias pre-cargadas: 1 licencia Wisenet WAVE-PRO04 incluida<\/span><\/li>\n<li style='margin-bottom: 5px;'><span style='font-family: Arial&comma; Helvetica&comma; sans-serif;'>Ancho de banda para grabaci\u00f3n: 470 Mbps<\/span><\/li>\n<li style='margin-bottom: 5px;'><span style='font-family: Arial&comma; Helvetica&comma; sans-serif;'>Disco duro sistema operativo: 2 x 480 GB Raid 1 SSD<\/span><\/li>\n<li style='margin-bottom: 5px;'>Almacenamiento incluido: 80 TB<\/li>\n<li style='margin-bottom: 5px;'><span style='font-family: Arial&comma; Helvetica&comma; sans-serif;'>Bah\u00edas para discos duros adicionales: 4 x 3.5 SATA Hot Swap (1 usado para SO)<\/span><\/li>\n<li style='margin-bottom: 5px;'><span style='font-family: Arial&comma; Helvetica&comma; sans-serif;'>Capacidad m\u00e1xima de disco duro: Hasta 80 TB en Crudo<\/span><\/li>\n<li style='margin-bottom: 5px;'><span style='font-family: Arial&comma; Helvetica&comma; sans-serif;'>Procesador: 1 x Procesador Intel Xeon<\/span><\/li>\n<li style='margin-bottom: 5px;'><span style='font-family: Arial&comma; Helvetica&comma; sans-serif;'>Memoria: 16 GB DDR4<\/span><\/li>\n<li style='margin-bottom: 5px;'><span style='font-family: Arial&comma; Helvetica&comma; sans-serif;'>Windows 10 IoT Enterprise<\/span><\/li>\n<\/ul><\/div>\n<\/p><\/div>\n<p> <!-- Columna 2 --> <\/p>\n<div style='min-width: 280px;'>\n<div style='border-left: 5px solid #f37324; border-radius: 5px; padding: 5px; box-shadow: 2px 2px 10px rgba(243&comma;115&comma;36&comma;0.3);'> <strong style='font-family: Arial&comma; Helvetica&comma; sans-serif; display: block; margin-bottom: 10px; color: inherit;'>Interfaces:<\/strong> <\/p>\n<ul style='padding-left: 20px; font-size: 15px; color: inherit; list-style-type: disc;'>\n<li style='margin-bottom: 5px;'>Interfaces de red: 2 x RJ45&comma; Gigabit Ethernet<\/li>\n<li style='margin-bottom: 5px;'><span style='font-family: Arial&comma; Helvetica&comma; sans-serif;'>Salidas de video: 1 HDMI \/ 1 VGA (Solo para configuraci\u00f3n&comma; no optimizada para visualizaci\u00f3n de c\u00e1maras)<\/span><\/li>\n<li style='margin-bottom: 5px;'><span style='font-family: Arial&comma; Helvetica&comma; sans-serif;'>Puertos USB: 2 USB 3.2 Traseros&comma; 2 USB 3.2 Frontal<\/span><\/li>\n<li style='margin-bottom: 5px;'><span style='font-family: Arial&comma; Helvetica&comma; sans-serif;'>Otros puertos: Serial<\/span><\/li>\n<\/ul>\n<p> <strong style='font-family: Arial&comma; Helvetica&comma; sans-serif; display: block; margin-top: 20px; margin-bottom: 10px; color: inherit;'>Caracter\u00edsticas F\u00edsicas y El\u00e9ctricas:<\/strong> <\/p>\n<ul style='padding-left: 20px; font-size: 15px; color: inherit; list-style-type: disc;'>\n<li style='margin-bottom: 5px;'>Fuente de poder: 250 W Bronce<\/li>\n<li style='margin-bottom: 5px;'>Entrada de voltaje: 100 &#8211; 240 VCA<\/li>\n<li style='margin-bottom: 5px;'>Consumo m\u00e1ximo: 250 W<\/li>\n<\/ul><\/div>\n<\/p><\/div>\n<p> <!-- Columna 3 --> <\/p>\n<div style='min-width: 280px;'>\n<div style='border-left: 5px solid #f37324; border-radius: 5px; padding: 5px; box-shadow: 2px 2px 10px rgba(243&comma;115&comma;36&comma;0.3);'> <strong style='font-family: Arial&comma; Helvetica&comma; sans-serif; display: block; margin-bottom: 10px; color: inherit;'>Mec\u00e1nico<\/strong> <\/p>\n<ul style='padding-left: 20px; font-size: 15px; color: inherit; list-style-type: disc;'>\n<li style='margin-bottom: 5px;'>Forma del equipo: Chassis montable en Rack 1U<\/li>\n<li style='margin-bottom: 5px;'>Color \/ Material: Negro \/ Metal<\/li>\n<li style='margin-bottom: 5px;'>Dimensiones: 444 mm x 440 mm x 44 mm<\/li>\n<li style='margin-bottom: 5px;'>Peso: 23 Kg (sin discos duros)<\/li>\n<\/ul>\n<p> <strong style='font-family: Arial&comma; Helvetica&comma; sans-serif; display: block; margin-top: 20px; margin-bottom: 10px; color: inherit;'>Ambiental<\/strong> <\/p>\n<ul style='padding-left: 20px; font-size: 15px; color: inherit; list-style-type: disc;'>\n<li style='margin-bottom: 5px;'>Temperatura de operaci\u00f3n: 10 a 35 \u00baC<\/li>\n<li style='margin-bottom: 5px;'>Temperatura de almacenamiento: -40 a 65 \u00baC<\/li>\n<li style='margin-bottom: 5px;'>Humedad de operaci\u00f3n: 10% a 80% RH sin condensaci\u00f3n<\/li>\n<\/ul>\n<p> <strong style='font-family: Arial&comma; Helvetica&comma; sans-serif; display: block; margin-top: 20px; margin-bottom: 10px; color: inherit;'>Certificaciones<\/strong> <\/p>\n<ul style='padding-left: 20px; font-size: 15px; color: inherit; list-style-type: disc;'>\n<li style='margin-bottom: 5px;'>UL&comma; cUL&comma; FCC&comma; BSMI<\/li>\n<\/ul><\/div>\n<\/p><\/div>\n<\/p><\/div>\n<p> <!-- Garant\u00eda --> <\/p>\n<div style='text-align: center; margin-top: 30px;'>\n<p style='font-size: 16px; font-weight: bold; color: inherit;'>Garant\u00eda de 3 a\u00f1os<\/p>\n<\/p><\/div>\n<p> <!-- Separador final --> <\/p>\n<hr style='border: 0; border-top: 1px solid rgba(150&comma; 150&comma; 150&comma; 0.3); margin: 30px 0;'> <\/div>\n","protected":false},"excerpt":{"rendered":"<p>NVR Wisenet WAVE basada en Windows \/ Montable en Rack 1U \/ Incluye 1 licencia WAVE-PRO-04 \/ 470 Mbps throughput \/ Incluye 80 TB para almacenamiento<\/p>\n","protected":false},"featured_media":93704,"comment_status":"open","ping_status":"closed","template":"","meta":[],"product_brand":[],"product_cat":[2236],"product_tag":[1055,2065,2237],"class_list":{"0":"post-93705","1":"product","2":"type-product","3":"status-publish","4":"has-post-thumbnail","6":"product_cat-servidores-de-aplicacion","7":"product_tag-hanwha-vision","8":"product_tag-servidores-almacenamiento","9":"product_tag-servidores-de-aplicacion","11":"first","12":"outofstock","13":"sale","14":"shipping-taxable","15":"purchasable","16":"product-type-simple"},"_links":{"self":[{"href":"https:\/\/soydeaqui.ddns.net\/pachuca\/index.php\/wp-json\/wp\/v2\/product\/93705","targetHints":{"allow":["GET"]}}],"collection":[{"href":"https:\/\/soydeaqui.ddns.net\/pachuca\/index.php\/wp-json\/wp\/v2\/product"}],"about":[{"href":"https:\/\/soydeaqui.ddns.net\/pachuca\/index.php\/wp-json\/wp\/v2\/types\/product"}],"replies":[{"embeddable":true,"href":"https:\/\/soydeaqui.ddns.net\/pachuca\/index.php\/wp-json\/wp\/v2\/comments?post=93705"}],"wp:featuredmedia":[{"embeddable":true,"href":"https:\/\/soydeaqui.ddns.net\/pachuca\/index.php\/wp-json\/wp\/v2\/media\/93704"}],"wp:attachment":[{"href":"https:\/\/soydeaqui.ddns.net\/pachuca\/index.php\/wp-json\/wp\/v2\/media?parent=93705"}],"wp:term":[{"taxonomy":"product_brand","embeddable":true,"href":"https:\/\/soydeaqui.ddns.net\/pachuca\/index.php\/wp-json\/wp\/v2\/product_brand?post=93705"},{"taxonomy":"product_cat","embeddable":true,"href":"https:\/\/soydeaqui.ddns.net\/pachuca\/index.php\/wp-json\/wp\/v2\/product_cat?post=93705"},{"taxonomy":"product_tag","embeddable":true,"href":"https:\/\/soydeaqui.ddns.net\/pachuca\/index.php\/wp-json\/wp\/v2\/product_tag?post=93705"}],"curies":[{"name":"wp","href":"https:\/\/api.w.org\/{rel}","templated":true}]}}