{"id":93703,"date":"2026-03-20T06:14:39","date_gmt":"2026-03-20T06:14:39","guid":{"rendered":"https:\/\/soydeaqui.ddns.net\/pachuca\/index.php\/producto\/camara-unifi-ai-pro-4k-8mpx-para-interior-o-exterior-ip65-zoom-optico-de-3x-con-inteligencia-artificial-deteccion-de-personas-placas-y-mas-audio-2-vias\/"},"modified":"2026-03-20T06:14:39","modified_gmt":"2026-03-20T06:14:39","slug":"camara-unifi-ai-pro-4k-8mpx-para-interior-o-exterior-ip65-zoom-optico-de-3x-con-inteligencia-artificial-deteccion-de-personas-placas-y-mas-audio-2-vias","status":"publish","type":"product","link":"https:\/\/soydeaqui.ddns.net\/pachuca\/index.php\/producto\/camara-unifi-ai-pro-4k-8mpx-para-interior-o-exterior-ip65-zoom-optico-de-3x-con-inteligencia-artificial-deteccion-de-personas-placas-y-mas-audio-2-vias\/","title":{"rendered":"C\u00e1mara UniFi AI PRO 4k (8MPX), para interior o exterior (IP65) Zoom \u00f3ptico de 3X, con Inteligencia Artificial, detecci\u00f3n de personas, placas y m\u00e1s, audio 2 v\u00edas"},"content":{"rendered":"<div style='width: 100%; max-width: 1200px; margin: 0 auto; font-family: sans-serif; line-height: 1.6; color: inherit; background-color: transparent;'>\n<div style='display: flex; flex-wrap: wrap; gap: 30px; margin-bottom: 30px;'>\n<div style='flex: 1 1 300px; min-width: 280px;'>\n<h3 style='font-size: 22px; border-bottom: 2px solid currentColor; padding-bottom: 5px; margin-top: 0; color: inherit; opacity: 0.8;'>Caracter\u00edsticas principales<\/h3>\n<ul style='padding-left: 20px; font-size: 15px; color: inherit;'>\n<li style='margin-bottom: 5px;'><img style='width: 16px; height: 16px; vertical-align: middle; margin-right: 8px;' src='https:\/\/assets.ecomm.ui.com\/static\/key-features\/lens.svg' alt=''>Resoluci\u00f3n de video 4K (8MP)<\/li>\n<li style='margin-bottom: 5px;'><img style='width: 16px; height: 16px; vertical-align: middle; margin-right: 8px;' src='https:\/\/assets.ecomm.ui.com\/static\/key-features\/zoom.svg' alt=''>3x zoom \u00f3ptico<\/li>\n<li style='margin-bottom: 5px;'><img style='width: 16px; height: 16px; vertical-align: middle; margin-right: 8px;' src='https:\/\/assets.ecomm.ui.com\/static\/key-features\/range.svg' alt=''>AI Avanzada: Reconocimiento facial y de placas<\/li>\n<li style='margin-bottom: 5px;'><img style='width: 16px; height: 16px; vertical-align: middle; margin-right: 8px;' src='https:\/\/assets.ecomm.ui.com\/static\/key-features\/night.svg' alt=''>Visi\u00f3n nocturna IR 25 m (82 ft)<\/li>\n<li style='margin-bottom: 5px;'><img style='width: 16px; height: 16px; vertical-align: middle; margin-right: 8px;' src='https:\/\/assets.ecomm.ui.com\/static\/key-features\/microphone.svg' alt=''>Micr\u00f3fonos de largo alcance para audio de dos v\u00edas<\/li>\n<li style='margin-bottom: 5px;'><img style='width: 16px; height: 16px; vertical-align: middle; margin-right: 8px;' src='https:\/\/assets.ecomm.ui.com\/static\/key-features\/poe.svg' alt=''>Conecta y energiza con PoE (NO incluido&comma; recomendado Switch UniFi PoE o Inyector <a style='color: #3598db;' href='https:\/\/www.syscom.mx\/producto\/U-POE-UBIQUITI-INC.-237708.html' target='_blank' rel='noopener'>U-POE<\/a>)<\/li>\n<li style='margin-bottom: 5px;'><img style='width: 16px; height: 16px; vertical-align: middle; margin-right: 8px;' src='https:\/\/assets.ecomm.ui.com\/static\/key-features\/waterdrop.svg' alt=''>Resistente a la intemperie (expuesto al exterior)<\/li>\n<\/ul><\/div>\n<div style='flex: 1 1 300px; min-width: 280px;'> <img style='width: 100%; height: auto; border: 1px solid rgba(150&comma;150&comma;150&comma;0.3); border-radius: 8px;' src='https:\/\/images.svc.ui.com\/?u=https%3A%2F%2Fcdn.ecomm.ui.com%2Fproducts%2F3b2997e9-38a5-499b-9b01-28acaf9bf6b7%2F3036cb26-e1d1-4c7f-904c-1450563fc4ef.png&#038;q=75&#038;w=3840' alt=''> <\/div>\n<\/p><\/div>\n<hr style='border: 0; border-top: 1px solid rgba(150&comma; 150&comma; 150&comma; 0.3); margin: 30px 0;'>\n<div style='display: flex; flex-wrap: wrap; gap: 20px; margin-bottom: 30px;'>\n<div style='flex: 1 1 250px; border: 1px solid rgba(150&comma; 150&comma; 150&comma; 0.4); border-radius: 8px; overflow: hidden; display: flex; flex-direction: column;'>\n<div style='padding: 15px; border-bottom: 1px solid rgba(150&comma; 150&comma; 150&comma; 0.2); font-weight: bold; font-size: 18px; color: inherit;'>Especificaciones<\/div>\n<div style='padding: 15px; color: inherit;'>\n<ul style='padding-left: 20px; margin: 0; font-size: 14px; list-style-type: disc;'>\n<li style='margin-bottom: 5px;'><strong>Dimensiones:<\/strong> Sin soporte: \u00d886 x 112&comma;6 mm (\u00d83&comma;4 x 4&comma;4&#8242;) Con soporte: \u00d886 x 175&comma;3 mm (\u00d83&comma;4 x 6&comma;9&#8242;)<\/li>\n<li style='margin-bottom: 5px;'><strong>Visi\u00f3n nocturna por infrarrojos:<\/strong> 25 m (82 pies) Hasta 40 m (131 pies) con Vision Enhancer<\/li>\n<li style='margin-bottom: 5px;'><strong>Zoom \u00f3ptico:<\/strong> 3x<\/li>\n<li style='margin-bottom: 5px;'><strong>Reconocimiento facial:<\/strong> S\u00ed<\/li>\n<li style='margin-bottom: 5px;'><strong>Reconocimiento de matr\u00edculas:<\/strong> S\u00ed<\/li>\n<li style='margin-bottom: 5px;'><strong>Detecciones inteligentes:<\/strong> Personas&comma; veh\u00edculos&comma; animales<\/li>\n<li style='margin-bottom: 5px;'><strong>Resoluci\u00f3n:<\/strong> 4K<\/li>\n<li style='margin-bottom: 5px;'><strong>Campo de visi\u00f3n:<\/strong> Gran angular: H: 109&comma;9\u00b0&comma; V: 59&comma;9\u00b0&comma; D: 127&comma;7\u00b0 Zoom: H: 34&comma;9\u00b0&comma; V: 19&comma;7\u00b0&comma; D: 40\u00b0<\/li>\n<li style='margin-bottom: 5px;'><strong>Audio:<\/strong> Audio bidireccional<\/li>\n<li style='margin-bottom: 5px;'><strong>Impermeabilizaci\u00f3n:<\/strong> IP65<\/li>\n<li style='margin-bottom: 5px;'><strong>Resistencia a la manipulaci\u00f3n:<\/strong> IK04<\/li>\n<li style='margin-bottom: 5px;'><strong>Montaje:<\/strong> Montaje en pared&comma; techo y poste (incluido). Caja de conexiones&comma; base en \u00e1ngulo (opcional).<\/li>\n<\/ul><\/div>\n<\/p><\/div>\n<div style='flex: 1 1 250px; border: 1px solid rgba(150&comma; 150&comma; 150&comma; 0.4); border-radius: 8px; overflow: hidden; display: flex; flex-direction: column;'>\n<div style='padding: 15px; border-bottom: 1px solid rgba(150&comma; 150&comma; 150&comma; 0.2); font-weight: bold; font-size: 18px; color: inherit;'>Actuaci\u00f3n<\/div>\n<div style='padding: 15px; color: inherit;'>\n<ul style='padding-left: 20px; margin: 0; font-size: 14px; list-style-type: disc;'>\n<li style='margin-bottom: 5px;'><strong>Interfaz de red:<\/strong> Puerto RJ45 GbE<\/li>\n<li style='margin-bottom: 5px;'><strong>Velocidad m\u00e1xima de fotogramas:<\/strong> 30 FPS<\/li>\n<li style='margin-bottom: 5px;'><strong>Resoluci\u00f3n:<\/strong> 8 MP 3840 x 2160 (16:9)<\/li>\n<li style='margin-bottom: 5px;'><strong>Sensor:<\/strong> 1\/1.8&#8242; 8MP<\/li>\n<li style='margin-bottom: 5px;'><strong>Lente:<\/strong> F 4&comma;1\u201312&comma;3 mm; \u0192\/1&comma;53\u2013\u0192\/3&comma;3<\/li>\n<li style='margin-bottom: 5px;'><strong>Modo nocturno:<\/strong> Iluminaci\u00f3n LED IR incorporada y un filtro de corte IR<\/li>\n<\/ul><\/div>\n<\/p><\/div>\n<div style='flex: 1 1 250px; border: 1px solid rgba(150&comma; 150&comma; 150&comma; 0.4); border-radius: 8px; overflow: hidden; display: flex; flex-direction: column;'>\n<div style='padding: 15px; border-bottom: 1px solid rgba(150&comma; 150&comma; 150&comma; 0.2); font-weight: bold; font-size: 18px; color: inherit;'>Hardware<\/div>\n<div style='padding: 15px; color: inherit;'>\n<ul style='padding-left: 20px; margin: 0; font-size: 14px; list-style-type: disc;'>\n<li style='margin-bottom: 5px;'><strong>Consumo m\u00e1ximo de energ\u00eda:<\/strong> Dispositivo: 11W Dispositivo con potenciador: 22W<\/li>\n<li style='margin-bottom: 5px;'><strong>Rango de voltaje admitido:<\/strong> 37\u201457 V CC<\/li>\n<li style='margin-bottom: 5px;'><strong>M\u00e9todo de potencia:<\/strong> Dispositivo: Dispositivo PoE con potenciador: PoE+<\/li>\n<li style='margin-bottom: 5px;'><strong>Procesador:<\/strong> Chip basado en Arm\u00ae Cortex\u00ae-A53 de cuatro n\u00facleos<\/li>\n<li style='margin-bottom: 5px;'><strong>Di\u00e1metro del montaje del poste:<\/strong> 1&comma;5\u20132&#8242; (38\u201350 mm)<\/li>\n<li style='margin-bottom: 5px;'><strong>Peso:<\/strong> Sin soporte: 675 g (1&comma;5 lb) Con soporte: 820 g (1&comma;8 lb)<\/li>\n<\/ul><\/div>\n<\/p><\/div>\n<div style='flex: 1 1 250px; border: 1px solid rgba(150&comma; 150&comma; 150&comma; 0.4); border-radius: 8px; overflow: hidden; display: flex; flex-direction: column;'>\n<div style='padding: 15px; border-bottom: 1px solid rgba(150&comma; 150&comma; 150&comma; 0.2); font-weight: bold; font-size: 18px; color: inherit;'>Caracter\u00edsticas ambientales<\/div>\n<div style='padding: 15px; color: inherit;'>\n<ul style='padding-left: 20px; margin: 0; font-size: 14px; list-style-type: disc;'>\n<li style='margin-bottom: 5px;'><strong>Material del recinto:<\/strong> Aleaci\u00f3n de aluminio&comma; policarbonato<\/li>\n<li style='margin-bottom: 5px;'><strong>Material de montaje:<\/strong> aleaci\u00f3n de aluminio<\/li>\n<li style='margin-bottom: 5px;'><strong>Bot\u00f3n:<\/strong> (1) Restablecimiento de f\u00e1brica<\/li>\n<li style='margin-bottom: 5px;'><strong>Temperatura ambiente de funcionamiento:<\/strong> -20 a 40\u00b0 C (-4 a 104\u00b0 F)<\/li>\n<li style='margin-bottom: 5px;'><strong>Humedad ambiental de funcionamiento:<\/strong> 10 a 90% sin condensaci\u00f3n<\/li>\n<li style='margin-bottom: 5px;'><strong>Certificaciones:<\/strong> CE&comma; FCC&comma; IC<\/li>\n<li style='margin-bottom: 5px;'><strong>Cumple con la NDAA:<\/strong> S\u00ed<\/li>\n<\/ul><\/div>\n<\/p><\/div>\n<\/p><\/div>\n<hr style='border: 0; border-top: 1px solid rgba(150&comma; 150&comma; 150&comma; 0.3); margin: 30px 0;'>\n<div style='display: flex; flex-wrap: wrap; gap: 30px; margin-bottom: 30px;'>\n<div style='flex: 1 1 300px; min-width: 280px;'> <img style='width: 100%; height: auto; border: 1px solid rgba(150&comma;150&comma;150&comma;0.3); border-radius: 8px;' src='https:\/\/images.svc.ui.com\/?u=https%3A%2F%2Fcdn.ecomm.ui.com%2Fproducts%2F3b2997e9-38a5-499b-9b01-28acaf9bf6b7%2Fc0cfd3a0-fe47-4579-8a51-86e861f1b751.png&#038;q=75&#038;w=1000' alt=''> <\/div>\n<\/p><\/div>\n<\/p><\/div>\n","protected":false},"excerpt":{"rendered":"<p>C\u00e1mara UniFi AI PRO 4k (8MPX), para interior o exterior (IP65) Zoom \u00f3ptico de 3X, con Inteligencia Artificial, detecci\u00f3n de personas, placas y m\u00e1s, audio 2 v\u00edas<\/p>\n","protected":false},"featured_media":93702,"comment_status":"open","ping_status":"closed","template":"","meta":[],"product_brand":[],"product_cat":[438],"product_tag":[439,122,166],"class_list":{"0":"post-93703","1":"product","2":"type-product","3":"status-publish","4":"has-post-thumbnail","6":"product_cat-bala","7":"product_tag-bala","8":"product_tag-camaras-ip-y-nvrs","9":"product_tag-ubiquiti","11":"first","12":"instock","13":"sale","14":"shipping-taxable","15":"purchasable","16":"product-type-simple"},"_links":{"self":[{"href":"https:\/\/soydeaqui.ddns.net\/pachuca\/index.php\/wp-json\/wp\/v2\/product\/93703","targetHints":{"allow":["GET"]}}],"collection":[{"href":"https:\/\/soydeaqui.ddns.net\/pachuca\/index.php\/wp-json\/wp\/v2\/product"}],"about":[{"href":"https:\/\/soydeaqui.ddns.net\/pachuca\/index.php\/wp-json\/wp\/v2\/types\/product"}],"replies":[{"embeddable":true,"href":"https:\/\/soydeaqui.ddns.net\/pachuca\/index.php\/wp-json\/wp\/v2\/comments?post=93703"}],"wp:featuredmedia":[{"embeddable":true,"href":"https:\/\/soydeaqui.ddns.net\/pachuca\/index.php\/wp-json\/wp\/v2\/media\/93702"}],"wp:attachment":[{"href":"https:\/\/soydeaqui.ddns.net\/pachuca\/index.php\/wp-json\/wp\/v2\/media?parent=93703"}],"wp:term":[{"taxonomy":"product_brand","embeddable":true,"href":"https:\/\/soydeaqui.ddns.net\/pachuca\/index.php\/wp-json\/wp\/v2\/product_brand?post=93703"},{"taxonomy":"product_cat","embeddable":true,"href":"https:\/\/soydeaqui.ddns.net\/pachuca\/index.php\/wp-json\/wp\/v2\/product_cat?post=93703"},{"taxonomy":"product_tag","embeddable":true,"href":"https:\/\/soydeaqui.ddns.net\/pachuca\/index.php\/wp-json\/wp\/v2\/product_tag?post=93703"}],"curies":[{"name":"wp","href":"https:\/\/api.w.org\/{rel}","templated":true}]}}