{"id":93697,"date":"2026-03-20T06:14:24","date_gmt":"2026-03-20T06:14:24","guid":{"rendered":"https:\/\/soydeaqui.ddns.net\/pachuca\/index.php\/producto\/hikcentral-professional-licencia-anade-gestion-de-1-maquina-de-rayos-x-hikcentral-p-sinsp-1unit\/"},"modified":"2026-03-20T06:14:26","modified_gmt":"2026-03-20T06:14:26","slug":"hikcentral-professional-licencia-anade-gestion-de-1-maquina-de-rayos-x-hikcentral-p-sinsp-1unit","status":"publish","type":"product","link":"https:\/\/soydeaqui.ddns.net\/pachuca\/index.php\/producto\/hikcentral-professional-licencia-anade-gestion-de-1-maquina-de-rayos-x-hikcentral-p-sinsp-1unit\/","title":{"rendered":"HikCentral Professional \/ Licencia A\u00f1ade Gestion de 1 Maquina de Rayos X (HikCentral-P-SINSP-1Unit)"},"content":{"rendered":"<div style='width: 100%; max-width: 1200px; margin: 0 auto; font-family: sans-serif; line-height: 1.6; color: inherit; background-color: transparent;'>\n<p style='text-align: center; margin: 0; padding: 0;'><span style='font-family: verdana&comma; geneva&comma; sans-serif;'><img style='width: 100%; height: auto; border: 1px solid rgba(150&comma;150&comma;150&comma;0.3); border-radius: 8px;' src='https:\/\/ftp3.syscom.mx\/usuarios\/jsosa\/HIKVISION\/imagenes\/logo\/hikvision%20see%20far.png' alt='Logo Hikvision' \/><\/span><\/p>\n<div style='display: flex; flex-wrap: wrap; gap: 30px; margin: 30px 0;'>\n<div style='flex: 1 1 300px; min-width: 280px;'>\n<h3 style='font-size: 22px; border-bottom: 2px solid currentColor; padding-bottom: 5px; margin-top: 0; color: inherit; opacity: 0.8;'>Caracter\u00edsticas Principales:<\/h3>\n<ul style='padding-left: 20px; font-size: 15px; color: inherit;'>\n<li style='margin-bottom: 5px;'>Esta licencia a\u00f1ade gesti\u00f3n de 1 m\u00e1quina de rayos X<\/li>\n<li style='margin-bottom: 5px;'>Para a\u00f1adir esta licencia es necesario tener activa una licencia base de video<\/li>\n<\/ul><\/div>\n<div style='flex: 1 1 300px; min-width: 280px;'>\n<h3 style='font-size: 22px; border-bottom: 2px solid currentColor; padding-bottom: 5px; margin-top: 0; color: inherit; opacity: 0.8;'>Consideraciones:<\/h3>\n<ul style='padding-left: 20px; font-size: 15px; color: inherit;'>\n<li style='margin-bottom: 5px;'>Al comprar cualquier licencia de HikCentral Professional&comma; usted recibir\u00e1 un archivo PDF en donde obtendr\u00e1 un c\u00f3digo para poder activar \/ a\u00f1adir la licencia a la plataforma<\/li>\n<li style='margin-bottom: 5px;'>Todas las licencias de HikCentral Professional&comma; tiene un tiempo estimado de entrega de 8 a 10 d\u00edas h\u00e1biles despu\u00e9s de generar la orden de compra<\/li>\n<li style='margin-bottom: 5px;'>No hay devoluciones o reembolsos de la licencia adquirida. Tampoco aplica cancelaci\u00f3n si ya se dio un anticipo para poder procesar la compra<\/li>\n<\/ul><\/div>\n<\/p><\/div>\n<p> <img style='width: 100%; height: auto; border: 1px solid rgba(150&comma;150&comma;150&comma;0.3); border-radius: 8px; margin: 30px 0;' src='https:\/\/ftp3.syscom.mx\/usuarios\/yalvarado\/hikvision\/HCP%20v2.6_Landingpage_homepage%20banner.jpg' alt='Banner HikCentral Professional' \/> <\/p>\n<p style='text-align: justify;'><strong>HikCentral Professional<\/strong>&comma; es el software de Hikvision para integrar sistemas de seguridad&comma; est\u00e1 dise\u00f1ado para afrontar los diferentes retos de seguridad en una plataforma intuitiva. Desde la gesti\u00f3n de sistemas individuales&comma; como la videovigilancia&comma; el control de accesos&comma; las alarmas de seguridad&comma; etc.&comma; hasta la combinaci\u00f3n de varios sistemas en una \u00fanica estructura unificada. Consigue que las operaciones diarias sean m\u00e1s eficientes sin perder de vista la protecci\u00f3n de las personas y las propiedades&comma; adem\u00e1s de ayudar a todo tipo de usuarios a tomar decisiones m\u00e1s inteligentes.<\/p>\n<div style='display: flex; flex-wrap: wrap; gap: 30px; margin: 30px 0;'>\n<div style='flex: 1 1 300px; min-width: 280px;'>\n<h3 style='font-size: 18px; margin-top: 0; color: inherit;'>Una plataforma vers\u00e1til con operaciones de gesti\u00f3n diversas<\/h3>\n<ul style='padding-left: 20px; font-size: 14px; color: inherit;'>\n<li style='margin-bottom: 5px;'>HikCentral Professional unifica una amplia gama de aplicaciones y proporciona una soluci\u00f3n perfecta para tu negocio&comma; desde necesidades b\u00e1sicas hasta avanzadas<\/li>\n<li style='margin-bottom: 5px;'>La gesti\u00f3n centralizada de roles multinivel brinda a los usuarios una eficiencia optimizada<\/li>\n<\/ul><\/div>\n<div style='flex: 1 1 300px; min-width: 280px;'>\n<div style='position: relative; padding-bottom: 56.25%; height: 0; overflow: hidden; margin-bottom: 30px;'> <video style='position: absolute; top: 0; left: 0; width: 100%; height: 100%; border: none;' src='https:\/\/ftp3.syscom.mx\/usuarios\/yalvarado\/hikvision\/HCP\/V2.6\/UNIDAD.mp4' loop muted controls><\/video> <\/div>\n<\/p><\/div>\n<\/p><\/div>\n<div style='display: flex; flex-wrap: wrap; gap: 30px; margin: 30px 0;'>\n<div style='flex: 1 1 300px; min-width: 280px;'> <img style='width: 100%; height: auto; border: 1px solid rgba(150&comma;150&comma;150&comma;0.3); border-radius: 8px;' src='https:\/\/ftp3.syscom.mx\/usuarios\/yalvarado\/hikvision\/HCP\/V2.6\/flexibilidad.png' alt='Flexibilidad' \/> <\/div>\n<div style='flex: 1 1 300px; min-width: 280px;'>\n<h3 style='font-size: 18px; margin-top: 0; color: inherit;'>Flexible y ampliable para una experiencia personalizada<\/h3>\n<ul style='padding-left: 20px; font-size: 14px; color: inherit;'>\n<li style='margin-bottom: 5px;'>Los sistemas centrales&comma; incluidos v\u00eddeo&comma; control de acceso&comma; intercomunicador y mantenimiento&comma; ahora requieren un rendimiento m\u00ednimo del servidor<\/li>\n<li style='margin-bottom: 5px;'>Ampl\u00eda f\u00e1cilmente las funcionalidades descargando aplicaciones para diversas empresas e industrias del mercado de aplicaciones en HikCentral Professional<\/li>\n<\/ul><\/div>\n<\/p><\/div>\n<div style='display: flex; flex-wrap: wrap; gap: 30px; margin: 30px 0;'>\n<div style='flex: 1 1 300px; min-width: 280px;'>\n<h3 style='font-size: 18px; margin-top: 0; color: inherit;'>Dise\u00f1o pensando en la simplicidad<\/h3>\n<ul style='padding-left: 20px; font-size: 14px; color: inherit;'>\n<li style='margin-bottom: 5px;'>Operaciones sencillas: Interfaz f\u00e1cil de usar con asistentes y dise\u00f1o visualizado<\/li>\n<li style='margin-bottom: 5px;'>Configuraci\u00f3n y mantenimiento simplificados: Visualizaci\u00f3n del estado del sistema en tiempo real y registros hist\u00f3ricos rastreables<\/li>\n<li style='margin-bottom: 5px;'>Control de permisos basados en roles: La visualizaci\u00f3n de contenido personalizado seg\u00fan el rol te permite concentrarte en las aplicaciones m\u00e1s importantes<\/li>\n<\/ul><\/div>\n<div style='flex: 1 1 300px; min-width: 280px;'>\n<div style='position: relative; padding-bottom: 56.25%; height: 0; overflow: hidden; margin-bottom: 30px;'> <video style='position: absolute; top: 0; left: 0; width: 100%; height: 100%; border: none;' src='https:\/\/ftp3.syscom.mx\/usuarios\/yalvarado\/hikvision\/HCP\/V2.6\/Simplicidad.mp4' loop muted controls><\/video> <\/div>\n<\/p><\/div>\n<\/p><\/div>\n<div style='display: flex; flex-wrap: wrap; gap: 30px; margin: 30px 0;'>\n<div style='flex: 1 1 300px; min-width: 280px;'> <img style='width: 100%; height: auto; border: 1px solid rgba(150&comma;150&comma;150&comma;0.3); border-radius: 8px;' src='http:\/\/ftp3.syscom.mx\/usuarios\/yalvarado\/hikvision\/HCP\/fotos\/Visualized-systems%2C-data%2C-and-maintenance.png' alt='Visualized systems' \/> <\/div>\n<div style='flex: 1 1 300px; min-width: 280px;'>\n<h3 style='font-size: 18px; margin-top: 0; color: inherit;'>Sistemas visualizados con mejores conocimientos<\/h3>\n<ul style='padding-left: 20px; font-size: 14px; color: inherit;'>\n<li style='margin-bottom: 5px;'>la gesti\u00f3n de alarmas&comma; el seguimiento de eventos y la interacci\u00f3n AR en vivo de forma visualizada facilitan la comprensi\u00f3n de los datos de diversas aplicaciones<\/li>\n<li style='margin-bottom: 5px;'>Conf\u00eda en el panel de gesti\u00f3n personalizado y el mapa electr\u00f3nico interactivo para una gesti\u00f3n r\u00e1pida de incidentes<\/li>\n<\/ul><\/div>\n<\/p><\/div>\n<h2 style='text-align: center; font-size: 36px; margin: 40px 0 20px; color: inherit;'>Aplicaciones Avanzadas<\/h2>\n<p> <img style='width: 100%; height: auto; border: 1px solid rgba(150&comma;150&comma;150&comma;0.3); border-radius: 8px; margin: 30px 0;' src='https:\/\/ftp3.syscom.mx\/usuarios\/yalvarado\/hikvision\/HCP\/V2.6\/AVANZADAS.JPG' alt='Aplicaciones Avanzadas' \/> <img style='width: 100%; height: auto; border: 1px solid rgba(150&comma;150&comma;150&comma;0.3); border-radius: 8px; margin: 30px 0;' src='https:\/\/ftp3.syscom.mx\/usuarios\/fcarrillo\/Hikvision\/Imagenes\/solution-banner-2021.png' alt='Soluci\u00f3n Hikvision' \/> <\/div>\n","protected":false},"excerpt":{"rendered":"<p>HikCentral Professional \/ Licencia A\u00f1ade Gestion de 1 Maquina de Rayos X (HikCentral-P-SINSP-1Unit)<\/p>\n","protected":false},"featured_media":93696,"comment_status":"open","ping_status":"closed","template":"","meta":[],"product_brand":[],"product_cat":[2262],"product_tag":[54,2263],"class_list":{"0":"post-93697","1":"product","2":"type-product","3":"status-publish","4":"has-post-thumbnail","6":"product_cat-hikvision-software-vms-y-analiticas","7":"product_tag-hikvision","8":"product_tag-software-vms-y-analiticas","10":"first","11":"outofstock","12":"sale","13":"shipping-taxable","14":"purchasable","15":"product-type-simple"},"_links":{"self":[{"href":"https:\/\/soydeaqui.ddns.net\/pachuca\/index.php\/wp-json\/wp\/v2\/product\/93697","targetHints":{"allow":["GET"]}}],"collection":[{"href":"https:\/\/soydeaqui.ddns.net\/pachuca\/index.php\/wp-json\/wp\/v2\/product"}],"about":[{"href":"https:\/\/soydeaqui.ddns.net\/pachuca\/index.php\/wp-json\/wp\/v2\/types\/product"}],"replies":[{"embeddable":true,"href":"https:\/\/soydeaqui.ddns.net\/pachuca\/index.php\/wp-json\/wp\/v2\/comments?post=93697"}],"wp:featuredmedia":[{"embeddable":true,"href":"https:\/\/soydeaqui.ddns.net\/pachuca\/index.php\/wp-json\/wp\/v2\/media\/93696"}],"wp:attachment":[{"href":"https:\/\/soydeaqui.ddns.net\/pachuca\/index.php\/wp-json\/wp\/v2\/media?parent=93697"}],"wp:term":[{"taxonomy":"product_brand","embeddable":true,"href":"https:\/\/soydeaqui.ddns.net\/pachuca\/index.php\/wp-json\/wp\/v2\/product_brand?post=93697"},{"taxonomy":"product_cat","embeddable":true,"href":"https:\/\/soydeaqui.ddns.net\/pachuca\/index.php\/wp-json\/wp\/v2\/product_cat?post=93697"},{"taxonomy":"product_tag","embeddable":true,"href":"https:\/\/soydeaqui.ddns.net\/pachuca\/index.php\/wp-json\/wp\/v2\/product_tag?post=93697"}],"curies":[{"name":"wp","href":"https:\/\/api.w.org\/{rel}","templated":true}]}}