{"id":93695,"date":"2026-03-20T06:14:21","date_gmt":"2026-03-20T06:14:21","guid":{"rendered":"https:\/\/soydeaqui.ddns.net\/pachuca\/index.php\/producto\/camara-unifi-protect-uvc-g5-professional-para-interior-exterior-4k-8mpx-zoom-optico-3x-vision-nocturna-ir-hasta-25-mts-deteccion-de-eventos-microfono-apta-para-interperie-ip67-resistencia\/"},"modified":"2026-03-20T06:14:21","modified_gmt":"2026-03-20T06:14:21","slug":"camara-unifi-protect-uvc-g5-professional-para-interior-exterior-4k-8mpx-zoom-optico-3x-vision-nocturna-ir-hasta-25-mts-deteccion-de-eventos-microfono-apta-para-interperie-ip67-resistencia","status":"publish","type":"product","link":"https:\/\/soydeaqui.ddns.net\/pachuca\/index.php\/producto\/camara-unifi-protect-uvc-g5-professional-para-interior-exterior-4k-8mpx-zoom-optico-3x-vision-nocturna-ir-hasta-25-mts-deteccion-de-eventos-microfono-apta-para-interperie-ip67-resistencia\/","title":{"rendered":"C\u00e1mara UniFi Protect UVC G5 Professional para interior\/exterior, 4K (8MPX) \/ zoom \u00f3ptico 3X \/ visi\u00f3n nocturna IR hasta 25 mts \/ detecci\u00f3n de eventos \/ micr\u00f3fono \/ apta para interperie IP67 resistencia IK04"},"content":{"rendered":"<div style='width: 100%; max-width: 1200px; margin: 0 auto; font-family: sans-serif; line-height: 1.6; color: inherit;'>\n<div style='display: flex; flex-wrap: wrap; gap: 30px; margin-bottom: 30px;'>\n<div style='flex: 1 1 300px; min-width: 280px;'>\n<h3 style='font-size: 22px; border-bottom: 2px solid currentColor; padding-bottom: 5px; margin-top: 0; color: inherit; opacity: 0.8;'>Caracter\u00edsticas principales<\/h3>\n<ul style='padding-left: 20px; font-size: 15px; color: inherit;'>\n<li style='margin-bottom: 5px;'>C\u00e1mara PoE 4K para interiores y exteriores de \u00faltima generaci\u00f3n con un rendimiento de imagen excepcional<\/li>\n<li style='margin-bottom: 5px;'>Visi\u00f3n nocturna por infrarrojos de largo alcance<\/li>\n<li style='margin-bottom: 5px;'>Zoom \u00f3ptico de 3x<\/li>\n<li style='margin-bottom: 5px;'>Resistente a la intemperie (expuesto al aire libre)<\/li>\n<li style='margin-bottom: 5px;'>Graba audio con un micr\u00f3fono integrado<\/li>\n<li style='margin-bottom: 5px;'>Potenciador opcional para reflector integrado e IR extendido<\/li>\n<\/ul><\/div>\n<div style='flex: 1 1 300px; min-width: 280px;'>\n<h3 style='font-size: 22px; border-bottom: 2px solid currentColor; padding-bottom: 5px; margin-top: 0; color: inherit; opacity: 0.8;'>Especificaciones t\u00e9cnicas<\/h3>\n<ul style='padding-left: 20px; font-size: 15px; color: inherit;'>\n<li style='margin-bottom: 5px;'><strong>Resoluci\u00f3n:<\/strong> 4K (8MP) 3840 x 2160<\/li>\n<li style='margin-bottom: 5px;'><strong>Velocidad de cuadro:<\/strong> 30 FPS<\/li>\n<li style='margin-bottom: 5px;'><strong>Visi\u00f3n nocturna:<\/strong> IR hasta 25 m<\/li>\n<li style='margin-bottom: 5px;'><strong>Detecci\u00f3n:<\/strong> Eventos de IA<\/li>\n<li style='margin-bottom: 5px;'><strong>Conexi\u00f3n:<\/strong> PoE 802.3af<\/li>\n<li style='margin-bottom: 5px;'><strong>Procesador:<\/strong> Doble n\u00facleo Cortex-A53<\/li>\n<li style='margin-bottom: 5px;'><strong>Temperatura operaci\u00f3n:<\/strong> -20 a 50\u00b0C<\/li>\n<\/ul><\/div>\n<\/p><\/div>\n<div style='display: flex; flex-wrap: wrap; gap: 20px; margin-bottom: 30px;'>\n<div style='flex: 1 1 250px; border: 1px solid rgba(150&comma; 150&comma; 150&comma; 0.4); border-radius: 8px; overflow: hidden; display: flex; flex-direction: column;'>\n<div style='padding: 15px; border-bottom: 1px solid rgba(150&comma; 150&comma; 150&comma; 0.2); font-weight: bold; font-size: 18px; color: inherit;'>Mec\u00e1nico<\/div>\n<div style='padding: 15px; color: inherit;'>\n<ul style='padding-left: 20px; margin: 0; font-size: 14px; list-style-type: disc;'>\n<li style='margin-bottom: 5px;'><strong>Dimensiones:<\/strong> \u00d886 x 154&comma;3 mm<\/li>\n<li style='margin-bottom: 5px;'><strong>Peso:<\/strong> 650 g<\/li>\n<li style='margin-bottom: 5px;'><strong>Carcasa:<\/strong> Policarbonato y aleaci\u00f3n de aluminio<\/li>\n<li style='margin-bottom: 5px;'><strong>Material montaje:<\/strong> Aleaci\u00f3n de aluminio<\/li>\n<li style='margin-bottom: 5px;'><strong>Impermeabilizaci\u00f3n:<\/strong> IP65<\/li>\n<li style='margin-bottom: 5px;'><strong>Resistencia:<\/strong> IK04<\/li>\n<\/ul><\/div>\n<\/p><\/div>\n<div style='flex: 1 1 250px; border: 1px solid rgba(150&comma; 150&comma; 150&comma; 0.4); border-radius: 8px; overflow: hidden; display: flex; flex-direction: column;'>\n<div style='padding: 15px; border-bottom: 1px solid rgba(150&comma; 150&comma; 150&comma; 0.2); font-weight: bold; font-size: 18px; color: inherit;'>\u00d3ptica<\/div>\n<div style='padding: 15px; color: inherit;'>\n<ul style='padding-left: 20px; margin: 0; font-size: 14px; list-style-type: disc;'>\n<li style='margin-bottom: 5px;'><strong>Sensor:<\/strong> 1\/2&#8242; 8MP<\/li>\n<li style='margin-bottom: 5px;'><strong>Lente:<\/strong> F 4&comma;1\u201312&comma;3 mm; \u0192\/1&comma;53\u2013\u0192\/3&comma;3<\/li>\n<li style='margin-bottom: 5px;'><strong>\u00c1ngulo visi\u00f3n:<\/strong> Gran angular: H 109&comma;9\u00b0&comma; V 60\u00b0&comma; D 127&comma;7\u00b0<\/li>\n<li style='margin-bottom: 5px;'><strong>Modo nocturno:<\/strong> LED IR y filtro de corte IR<\/li>\n<\/ul><\/div>\n<\/p><\/div>\n<div style='flex: 1 1 250px; border: 1px solid rgba(150&comma; 150&comma; 150&comma; 0.4); border-radius: 8px; overflow: hidden; display: flex; flex-direction: column;'>\n<div style='padding: 15px; border-bottom: 1px solid rgba(150&comma; 150&comma; 150&comma; 0.2); font-weight: bold; font-size: 18px; color: inherit;'>Video<\/div>\n<div style='padding: 15px; color: inherit;'>\n<ul style='padding-left: 20px; margin: 0; font-size: 14px; list-style-type: disc;'>\n<li style='margin-bottom: 5px;'><strong>Resoluci\u00f3n:<\/strong> 8 MP 3840 x 2160 (16:9)<\/li>\n<li style='margin-bottom: 5px;'><strong>Velocidad cuadros:<\/strong> 30 FPS<\/li>\n<li style='margin-bottom: 5px;'><strong>Configuraci\u00f3n:<\/strong> Color&comma; brillo&comma; nitidez&comma; contraste&comma; balance de blancos&comma; control de exposici\u00f3n<\/li>\n<\/ul><\/div>\n<\/p><\/div>\n<div style='flex: 1 1 250px; border: 1px solid rgba(150&comma; 150&comma; 150&comma; 0.4); border-radius: 8px; overflow: hidden; display: flex; flex-direction: column;'>\n<div style='padding: 15px; border-bottom: 1px solid rgba(150&comma; 150&comma; 150&comma; 0.2); font-weight: bold; font-size: 18px; color: inherit;'>Sistema<\/div>\n<div style='padding: 15px; color: inherit;'>\n<ul style='padding-left: 20px; margin: 0; font-size: 14px; list-style-type: disc;'>\n<li style='margin-bottom: 5px;'><strong>Procesador:<\/strong> Doble n\u00facleo Arm\u00ae Cortex\u00ae-A53<\/li>\n<li style='margin-bottom: 5px;'><strong>Interfaz red:<\/strong> RJ45 10\/100 MbE<\/li>\n<li style='margin-bottom: 5px;'><strong>Consumo:<\/strong> 10 W (12&comma;95 W con potenciador)<\/li>\n<li style='margin-bottom: 5px;'><strong>Alimentaci\u00f3n:<\/strong> PoE 802.3af<\/li>\n<li style='margin-bottom: 5px;'><strong>Rango voltaje:<\/strong> 37\u201457 V CC<\/li>\n<\/ul><\/div>\n<\/p><\/div>\n<div style='flex: 1 1 250px; border: 1px solid rgba(150&comma; 150&comma; 150&comma; 0.4); border-radius: 8px; overflow: hidden; display: flex; flex-direction: column;'>\n<div style='padding: 15px; border-bottom: 1px solid rgba(150&comma; 150&comma; 150&comma; 0.2); font-weight: bold; font-size: 18px; color: inherit;'>Software<\/div>\n<div style='padding: 15px; color: inherit;'>\n<ul style='padding-left: 20px; margin: 0; font-size: 14px; list-style-type: disc;'>\n<li style='margin-bottom: 5px;'><strong>Aplicaci\u00f3n web:<\/strong> UniFi Protect<\/li>\n<li style='margin-bottom: 5px;'><strong>Aplicaci\u00f3n m\u00f3vil:<\/strong> iOS y Android<\/li>\n<\/ul><\/div>\n<\/p><\/div>\n<div style='flex: 1 1 250px; border: 1px solid rgba(150&comma; 150&comma; 150&comma; 0.4); border-radius: 8px; overflow: hidden; display: flex; flex-direction: column;'>\n<div style='padding: 15px; border-bottom: 1px solid rgba(150&comma; 150&comma; 150&comma; 0.2); font-weight: bold; font-size: 18px; color: inherit;'>Ambiental<\/div>\n<div style='padding: 15px; color: inherit;'>\n<ul style='padding-left: 20px; margin: 0; font-size: 14px; list-style-type: disc;'>\n<li style='margin-bottom: 5px;'><strong>Temperatura:<\/strong> -20 a 50\u00ba C<\/li>\n<li style='margin-bottom: 5px;'><strong>Humedad:<\/strong> 0 a 90% sin condensaci\u00f3n<\/li>\n<li style='margin-bottom: 5px;'><strong>Certificaciones:<\/strong> FCC&comma; IC&comma; CE<\/li>\n<\/ul><\/div>\n<\/p><\/div>\n<div style='flex: 1 1 250px; border: 1px solid rgba(150&comma; 150&comma; 150&comma; 0.4); border-radius: 8px; overflow: hidden; display: flex; flex-direction: column;'>\n<div style='padding: 15px; border-bottom: 1px solid rgba(150&comma; 150&comma; 150&comma; 0.2); font-weight: bold; font-size: 18px; color: inherit;'>Audio<\/div>\n<div style='padding: 15px; color: inherit;'>\n<ul style='padding-left: 20px; margin: 0; font-size: 14px; list-style-type: disc;'>\n<li style='margin-bottom: 5px;'><strong>Micr\u00f3fono:<\/strong> S\u00ed (se puede desactivar)<\/li>\n<\/ul><\/div>\n<\/p><\/div>\n<\/p><\/div>\n<div style='margin-bottom: 30px;'>\n<h3 style='font-size: 22px; border-bottom: 2px solid currentColor; padding-bottom: 5px; margin-top: 0; color: inherit; opacity: 0.8;'>Contenido del paquete<\/h3>\n<ul style='padding-left: 20px; font-size: 15px; color: inherit;'>\n<li style='margin-bottom: 5px;'>C\u00e1mara UniFi Protect G5 Pro<\/li>\n<li style='margin-bottom: 5px;'>Material de montaje<\/li>\n<li style='margin-bottom: 5px;'>Gu\u00eda de instalaci\u00f3n<\/li>\n<li style='margin-bottom: 5px;'>Gu\u00eda de seguridad<\/li>\n<li style='margin-bottom: 5px;'>Adhesivo de advertencia<\/li>\n<li style='margin-bottom: 5px;'>Destornillador<\/li>\n<li style='margin-bottom: 5px;'>Tornillos y anclajes<\/li>\n<\/ul><\/div>\n<div style='margin-bottom: 30px;'>\n<h3 style='font-size: 22px; border-bottom: 2px solid currentColor; padding-bottom: 5px; margin-top: 0; color: inherit; opacity: 0.8;'>Notas<\/h3>\n<p style='font-size: 15px; color: inherit;'>Las c\u00e1maras UniFi funcionan con la aplicaci\u00f3n UniFi Protect almacenada en una Consola UniFi&comma; necesaria para grabar&comma; administrar y monitorear.<\/p>\n<\/p><\/div>\n<div style='margin-bottom: 30px;'>\n<h3 style='font-size: 22px; border-bottom: 2px solid currentColor; padding-bottom: 5px; margin-top: 0; color: inherit; opacity: 0.8;'>Recursos<\/h3>\n<div style='display: flex; flex-wrap: wrap; gap: 20px; margin-top: 15px;'>\n<div style='flex: 1 1 250px; min-width: 200px;'> <img style='width: 100%; height: auto; border: 1px solid rgba(150&comma;150&comma;150&comma;0.3); border-radius: 8px;' src='https:\/\/images.svc.ui.com\/?u=https%3A%2F%2Fcdn.ecomm.ui.com%2Fproducts%2F38dd06cd-7c6b-4d6e-8e64-981d504d468f%2F53e6f4ff-bf2d-43f2-bc40-efce98a8046c.png&#038;q=75&#038;w=3840' alt='C\u00e1mara UniFi Protect G5 Pro'> <\/div>\n<div style='flex: 1 1 250px; min-width: 200px;'> <img style='width: 100%; height: auto; border: 1px solid rgba(150&comma;150&comma;150&comma;0.3); border-radius: 8px;' src='https:\/\/images.svc.ui.com\/?u=https%3A%2F%2Fcdn.ecomm.ui.com%2Fproducts%2F38dd06cd-7c6b-4d6e-8e64-981d504d468f%2F72a0aab6-e63f-46ef-8c31-1fdd2210b77b.png&#038;q=75&#038;w=1920' alt='C\u00e1mara UniFi Protect G5 Pro'> <\/div>\n<div style='flex: 1 1 250px; min-width: 200px;'> <img style='width: 100%; height: auto; border: 1px solid rgba(150&comma;150&comma;150&comma;0.3); border-radius: 8px;' src='https:\/\/images.svc.ui.com\/?u=https%3A%2F%2Fcdn.ecomm.ui.com%2Fproducts%2F38dd06cd-7c6b-4d6e-8e64-981d504d468f%2Fd2f66a5f-ec62-48c7-9fb9-7f7b8e0f57b5.png&#038;q=75&#038;w=1920' alt='C\u00e1mara UniFi Protect G5 Pro'> <\/div>\n<div style='flex: 1 1 250px; min-width: 200px;'>\n<div style='position: relative; padding-bottom: 56.25%; height: 0; overflow: hidden; margin-bottom: 30px;'>   <\/div>\n<\/p><\/div>\n<\/p><\/div>\n<\/p><\/div>\n<\/p><\/div>\n","protected":false},"excerpt":{"rendered":"<p>C\u00e1mara UniFi Protect UVC G5 Professional para interior\/exterior, 4K (8MPX) \/ zoom \u00f3ptico 3X \/ visi\u00f3n nocturna IR hasta 25 mts \/ detecci\u00f3n de eventos \/ micr\u00f3fono \/ apta para interperie IP67 resistencia IK04<\/p>\n","protected":false},"featured_media":93694,"comment_status":"open","ping_status":"closed","template":"","meta":[],"product_brand":[],"product_cat":[438],"product_tag":[439,122,166],"class_list":{"0":"post-93695","1":"product","2":"type-product","3":"status-publish","4":"has-post-thumbnail","6":"product_cat-bala","7":"product_tag-bala","8":"product_tag-camaras-ip-y-nvrs","9":"product_tag-ubiquiti","11":"first","12":"instock","13":"sale","14":"shipping-taxable","15":"purchasable","16":"product-type-simple"},"_links":{"self":[{"href":"https:\/\/soydeaqui.ddns.net\/pachuca\/index.php\/wp-json\/wp\/v2\/product\/93695","targetHints":{"allow":["GET"]}}],"collection":[{"href":"https:\/\/soydeaqui.ddns.net\/pachuca\/index.php\/wp-json\/wp\/v2\/product"}],"about":[{"href":"https:\/\/soydeaqui.ddns.net\/pachuca\/index.php\/wp-json\/wp\/v2\/types\/product"}],"replies":[{"embeddable":true,"href":"https:\/\/soydeaqui.ddns.net\/pachuca\/index.php\/wp-json\/wp\/v2\/comments?post=93695"}],"wp:featuredmedia":[{"embeddable":true,"href":"https:\/\/soydeaqui.ddns.net\/pachuca\/index.php\/wp-json\/wp\/v2\/media\/93694"}],"wp:attachment":[{"href":"https:\/\/soydeaqui.ddns.net\/pachuca\/index.php\/wp-json\/wp\/v2\/media?parent=93695"}],"wp:term":[{"taxonomy":"product_brand","embeddable":true,"href":"https:\/\/soydeaqui.ddns.net\/pachuca\/index.php\/wp-json\/wp\/v2\/product_brand?post=93695"},{"taxonomy":"product_cat","embeddable":true,"href":"https:\/\/soydeaqui.ddns.net\/pachuca\/index.php\/wp-json\/wp\/v2\/product_cat?post=93695"},{"taxonomy":"product_tag","embeddable":true,"href":"https:\/\/soydeaqui.ddns.net\/pachuca\/index.php\/wp-json\/wp\/v2\/product_tag?post=93695"}],"curies":[{"name":"wp","href":"https:\/\/api.w.org\/{rel}","templated":true}]}}