{"id":93685,"date":"2026-03-20T06:13:54","date_gmt":"2026-03-20T06:13:54","guid":{"rendered":"https:\/\/soydeaqui.ddns.net\/pachuca\/index.php\/producto\/monitor-led-full-hd-1920-x-1080-de-21-5-ideal-para-cctv-oficina-y-hogar-entrada-hdmi-vga-cvbs-montaje-vesa-75-x-75-uso-24-7-backlight-e-led-ultra-delgado\/"},"modified":"2026-03-20T06:14:06","modified_gmt":"2026-03-20T06:14:06","slug":"monitor-led-full-hd-1920-x-1080-de-21-5-ideal-para-cctv-oficina-y-hogar-entrada-hdmi-vga-cvbs-montaje-vesa-75-x-75-uso-24-7-backlight-e-led-ultra-delgado","status":"publish","type":"product","link":"https:\/\/soydeaqui.ddns.net\/pachuca\/index.php\/producto\/monitor-led-full-hd-1920-x-1080-de-21-5-ideal-para-cctv-oficina-y-hogar-entrada-hdmi-vga-cvbs-montaje-vesa-75-x-75-uso-24-7-backlight-e-led-ultra-delgado\/","title":{"rendered":"Monitor LED Full HD (1920 X 1080) de 21.5&#8243; \/ Ideal para CCTV, Oficina y Hogar \/ Entrada HDMI-VGA-CVBS \/ Montaje VESA ( 75 X 75) \/ Uso 24\/7 \/ Backlight E-LED \/ Ultra Delgado"},"content":{"rendered":"<div style='width: 100%; max-width: 1200px; margin: 0 auto; font-family: sans-serif; line-height: 1.6; color: inherit; background-color: transparent;'>\n<p style='text-align: center; margin: 0 0 30px 0;'> <img style='width: 100%; max-width: 600px; height: auto; border: 1px solid rgba(150&comma;150&comma;150&comma;0.3); border-radius: 8px;' src='https:\/\/ftp3.syscom.mx\/usuarios\/nortega\/hikvision\/HPD.png' alt=''> <\/p>\n<div style='display: flex; flex-wrap: wrap; gap: 30px; margin-bottom: 30px;'>\n<div style='flex: 1 1 300px; min-width: 280px;'>\n<h3 style='font-size: 22px; border-bottom: 2px solid currentColor; padding-bottom: 5px; margin-top: 0; color: inherit; opacity: 0.8;'>Caracter\u00edsticas principales<\/h3>\n<ul style='padding-left: 20px; font-size: 15px; color: inherit;'>\n<li style='margin-bottom: 5px;'>Monitor 21.45&#8242; LED Full HD (1920 x 1080).<\/li>\n<li style='margin-bottom: 5px;'>Entrada de v\u00eddeo en HDMI&comma; VGA y CVBS.\n<ul style='padding-left: 20px;'>\n<li style='margin-bottom: 5px;'><strong>Incluye cable HDMI de 1.5 metros<\/strong><\/li>\n<\/ul>\n<\/li>\n<li style='margin-bottom: 5px;'>Bocinas interconstruidas.<\/li>\n<li style='margin-bottom: 5px;'>Puerto USB (Para actualizaciones y reproduccion de grabaciones)<\/li>\n<li style='margin-bottom: 5px;'>Ideal para negocio&comma; oficina&comma; hogar y videovigilancia (uso 24\/7).<\/li>\n<li style='margin-bottom: 5px;'>Compatible con montajes VESA (75 x 75).<\/li>\n<li style='margin-bottom: 5px;'>Incluye base para escritorio.<\/li>\n<\/ul><\/div>\n<div style='flex: 1 1 300px; min-width: 280px;'>\n<h3 style='font-size: 22px; border-bottom: 2px solid currentColor; padding-bottom: 5px; margin-top: 0; color: inherit; opacity: 0.8;'>Caracter\u00edsticas F\u00edsicas y El\u00e9ctricas<\/h3>\n<ul style='padding-left: 20px; font-size: 15px; color: inherit;'>\n<li style='margin-bottom: 5px;'>Alimentaci\u00f3n \/ Consumo: 100 a 240 VCA.<\/li>\n<li style='margin-bottom: 5px;'>Color negro.<\/li>\n<li style='margin-bottom: 5px;'>Dimensiones: 492.36 (W) mm \u00d7 289.68 (H) mm \u00d7 41.88 (D) mm (sin base)<\/li>\n<li style='margin-bottom: 5px;'>Peso: 2.65 \u00b1 0.5 kg.<\/li>\n<\/ul><\/div>\n<div style='flex: 1 1 300px; min-width: 280px;'>\n<h3 style='font-size: 22px; border-bottom: 2px solid currentColor; padding-bottom: 5px; margin-top: 0; color: inherit; opacity: 0.8;'>Caracter\u00edsticas Destacadas<\/h3>\n<p style='font-size: 15px; color: inherit;'>Los monitores de HIKVISION est\u00e1n dedicados para el uso continuo (24\/7)&comma; ideal para cualquier ambiente o uso&comma; ya sea para un usuario casero&comma; de oficina o el sistema de videovigilancia.<\/p>\n<\/p><\/div>\n<\/p><\/div>\n<hr style='border: 0; border-top: 1px solid rgba(150&comma; 150&comma; 150&comma; 0.3); margin: 30px 0;'>\n<h2 style='font-size: 24px; margin-top: 0; margin-bottom: 20px; color: inherit;'><strong>Conexiones f\u00edsicas<\/strong><\/h2>\n<div style='margin-bottom: 30px;'> <img style='width: 100%; height: auto; border: 1px solid rgba(150&comma;150&comma;150&comma;0.3); border-radius: 8px;' src='https:\/\/ftp3.syscom.mx\/usuarios\/nortega\/hikvision\/monitores\/22f21v1s\/conexiones.png' alt=''> <\/div>\n<div style='margin-bottom: 30px;'> <img style='width: 100%; height: auto; border: 1px solid rgba(150&comma;150&comma;150&comma;0.3); border-radius: 8px;' src='https:\/\/ftp3.syscom.mx\/usuarios\/nortega\/hikvision\/imagenes\/HIKVISION-VW-DS.png' alt=''> <\/div>\n<\/p><\/div>\n","protected":false},"excerpt":{"rendered":"<p>Monitor LED Full HD (1920 X 1080) de 21.5&#8243; \/ Ideal para CCTV, Oficina y Hogar \/ Entrada HDMI-VGA-CVBS \/ Montaje VESA ( 75 X 75) \/ Uso 24\/7 \/ Backlight E-LED \/ Ultra Delgado<\/p>\n","protected":false},"featured_media":93684,"comment_status":"open","ping_status":"closed","template":"","meta":[],"product_brand":[],"product_cat":[2191],"product_tag":[54,2089,2192],"class_list":{"0":"post-93685","1":"product","2":"type-product","3":"status-publish","4":"has-post-thumbnail","6":"product_cat-pantallas-monitores-monitores-pantallas-y-mobiliario","7":"product_tag-hikvision","8":"product_tag-monitores-pantallas-y-mobiliario","9":"product_tag-pantallas-monitores-2","11":"first","12":"instock","13":"sale","14":"shipping-taxable","15":"purchasable","16":"product-type-simple"},"_links":{"self":[{"href":"https:\/\/soydeaqui.ddns.net\/pachuca\/index.php\/wp-json\/wp\/v2\/product\/93685","targetHints":{"allow":["GET"]}}],"collection":[{"href":"https:\/\/soydeaqui.ddns.net\/pachuca\/index.php\/wp-json\/wp\/v2\/product"}],"about":[{"href":"https:\/\/soydeaqui.ddns.net\/pachuca\/index.php\/wp-json\/wp\/v2\/types\/product"}],"replies":[{"embeddable":true,"href":"https:\/\/soydeaqui.ddns.net\/pachuca\/index.php\/wp-json\/wp\/v2\/comments?post=93685"}],"wp:featuredmedia":[{"embeddable":true,"href":"https:\/\/soydeaqui.ddns.net\/pachuca\/index.php\/wp-json\/wp\/v2\/media\/93684"}],"wp:attachment":[{"href":"https:\/\/soydeaqui.ddns.net\/pachuca\/index.php\/wp-json\/wp\/v2\/media?parent=93685"}],"wp:term":[{"taxonomy":"product_brand","embeddable":true,"href":"https:\/\/soydeaqui.ddns.net\/pachuca\/index.php\/wp-json\/wp\/v2\/product_brand?post=93685"},{"taxonomy":"product_cat","embeddable":true,"href":"https:\/\/soydeaqui.ddns.net\/pachuca\/index.php\/wp-json\/wp\/v2\/product_cat?post=93685"},{"taxonomy":"product_tag","embeddable":true,"href":"https:\/\/soydeaqui.ddns.net\/pachuca\/index.php\/wp-json\/wp\/v2\/product_tag?post=93685"}],"curies":[{"name":"wp","href":"https:\/\/api.w.org\/{rel}","templated":true}]}}