{"id":93673,"date":"2026-03-20T06:13:25","date_gmt":"2026-03-20T06:13:25","guid":{"rendered":"https:\/\/soydeaqui.ddns.net\/pachuca\/index.php\/producto\/domo-ip-2-megapixel-lente-2-8-mm-salida-hdmi-1080p-para-usar-en-monitor-uso-en-centros-comerciales-30-mts-ir-exir-ip42-ik10-wdr-120-db-poe-micro-sd\/"},"modified":"2026-03-20T06:13:26","modified_gmt":"2026-03-20T06:13:26","slug":"domo-ip-2-megapixel-lente-2-8-mm-salida-hdmi-1080p-para-usar-en-monitor-uso-en-centros-comerciales-30-mts-ir-exir-ip42-ik10-wdr-120-db-poe-micro-sd","status":"publish","type":"product","link":"https:\/\/soydeaqui.ddns.net\/pachuca\/index.php\/producto\/domo-ip-2-megapixel-lente-2-8-mm-salida-hdmi-1080p-para-usar-en-monitor-uso-en-centros-comerciales-30-mts-ir-exir-ip42-ik10-wdr-120-db-poe-micro-sd\/","title":{"rendered":"Domo IP 2 Megapixel \/ Lente 2.8 mm \/ Salida HDMI (1080p) para Usar en Monitor \/ Uso en Centros Comerciales \/ 30 Mts IR EXIR \/ IP42 \/ IK10 \/ WDR 120 dB \/ PoE \/ Micro SD"},"content":{"rendered":"<div style='width: 100%; max-width: 1200px; margin: 0 auto; font-family: sans-serif; line-height: 1.6; color: inherit; background-color: transparent;'> <!-- Im\u00e1genes del logo y diagrama --> <\/p>\n<div style='display: flex; flex-wrap: wrap; justify-content: center; gap: 20px; margin-bottom: 30px;'> <img style='width: 45%; max-width: 500px; height: auto; border: 1px solid rgba(150&comma;150&comma;150&comma;0.3); border-radius: 8px;' src='https:\/\/ftp3.syscom.mx\/usuarios\/jsosa\/HIKVISION\/imagenes\/logo\/hikvision%20see%20far.png' alt='Logo Hikvision'> <img style='width: 100%; max-width: 1100px; height: auto; border: 1px solid rgba(150&comma;150&comma;150&comma;0.3); border-radius: 8px;' src='http:\/\/ftp3.syscom.mx\/usuarios\/emendoza\/elesbanmch\/HIKVISON\/IMAGENES\/Diagrama_Elesban-1.jpg' alt='Diagrama'> <\/div>\n<p> <!-- Secci\u00f3n de caracter\u00edsticas --> <\/p>\n<div style='display: flex; flex-wrap: wrap; gap: 30px; margin-bottom: 30px;'>\n<div style='flex: 1 1 300px; min-width: 280px;'>\n<h3 style='font-size: 22px; border-bottom: 2px solid currentColor; padding-bottom: 5px; margin-top: 0; color: inherit; opacity: 0.8;'>Caracter\u00edsticas principales<\/h3>\n<ul style='padding-left: 20px; font-size: 15px; color: inherit;'>\n<li style='margin-bottom: 5px;'>Resoluci\u00f3n m\u00e1xima: <strong>1920 x 1080 (2 Megapixel)<\/strong><\/li>\n<li style='margin-bottom: 5px;'>Lente fijo: <strong>2.8 mm (108\u00b0)<\/strong><\/li>\n<li style='margin-bottom: 5px;'>IR EXIR: <strong>30 mts<\/strong><\/li>\n<li style='margin-bottom: 5px;'>Compresi\u00f3n: <strong>H.265+ \/ H.265 \/ H.264<\/strong><\/li>\n<li style='margin-bottom: 5px;'>Entrada\/Salida de audio: <strong>1 \/ 1<\/strong><\/li>\n<li style='margin-bottom: 5px;'>Entrada\/Salida de alarma: <strong>1 \/ 1<\/strong><\/li>\n<li style='margin-bottom: 5px;'>Salida HDMI: <strong>1080p<\/strong><\/li>\n<li style='margin-bottom: 5px;'>Memoria micro SD: <strong>Hasta 128 GB (no incluida)<\/strong><\/li>\n<li style='margin-bottom: 5px;'>T\u00e9cnicas de mejora de imagen: <strong>WDR 120 dB \/ BLC \/ HLC \/ 3D DNR<\/strong><\/li>\n<\/ul><\/div>\n<div style='flex: 1 1 300px; min-width: 280px;'>\n<h3 style='font-size: 22px; border-bottom: 2px solid currentColor; padding-bottom: 5px; margin-top: 0; color: inherit; opacity: 0.8;'>Caracter\u00edsticas F\u00edsicas y El\u00e9ctricas<\/h3>\n<ul style='padding-left: 20px; font-size: 15px; color: inherit;'>\n<li style='margin-bottom: 5px;'>Dimensiones: <strong>119 x 90 mm<\/strong><\/li>\n<li style='margin-bottom: 5px;'>Material: <strong>Metal<\/strong><\/li>\n<li style='margin-bottom: 5px;'>Alimentaci\u00f3n: <strong>12 Vcc \/ PoE (802.3 af)<\/strong><\/li>\n<li style='margin-bottom: 5px;'>Consumo: <strong>8.5 Watts<\/strong><\/li>\n<li style='margin-bottom: 5px;'>Protecci\u00f3n: <strong>IP42 \/ IK10<\/strong><\/li>\n<\/ul>\n<h4 style='font-size: 18px; margin-top: 25px; margin-bottom: 15px; color: inherit;'>Accesorios opcionales:<\/h4>\n<ul style='padding-left: 20px; font-size: 15px; color: inherit;'>\n<li style='margin-bottom: 8px;'>Caja de conexiones: <a href='https:\/\/www.syscom.mx\/producto\/DS-1280ZJ-DM46-HIKVISION-188766.html' target='_blank' rel='noopener' style='color: inherit; text-decoration: underline;'>DS-1280ZJ-DM46<\/a><\/li>\n<li style='margin-bottom: 8px;'>Montaje Colgante: <a href='https:\/\/www.syscom.mx\/producto\/DS-1271ZJ-120-HIKVISION-168453.html' target='_blank' rel='noopener' style='color: inherit; text-decoration: underline;'>DS-1271ZJ-120<\/a><\/li>\n<li style='margin-bottom: 8px;'>Montaje de Pared con caja de conexi\u00f3n: <a href='https:\/\/www.syscom.mx\/producto\/DS-1272ZJ-120B-HIKVISION-168454.html' target='_blank' rel='noopener' style='color: inherit; text-decoration: underline;'>DS-1272ZJ-120B<\/a><\/li>\n<\/ul><\/div>\n<div style='flex: 1 1 300px; min-width: 280px;'>\n<h3 style='font-size: 22px; border-bottom: 2px solid currentColor; padding-bottom: 5px; margin-top: 0; color: inherit; opacity: 0.8;'>Caracter\u00edsticas Destacadas<\/h3>\n<p style='font-size: 15px; color: inherit; margin-bottom: 15px;'>La c\u00e1mara domo cuenta con una salida de video en HDMI con resoluci\u00f3n de hasta 1080p para poder conectarse directo a un monitor.<\/p>\n<p style='font-size: 15px; color: inherit;'>El uso principal de este modelo es para proyectar en un monitor lo que la c\u00e1mara est\u00e1 viendo (HDMI) y a la vez permite grabar el video de manera normal en un NVR (RJ45).<\/p>\n<\/p><\/div>\n<\/p><\/div>\n<p> <!-- Consideraciones --> <\/p>\n<div style='margin-bottom: 30px;'>\n<h3 style='font-size: 22px; border-bottom: 2px solid currentColor; padding-bottom: 5px; margin-top: 0; color: inherit; opacity: 0.8;'>Consideraciones<\/h3>\n<ul style='padding-left: 20px; font-size: 15px; color: inherit;'>\n<li style='margin-bottom: 5px;'>La c\u00e1mara es 3-Axis&comma; permite el ajuste en 3 \u00e1ngulos diferentes para su instalaci\u00f3n<\/li>\n<\/ul><\/div>\n<p> <!-- Banner final --> <\/p>\n<div style='margin-bottom: 30px;'> <img style='width: 100%; max-width: 1200px; height: auto; border: 1px solid rgba(150&comma;150&comma;150&comma;0.3); border-radius: 8px;' src='https:\/\/ftp3.syscom.mx\/usuarios\/jsosa\/HIKVISION\/imagenes\/banners\/solution%20complete.png' alt='Soluci\u00f3n completa'> <\/div>\n<p> <!-- Separador final --> <\/p>\n<hr style='border: 0; border-top: 1px solid rgba(150&comma; 150&comma; 150&comma; 0.3); margin: 30px 0;'> <\/div>\n","protected":false},"excerpt":{"rendered":"<p>Domo IP 2 Megapixel \/ Lente 2.8 mm \/ Salida HDMI (1080p) para Usar en Monitor \/ Uso en Centros Comerciales \/ 30 Mts IR EXIR \/ IP42 \/ IK10 \/ WDR 120 dB \/ PoE \/ Micro SD<\/p>\n","protected":false},"featured_media":93672,"comment_status":"open","ping_status":"closed","template":"","meta":[],"product_brand":[],"product_cat":[2056],"product_tag":[122,2057,54],"class_list":{"0":"post-93673","1":"product","2":"type-product","3":"status-publish","4":"has-post-thumbnail","6":"product_cat-domo-eyeball-turret","7":"product_tag-camaras-ip-y-nvrs","8":"product_tag-domo-eyeball-turret","9":"product_tag-hikvision","11":"first","12":"instock","13":"sale","14":"shipping-taxable","15":"purchasable","16":"product-type-simple"},"_links":{"self":[{"href":"https:\/\/soydeaqui.ddns.net\/pachuca\/index.php\/wp-json\/wp\/v2\/product\/93673","targetHints":{"allow":["GET"]}}],"collection":[{"href":"https:\/\/soydeaqui.ddns.net\/pachuca\/index.php\/wp-json\/wp\/v2\/product"}],"about":[{"href":"https:\/\/soydeaqui.ddns.net\/pachuca\/index.php\/wp-json\/wp\/v2\/types\/product"}],"replies":[{"embeddable":true,"href":"https:\/\/soydeaqui.ddns.net\/pachuca\/index.php\/wp-json\/wp\/v2\/comments?post=93673"}],"wp:featuredmedia":[{"embeddable":true,"href":"https:\/\/soydeaqui.ddns.net\/pachuca\/index.php\/wp-json\/wp\/v2\/media\/93672"}],"wp:attachment":[{"href":"https:\/\/soydeaqui.ddns.net\/pachuca\/index.php\/wp-json\/wp\/v2\/media?parent=93673"}],"wp:term":[{"taxonomy":"product_brand","embeddable":true,"href":"https:\/\/soydeaqui.ddns.net\/pachuca\/index.php\/wp-json\/wp\/v2\/product_brand?post=93673"},{"taxonomy":"product_cat","embeddable":true,"href":"https:\/\/soydeaqui.ddns.net\/pachuca\/index.php\/wp-json\/wp\/v2\/product_cat?post=93673"},{"taxonomy":"product_tag","embeddable":true,"href":"https:\/\/soydeaqui.ddns.net\/pachuca\/index.php\/wp-json\/wp\/v2\/product_tag?post=93673"}],"curies":[{"name":"wp","href":"https:\/\/api.w.org\/{rel}","templated":true}]}}