{"id":93669,"date":"2026-03-20T06:13:18","date_gmt":"2026-03-20T06:13:18","guid":{"rendered":"https:\/\/soydeaqui.ddns.net\/pachuca\/index.php\/producto\/ptz-ip-dual-lente-termico-50mm-lente-optico-2-megapixel-36x-zoom-200-mts-ir-wdr-120db-exterior-ip66\/"},"modified":"2026-03-20T06:13:19","modified_gmt":"2026-03-20T06:13:19","slug":"ptz-ip-dual-lente-termico-50mm-lente-optico-2-megapixel-36x-zoom-200-mts-ir-wdr-120db-exterior-ip66","status":"publish","type":"product","link":"https:\/\/soydeaqui.ddns.net\/pachuca\/index.php\/producto\/ptz-ip-dual-lente-termico-50mm-lente-optico-2-megapixel-36x-zoom-200-mts-ir-wdr-120db-exterior-ip66\/","title":{"rendered":"PTZ IP Dual \/ Lente T\u00e9rmico 50mm \/ Lente \u00f3ptico 2 Megapixel \/ 36X Zoom \/ 200 mts IR \/ WDR 120dB \/ Exterior IP66"},"content":{"rendered":"<div style='width: 100%; max-width: 1200px; margin: 0 auto; font-family: sans-serif; line-height: 1.6; color: inherit; background-color: transparent;'>\n<p style='text-align: center; margin: 0; padding: 0;'><img style='width: 100%; max-width: 45%; height: auto; border: 1px solid rgba(150&comma;150&comma;150&comma;0.3); border-radius: 8px;' src='https:\/\/ftp3.syscom.mx\/usuarios\/jsosa\/HIKVISION\/imagenes\/logo\/hikvision%20see%20far.png' alt='Logo Hikvision'><\/p>\n<div style='display: flex; flex-wrap: wrap; gap: 30px; margin: 30px 0;'>\n<div style='flex: 1 1 300px; min-width: 280px; position: relative; padding-bottom: 56.25%; height: 0; overflow: hidden; flex: 1;'>   <\/div>\n<div style='flex: 1 1 300px; min-width: 280px; position: relative; padding-bottom: 56.25%; height: 0; overflow: hidden; flex: 1;'>   <\/div>\n<\/p><\/div>\n<div style='display: flex; flex-wrap: wrap; gap: 30px; margin-top: 30px;'>\n<div style='flex: 1 1 300px; min-width: 280px;'>\n<h3 style='font-size: 22px; border-bottom: 2px solid currentColor; padding-bottom: 5px; margin-top: 0; color: inherit; opacity: 0.8;'>Caracter\u00edsticas lente t\u00e9rmico<\/h3>\n<ul style='padding-left: 20px; font-size: 15px; color: inherit;'>\n<li style='margin-bottom: 5px;'><strong>Lente fijo:<\/strong> 25 mm<\/li>\n<li style='margin-bottom: 5px;'><strong>Resoluci\u00f3n:<\/strong> 640X512<\/li>\n<li style='margin-bottom: 5px;'><strong>Sensor de imagen:<\/strong> oxido de vanadio&comma; detector de plano focal no refrigerado<\/li>\n<li style='margin-bottom: 5px;'><strong>Identificaci\u00f3n de personas:<\/strong> 184 mts aproximado<\/li>\n<li style='margin-bottom: 5px;'><strong>Identificaci\u00f3n de veh\u00edculos:<\/strong> 564 mts aproximado<\/li>\n<\/ul>\n<h3 style='font-size: 22px; border-bottom: 2px solid currentColor; padding-bottom: 5px; margin-top: 25px; color: inherit; opacity: 0.8;'>Caracter\u00edsticas de lente \u00f3ptico<\/h3>\n<ul style='padding-left: 20px; font-size: 15px; color: inherit;'>\n<li style='margin-bottom: 5px;'><strong>Resoluci\u00f3n m\u00e1xima:<\/strong> 4 Megapixel (2688X1520)<\/li>\n<li style='margin-bottom: 5px;'><strong>Iluminaci\u00f3n m\u00ednima:<\/strong> Color 0.002 Lux @ (F1.5&comma; AGC ON )&comma; B\/N 0.0002 Lux @ (F1.5&comma; AGC ON)<\/li>\n<li style='margin-bottom: 5px;'><strong>Funciones normales:<\/strong> WDR real 120dB \/ 3D-DNR \/ Defog<\/li>\n<li style='margin-bottom: 5px;'><strong>Funciones especiales:<\/strong> Cruce de l\u00ednea \/ Intrusi\u00f3n de \u00e1rea<\/li>\n<li style='margin-bottom: 5px;'><strong>Distancia focal:<\/strong> 6 a 240 mm (40 X Zoom \u00f3ptico 56.6\u00b0 a 33.7\u00b0)<\/li>\n<li style='margin-bottom: 5px;'><strong>Distancia de infrarrojos:<\/strong> 200 mts IR<\/li>\n<\/ul><\/div>\n<div style='flex: 1 1 300px; min-width: 280px;'>\n<h3 style='font-size: 22px; border-bottom: 2px solid currentColor; padding-bottom: 5px; margin-top: 0; color: inherit; opacity: 0.8;'>Caracter\u00edsticas F\u00edsicas y El\u00e9ctricas<\/h3>\n<ul style='padding-left: 20px; font-size: 15px; color: inherit;'>\n<li style='margin-bottom: 5px;'><strong>Alimentaci\u00f3n:<\/strong> 24 Vca \/ 60 Watts<\/li>\n<li style='margin-bottom: 5px;'><strong>Temperatura de operaci\u00f3n:<\/strong> -40\u00baC a 60\u00baC<\/li>\n<li style='margin-bottom: 5px;'><strong>Protecci\u00f3n:<\/strong> Interior \/ Exterior IP66<\/li>\n<li style='margin-bottom: 5px;'><strong>Protecci\u00f3n contra sobretensiones y protecci\u00f3n contra voltajes transistorios<\/strong><\/li>\n<li style='margin-bottom: 5px;'><strong>Dimensiones:<\/strong> 266.6 x 410 mm<\/li>\n<li style='margin-bottom: 5px;'><strong>Peso:<\/strong> 8 Kgs<\/li>\n<li style='margin-bottom: 5px;'><strong>El PTZ incluye brazo de pared<\/strong><\/li>\n<\/ul><\/div>\n<div style='flex: 1 1 300px; min-width: 280px;'>\n<h3 style='font-size: 22px; border-bottom: 2px solid currentColor; padding-bottom: 5px; margin-top: 0; color: inherit; opacity: 0.8;'>Entradas y Salidas de Audio \/ Alarmas \/ Red<\/h3>\n<ul style='padding-left: 20px; font-size: 15px; color: inherit;'>\n<li style='margin-bottom: 5px;'><strong>Entradas de alarma:<\/strong> 7<\/li>\n<li style='margin-bottom: 5px;'><strong>Salidas de alarma:<\/strong> 2<\/li>\n<li style='margin-bottom: 5px;'><strong>Entrada de audio:<\/strong> 1<\/li>\n<li style='margin-bottom: 5px;'><strong>Salida de audio:<\/strong> 1<\/li>\n<li style='margin-bottom: 5px;'><strong>Salida de video anal\u00f3gica CVBS (4 CIF):<\/strong> 1<\/li>\n<li style='margin-bottom: 5px;'><strong>Salida RS-485:<\/strong> HIKVISION \/ Pelco-D \/ Pelco-P<\/li>\n<li style='margin-bottom: 5px;'><strong>Soporta Micro SD:<\/strong> m\u00e1ximo 64 GB (no incluida)<\/li>\n<li style='margin-bottom: 5px;'><strong>Puerto de red:<\/strong> 1 (10 \/ 100 Mbps)<\/li>\n<li style='margin-bottom: 5px;'><strong>Compresi\u00f3n:<\/strong> H.265+ \/ H.265 \/ H.264+ \/ H.264<\/li>\n<\/ul><\/div>\n<\/p><\/div>\n<hr style='border: 0; border-top: 1px solid rgba(150&comma; 150&comma; 150&comma; 0.3); margin: 30px 0;'>\n<div style='width: 100%; text-align: center; margin: 30px 0;'> <img style='width: 100%; max-width: 100%; height: auto; border: 1px solid rgba(150&comma;150&comma;150&comma;0.3); border-radius: 8px;' src='https:\/\/ftp3.syscom.mx\/usuarios\/jsosa\/banners\/solucion-termica.jpg' alt='Soluci\u00f3n t\u00e9rmica'> <\/div>\n<\/p><\/div>\n","protected":false},"excerpt":{"rendered":"<p>PTZ IP Dual \/ Lente T\u00e9rmico 50mm \/ Lente \u00f3ptico 2 Megapixel \/ 36X Zoom \/ 200 mts IR \/ WDR 120dB \/ Exterior IP66<\/p>\n","protected":false},"featured_media":93668,"comment_status":"open","ping_status":"closed","template":"","meta":[],"product_brand":[],"product_cat":[1049],"product_tag":[122,54,1050],"class_list":{"0":"post-93669","1":"product","2":"type-product","3":"status-publish","4":"has-post-thumbnail","6":"product_cat-termicas","7":"product_tag-camaras-ip-y-nvrs","8":"product_tag-hikvision","9":"product_tag-termicas","11":"first","12":"outofstock","13":"sale","14":"shipping-taxable","15":"purchasable","16":"product-type-simple"},"_links":{"self":[{"href":"https:\/\/soydeaqui.ddns.net\/pachuca\/index.php\/wp-json\/wp\/v2\/product\/93669","targetHints":{"allow":["GET"]}}],"collection":[{"href":"https:\/\/soydeaqui.ddns.net\/pachuca\/index.php\/wp-json\/wp\/v2\/product"}],"about":[{"href":"https:\/\/soydeaqui.ddns.net\/pachuca\/index.php\/wp-json\/wp\/v2\/types\/product"}],"replies":[{"embeddable":true,"href":"https:\/\/soydeaqui.ddns.net\/pachuca\/index.php\/wp-json\/wp\/v2\/comments?post=93669"}],"wp:featuredmedia":[{"embeddable":true,"href":"https:\/\/soydeaqui.ddns.net\/pachuca\/index.php\/wp-json\/wp\/v2\/media\/93668"}],"wp:attachment":[{"href":"https:\/\/soydeaqui.ddns.net\/pachuca\/index.php\/wp-json\/wp\/v2\/media?parent=93669"}],"wp:term":[{"taxonomy":"product_brand","embeddable":true,"href":"https:\/\/soydeaqui.ddns.net\/pachuca\/index.php\/wp-json\/wp\/v2\/product_brand?post=93669"},{"taxonomy":"product_cat","embeddable":true,"href":"https:\/\/soydeaqui.ddns.net\/pachuca\/index.php\/wp-json\/wp\/v2\/product_cat?post=93669"},{"taxonomy":"product_tag","embeddable":true,"href":"https:\/\/soydeaqui.ddns.net\/pachuca\/index.php\/wp-json\/wp\/v2\/product_tag?post=93669"}],"curies":[{"name":"wp","href":"https:\/\/api.w.org\/{rel}","templated":true}]}}