{"id":93570,"date":"2026-03-20T06:08:42","date_gmt":"2026-03-20T06:08:42","guid":{"rendered":"https:\/\/soydeaqui.ddns.net\/pachuca\/index.php\/producto\/pieza-de-union-color-blanco-de-pvc-auto-extinguible-para-canaleta-tmk-4577-5550-02001\/"},"modified":"2026-03-20T06:08:47","modified_gmt":"2026-03-20T06:08:47","slug":"pieza-de-union-color-blanco-de-pvc-auto-extinguible-para-canaleta-tmk-4577-5550-02001","status":"publish","type":"product","link":"https:\/\/soydeaqui.ddns.net\/pachuca\/index.php\/producto\/pieza-de-union-color-blanco-de-pvc-auto-extinguible-para-canaleta-tmk-4577-5550-02001\/","title":{"rendered":"Pieza de Uni\u00f3n Color Blanco de PVC Auto Extinguible Para Canaleta TMK-4577 (5550-02001)"},"content":{"rendered":"<div style='width: 100%; max-width: 1200px; margin: 0 auto; font-family: sans-serif; line-height: 1.6; color: inherit; background-color: transparent;'>\n<div style='width: 100%;'> <img style='width: 100%; height: auto; border: 1px solid rgba(150&comma;150&comma;150&comma;0.3); border-radius: 8px;' src='https:\/\/ftp3.syscom.mx\/usuarios\/fotos\/TMK1720CCN\/227146-thorsmanarriba.jpg' alt=''> <\/div>\n<p style='text-align: justify; font-size: 15px; margin-top: 20px; margin-bottom: 20px;'> Utilizar canaletas para la organizaci\u00f3n de cables en un lugar proporciona una serie de beneficios tangibles. Adem\u00e1s de mantener un orden y limpieza que facilita la identificaci\u00f3n y manipulaci\u00f3n de los cables&comma; las canaletas ofrecen una capa de protecci\u00f3n adicional que previene da\u00f1os&comma; accidentes y posibles riesgos para la seguridad. Facilitan el mantenimiento&comma; reducen el riesgo de tropiezos y ca\u00eddas&comma; y contribuyen a un entorno est\u00e9ticamente agradable. En \u00faltima instancia&comma; las canaletas representan una soluci\u00f3n eficaz y pr\u00e1ctica para garantizar la eficiencia y seguridad en la gesti\u00f3n de cables en cualquier entorno. <\/p>\n<div style='display: flex; flex-wrap: wrap; gap: 30px; margin-bottom: 30px;'>\n<div style='flex: 1 1 300px; min-width: 280px;'>\n<h3 style='font-size: 22px; border-bottom: 2px solid currentColor; padding-bottom: 5px; margin-top: 0; color: inherit; opacity: 0.8;'>Caracter\u00edsticas Generales<\/h3>\n<ul style='padding-left: 20px; font-size: 15px; color: inherit;'>\n<li style='margin-bottom: 5px;'>Soluci\u00f3n a instalaciones el\u00e9ctricas y de cableado estructurado<\/li>\n<li style='margin-bottom: 5px;'>Para su uso en interiores<\/li>\n<li style='margin-bottom: 5px;'>Cuenta con Accesorios: Que reducen el tiempo de instalaci\u00f3n evitando hacer cortes<\/li>\n<li style='margin-bottom: 5px;'>Habilitan la instalaci\u00f3n dando est\u00e9tica y funcionamiento a sus instalaciones<\/li>\n<li style='margin-bottom: 5px;'>Colocaci\u00f3n f\u00e1cil y sencilla a presi\u00f3n sobre la canaleta<\/li>\n<li style='margin-bottom: 5px;'>Presentaci\u00f3n de 2.5 metros de largo<\/li>\n<li style='margin-bottom: 5px;'>Resistencia a la humedad y atm\u00f3sfera corrosiva<\/li>\n<li style='margin-bottom: 5px;'>Temperatura de trabajo -5\u00ba C a +65\u00ba C<\/li>\n<li style='margin-bottom: 5px;'>Fuerza de desprendimiento de base y tapa debe ser de 1 kg max. &#8211; Varilla de 1 kg<\/li>\n<\/ul><\/div>\n<\/p><\/div>\n<div style='display: flex; flex-wrap: wrap; gap: 30px; margin-bottom: 30px;'>\n<div style='flex: 1 1 300px; min-width: 280px;'>\n<h3 style='font-size: 22px; border-bottom: 2px solid currentColor; padding-bottom: 5px; margin-top: 0; color: inherit; opacity: 0.8;'>Materiales<\/h3>\n<ul style='padding-left: 20px; font-size: 15px; color: inherit;'>\n<li style='margin-bottom: 5px;'>Color Blanco<\/li>\n<li style='margin-bottom: 5px;'>PVC r\u00edgido de alto impacto resistente a la tensi\u00f3n Auto Extinguible<\/li>\n<li style='margin-bottom: 5px;'>Resistente a los rayos UV<\/li>\n<\/ul><\/div>\n<\/p><\/div>\n<div style='display: flex; flex-wrap: wrap; gap: 30px; margin-bottom: 30px;'>\n<div style='flex: 1 1 300px; min-width: 280px;'>\n<h3 style='font-size: 22px; border-bottom: 2px solid currentColor; padding-bottom: 5px; margin-top: 0; color: inherit; opacity: 0.8;'>Se recomienda para su instalaci\u00f3n<\/h3>\n<ul style='padding-left: 20px; font-size: 15px; color: inherit;'>\n<li style='margin-bottom: 5px;'>Taquetes y Tornillos <a style='text-decoration: none; color: inherit; font-weight: bold;' href='https:\/\/www.syscom.mx\/principal\/searchcont?route=TP-2B-KIT-THORSMAN-78361&#038;autodetect=tp2b'>TP-2B-KIT<\/a><\/li>\n<li style='margin-bottom: 5px;'>Accesorios de la canaleta para su instalaci\u00f3n:\n<ul style='padding-left: 20px; margin-top: 10px; margin-bottom: 0; color: inherit;'>\n<li style='margin-bottom: 5px;'>Secci\u00f3n L <a style='text-decoration: none; color: inherit; font-weight: bold;' href='https:\/\/www.syscom.mx\/principal\/searchcont?route=TMK-4577-L-THORSMAN-231856&#038;autodetect=tmk4577l'>TMK-4577-L<\/a><\/li>\n<li style='margin-bottom: 5px;'>Secci\u00f3n T <a style='text-decoration: none; color: inherit; font-weight: bold;' href='https:\/\/www.syscom.mx\/principal\/searchcont?route=TMK-4577-T-THORSMAN-231857&#038;autodetect=tmk4577l'>TMK-4577-T<\/a><\/li>\n<li style='margin-bottom: 5px;'>Esquinero Exterior <a style='text-decoration: none; color: inherit; font-weight: bold;' href='https:\/\/www.syscom.mx\/principal\/searchcont?route=TMK-4577-EE-THORSMAN-231861&#038;autodetect=tmk4577l'>TMK-4577-EE<\/a><\/li>\n<li style='margin-bottom: 5px;'>Esquinero Interior <a style='text-decoration: none; color: inherit; font-weight: bold;' href='https:\/\/www.syscom.mx\/principal\/searchcont?route=TMK-4577-EI-THORSMAN-231860&#038;autodetect=tmk4577l'>TMK-4577-EI<\/a><\/li>\n<li style='margin-bottom: 5px;'>Canaleta <a style='text-decoration: none; color: inherit; font-weight: bold;' href='https:\/\/www.syscom.mx\/principal\/searchcont?route=TMK-4577-THORSMAN-231855&#038;autodetect=tmk4577l'>TMK-4577<\/a><\/li>\n<li style='margin-bottom: 5px;'>Tapa final <a style='text-decoration: none; color: inherit; font-weight: bold;' href='https:\/\/www.syscom.mx\/principal\/searchcont?route=TMK-4577-F-THORSMAN-231859&#038;autodetect=tmk4577l'>TMK-4577-F<\/a><\/li>\n<li> Caja universal <a style='text-decoration: none; color: inherit; font-weight: bold;' href='https:\/\/www.syscom.mx\/principal\/searchcont?route=TMK-S1-N-THORSMAN-227154&#038;autodetect=TMKS1N'>TMK-S1-N<\/a><\/li>\n<\/ul>\n<\/li>\n<\/ul><\/div>\n<\/p><\/div>\n<div style='width: 100%;'> <img style='width: 100%; height: auto; border: 1px solid rgba(150&comma;150&comma;150&comma;0.3); border-radius: 8px;' src='https:\/\/ftp3.syscom.mx\/usuarios\/fotos\/TMK1720CCN\/227146-thorsmanabajo.png' alt=''> <\/div>\n<\/p><\/div>\n","protected":false},"excerpt":{"rendered":"<p>Pieza de Uni\u00f3n Color Blanco de PVC Auto Extinguible Para Canaleta TMK-4577 (5550-02001)<\/p>\n","protected":false},"featured_media":93569,"comment_status":"open","ping_status":"closed","template":"","meta":[],"product_brand":[],"product_cat":[581],"product_tag":[582,572,583],"class_list":{"0":"post-93570","1":"product","2":"type-product","3":"status-publish","4":"has-post-thumbnail","6":"product_cat-canaletas","7":"product_tag-canaletas","8":"product_tag-canalizacion","9":"product_tag-thorsman","11":"first","12":"outofstock","13":"sale","14":"shipping-taxable","15":"purchasable","16":"product-type-simple"},"_links":{"self":[{"href":"https:\/\/soydeaqui.ddns.net\/pachuca\/index.php\/wp-json\/wp\/v2\/product\/93570","targetHints":{"allow":["GET"]}}],"collection":[{"href":"https:\/\/soydeaqui.ddns.net\/pachuca\/index.php\/wp-json\/wp\/v2\/product"}],"about":[{"href":"https:\/\/soydeaqui.ddns.net\/pachuca\/index.php\/wp-json\/wp\/v2\/types\/product"}],"replies":[{"embeddable":true,"href":"https:\/\/soydeaqui.ddns.net\/pachuca\/index.php\/wp-json\/wp\/v2\/comments?post=93570"}],"wp:featuredmedia":[{"embeddable":true,"href":"https:\/\/soydeaqui.ddns.net\/pachuca\/index.php\/wp-json\/wp\/v2\/media\/93569"}],"wp:attachment":[{"href":"https:\/\/soydeaqui.ddns.net\/pachuca\/index.php\/wp-json\/wp\/v2\/media?parent=93570"}],"wp:term":[{"taxonomy":"product_brand","embeddable":true,"href":"https:\/\/soydeaqui.ddns.net\/pachuca\/index.php\/wp-json\/wp\/v2\/product_brand?post=93570"},{"taxonomy":"product_cat","embeddable":true,"href":"https:\/\/soydeaqui.ddns.net\/pachuca\/index.php\/wp-json\/wp\/v2\/product_cat?post=93570"},{"taxonomy":"product_tag","embeddable":true,"href":"https:\/\/soydeaqui.ddns.net\/pachuca\/index.php\/wp-json\/wp\/v2\/product_tag?post=93570"}],"curies":[{"name":"wp","href":"https:\/\/api.w.org\/{rel}","templated":true}]}}