{"id":93523,"date":"2026-03-20T06:06:40","date_gmt":"2026-03-20T06:06:40","guid":{"rendered":"https:\/\/soydeaqui.ddns.net\/pachuca\/index.php\/producto\/monitor-linux-de-7-pulgada-para-interior-intercom-sip-compatible-con-cualquier-frente-de-calle-akuvox-wifi\/"},"modified":"2026-03-20T06:06:41","modified_gmt":"2026-03-20T06:06:41","slug":"monitor-linux-de-7-pulgada-para-interior-intercom-sip-compatible-con-cualquier-frente-de-calle-akuvox-wifi","status":"publish","type":"product","link":"https:\/\/soydeaqui.ddns.net\/pachuca\/index.php\/producto\/monitor-linux-de-7-pulgada-para-interior-intercom-sip-compatible-con-cualquier-frente-de-calle-akuvox-wifi\/","title":{"rendered":"Monitor Linux de 7 Pulgada para interior \/ Intercom SIP \/ Compatible con cualquier frente de calle AKUVOX \/ WIFI"},"content":{"rendered":"<div style='width: 100%; max-width: 1200px; margin: 0 auto; font-family: sans-serif; line-height: 1.6; color: inherit; background-color: transparent;'> <!-- Jumbotron --> <\/p>\n<div style='background: linear-gradient(55deg&comma; #CCD0FA 0%&comma; #0212AA 100%); border-bottom: 6px solid #0212AA; border-left: 6px solid #CCD0FA; border-right: 6px solid #0212AA; border-radius: 0; padding: 20px;'> <img style='width: 100%; max-width: 450px; height: auto; border: 1px solid rgba(150&comma;150&comma;150&comma;0.3); border-radius: 8px; display: block; margin: 0 auto 8px;' src='https:\/\/shop.domo-supply.com\/img\/m\/126.jpg' alt='Monitor Linux de 7 pulgadas'> <\/p>\n<h2 style='color: inherit; font-size: 28px; margin: 0; padding: 0; text-align: center;'> <span style='font-family: Franklin Gothic;'>Monitor Linux de 7 pulgadas IP\/ intercom SIP<\/span> <\/h2>\n<\/p><\/div>\n<p> <!-- Secci\u00f3n de descripci\u00f3n --> <\/p>\n<div style='background: linear-gradient(55deg&comma; #EAECFC 0%&comma; #DEDEDE 100%); border-bottom: 6px solid #0212AA; border-top: 6px solid #0212AA; border-radius: 10px; box-shadow: 10px 5px 3px rgba(128&comma;128&comma;128&comma;0.3); margin-top: 20px; margin-bottom: 20px; padding: 20px;'>\n<h2 style='margin-top: 0;'> <span style='font-family: Franklin Gothic;'>Monitor interior compacto pero <u style='color: inherit; opacity: 0.8;'>potente<\/u><\/span> <\/h2>\n<p style='font-size: 15px;'> <span style='font-family: Franklin Gothic;'>Akuvox C313 es un monitor de interior Linux de 7&#8221;&comma; con un cuerpo compacto&comma; perfecto para un espacio limitado y ofrece una gran cantidad de funciones. Suele utilizarse en apartamentos<\/span> <\/p>\n<\/p><\/div>\n<p> <!-- Secci\u00f3n de caracter\u00edsticas --> <\/p>\n<div style='background: linear-gradient(55deg&comma; #EAECFC 0%&comma; #DEDEDE 100%); border-bottom: 6px solid #0212AA; border-top: 6px solid #0212AA; border-radius: 10px; box-shadow: 10px 5px 3px rgba(128&comma;128&comma;128&comma;0.3); margin-top: 20px; margin-bottom: 20px; padding: 20px;'>\n<ul style='padding-left: 20px; font-size: 15px; color: inherit; list-style-type: disc;'>\n<li style='margin-bottom: 5px;'><span style='font-family: Franklin Gothic;'>Aspecto elegante y ultra transparente.<\/span><\/li>\n<li style='margin-bottom: 5px;'><span style='font-family: Franklin Gothic;'>Perfil delgado y espacio reducido.<\/span><\/li>\n<li style='margin-bottom: 5px;'><span style='font-family: Franklin Gothic;'>Pantalla t\u00e1ctil capacitiva de 7 pulgadas con modo de ahorro de energ\u00eda.<\/span><\/li>\n<li style='margin-bottom: 5px;'><span style='font-family: Franklin Gothic;'>Comunicaci\u00f3n de audio bidireccional con otros dispositivos en la red.<\/span><\/li>\n<li style='margin-bottom: 5px;'><span style='font-family: Franklin Gothic;'>Conforme al est\u00e1ndar SIP para una f\u00e1cil integraci\u00f3n en cada PBX con capacidad SIP.<\/span><\/li>\n<li style='margin-bottom: 5px;'><span style='font-family: Franklin Gothic;'>Alimentada por PoE o una fuente externa.<\/span><\/li>\n<li style='margin-bottom: 5px;'><span style='font-family: Franklin Gothic;'>Admite las cajas murales el\u00e9ctricas de est\u00e1ndar estadounidense o europeo.<\/span><\/li>\n<\/ul><\/div>\n<p> <!-- Secci\u00f3n de especificaciones --> <\/p>\n<div style='display: flex; flex-wrap: wrap; gap: 20px; margin-top: 30px; margin-bottom: 30px;'> <!-- Caracter\u00edsticas principales --> <\/p>\n<div style='flex: 1 1 300px; min-width: 280px;'>\n<div style='background: linear-gradient(55deg&comma; #EAECFC 0%&comma; #DEDEDE 100%); border-left: 5px solid #0212AA; border-radius: 5px; box-shadow: 2px 2px 10px rgba(216&comma;216&comma;216&comma;0.3); overflow: hidden;'>\n<div style='padding: 15px; border-bottom: 1px solid rgba(150&comma; 150&comma; 150&comma; 0.2); font-weight: bold; font-size: 18px; color: inherit; background: linear-gradient(55deg&comma; #EAECFC 0%&comma; #DEDEDE 100%);'>Caracter\u00edsticas principales<\/div>\n<div style='padding: 15px; color: inherit; background: linear-gradient(55deg&comma; #EAECFC 0%&comma; #DEDEDE 100%);'>\n<ul style='padding-left: 20px; margin: 0; font-size: 14px; list-style-type: disc;'>\n<li style='margin-bottom: 5px;'><span style='font-family: Franklin Gothic;'><strong>Panel frontal:<\/strong> pl\u00e1stico<\/span><\/li>\n<li style='margin-bottom: 5px;'><span style='font-family: Franklin Gothic;'><strong>RAM\/ROM:<\/strong> 1 GB\/8 GB<\/span><\/li>\n<li style='margin-bottom: 5px;'><span style='font-family: Franklin Gothic;'><strong>M\u00f3dulo de pantalla:<\/strong> TFT LCD de 7 pulgadas<\/span><\/li>\n<li style='margin-bottom: 5px;'><span style='font-family: Franklin Gothic;'><strong>Pantalla:<\/strong> pantalla t\u00e1ctil capacitiva de 7 pulgadas<\/span><\/li>\n<li style='margin-bottom: 5px;'><span style='font-family: Franklin Gothic;'><strong>Wi-Fi:<\/strong> IEEE802.11b\/g\/n&comma; @2.4GHz<\/span><\/li>\n<li style='margin-bottom: 5px;'><span style='font-family: Franklin Gothic;'><strong>Puerto RS485:<\/strong> soporte<\/span><\/li>\n<li style='margin-bottom: 5px;'><span style='font-family: Franklin Gothic;'><strong>Salida de rel\u00e9:<\/strong> 1<\/span><\/li>\n<li style='margin-bottom: 5px;'><span style='font-family: Franklin Gothic;'><strong>Entrada de timbre:<\/strong> 1<\/span><\/li>\n<li style='margin-bottom: 5px;'><span style='font-family: Franklin Gothic;'><strong>E\/S:<\/strong> 8<\/span><\/li>\n<li style='margin-bottom: 5px;'><span style='font-family: Franklin Gothic;'><strong>Micr\u00f3fono:<\/strong> -58dB<\/span><\/li>\n<li style='margin-bottom: 5px;'><span style='font-family: Franklin Gothic;'><strong>Altavoz:<\/strong> 4\u03a9\/2W<\/span><\/li>\n<li style='margin-bottom: 5px;'><span style='font-family: Franklin Gothic;'><strong>Puertos Ethernet:<\/strong> 2xRJ45 adaptativo de 10\/100Mbps<\/span><\/li>\n<li style='margin-bottom: 5px;'><span style='font-family: Franklin Gothic;'><strong>802.3af PoE<\/strong><\/span><\/li>\n<li style='margin-bottom: 5px;'><span style='font-family: Franklin Gothic;'><strong>Conector de corriente 12V<\/strong> (si no se usa PoE)<\/span><\/li>\n<li style='margin-bottom: 5px;'><span style='font-family: Franklin Gothic;'><strong>Instalaci\u00f3n:<\/strong> montaje en pared o en escritorio<\/span><\/li>\n<li style='margin-bottom: 5px;'><span style='font-family: Franklin Gothic;'><strong>Dimensi\u00f3n:<\/strong> 200&comma;2&#215;132&comma;2&#215;27&comma;2mm<\/span><\/li>\n<li style='margin-bottom: 5px;'><span style='font-family: Franklin Gothic;'><strong>Rango de humedad permitida:<\/strong> 10~90%<\/span><\/li>\n<li style='margin-bottom: 5px;'><span style='font-family: Franklin Gothic;'><strong>Rango de temperatura permitida:<\/strong> -10\u00b0C~+45\u00b0C<\/span><\/li>\n<li style='margin-bottom: 5px;'><span style='font-family: Franklin Gothic;'><strong>Temperatura de almacenamiento:<\/strong> -20\u00b0C~+70\u00b0C<\/span><\/li>\n<\/ul><\/div>\n<\/p><\/div>\n<\/p><\/div>\n<p> <!-- Especificaciones t\u00e9cnicas --> <\/p>\n<div style='flex: 1 1 300px; min-width: 280px;'>\n<div style='background: linear-gradient(55deg&comma; #EAECFC 0%&comma; #DEDEDE 100%); border-left: 5px solid #0212AA; border-radius: 5px; box-shadow: 2px 2px 10px rgba(216&comma;216&comma;216&comma;0.3); overflow: hidden;'>\n<div style='padding: 15px; border-bottom: 1px solid rgba(150&comma; 150&comma; 150&comma; 0.2); font-weight: bold; font-size: 18px; color: inherit; background: linear-gradient(55deg&comma; #EAECFC 0%&comma; #DEDEDE 100%);'>Especificaciones t\u00e9cnicas<\/div>\n<div style='padding: 15px; color: inherit; background: linear-gradient(55deg&comma; #EAECFC 0%&comma; #DEDEDE 100%);'>\n<h4 style='margin-top: 0; margin-bottom: 10px; font-size: 16px; color: inherit; opacity: 0.8;'><span style='font-family: Franklin Gothic;'>Pantalla t\u00e1ctil<\/span><\/h4>\n<ul style='padding-left: 20px; margin: 0; font-size: 14px; list-style-type: disc;'>\n<li style='margin-bottom: 5px;'><span style='font-family: Franklin Gothic;'><strong>Modo de visualizaci\u00f3n:<\/strong> normalmente blanco&comma; transmisivo<\/span><\/li>\n<li style='margin-bottom: 5px;'><span style='font-family: Franklin Gothic;'><strong>Tama\u00f1o LCD:<\/strong> 7 pulgadas (diagonal)<\/span><\/li>\n<li style='margin-bottom: 5px;'><span style='font-family: Franklin Gothic;'><strong>Resoluci\u00f3n:<\/strong> 1024 x 600<\/span><\/li>\n<li style='margin-bottom: 5px;'><span style='font-family: Franklin Gothic;'><strong>Relaci\u00f3n de contraste:<\/strong> 500:1<\/span><\/li>\n<li style='margin-bottom: 5px;'><span style='font-family: Franklin Gothic;'><strong>Luminosidad:<\/strong> 220 cd\/m2<\/span><\/li>\n<li style='margin-bottom: 5px;'><span style='font-family: Franklin Gothic;'><strong>\u00c1ngulo de visi\u00f3n:<\/strong> 50\u00b0 a la izquierda&comma; 50\u00b0 a la derecha&comma; 40\u00b0 superior&comma; 50\u00b0 inferior<\/span><\/li>\n<li style='margin-bottom: 5px;'><span style='font-family: Franklin Gothic;'><strong>Pantalla t\u00e1ctil:<\/strong> capacitiva proyectada<\/span><\/li>\n<\/ul>\n<h4 style='margin-top: 20px; margin-bottom: 10px; font-size: 16px; color: inherit; opacity: 0.8;'><span style='font-family: Franklin Gothic;'>Audio<\/span><\/h4>\n<ul style='padding-left: 20px; margin: 0; font-size: 14px; list-style-type: disc;'>\n<li style='margin-bottom: 5px;'><span style='font-family: Franklin Gothic;'><strong>SIP:<\/strong> v1 (RFC2543)&comma; v2 (RFC3261)<\/span><\/li>\n<li style='margin-bottom: 5px;'><span style='font-family: Franklin Gothic;'><strong>C\u00f3dec de audio de banda estrecha:<\/strong> G.711a&comma; G.711\u03bc&comma; G.729<\/span><\/li>\n<li style='margin-bottom: 5px;'><span style='font-family: Franklin Gothic;'><strong>C\u00f3dec de audio de banda ancha:<\/strong> G.722<\/span><\/li>\n<li style='margin-bottom: 5px;'><span style='font-family: Franklin Gothic;'><strong>DTMF:<\/strong> DTMF en banda&comma; DTMF fuera de banda (RFC2833)&comma; SIP Info<\/span><\/li>\n<li style='margin-bottom: 5px;'><span style='font-family: Franklin Gothic;'>Cancelaci\u00f3n de eco<\/span><\/li>\n<li style='margin-bottom: 5px;'><span style='font-family: Franklin Gothic;'>Detecci\u00f3n de actividad de voz<\/span><\/li>\n<li style='margin-bottom: 5px;'><span style='font-family: Franklin Gothic;'>Confort ac\u00fastico<\/span><\/li>\n<li style='margin-bottom: 5px;'><span style='font-family: Franklin Gothic;'>Control Autom\u00e1tico de Ganancia<\/span><\/li>\n<\/ul>\n<h4 style='margin-top: 20px; margin-bottom: 10px; font-size: 16px; color: inherit; opacity: 0.8;'><span style='font-family: Franklin Gothic;'>V\u00eddeo<\/span><\/h4>\n<ul style='padding-left: 20px; margin: 0; font-size: 14px; list-style-type: disc;'>\n<li style='margin-bottom: 5px;'><span style='font-family: Franklin Gothic;'><strong>Formatos de transmisi\u00f3n:<\/strong> H.263 y H.264<\/span><\/li>\n<\/ul><\/div>\n<\/p><\/div>\n<\/p><\/div>\n<p> <!-- Redes y aplicaciones --> <\/p>\n<div style='flex: 1 1 300px; min-width: 280px;'>\n<div style='background: linear-gradient(55deg&comma; #EAECFC 0%&comma; #DEDEDE 100%); border-left: 5px solid #0212AA; border-radius: 5px; box-shadow: 2px 2px 10px rgba(216&comma;216&comma;216&comma;0.3); overflow: hidden;'>\n<div style='padding: 15px; border-bottom: 1px solid rgba(150&comma; 150&comma; 150&comma; 0.2); font-weight: bold; font-size: 18px; color: inherit; background: linear-gradient(55deg&comma; #EAECFC 0%&comma; #DEDEDE 100%);'>Redes y aplicaciones<\/div>\n<div style='padding: 15px; color: inherit; background: linear-gradient(55deg&comma; #EAECFC 0%&comma; #DEDEDE 100%);'>\n<h4 style='margin-top: 0; margin-bottom: 10px; font-size: 16px; color: inherit; opacity: 0.8;'><span style='font-family: Franklin Gothic;'>Redes<\/span><\/h4>\n<ul style='padding-left: 20px; margin: 0; font-size: 14px; list-style-type: disc;'>\n<li style='margin-bottom: 5px;'><span style='font-family: Franklin Gothic;'><strong>Protocolos de aplicaci\u00f3n:<\/strong> IPv4&comma; IPv6&comma; HTTP&comma; HTTPS&comma; FTP&comma; TFTP&comma; SNMP&comma; DNS&comma; SNTP&comma; RTSP&comma; SRTP&comma; RTP&comma; TCP&comma; UDP&comma; TLS&comma; ICMP&comma; DHCP&comma; ARP<\/span><\/li>\n<\/ul>\n<h4 style='margin-top: 20px; margin-bottom: 10px; font-size: 16px; color: inherit; opacity: 0.8;'><span style='font-family: Franklin Gothic;'>Implementaci\u00f3n y mantenimiento<\/span><\/h4>\n<ul style='padding-left: 20px; margin: 0; font-size: 14px; list-style-type: disc;'>\n<li style='margin-bottom: 5px;'><span style='font-family: Franklin Gothic;'>Aprovisionamiento autom\u00e1tico<\/span><\/li>\n<li style='margin-bottom: 5px;'><span style='font-family: Franklin Gothic;'>Portal de gesti\u00f3n en l\u00ednea<\/span><\/li>\n<li style='margin-bottom: 5px;'><span style='font-family: Franklin Gothic;'>Paquete de volcado de memoria basado en la web<\/span><\/li>\n<li style='margin-bottom: 5px;'><span style='font-family: Franklin Gothic;'>Copia de respaldo y restauraci\u00f3n de configuraciones<\/span><\/li>\n<li style='margin-bottom: 5px;'><span style='font-family: Franklin Gothic;'>Actualizaci\u00f3n de firmware<\/span><\/li>\n<li style='margin-bottom: 5px;'><span style='font-family: Franklin Gothic;'>Registros del sistema (incluyen registros de acceso a la puerta)<\/span><\/li>\n<\/ul>\n<h4 style='margin-top: 20px; margin-bottom: 10px; font-size: 16px; color: inherit; opacity: 0.8;'><span style='font-family: Franklin Gothic;'>Escenario de aplicaci\u00f3n<\/span><\/h4>\n<ul style='padding-left: 20px; margin: 0; font-size: 14px; list-style-type: disc;'>\n<li style='margin-bottom: 5px;'><span style='font-family: Franklin Gothic;'>Villas<\/span><\/li>\n<li style='margin-bottom: 5px;'><span style='font-family: Franklin Gothic;'>Complejos de apartamentos<\/span><\/li>\n<li style='margin-bottom: 5px;'><span style='font-family: Franklin Gothic;'>Sistemas de automatizaci\u00f3n del hogar<\/span><\/li>\n<li style='margin-bottom: 5px;'><span style='font-family: Franklin Gothic;'>Interiores modernos<\/span><\/li>\n<\/ul><\/div>\n<\/p><\/div>\n<\/p><\/div>\n<\/p><\/div>\n<p> <!-- Im\u00e1genes --> <\/p>\n<div style='display: flex; flex-wrap: wrap; gap: 20px; justify-content: center; margin: 30px 0;'> <img style='width: 100%; max-width: 970px; height: auto; border: 1px solid rgba(150&comma;150&comma;150&comma;0.3); border-radius: 8px;' src='https:\/\/www.akuvox.com\/uploads\/202012\/2020121812055777.jpg' alt=''> <img style='width: 100%; max-width: 970px; height: auto; border: 1px solid rgba(150&comma;150&comma;150&comma;0.3); border-radius: 8px;' src='https:\/\/www.akuvox.com\/uploads\/202012\/2020121812090869.jpg' alt=''> <img style='width: 100%; max-width: 970px; height: auto; border: 1px solid rgba(150&comma;150&comma;150&comma;0.3); border-radius: 8px;' src='https:\/\/www.akuvox.com\/uploads\/202012\/2020121812092110.jpg' alt=''> <\/div>\n<p> <!-- Video --> <\/p>\n<div style='position: relative; padding-bottom: 56.25%; height: 0; overflow: hidden; margin: 30px 0;'>   <\/div>\n<p> <!-- Nota de licencia --> <\/p>\n<div style='margin: 20px 0; padding: 15px; border-left: 5px solid #0212AA; background-color: rgba(2&comma; 18&comma; 170&comma; 0.05);'>\n<p style='margin: 0; font-size: 15px; color: inherit;'> Requiere licencia de uso de APP&comma; se adquiere directamente en el portal de la Nube <\/p>\n<\/p><\/div>\n<\/p><\/div>\n","protected":false},"excerpt":{"rendered":"<p>Monitor Linux de 7 Pulgada para interior \/ Intercom SIP \/ Compatible con cualquier frente de calle AKUVOX \/ WIFI<\/p>\n","protected":false},"featured_media":32,"comment_status":"open","ping_status":"closed","template":"","meta":[],"product_brand":[],"product_cat":[894],"product_tag":[786,820,557],"class_list":{"0":"post-93523","1":"product","2":"type-product","3":"status-publish","4":"has-post-thumbnail","6":"product_cat-multiapartamentos-videoporteros-e-interfonos","7":"product_tag-akuvox","8":"product_tag-multiapartamentos","9":"product_tag-videoporteros-e-interfonos","11":"first","12":"instock","13":"sale","14":"shipping-taxable","15":"purchasable","16":"product-type-simple"},"_links":{"self":[{"href":"https:\/\/soydeaqui.ddns.net\/pachuca\/index.php\/wp-json\/wp\/v2\/product\/93523","targetHints":{"allow":["GET"]}}],"collection":[{"href":"https:\/\/soydeaqui.ddns.net\/pachuca\/index.php\/wp-json\/wp\/v2\/product"}],"about":[{"href":"https:\/\/soydeaqui.ddns.net\/pachuca\/index.php\/wp-json\/wp\/v2\/types\/product"}],"replies":[{"embeddable":true,"href":"https:\/\/soydeaqui.ddns.net\/pachuca\/index.php\/wp-json\/wp\/v2\/comments?post=93523"}],"wp:featuredmedia":[{"embeddable":true,"href":"https:\/\/soydeaqui.ddns.net\/pachuca\/index.php\/wp-json\/wp\/v2\/media\/32"}],"wp:attachment":[{"href":"https:\/\/soydeaqui.ddns.net\/pachuca\/index.php\/wp-json\/wp\/v2\/media?parent=93523"}],"wp:term":[{"taxonomy":"product_brand","embeddable":true,"href":"https:\/\/soydeaqui.ddns.net\/pachuca\/index.php\/wp-json\/wp\/v2\/product_brand?post=93523"},{"taxonomy":"product_cat","embeddable":true,"href":"https:\/\/soydeaqui.ddns.net\/pachuca\/index.php\/wp-json\/wp\/v2\/product_cat?post=93523"},{"taxonomy":"product_tag","embeddable":true,"href":"https:\/\/soydeaqui.ddns.net\/pachuca\/index.php\/wp-json\/wp\/v2\/product_tag?post=93523"}],"curies":[{"name":"wp","href":"https:\/\/api.w.org\/{rel}","templated":true}]}}