{"id":93508,"date":"2026-03-20T06:05:58","date_gmt":"2026-03-20T06:05:58","guid":{"rendered":"https:\/\/soydeaqui.ddns.net\/pachuca\/index.php\/producto\/bala-ip-4-megapixel-lente-mot-2-8-a-12-mm-antiexplosion-anticorrosion-80-mts-ir-exir-h-265-ip68-wiper-316l-nema-4x-atex-iecex\/"},"modified":"2026-03-20T06:05:59","modified_gmt":"2026-03-20T06:05:59","slug":"bala-ip-4-megapixel-lente-mot-2-8-a-12-mm-antiexplosion-anticorrosion-80-mts-ir-exir-h-265-ip68-wiper-316l-nema-4x-atex-iecex","status":"publish","type":"product","link":"https:\/\/soydeaqui.ddns.net\/pachuca\/index.php\/producto\/bala-ip-4-megapixel-lente-mot-2-8-a-12-mm-antiexplosion-anticorrosion-80-mts-ir-exir-h-265-ip68-wiper-316l-nema-4x-atex-iecex\/","title":{"rendered":"Bala IP 4 Megapixel \/ Lente Mot. 2.8 a 12 mm \/ Antiexplosion \/ Anticorrosion \/ 80 mts IR EXIR \/ H.265+ \/ IP68 \/ Wiper \/ 316L \/ NEMA 4X \/ ATEX \/ IECEx"},"content":{"rendered":"<div style='width: 100%; max-width: 1200px; margin: 0 auto; font-family: sans-serif; line-height: 1.6; color: inherit; background-color: transparent;'>\n<p style='text-align: center; margin: 0; padding: 0;'><img style='width: 100%; max-width: 300px; height: auto; border: 1px solid rgba(150&comma;150&comma;150&comma;0.3); border-radius: 8px;' src='https:\/\/ftp3.syscom.mx\/usuarios\/jsosa\/HIKVISION\/imagenes\/logo\/hikvision%20see%20far.png' alt='Logo Hikvision' \/><\/p>\n<div style='width: 100%; margin: 30px 0;'>\n<h3 style='font-size: 22px; border-bottom: 2px solid currentColor; padding-bottom: 5px; margin-top: 0; margin-bottom: 20px; color: inherit; opacity: 0.8; text-align: center;'>Instalaci\u00f3n de C\u00e1mara<\/h3>\n<div style='position: relative; padding-bottom: 56.25%; height: 0; overflow: hidden; margin-bottom: 30px;'>   <\/div>\n<\/p><\/div>\n<div style='display: flex; flex-wrap: wrap; gap: 30px;'>\n<div style='flex: 1 1 300px; min-width: 280px;'>\n<h3 style='font-size: 22px; border-bottom: 2px solid currentColor; padding-bottom: 5px; margin-top: 0; margin-bottom: 15px; color: inherit; opacity: 0.8;'>Caracter\u00edsticas principales<\/h3>\n<ul style='padding-left: 20px; font-size: 15px; color: inherit;'>\n<li style='margin-bottom: 5px;'>Sensor de imagen: 1\/1.8&#8242; CMOS Scan Progresivo<\/li>\n<li style='margin-bottom: 5px;'>Iluminaci\u00f3n m\u00ednima: 0.0005 Lux @ (F1.2&comma;AGC ON)&comma; 0 Lux con IR<\/li>\n<li style='margin-bottom: 5px;'>Velocidad de Shutter: 1\/3s a 1\/100&comma;000s<\/li>\n<li style='margin-bottom: 5px;'>Lente varifocal: 2.8mm &#8211; 12mm&comma; angulo de vision 94\u00b0-38\u00b0<\/li>\n<li style='margin-bottom: 5px;'>WDR 120dB &comma; BLC&comma; HLC&comma; 3D-DNR&comma; Defog<\/li>\n<li style='margin-bottom: 5px; font-weight: bold;'>Soporta H.265+ \/ H.265 \/ H.264+ \/ H.264<\/li>\n<li style='margin-bottom: 5px;'>1 Puerto RJ45 (10 \/ 100 \/ 1000 Mbps)<\/li>\n<li style='margin-bottom: 5px;'>2 entradas de alarma<\/li>\n<li style='margin-bottom: 5px;'>2 salidas de alarma<\/li>\n<li style='margin-bottom: 5px;'>1 entrada de audio<\/li>\n<li style='margin-bottom: 5px;'>1 salida de audio<\/li>\n<\/ul><\/div>\n<div style='flex: 1 1 300px; min-width: 280px;'>\n<h3 style='font-size: 22px; border-bottom: 2px solid currentColor; padding-bottom: 5px; margin-top: 0; margin-bottom: 15px; color: inherit; opacity: 0.8;'>Caracter\u00edsticas F\u00edsicas y El\u00e9ctricas<\/h3>\n<ul style='padding-left: 20px; font-size: 15px; color: inherit;'>\n<li style='margin-bottom: 5px;'>Temperatura de operaci\u00f3n: -40\u00b0C a 60\u00b0C&comma; Humedad 95%<\/li>\n<li style='margin-bottom: 5px;'>Alimentaci\u00f3n: 100 a 240 Vca \/ PoE (802.3at)<\/li>\n<li style='margin-bottom: 5px;'>Consumo m\u00e1ximo: 23.6W<\/li>\n<li style='margin-bottom: 5px;'>Distancia de IR: 80 metros<\/li>\n<li style='margin-bottom: 5px;'>Carcasa de acero inoxidable 316L<\/li>\n<li style='margin-bottom: 5px;'>Protecci\u00f3n IP68<\/li>\n<li style='margin-bottom: 5px;'>Gabinete anti-explosi\u00f3n<\/li>\n<li style='margin-bottom: 5px;'>Dimensiones: 513 x 169 x 308 mm<\/li>\n<li style='margin-bottom: 5px;'>Peso: 17.8 kg<\/li>\n<\/ul><\/div>\n<div style='flex: 1 1 300px; min-width: 280px;'>\n<h3 style='font-size: 22px; border-bottom: 2px solid currentColor; padding-bottom: 5px; margin-top: 0; margin-bottom: 15px; color: inherit; opacity: 0.8;'>Caracter\u00edsticas Destacadas<\/h3>\n<ul style='padding-left: 20px; font-size: 15px; color: inherit;'>\n<li style='margin-bottom: 5px;'>Soporta los siguientes video anal\u00edticos\n<ul style='padding-left: 20px; margin-top: 5px;'>\n<li style='margin-bottom: 5px;'>Cruce de lineas<\/li>\n<li style='margin-bottom: 5px;'>Intrusi\u00f3n de area<\/li>\n<li style='margin-bottom: 5px;'>Objeto removido<\/li>\n<li style='margin-bottom: 5px;'>Objeto olvidado<\/li>\n<li style='margin-bottom: 5px;'>Cambio de escena<\/li>\n<\/ul>\n<\/li>\n<\/ul><\/div>\n<\/p><\/div>\n<hr style='border: 0; border-top: 1px solid rgba(150&comma; 150&comma; 150&comma; 0.3); margin: 30px 0;'>\n<p style='text-align: center; margin: 0; padding: 0;'><img style='width: 100%; max-width: 600px; height: auto; border: 1px solid rgba(150&comma;150&comma;150&comma;0.3); border-radius: 8px;' src='https:\/\/ftp3.syscom.mx\/usuarios\/jsosa\/HIKVISION\/imagenes\/banners\/solution%20complete.png' alt='Soluci\u00f3n completa Hikvision' \/><\/p>\n<\/p><\/div>\n","protected":false},"excerpt":{"rendered":"<p>Bala IP 4 Megapixel \/ Lente Mot. 2.8 a 12 mm \/ Antiexplosion \/ Anticorrosion \/ 80 mts IR EXIR \/ H.265+ \/ IP68 \/ Wiper \/ 316L \/ NEMA 4X \/ ATEX \/ IECEx<\/p>\n","protected":false},"featured_media":93507,"comment_status":"open","ping_status":"closed","template":"","meta":[],"product_brand":[],"product_cat":[2258],"product_tag":[2259,122,54],"class_list":{"0":"post-93508","1":"product","2":"type-product","3":"status-publish","4":"has-post-thumbnail","6":"product_cat-antiexplosion","7":"product_tag-antiexplosion","8":"product_tag-camaras-ip-y-nvrs","9":"product_tag-hikvision","11":"first","12":"instock","13":"sale","14":"shipping-taxable","15":"purchasable","16":"product-type-simple"},"_links":{"self":[{"href":"https:\/\/soydeaqui.ddns.net\/pachuca\/index.php\/wp-json\/wp\/v2\/product\/93508","targetHints":{"allow":["GET"]}}],"collection":[{"href":"https:\/\/soydeaqui.ddns.net\/pachuca\/index.php\/wp-json\/wp\/v2\/product"}],"about":[{"href":"https:\/\/soydeaqui.ddns.net\/pachuca\/index.php\/wp-json\/wp\/v2\/types\/product"}],"replies":[{"embeddable":true,"href":"https:\/\/soydeaqui.ddns.net\/pachuca\/index.php\/wp-json\/wp\/v2\/comments?post=93508"}],"wp:featuredmedia":[{"embeddable":true,"href":"https:\/\/soydeaqui.ddns.net\/pachuca\/index.php\/wp-json\/wp\/v2\/media\/93507"}],"wp:attachment":[{"href":"https:\/\/soydeaqui.ddns.net\/pachuca\/index.php\/wp-json\/wp\/v2\/media?parent=93508"}],"wp:term":[{"taxonomy":"product_brand","embeddable":true,"href":"https:\/\/soydeaqui.ddns.net\/pachuca\/index.php\/wp-json\/wp\/v2\/product_brand?post=93508"},{"taxonomy":"product_cat","embeddable":true,"href":"https:\/\/soydeaqui.ddns.net\/pachuca\/index.php\/wp-json\/wp\/v2\/product_cat?post=93508"},{"taxonomy":"product_tag","embeddable":true,"href":"https:\/\/soydeaqui.ddns.net\/pachuca\/index.php\/wp-json\/wp\/v2\/product_tag?post=93508"}],"curies":[{"name":"wp","href":"https:\/\/api.w.org\/{rel}","templated":true}]}}