{"id":93502,"date":"2026-03-20T06:05:41","date_gmt":"2026-03-20T06:05:41","guid":{"rendered":"https:\/\/soydeaqui.ddns.net\/pachuca\/index.php\/producto\/dvr-4-canales-turbohd-2-canales-ip-5-megapixel-lite-3k-lite-audio-bidireccional-por-coaxitron-reconocimiento-facial-acusense-evita-falsas-alarmas-1-bahia-de-disco-duro-salida-de-vide\/"},"modified":"2026-03-20T06:05:53","modified_gmt":"2026-03-20T06:05:53","slug":"dvr-4-canales-turbohd-2-canales-ip-5-megapixel-lite-3k-lite-audio-bidireccional-por-coaxitron-reconocimiento-facial-acusense-evita-falsas-alarmas-1-bahia-de-disco-duro-salida-de-vide","status":"publish","type":"product","link":"https:\/\/soydeaqui.ddns.net\/pachuca\/index.php\/producto\/dvr-4-canales-turbohd-2-canales-ip-5-megapixel-lite-3k-lite-audio-bidireccional-por-coaxitron-reconocimiento-facial-acusense-evita-falsas-alarmas-1-bahia-de-disco-duro-salida-de-vide\/","title":{"rendered":"DVR 4 Canales TURBOHD + 2 Canales IP \/ 5 Megapixel Lite &#8211; 3K Lite \/ Audio Bidireccional por Coaxitron \/ Reconocimiento Facial \/ ACUSENSE (Evita falsas alarmas) \/ 1 Bah\u00eda de Disco Duro \/ Salida de Video en Full HD"},"content":{"rendered":"<div style='width: 100%; max-width: 1200px; margin: 0 auto; font-family: sans-serif; line-height: 1.6; color: inherit; background-color: transparent;'> <!-- Banner principal --> <\/p>\n<div style='width: 100%; margin: 20px 0;'> <img style='width: 100%; height: auto; border: 1px solid rgba(150&comma;150&comma;150&comma;0.3); border-radius: 8px;' src='https:\/\/ftp3.syscom.mx\/usuarios\/nicolas.jimenez\/epcom-banner.jpg' alt='Banner EPCOM'> <\/div>\n<p> <!-- Secci\u00f3n de im\u00e1genes --> <\/p>\n<div style='display: flex; flex-wrap: wrap; gap: 20px; margin: 30px 0;'>\n<div style='flex: 1 1 300px; min-width: 280px;'> <img style='width: 100%; height: auto; border: 1px solid rgba(150&comma;150&comma;150&comma;0.3); border-radius: 8px;' src='https:\/\/ftp3.syscom.mx\/usuarios\/emendoza\/elesbanmch\/HIKVISON\/IMAGENES\/COAXITRON-audio.jpg' alt='Audio Bidireccional'> <\/div>\n<\/p><\/div>\n<p> <!-- Secci\u00f3n de im\u00e1genes adicionales --> <\/p>\n<div style='display: flex; flex-wrap: wrap; gap: 20px; margin: 30px 0;'>\n<div style='flex: 1 1 300px; min-width: 280px;'> <img style='width: 100%; height: auto; border: 1px solid rgba(150&comma;150&comma;150&comma;0.3); border-radius: 8px;' src='https:\/\/ftp3.syscom.mx\/usuarios\/fotos\/IDS7208HQHIM1\/S(C)\/192927-untitled.png' alt='Vista 1'> <\/div>\n<div style='flex: 1 1 300px; min-width: 280px;'> <img style='width: 100%; height: auto; border: 1px solid rgba(150&comma;150&comma;150&comma;0.3); border-radius: 8px;' src='https:\/\/ftp3.syscom.mx\/usuarios\/fotos\/IDS7208HQHIM1\/S(C)\/192927-untitled_(2).png' alt='Vista 2'> <\/div>\n<\/p><\/div>\n<p> <!-- Secci\u00f3n de caracter\u00edsticas principales --> <\/p>\n<div style='display: flex; flex-wrap: wrap; gap: 30px; margin: 30px 0;'>\n<div style='flex: 1 1 300px; min-width: 280px;'>\n<h3 style='font-size: 22px; border-bottom: 2px solid currentColor; padding-bottom: 5px; margin-top: 0; color: inherit; opacity: 0.8;'>Caracter\u00edsticas Principales<\/h3>\n<ul style='padding-left: 20px; font-size: 15px; color: inherit;'>\n<li style='margin-bottom: 5px;'>Soporta audio bidireccional por coaxitron en todos los canales (UTP o coaxial)<\/li>\n<li style='margin-bottom: 5px;'>Soporta reconocimiento facial<\/li>\n<li style='margin-bottom: 5px;'>Soporta ACUSENSE<\/li>\n<li style='margin-bottom: 5px;'>Soporta 4 canales TURBOHD + 2 canales IP = 6 canales en total<\/li>\n<li style='margin-bottom: 5px;'>DVR pentah\u00edbrido: HD-TVI \/ HD-CVI \/ Anal\u00f3gico \/ IP \/ AHD<\/li>\n<li style='margin-bottom: 5px;'>Acceso remoto: PC (WINDOWS \/ MAC)&comma; Smart Phone (iPhone&comma; iPad&comma; Android)<\/li>\n<li style='margin-bottom: 5px;'>Compatibilidad con navegador Internet Explorer o Chrome<\/li>\n<li style='margin-bottom: 5px;'>Software cliente multi sitio de hasta 64 canales (iVMS-4200)<\/li>\n<li style='margin-bottom: 5px;'>Compatible con Hik-Connect P2P<\/li>\n<li style='margin-bottom: 5px;'>Soporta servicio DDNS Hik-Connect Domain \/ DynDNS<\/li>\n<li style='margin-bottom: 5px;'>1 entrada y 1 salida de audio (bocina y micr\u00f3fono externo)<\/li>\n<li style='margin-bottom: 5px;'>Soporta 1 HDD de hasta 10 TB (no incluido)<\/li>\n<li style='margin-bottom: 5px;'>Interfaz serial: RS-485 (HIKVISION C&comma; COAXITRON&comma; PELCO D&comma; PELCO P&comma; etc)<\/li>\n<li style='margin-bottom: 5px;'>Compresi\u00f3n: H.265+ \/ H.265 \/ H.264<\/li>\n<li style='margin-bottom: 5px;'><strong>Salida de video simult\u00e1neo en HDMI y VGA<\/strong><\/li>\n<\/ul><\/div>\n<p> <!-- Caracter\u00edsticas f\u00edsicas y el\u00e9ctricas --> <\/p>\n<div style='flex: 1 1 300px; min-width: 280px;'>\n<h3 style='font-size: 22px; border-bottom: 2px solid currentColor; padding-bottom: 5px; margin-top: 0; color: inherit; opacity: 0.8;'>Caracter\u00edsticas F\u00edsicas y El\u00e9ctricas<\/h3>\n<ul style='padding-left: 20px; font-size: 15px; color: inherit;'>\n<li style='margin-bottom: 5px;'>Alimentaci\u00f3n: 12 Vcc (fuente incluida)<\/li>\n<li style='margin-bottom: 5px;'>Consumo sin HDD: 18 watts<\/li>\n<li style='margin-bottom: 5px;'>Temperatura de operaci\u00f3n: -10 \u00baC hasta 55 \u00baC<\/li>\n<li style='margin-bottom: 5px;'>Dimensiones: 315 x 242 x 45 mm (W \u00d7 D \u00d7 H)<\/li>\n<li style='margin-bottom: 5px;'>Peso: 1.78 Kg sin HDD<\/li>\n<li style='margin-bottom: 5px;'>No compatible con control remoto<\/li>\n<\/ul>\n<p> <!-- Resoluci\u00f3n --> <\/p>\n<h3 style='font-size: 22px; border-bottom: 2px solid currentColor; padding-bottom: 5px; margin-top: 20px; color: inherit; opacity: 0.8;'>Resoluci\u00f3n<\/h3>\n<ul style='padding-left: 20px; font-size: 15px; color: inherit;'>\n<li style='margin-bottom: 5px;'>TVI (TURBOHD): 3K \/ 5 MP \/ 4 MP \/ 2 MP<\/li>\n<li style='margin-bottom: 5px;'>CVI: 5 MP \/ 4 MP \/ 2 MP<\/li>\n<li style='margin-bottom: 5px;'>AHD: 5 MP \/ 4 MP \/ 2 MP<\/li>\n<li style='margin-bottom: 5px;'>CVBS (anal\u00f3gico): 1200 TVL<\/li>\n<li style='margin-bottom: 5px;'>IP: 6 MP \/ 5 MP \/ 4 MP \/ 2 MP<\/li>\n<\/ul><\/div>\n<\/p><\/div>\n<p> <!-- Caracter\u00edsticas destacadas --> <\/p>\n<div style='margin: 30px 0;'>\n<h3 style='font-size: 22px; border-bottom: 2px solid currentColor; padding-bottom: 5px; margin-top: 0; color: inherit; opacity: 0.8;'>Caracter\u00edsticas Destacadas<\/h3>\n<ul style='padding-left: 20px; font-size: 15px; color: inherit;'>\n<li style='margin-bottom: 15px;'>Soporta audio bidireccional por coaxitron (UTP o coaxial). Compatible con modelo de c\u00e1maras TURBOHD que soporten audio de dos v\u00edas. Podemos tener una comunicaci\u00f3n desde la App Hik-Connect bidireccional hacia la c\u00e1mara.<\/li>\n<li style='margin-bottom: 15px;'>Soporta reconocimiento facial en 1 canal de video&comma; compatible solo con c\u00e1maras TURBOHD (el anal\u00edtico lo hace el DVR&comma; puede ser cualquier c\u00e1mara TURBOHD).<\/li>\n<li style='margin-bottom: 15px;'>Soporta 2 canales con tecnolog\u00eda ACUSENSE&comma; permite filtrar por anal\u00edtica de cruce de l\u00ednea o intrusi\u00f3n de \u00e1rea humanos o veh\u00edculos para activar un evento o grabaci\u00f3n&comma; esto nos permite descartar falsas alarmas (grabaciones) cuando exista un movimiento de hojas o movimiento de alg\u00fan animal&comma; vuelve m\u00e1s eficiente la grabaci\u00f3n cuando realmente sea necesario.<\/li>\n<li style='margin-bottom: 15px;'>Soporta en todos los canales con tecnolog\u00eda ACUSENSE Lite&comma; permite filtrar por detecci\u00f3n de movimiento humanos o veh\u00edculos para activar un evento o grabaci\u00f3n&comma; esto nos permite descartar falsas alarmas (grabaciones) cuando exista un movimiento de hojas o movimiento de alg\u00fan animal&comma; vuelve m\u00e1s eficiente la grabaci\u00f3n cuando realmente sea necesario.<\/li>\n<li style='margin-bottom: 15px;'>Soporta 4 bloques de memoria. El sistema de bloques de memoria asigna recursos de forma din\u00e1mica&comma; permitiendo la ejecuci\u00f3n simult\u00e1nea de funciones que antes no se pod\u00edan activar juntas. Para conocer m\u00e1s sobre esta funci\u00f3n <a href='https:\/\/soporte.syscom.mx\/es\/articles\/10007151-hikvision-bloques-de-memoria-procesamiento-de-analiticos-en-dvr-turbo-8-0-serie-xt-y-x?_gl=1*1a7pkkq*_gcl_au*Mjg4MTQ4MTg1LjE3NTAxNzkzMjI' style='color: inherit; text-decoration: underline;' target='_blank' rel='noopener'>consulte aqu\u00ed<\/a>.<\/li>\n<li style='margin-bottom: 5px;'>Soporta apagar canales TURBOHD y poder convertir el DVR en un equipo NVR completo&comma; por cada canal TURBOHD que se apague se puede generar un canal IP adicional. Podemos tener hasta 6 canales IP en total.<\/li>\n<\/ul><\/div>\n<p> <!-- Tabla comparativa 3K --> <\/p>\n<div style='margin: 30px 0;'>\n<h3 style='font-size: 24px; text-align: center; margin-bottom: 20px; color: inherit;'>Comparativo 3K Lite vs 3K Est\u00e1ndar<\/h3>\n<div style='overflow-x: auto;'>\n<table style='width: 100%; border-collapse: collapse; border: 1px solid rgba(150&comma;150&comma;150&comma;0.4);'>\n<thead>\n<tr>\n<th style='width: 33%; text-align: center; border: 1px solid rgba(150&comma;150&comma;150&comma;0.4); padding: 12px; background-color: rgba(30&comma;58&comma;213&comma;0.8); color: #ffffff;'>Caracter\u00edstica<\/th>\n<th style='width: 33%; text-align: center; border: 1px solid rgba(150&comma;150&comma;150&comma;0.4); padding: 12px; background-color: rgba(30&comma;58&comma;213&comma;0.8); color: #ffffff;'>3K Lite (2.5MP)<\/th>\n<th style='width: 33%; text-align: center; border: 1px solid rgba(150&comma;150&comma;150&comma;0.4); padding: 12px; background-color: rgba(30&comma;58&comma;213&comma;0.8); color: #ffffff;'>3K Est\u00e1ndar (5MP)<\/th>\n<\/tr>\n<\/thead>\n<tbody>\n<tr>\n<td style='text-align: center; border: 1px solid rgba(150&comma;150&comma;150&comma;0.4); padding: 10px; color: inherit;'>2560\u00d71440<\/td>\n<td style='text-align: center; border: 1px solid rgba(150&comma;150&comma;150&comma;0.4); padding: 10px; color: inherit;'>2560\u00d71440<\/td>\n<td style='text-align: center; border: 1px solid rgba(150&comma;150&comma;150&comma;0.4); padding: 10px; color: inherit;'>2880\u00d71620<\/td>\n<\/tr>\n<tr>\n<td style='text-align: center; border: 1px solid rgba(150&comma;150&comma;150&comma;0.4); padding: 10px; color: inherit;'>Almacenamiento<\/td>\n<td style='text-align: center; border: 1px solid rgba(150&comma;150&comma;150&comma;0.4); padding: 10px; color: inherit;'>Optimizado (+30% duraci\u00f3n)<\/td>\n<td style='text-align: center; border: 1px solid rgba(150&comma;150&comma;150&comma;0.4); padding: 10px; color: inherit;'>Mayor espacio requerido<\/td>\n<\/tr>\n<tr>\n<td style='text-align: center; border: 1px solid rgba(150&comma;150&comma;150&comma;0.4); padding: 10px; color: inherit;'>Uso recomendado<\/td>\n<td style='text-align: center; border: 1px solid rgba(150&comma;150&comma;150&comma;0.4); padding: 10px; color: inherit;'>\u00c1reas medianas\/Interiores<\/td>\n<td style='text-align: center; border: 1px solid rgba(150&comma;150&comma;150&comma;0.4); padding: 10px; color: inherit;'>\u00c1reas extensas\/Exteriores<\/td>\n<\/tr>\n<\/tbody>\n<\/table><\/div>\n<\/p><\/div>\n<\/p><\/div>\n","protected":false},"excerpt":{"rendered":"<p>DVR 4 Canales TURBOHD + 2 Canales IP \/ 5 Megapixel Lite &#8211; 3K Lite \/ Audio Bidireccional por Coaxitron \/ Reconocimiento Facial \/ ACUSENSE (Evita falsas alarmas) \/ 1 Bah\u00eda de Disco Duro \/ Salida de Video en Full HD<\/p>\n","protected":false},"featured_media":93501,"comment_status":"open","ping_status":"closed","template":"","meta":[],"product_brand":[],"product_cat":[2254],"product_tag":[2255,2257,2256],"class_list":{"0":"post-93502","1":"product","2":"type-product","3":"status-publish","4":"has-post-thumbnail","6":"product_cat-videograbadoras-analogicas-turbohd-tvi-ahd-cvi","7":"product_tag-camaras-y-dvrs-hd-turbohd-ahd-hd-tvi","8":"product_tag-epcom-professional","9":"product_tag-videograbadoras-analogicas-turbohd-tvi-ahd-cvi","11":"first","12":"instock","13":"sale","14":"shipping-taxable","15":"purchasable","16":"product-type-simple"},"_links":{"self":[{"href":"https:\/\/soydeaqui.ddns.net\/pachuca\/index.php\/wp-json\/wp\/v2\/product\/93502","targetHints":{"allow":["GET"]}}],"collection":[{"href":"https:\/\/soydeaqui.ddns.net\/pachuca\/index.php\/wp-json\/wp\/v2\/product"}],"about":[{"href":"https:\/\/soydeaqui.ddns.net\/pachuca\/index.php\/wp-json\/wp\/v2\/types\/product"}],"replies":[{"embeddable":true,"href":"https:\/\/soydeaqui.ddns.net\/pachuca\/index.php\/wp-json\/wp\/v2\/comments?post=93502"}],"wp:featuredmedia":[{"embeddable":true,"href":"https:\/\/soydeaqui.ddns.net\/pachuca\/index.php\/wp-json\/wp\/v2\/media\/93501"}],"wp:attachment":[{"href":"https:\/\/soydeaqui.ddns.net\/pachuca\/index.php\/wp-json\/wp\/v2\/media?parent=93502"}],"wp:term":[{"taxonomy":"product_brand","embeddable":true,"href":"https:\/\/soydeaqui.ddns.net\/pachuca\/index.php\/wp-json\/wp\/v2\/product_brand?post=93502"},{"taxonomy":"product_cat","embeddable":true,"href":"https:\/\/soydeaqui.ddns.net\/pachuca\/index.php\/wp-json\/wp\/v2\/product_cat?post=93502"},{"taxonomy":"product_tag","embeddable":true,"href":"https:\/\/soydeaqui.ddns.net\/pachuca\/index.php\/wp-json\/wp\/v2\/product_tag?post=93502"}],"curies":[{"name":"wp","href":"https:\/\/api.w.org\/{rel}","templated":true}]}}