{"id":93415,"date":"2026-03-20T06:01:50","date_gmt":"2026-03-20T06:01:50","guid":{"rendered":"https:\/\/soydeaqui.ddns.net\/pachuca\/index.php\/producto\/conmutador-dp-1-4-8k-display-port-splitter-2-entradas-a-1-salida-bidireccional-3d-hdr10-dolby-atmos-240hz-48gbps-compatible-free-sync-g-syng-sincronizacion-de-audio-potentes-chips\/"},"modified":"2026-03-20T06:01:51","modified_gmt":"2026-03-20T06:01:51","slug":"conmutador-dp-1-4-8k-display-port-splitter-2-entradas-a-1-salida-bidireccional-3d-hdr10-dolby-atmos-240hz-48gbps-compatible-free-sync-g-syng-sincronizacion-de-audio-potentes-chips","status":"publish","type":"product","link":"https:\/\/soydeaqui.ddns.net\/pachuca\/index.php\/producto\/conmutador-dp-1-4-8k-display-port-splitter-2-entradas-a-1-salida-bidireccional-3d-hdr10-dolby-atmos-240hz-48gbps-compatible-free-sync-g-syng-sincronizacion-de-audio-potentes-chips\/","title":{"rendered":"Conmutador DP 1.4 8K | Display Port Splitter 2 Entradas a 1 Salida | Bidireccional | 3D | HDR10+ | Dolby Atmos | 240Hz | 48Gbps | Compatible Free-Sync\/G-Syng | Sincronizaci\u00f3n de Audio | Potentes Chips de \u00daltima Generaci\u00f3n."},"content":{"rendered":"<div style='width: 100%; max-width: 1200px; margin: 0 auto; font-family: sans-serif; line-height: 1.6; color: inherit; background-color: transparent;'>\n<div style='display: flex; flex-wrap: wrap; gap: 30px; margin-bottom: 30px;'>\n<div style='flex: 1 1 300px; min-width: 280px;'>\n<h3 style='font-size: 22px; border-bottom: 2px solid currentColor; padding-bottom: 5px; margin-top: 0; color: inherit; opacity: 0.8;'>Especificaciones<\/h3>\n<\/div>\n<\/div>\n<div style='display: flex; flex-wrap: wrap; gap: 20px; margin-bottom: 30px;'>\n<div style='flex: 1 1 250px; border: 1px solid rgba(150&comma; 150&comma; 150&comma; 0.4); border-radius: 8px; overflow: hidden; display: flex; flex-direction: column;'>\n<div style='padding: 15px; border-bottom: 1px solid rgba(150&comma; 150&comma; 150&comma; 0.2); font-weight: bold; font-size: 18px; color: inherit;'>Caracter\u00edsticas<\/div>\n<div style='padding: 15px; color: inherit;'>\n<ul style='padding-left: 20px; margin: 0; font-size: 14px; list-style-type: disc;'>\n<li style='margin-bottom: 5px;'>Conmutador DP 1.4 8K<\/li>\n<li style='margin-bottom: 5px;'>Display Port Splitter 2 Entradas a 1 Salida<\/li>\n<li style='margin-bottom: 5px;'>Bidireccional<\/li>\n<li style='margin-bottom: 5px;'>3D<\/li>\n<li style='margin-bottom: 5px;'>HDR10+<\/li>\n<li style='margin-bottom: 5px;'>Dolby Atmos<\/li>\n<li style='margin-bottom: 5px;'>240Hz<\/li>\n<li style='margin-bottom: 5px;'>48Gbps<\/li>\n<li style='margin-bottom: 5px;'>Compatible Free-Sync\/G-Sync<\/li>\n<li style='margin-bottom: 5px;'>Sincronizaci\u00f3n de Audio<\/li>\n<li style='margin-bottom: 5px;'>Potentes Chips de \u00daltima Generaci\u00f3n<\/li>\n<\/ul>\n<\/div>\n<\/div>\n<\/div>\n<\/div>\n<div style='display: flex; flex-wrap: wrap; gap: 20px; margin-bottom: 30px;'>\n<div style='flex: 1 1 100%; min-width: 280px;'>\n<div style='width: 100%; max-width: 100%; margin: 0 auto; display: flex; flex-direction: column; gap: 20px;'><img style='width: 100%; height: auto; border: 1px solid rgba(150&comma;150&comma;150&comma;0.3); border-radius: 8px;' src='http:\/\/ftp3.syscom.mx\/usuarios\/hallende\/UGREEN2\/HDMIDIVCON\/15708\/15708-20.jpg' alt=''><img style='width: 100%; height: auto; border: 1px solid rgba(150&comma;150&comma;150&comma;0.3); border-radius: 8px;' src='http:\/\/ftp3.syscom.mx\/usuarios\/hallende\/UGREEN2\/HDMIDIVCON\/15708\/15708-21.jpg' alt=''><img style='width: 100%; height: auto; border: 1px solid rgba(150&comma;150&comma;150&comma;0.3); border-radius: 8px;' src='http:\/\/ftp3.syscom.mx\/usuarios\/hallende\/UGREEN2\/HDMIDIVCON\/15708\/15708-22.jpg' alt=''><img style='width: 100%; height: auto; border: 1px solid rgba(150&comma;150&comma;150&comma;0.3); border-radius: 8px;' src='http:\/\/ftp3.syscom.mx\/usuarios\/hallende\/UGREEN2\/HDMIDIVCON\/15708\/15708-23.jp' alt=''><img style='width: 100%; height: auto; border: 1px solid rgba(150&comma;150&comma;150&comma;0.3); border-radius: 8px;' src='http:\/\/ftp3.syscom.mx\/usuarios\/hallende\/UGREEN2\/HDMIDIVCON\/15708\/15708-24.jpg' alt=''><img style='width: 100%; height: auto; border: 1px solid rgba(150&comma;150&comma;150&comma;0.3); border-radius: 8px;' src='http:\/\/ftp3.syscom.mx\/usuarios\/hallende\/UGREEN2\/HDMIDIVCON\/15708\/15708-25.jpg' alt=''><img style='width: 100%; height: auto; border: 1px solid rgba(150&comma;150&comma;150&comma;0.3); border-radius: 8px;' src='http:\/\/ftp3.syscom.mx\/usuarios\/hallende\/UGREEN2\/HDMIDIVCON\/15708\/15708-26.jpg' alt=''><img style='width: 100%; height: auto; border: 1px solid rgba(150&comma;150&comma;150&comma;0.3); border-radius: 8px;' src='http:\/\/ftp3.syscom.mx\/usuarios\/hallende\/UGREEN2\/HDMIDIVCON\/15708\/15708-27.jpg' alt=''><img style='width: 100%; height: auto; border: 1px solid rgba(150&comma;150&comma;150&comma;0.3); border-radius: 8px;' src='http:\/\/ftp3.syscom.mx\/usuarios\/hallende\/UGREEN2\/HDMIDIVCON\/15708\/15708-28.jpg' alt=''><img style='width: 100%; height: auto; border: 1px solid rgba(150&comma;150&comma;150&comma;0.3); border-radius: 8px;' src='http:\/\/ftp3.syscom.mx\/usuarios\/hallende\/UGREEN2\/HDMIDIVCON\/15708\/15708-29.jpg' alt=''><\/div>\n<\/div>\n<\/div>\n<\/div>\n","protected":false},"excerpt":{"rendered":"<p>Conmutador DP 1.4 8K | Display Port Splitter 2 Entradas a 1 Salida | Bidireccional | 3D | HDR10+ | Dolby Atmos | 240Hz | 48Gbps | Compatible Free-Sync\/G-Syng | Sincronizaci\u00f3n de Audio | Potentes Chips de \u00daltima Generaci\u00f3n.<\/p>\n","protected":false},"featured_media":93414,"comment_status":"open","ping_status":"closed","template":"","meta":[],"product_brand":[],"product_cat":[2130],"product_tag":[488,650,2131],"class_list":{"0":"post-93415","1":"product","2":"type-product","3":"status-publish","4":"has-post-thumbnail","6":"product_cat-vga-dvi-hdmi","7":"product_tag-cables-y-conectores","8":"product_tag-ugreen","9":"product_tag-vga-dvi-hdmi","11":"first","12":"outofstock","13":"sale","14":"shipping-taxable","15":"purchasable","16":"product-type-simple"},"_links":{"self":[{"href":"https:\/\/soydeaqui.ddns.net\/pachuca\/index.php\/wp-json\/wp\/v2\/product\/93415","targetHints":{"allow":["GET"]}}],"collection":[{"href":"https:\/\/soydeaqui.ddns.net\/pachuca\/index.php\/wp-json\/wp\/v2\/product"}],"about":[{"href":"https:\/\/soydeaqui.ddns.net\/pachuca\/index.php\/wp-json\/wp\/v2\/types\/product"}],"replies":[{"embeddable":true,"href":"https:\/\/soydeaqui.ddns.net\/pachuca\/index.php\/wp-json\/wp\/v2\/comments?post=93415"}],"wp:featuredmedia":[{"embeddable":true,"href":"https:\/\/soydeaqui.ddns.net\/pachuca\/index.php\/wp-json\/wp\/v2\/media\/93414"}],"wp:attachment":[{"href":"https:\/\/soydeaqui.ddns.net\/pachuca\/index.php\/wp-json\/wp\/v2\/media?parent=93415"}],"wp:term":[{"taxonomy":"product_brand","embeddable":true,"href":"https:\/\/soydeaqui.ddns.net\/pachuca\/index.php\/wp-json\/wp\/v2\/product_brand?post=93415"},{"taxonomy":"product_cat","embeddable":true,"href":"https:\/\/soydeaqui.ddns.net\/pachuca\/index.php\/wp-json\/wp\/v2\/product_cat?post=93415"},{"taxonomy":"product_tag","embeddable":true,"href":"https:\/\/soydeaqui.ddns.net\/pachuca\/index.php\/wp-json\/wp\/v2\/product_tag?post=93415"}],"curies":[{"name":"wp","href":"https:\/\/api.w.org\/{rel}","templated":true}]}}