{"id":93395,"date":"2026-03-20T06:01:10","date_gmt":"2026-03-20T06:01:10","guid":{"rendered":"https:\/\/soydeaqui.ddns.net\/pachuca\/index.php\/producto\/panovu-series-vista-panoramica-360o-4-lentes-mot-2-8-a-8-mm-5-megapixel-por-lente-1-vista-fisheye-2-megapixel-22-megapixel-en-total-darkfighter-acusense-exterior-ip67-ik10-nema\/"},"modified":"2026-03-20T06:01:14","modified_gmt":"2026-03-20T06:01:14","slug":"panovu-series-vista-panoramica-360o-4-lentes-mot-2-8-a-8-mm-5-megapixel-por-lente-1-vista-fisheye-2-megapixel-22-megapixel-en-total-darkfighter-acusense-exterior-ip67-ik10-nema","status":"publish","type":"product","link":"https:\/\/soydeaqui.ddns.net\/pachuca\/index.php\/producto\/panovu-series-vista-panoramica-360o-4-lentes-mot-2-8-a-8-mm-5-megapixel-por-lente-1-vista-fisheye-2-megapixel-22-megapixel-en-total-darkfighter-acusense-exterior-ip67-ik10-nema\/","title":{"rendered":"PanoVu Series \/ Vista Panor\u00e1mica 360\u00ba \/ 4 Lentes Mot. 2.8 a 8 mm (5 Megapixel por Lente) + 1 Vista Fisheye (2 Megapixel) \/ 22 Megapixel en Total \/ DARKFIGHTER \/ ACUSENSE \/ Exterior IP67 \/ IK10 \/ NEMA 4X \/ PoE+ \/ 30 mts IR \/ Micro SD"},"content":{"rendered":"<div style='width: 100%; max-width: 1200px; margin: 0 auto; font-family: sans-serif; line-height: 1.6; color: inherit; background-color: transparent;'>\n<div style='display: flex; flex-wrap: wrap; gap: 30px; margin-bottom: 30px;'>\n<div style='flex: 1 1 300px; min-width: 280px;'>\n<h3 style='font-size: 22px; border-bottom: 2px solid currentColor; padding-bottom: 5px; margin-top: 0; color: inherit; opacity: 0.8;'>Caracter\u00edsticas Principales<\/h3>\n<ul style='padding-left: 20px; font-size: 15px; color: inherit;'>\n<li style='margin-bottom: 5px;'><strong>Resoluci\u00f3n:<\/strong> 5 Megapixel (2560 x 1920) por lente&comma; 20 Megapixel total<\/li>\n<li style='margin-bottom: 5px;'><strong>Iluminaci\u00f3n m\u00ednima:<\/strong> 0.0125 Lux @ (F1.6&comma; AGC ON)<\/li>\n<li style='margin-bottom: 5px;'><strong>Distancia de IR:<\/strong> Hasta 30 metros<\/li>\n<li style='margin-bottom: 5px;'><strong>Lente:<\/strong> Motorizado 2.8 a 12 mm (FOV horizontal: 102.4\u00b0 a 31.2\u00b0)<\/li>\n<li style='margin-bottom: 5px;'><strong>Ajuste de \u00e1ngulo:<\/strong> Pan: -180\u00b0 a 180\u00b0&comma; Tilt: 0\u00b0 a 135\u00b0&comma; Rotate: 0\u00b0 a 355\u00b0<\/li>\n<li style='margin-bottom: 5px;'>D\u00eda\/Noche real (filtro ICR)<\/li>\n<li style='margin-bottom: 5px;'>Soporta memoria Micro SD hasta 1TB<\/li>\n<li style='margin-bottom: 5px;'>Funciones avanzadas: detecci\u00f3n de intrusi\u00f3n&comma; cruce de l\u00ednea&comma; regi\u00f3n de entrada\/salida&comma; objeto olvidado<\/li>\n<li style='margin-bottom: 5px;'>Micr\u00f3fono integrado<\/li>\n<li style='margin-bottom: 5px;'>Compresi\u00f3n: H.265+\/H.265\/H.264+\/H.264<\/li>\n<li style='margin-bottom: 5px;'>Compatible con Hik-Connect <a style='color: inherit; text-decoration: underline;' href='https:\/\/appstore.hikvision.com\/' target='_blank' rel='noopener'>https:\/\/appstore.hikvision.com\/<\/a><\/li>\n<\/ul><\/div>\n<div style='flex: 1 1 300px; min-width: 280px;'>\n<h3 style='font-size: 22px; border-bottom: 2px solid currentColor; padding-bottom: 5px; margin-top: 0; color: inherit; opacity: 0.8;'>Entradas y Salidas<\/h3>\n<ul style='padding-left: 20px; font-size: 15px; color: inherit;'>\n<li style='margin-bottom: 5px;'>Entradas de alarma: 2<\/li>\n<li style='margin-bottom: 5px;'>Salidas de alarma: 2<\/li>\n<li style='margin-bottom: 5px;'>Entrada de audio: 1<\/li>\n<li style='margin-bottom: 5px;'>Salida de audio: 1<\/li>\n<li style='margin-bottom: 5px;'>Puerto de red: 1 (10\/100\/1000 PoE 802.3af)<\/li>\n<li style='margin-bottom: 5px;'>Soporta ONVIF (Profile S) \/ ISAPI<\/li>\n<li style='margin-bottom: 5px;'>Soporta microSD 1TB<\/li>\n<\/ul><\/div>\n<div style='flex: 1 1 300px; min-width: 280px;'>\n<h3 style='font-size: 22px; border-bottom: 2px solid currentColor; padding-bottom: 5px; margin-top: 0; color: inherit; opacity: 0.8;'>Caracter\u00edsticas F\u00edsicas y El\u00e9ctricas<\/h3>\n<ul style='padding-left: 20px; font-size: 15px; color: inherit;'>\n<li style='margin-bottom: 5px;'>Alimentaci\u00f3n: 12Vcc \/ PoE+ 802.3at \/ 23.4W<\/li>\n<li style='margin-bottom: 5px;'>Temperatura de operaci\u00f3n: -30\u00b0C a 60\u00b0C<\/li>\n<li style='margin-bottom: 5px;'>Humedad m\u00e1xima: 95%<\/li>\n<li style='margin-bottom: 5px;'>Protecci\u00f3n: IP67 para uso exterior<\/li>\n<li style='margin-bottom: 5px;'>Dimensiones: 290 x 114.9 mm<\/li>\n<li style='margin-bottom: 5px;'>Peso: 2200 gramos<\/li>\n<\/ul><\/div>\n<div style='flex: 1 1 300px; min-width: 280px;'>\n<h3 style='font-size: 22px; border-bottom: 2px solid currentColor; padding-bottom: 5px; margin-top: 0; color: inherit; opacity: 0.8;'>Caracter\u00edsticas Generales<\/h3>\n<ul style='padding-left: 20px; font-size: 15px; color: inherit;'>\n<li style='margin-bottom: 5px;'>Main Stream: 25 fps (2560&#215;1920&comma; 2048&#215;1536&comma; 1920&#215;1080&comma; 1280&#215;720)<\/li>\n<li style='margin-bottom: 5px;'>Sub Stream: 25 fps (704&#215;576&comma; 640&#215;480)<\/li>\n<\/ul><\/div>\n<\/p><\/div>\n<div style='display: flex; flex-wrap: wrap; gap: 20px; margin-bottom: 30px;'>\n<div style='flex: 1 1 250px; border: 1px solid rgba(150&comma; 150&comma; 150&comma; 0.4); border-radius: 8px; overflow: hidden; display: flex; flex-direction: column;'>\n<div style='padding: 15px; border-bottom: 1px solid rgba(150&comma; 150&comma; 150&comma; 0.2); font-weight: bold; font-size: 18px; color: inherit;'>Caracter\u00edsticas Destacadas<\/div>\n<div style='padding: 15px; color: inherit;'>\n<ul style='padding-left: 20px; margin: 0; font-size: 14px; list-style-type: disc;'>\n<li style='margin-bottom: 5px;'>Cuenta con 4 lentes de 5 Megapixel&comma; teniendo un total de 20 Megapixeles<\/li>\n<li style='margin-bottom: 5px;'>Al agregar a un NVR consume 4 canales de video<\/li>\n<li style='margin-bottom: 5px;'>Con Hik Central Professional requiere solo una licencia de video pero consume 4 canales<\/li>\n<\/ul><\/div>\n<\/p><\/div>\n<div style='flex: 1 1 250px; border: 1px solid rgba(150&comma; 150&comma; 150&comma; 0.4); border-radius: 8px; overflow: hidden; display: flex; flex-direction: column;'>\n<div style='padding: 15px; border-bottom: 1px solid rgba(150&comma; 150&comma; 150&comma; 0.2); font-weight: bold; font-size: 18px; color: inherit;'>Accesorios Opcionales<\/div>\n<div style='padding: 15px; color: inherit;'>\n<ul style='padding-left: 20px; margin: 0; font-size: 14px; list-style-type: disc;'>\n<li style='margin-bottom: 5px;'>Montaje de techo: <a style='color: inherit; text-decoration: underline;' href='https:\/\/www.syscom.mx\/producto\/DS-1661ZJ-HIKVISION-69425.html' target='_blank' rel='noopener'>DS-1661ZJ<\/a><\/li>\n<li style='margin-bottom: 5px;'>Montaje de poste: <a style='color: inherit; text-decoration: underline;' href='https:\/\/www.syscom.mx\/producto\/DS-1673ZJ-P-HIKVISION-203699.html' target='_blank' rel='noopener'>DS-1673ZJ-P<\/a><\/li>\n<li style='margin-bottom: 5px;'>Montaje de esquina: <a style='color: inherit; text-decoration: underline;' href='https:\/\/www.syscom.mx\/producto\/DS-1602ZJ-CORNER-HIKVISION-153163.html' target='_blank' rel='noopener'>DS-1602ZJ-CORNER<\/a><\/li>\n<li style='margin-bottom: 5px;'>Montaje de pared: <a style='color: inherit; text-decoration: underline;' href='https:\/\/www.syscom.mx\/producto\/DS-1602ZJ-HIKVISION-77700.html' target='_blank' rel='noopener'>DS-1602ZJ<\/a><\/li>\n<li style='margin-bottom: 5px;'>Montaje de esquina con caja: <a style='color: inherit; text-decoration: underline;' href='https:\/\/www.syscom.mx\/producto\/DS-1602ZJ-BOX-CORNER-HIKVISION-199759.html' target='_blank' rel='noopener'>DS-1602ZJ-BOX-CORNER<\/a><\/li>\n<li style='margin-bottom: 5px;'>Montaje de poste: <a style='color: inherit; text-decoration: underline;' href='https:\/\/www.syscom.mx\/producto\/DS-1275ZJ-HIKVISION-79332.html' target='_blank' rel='noopener'>DS-1275ZJ<\/a><\/li>\n<\/ul><\/div>\n<\/p><\/div>\n<\/p><\/div>\n<div style='position: relative; padding-bottom: 56.25%; height: 0; overflow: hidden; margin-bottom: 30px;'>   <\/div>\n<div style='display: flex; flex-wrap: wrap; gap: 20px; margin-bottom: 30px;'>\n<div style='flex: 1 1 250px; min-width: 280px;'> <img style='width: 100%; height: auto; border: 1px solid rgba(150&comma;150&comma;150&comma;0.3); border-radius: 8px;' src='https:\/\/ftp3.syscom.mx\/usuarios\/jsosa\/HIKVISION\/imagenes\/logo\/hikvision%20see%20far.png' alt='Logo Hikvision' \/> <\/div>\n<\/p><\/div>\n<\/p><\/div>\n","protected":false},"excerpt":{"rendered":"<p>PanoVu Series \/ Vista Panor\u00e1mica 360\u00ba \/ 4 Lentes Mot. 2.8 a 8 mm (5 Megapixel por Lente) + 1 Vista Fisheye (2 Megapixel) \/ 22 Megapixel en Total \/ DARKFIGHTER \/ ACUSENSE \/ Exterior IP67 \/ IK10 \/ NEMA 4X \/ PoE+ \/ 30 mts IR \/ Micro SD<\/p>\n","protected":false},"featured_media":93394,"comment_status":"open","ping_status":"closed","template":"","meta":[],"product_brand":[],"product_cat":[2248],"product_tag":[122,2249,54],"class_list":{"0":"post-93395","1":"product","2":"type-product","3":"status-publish","4":"has-post-thumbnail","6":"product_cat-fisheye-y-hemisfericas","7":"product_tag-camaras-ip-y-nvrs","8":"product_tag-fisheye-y-hemisfericas","9":"product_tag-hikvision","11":"first","12":"outofstock","13":"sale","14":"shipping-taxable","15":"purchasable","16":"product-type-simple"},"_links":{"self":[{"href":"https:\/\/soydeaqui.ddns.net\/pachuca\/index.php\/wp-json\/wp\/v2\/product\/93395","targetHints":{"allow":["GET"]}}],"collection":[{"href":"https:\/\/soydeaqui.ddns.net\/pachuca\/index.php\/wp-json\/wp\/v2\/product"}],"about":[{"href":"https:\/\/soydeaqui.ddns.net\/pachuca\/index.php\/wp-json\/wp\/v2\/types\/product"}],"replies":[{"embeddable":true,"href":"https:\/\/soydeaqui.ddns.net\/pachuca\/index.php\/wp-json\/wp\/v2\/comments?post=93395"}],"wp:featuredmedia":[{"embeddable":true,"href":"https:\/\/soydeaqui.ddns.net\/pachuca\/index.php\/wp-json\/wp\/v2\/media\/93394"}],"wp:attachment":[{"href":"https:\/\/soydeaqui.ddns.net\/pachuca\/index.php\/wp-json\/wp\/v2\/media?parent=93395"}],"wp:term":[{"taxonomy":"product_brand","embeddable":true,"href":"https:\/\/soydeaqui.ddns.net\/pachuca\/index.php\/wp-json\/wp\/v2\/product_brand?post=93395"},{"taxonomy":"product_cat","embeddable":true,"href":"https:\/\/soydeaqui.ddns.net\/pachuca\/index.php\/wp-json\/wp\/v2\/product_cat?post=93395"},{"taxonomy":"product_tag","embeddable":true,"href":"https:\/\/soydeaqui.ddns.net\/pachuca\/index.php\/wp-json\/wp\/v2\/product_tag?post=93395"}],"curies":[{"name":"wp","href":"https:\/\/api.w.org\/{rel}","templated":true}]}}