{"id":93356,"date":"2026-03-20T05:59:29","date_gmt":"2026-03-20T05:59:29","guid":{"rendered":"https:\/\/soydeaqui.ddns.net\/pachuca\/index.php\/producto\/doblatubos-para-pared-delgada-de-3-4-y-pared-gruesa-1-2\/"},"modified":"2026-03-20T05:59:38","modified_gmt":"2026-03-20T05:59:38","slug":"doblatubos-para-pared-delgada-de-3-4-y-pared-gruesa-1-2","status":"publish","type":"product","link":"https:\/\/soydeaqui.ddns.net\/pachuca\/index.php\/producto\/doblatubos-para-pared-delgada-de-3-4-y-pared-gruesa-1-2\/","title":{"rendered":"Doblatubos para Pared Delgada de 3\/4&#8243;  y Pared Gruesa 1\/2&#8243;."},"content":{"rendered":"<div style='width: 100%; max-width: 1200px; margin: 0 auto; font-family: sans-serif; line-height: 1.6; color: inherit; background-color: transparent;'>\n<div style='display: flex; flex-wrap: wrap; gap: 30px; margin-bottom: 30px;'>\n<div style='flex: 1 1 300px; min-width: 280px;'>\n<h3 style='font-size: 22px; border-bottom: 2px solid currentColor; padding-bottom: 5px; margin-top: 0; color: inherit; opacity: 0.8;'>Caracter\u00edsticas<\/h3>\n<ul style='padding-left: 20px; font-size: 15px; color: inherit;'>\n<li style='margin-bottom: 5px;'>Cabezal de doblador de hierro de 3\/4&#8221; hecho con hierro d\u00factil fundido de alta resistencia dise\u00f1ado para EMT de 3\/4&#8221; o IMC r\u00edgido de 1\/2&#8221;<\/li>\n<li style='margin-bottom: 5px;'>S\u00edmbolos y marcas fundidos en relieve que permiten alinear tubos conduit de manera f\u00e1cil y r\u00e1pida para realizar todo tipo de dobleces&comma; incluidos dobleces ensillados y en paralelo<\/li>\n<li style='margin-bottom: 5px;'>Incluye marcas para \u00e1ngulos de 10\u00ba&comma; 22&comma;5\u00ba&comma; 30\u00ba&comma; 45\u00ba y 60\u00ba y los respectivos factores de desplazamiento<\/li>\n<li style='margin-bottom: 5px;'>Compatible con la tecnolog\u00eda exclusiva de Angle Setter\u2122 para realizar dobleces precisos y repetidos&comma; ahorrando tiempo en el trabajo (Angle Setter\u2122 con patente pendiente (Cat. n.o 51612) e ideal para mango de doblador de Klein Tools (Cat. n.\u00ba 51427 (s<\/li>\n<li style='margin-bottom: 5px;'>Hechas en EE. UU.<\/li>\n<li style='margin-bottom: 5px;'>Pedal ancho que proporciona excelente estabilidad&comma; acci\u00f3n de palanca y comodidad<\/li>\n<li style='margin-bottom: 5px;'>La superficie interior del gancho evita que el tubo conduit gire o se tuerza mientras se lo dobla<\/li>\n<li style='margin-bottom: 5px;'>Proceso avanzado de fundici\u00f3n para m\u00e1xima resistencia del n\u00facleo<\/li>\n<li style='margin-bottom: 5px;'>Dise\u00f1ado para doblar EMT de 3\/4&#8221;&comma; IMC r\u00edgido de 1\/2&#8221; y tubo conduit IMC de 1\/2&#8221;<\/li>\n<\/ul><\/div>\n<\/p><\/div>\n<div style='display: flex; flex-wrap: wrap; gap: 20px; margin-bottom: 30px;'>\n<div style='flex: 1 1 250px; border: 1px solid rgba(150&comma; 150&comma; 150&comma; 0.4); border-radius: 8px; overflow: hidden; display: flex; flex-direction: column;'>\n<div style='padding: 15px; border-bottom: 1px solid rgba(150&comma; 150&comma; 150&comma; 0.2); font-weight: bold; font-size: 18px; color: inherit;'>Informaci\u00f3n Adicional<\/div>\n<div style='padding: 15px; color: inherit;'>\n<ul style='padding-left: 20px; margin: 0; font-size: 14px; list-style-type: disc;'>\n<li style='margin-bottom: 5px;'><strong>Nota:<\/strong> Maneral no incluido 51427<\/li>\n<\/ul><\/div>\n<\/p><\/div>\n<\/p><\/div>\n<div style='position: relative; padding-bottom: 56.25%; height: 0; overflow: hidden; margin-bottom: 30px;'>   <\/div>\n<hr style='border: 0; border-top: 1px solid rgba(150&comma; 150&comma; 150&comma; 0.3); margin: 30px 0;'> <\/div>\n","protected":false},"excerpt":{"rendered":"<p>Doblatubos para Pared Delgada de 3\/4&#8243;  y Pared Gruesa 1\/2&#8243;.<\/p>\n","protected":false},"featured_media":93355,"comment_status":"open","ping_status":"closed","template":"","meta":[],"product_brand":[],"product_cat":[24],"product_tag":[26,25,432],"class_list":{"0":"post-93356","1":"product","2":"type-product","3":"status-publish","4":"has-post-thumbnail","6":"product_cat-accesorios-de-instalacion","7":"product_tag-accesorios-de-instalacion","8":"product_tag-herramientas","9":"product_tag-klein-tools","11":"first","12":"instock","13":"sale","14":"shipping-taxable","15":"purchasable","16":"product-type-simple"},"_links":{"self":[{"href":"https:\/\/soydeaqui.ddns.net\/pachuca\/index.php\/wp-json\/wp\/v2\/product\/93356","targetHints":{"allow":["GET"]}}],"collection":[{"href":"https:\/\/soydeaqui.ddns.net\/pachuca\/index.php\/wp-json\/wp\/v2\/product"}],"about":[{"href":"https:\/\/soydeaqui.ddns.net\/pachuca\/index.php\/wp-json\/wp\/v2\/types\/product"}],"replies":[{"embeddable":true,"href":"https:\/\/soydeaqui.ddns.net\/pachuca\/index.php\/wp-json\/wp\/v2\/comments?post=93356"}],"wp:featuredmedia":[{"embeddable":true,"href":"https:\/\/soydeaqui.ddns.net\/pachuca\/index.php\/wp-json\/wp\/v2\/media\/93355"}],"wp:attachment":[{"href":"https:\/\/soydeaqui.ddns.net\/pachuca\/index.php\/wp-json\/wp\/v2\/media?parent=93356"}],"wp:term":[{"taxonomy":"product_brand","embeddable":true,"href":"https:\/\/soydeaqui.ddns.net\/pachuca\/index.php\/wp-json\/wp\/v2\/product_brand?post=93356"},{"taxonomy":"product_cat","embeddable":true,"href":"https:\/\/soydeaqui.ddns.net\/pachuca\/index.php\/wp-json\/wp\/v2\/product_cat?post=93356"},{"taxonomy":"product_tag","embeddable":true,"href":"https:\/\/soydeaqui.ddns.net\/pachuca\/index.php\/wp-json\/wp\/v2\/product_tag?post=93356"}],"curies":[{"name":"wp","href":"https:\/\/api.w.org\/{rel}","templated":true}]}}