{"id":93335,"date":"2026-03-20T05:58:36","date_gmt":"2026-03-20T05:58:36","guid":{"rendered":"https:\/\/soydeaqui.ddns.net\/pachuca\/index.php\/producto\/camara-movil-ip-5-megapixel-lente-8-mm-20-mts-ir-exterior-ip68-ik10-wdr-120-db-conector-m12-reconocimiento-de-placas-anpr\/"},"modified":"2026-03-20T05:58:38","modified_gmt":"2026-03-20T05:58:38","slug":"camara-movil-ip-5-megapixel-lente-8-mm-20-mts-ir-exterior-ip68-ik10-wdr-120-db-conector-m12-reconocimiento-de-placas-anpr","status":"publish","type":"product","link":"https:\/\/soydeaqui.ddns.net\/pachuca\/index.php\/producto\/camara-movil-ip-5-megapixel-lente-8-mm-20-mts-ir-exterior-ip68-ik10-wdr-120-db-conector-m12-reconocimiento-de-placas-anpr\/","title":{"rendered":"C\u00e1mara M\u00f3vil IP 5 Megapixel \/ Lente 8 mm \/ 20 mts IR \/ Exterior IP68 \/ IK10 \/ WDR 120 dB \/ Conector M12 \/ Reconocimiento de Placas (ANPR)"},"content":{"rendered":"<div style='width: 100%; max-width: 1200px; margin: 0 auto; font-family: sans-serif; line-height: 1.6; color: inherit; background-color: transparent;'>\n<p style='text-align: center;'><img style='width: 100%; max-width: 45%; height: auto; border: 1px solid rgba(150&comma;150&comma;150&comma;0.3); border-radius: 8px;' src='https:\/\/ftp3.syscom.mx\/usuarios\/jsosa\/HIKVISION\/imagenes\/logo\/hikvision%20see%20far.png' alt='Logo Hikvision'><\/p>\n<div style='display: flex; flex-wrap: wrap; gap: 30px; margin-top: 30px;'>\n<div style='flex: 1 1 300px; min-width: 280px;'>\n<h3 style='font-size: 22px; border-bottom: 2px solid currentColor; padding-bottom: 5px; margin-top: 0; color: inherit; opacity: 0.8;'>Caracter\u00edsticas principales<\/h3>\n<ul style='padding-left: 20px; font-size: 15px; color: inherit;'>\n<li style='margin-bottom: 5px;'><strong>Resoluci\u00f3n m\u00e1xima:<\/strong> 5 Megapixel (2560*1920)<\/li>\n<li style='margin-bottom: 5px;'><strong>Soporta:<\/strong> ONVIF (PROFILE S&comma; PROFILE G) \/ ISAPI<\/li>\n<li style='margin-bottom: 5px;'><strong>Compresi\u00f3n:<\/strong> H.265+ \/ H.265 \/ H.264+ \/ H.264<\/li>\n<li style='margin-bottom: 5px;'><strong>Lente:<\/strong> 8 mm (\u00e1ngulo de visi\u00f3n 37\u00b0)<\/li>\n<li style='margin-bottom: 5px;'><strong>Distancia de IR:<\/strong> 20 metros<\/li>\n<li style='margin-bottom: 5px;'><strong>WDR Real:<\/strong> 120dB \/ BLC \/ 3D DNR<\/li>\n<li style='margin-bottom: 5px;'><strong>Reconocimiento de placas:<\/strong> ANPR<\/li>\n<\/ul><\/div>\n<div style='flex: 1 1 300px; min-width: 280px;'>\n<h3 style='font-size: 22px; border-bottom: 2px solid currentColor; padding-bottom: 5px; margin-top: 0; color: inherit; opacity: 0.8;'>Caracter\u00edsticas F\u00edsicas y El\u00e9ctricas<\/h3>\n<ul style='padding-left: 20px; font-size: 15px; color: inherit;'>\n<li style='margin-bottom: 5px;'><strong>Memoria:<\/strong> Soporta microSD&comma; m\u00e1ximo 256GB (no incluida)<\/li>\n<li style='margin-bottom: 5px;'><strong>Protecci\u00f3n:<\/strong> Exterior IP68<\/li>\n<li style='margin-bottom: 5px;'><strong>Conector:<\/strong> M12<\/li>\n<li style='margin-bottom: 5px;'><strong>Temperatura de operaci\u00f3n:<\/strong> -30\u00b0C a 75\u00b0C<\/li>\n<li style='margin-bottom: 5px;'><strong>Alimentaci\u00f3n:<\/strong> 9-36 V&#038; PoE (802.3af&comma; 36 V to 57 V)<\/li>\n<li style='margin-bottom: 5px;'><strong>Dimensiones:<\/strong> 78.8 mm \u00d7 81.6 mm x 63.8 mm<\/li>\n<li style='margin-bottom: 5px;'><strong>Peso:<\/strong> 622 gramos<\/li>\n<\/ul>\n<h3 style='font-size: 22px; border-bottom: 2px solid currentColor; padding-bottom: 5px; margin-top: 20px; color: inherit; opacity: 0.8;'>Compatible con DVRs m\u00f3viles<\/h3>\n<ul style='padding-left: 20px; font-size: 15px; color: inherit;'>\n<li style='margin-bottom: 5px;'><a style='color: inherit; text-decoration: none;' href='https:\/\/www.syscom.mx\/producto\/hikvision-ae-mn5043(m12)-227407.html' target='_blank' rel='noopener'>AE-MN5043(M12)<\/a><\/li>\n<li style='margin-bottom: 5px;'>AE-MN7083(1T)(M12)<\/li>\n<li style='margin-bottom: 5px;'>AE-MN5043(1T)(M12)<\/li>\n<\/ul><\/div>\n<\/p><\/div>\n<p style='margin-top: 30px;'><img style='width: 100%; height: auto; border: 1px solid rgba(150&comma;150&comma;150&comma;0.3); border-radius: 8px;' src='https:\/\/ftp3.syscom.mx\/usuarios\/jsosa\/HIKVISION\/imagenes\/banners\/solution%20complete.png' alt='Soluci\u00f3n completa Hikvision'><\/p>\n<\/p><\/div>\n","protected":false},"excerpt":{"rendered":"<p>C\u00e1mara M\u00f3vil IP 5 Megapixel \/ Lente 8 mm \/ 20 mts IR \/ Exterior IP68 \/ IK10 \/ WDR 120 dB \/ Conector M12 \/ Reconocimiento de Placas (ANPR)<\/p>\n","protected":false},"featured_media":93334,"comment_status":"open","ping_status":"closed","template":"","meta":[],"product_brand":[],"product_cat":[1410],"product_tag":[211,54,1344],"class_list":{"0":"post-93335","1":"product","2":"type-product","3":"status-publish","4":"has-post-thumbnail","6":"product_cat-camaras-videograbadoras-moviles-y-portatiles","7":"product_tag-camaras","8":"product_tag-hikvision","9":"product_tag-videograbadoras-moviles-y-portatiles","11":"first","12":"outofstock","13":"sale","14":"shipping-taxable","15":"purchasable","16":"product-type-simple"},"_links":{"self":[{"href":"https:\/\/soydeaqui.ddns.net\/pachuca\/index.php\/wp-json\/wp\/v2\/product\/93335","targetHints":{"allow":["GET"]}}],"collection":[{"href":"https:\/\/soydeaqui.ddns.net\/pachuca\/index.php\/wp-json\/wp\/v2\/product"}],"about":[{"href":"https:\/\/soydeaqui.ddns.net\/pachuca\/index.php\/wp-json\/wp\/v2\/types\/product"}],"replies":[{"embeddable":true,"href":"https:\/\/soydeaqui.ddns.net\/pachuca\/index.php\/wp-json\/wp\/v2\/comments?post=93335"}],"wp:featuredmedia":[{"embeddable":true,"href":"https:\/\/soydeaqui.ddns.net\/pachuca\/index.php\/wp-json\/wp\/v2\/media\/93334"}],"wp:attachment":[{"href":"https:\/\/soydeaqui.ddns.net\/pachuca\/index.php\/wp-json\/wp\/v2\/media?parent=93335"}],"wp:term":[{"taxonomy":"product_brand","embeddable":true,"href":"https:\/\/soydeaqui.ddns.net\/pachuca\/index.php\/wp-json\/wp\/v2\/product_brand?post=93335"},{"taxonomy":"product_cat","embeddable":true,"href":"https:\/\/soydeaqui.ddns.net\/pachuca\/index.php\/wp-json\/wp\/v2\/product_cat?post=93335"},{"taxonomy":"product_tag","embeddable":true,"href":"https:\/\/soydeaqui.ddns.net\/pachuca\/index.php\/wp-json\/wp\/v2\/product_tag?post=93335"}],"curies":[{"name":"wp","href":"https:\/\/api.w.org\/{rel}","templated":true}]}}