{"id":93321,"date":"2026-03-20T05:58:08","date_gmt":"2026-03-20T05:58:08","guid":{"rendered":"https:\/\/soydeaqui.ddns.net\/pachuca\/index.php\/producto\/soporte-de-aluminio-para-smartphone-disenado-para-magsafe-giro-de-hasta-360-ajuste-multi-angulo-180-360-operacion-con-una-mano-plegable-portatil-proteccion-de-silicon\/"},"modified":"2026-03-20T05:58:09","modified_gmt":"2026-03-20T05:58:09","slug":"soporte-de-aluminio-para-smartphone-disenado-para-magsafe-giro-de-hasta-360-ajuste-multi-angulo-180-360-operacion-con-una-mano-plegable-portatil-proteccion-de-silicon","status":"publish","type":"product","link":"https:\/\/soydeaqui.ddns.net\/pachuca\/index.php\/producto\/soporte-de-aluminio-para-smartphone-disenado-para-magsafe-giro-de-hasta-360-ajuste-multi-angulo-180-360-operacion-con-una-mano-plegable-portatil-proteccion-de-silicon\/","title":{"rendered":"Soporte de Aluminio para Smartphone | Dise\u00f1ado para MagSafe | Giro de hasta 360\u00b0 | Ajuste Multi Angulo 180\u00b0 &#038; 360\u00b0 | Operaci\u00f3n con una mano | Plegable &#038; Port\u00e1til | Protecci\u00f3n de Silicona | Estable y Resisten"},"content":{"rendered":"<div style='width: 100%; max-width: 1200px; margin: 0 auto; font-family: sans-serif; line-height: 1.6; color: inherit; background-color: transparent;'>\n<div style='display: flex; flex-wrap: wrap; gap: 30px; margin-bottom: 30px;'>\n<div style='flex: 1 1 300px; min-width: 280px;'>\n<h3 style='font-size: 22px; border-bottom: 2px solid currentColor; padding-bottom: 5px; margin-top: 0; color: inherit; opacity: 0.8;'>Caracter\u00edsticas Principales<\/h3>\n<ul style='padding-left: 20px; font-size: 15px; color: inherit;'>\n<li style='margin-bottom: 5px;'>Dise\u00f1ado por separado para el cargador MagSafe de iPhone<\/li>\n<li style='margin-bottom: 5px;'>Sostiene de manera estable el tel\u00e9fono m\u00f3vil sin temblar ni caer<\/li>\n<li style='margin-bottom: 5px;'>Fabricado con aleaci\u00f3n de aluminio de primera calidad y materiales de silicona flexibles<\/li>\n<li style='margin-bottom: 5px;'>Se adapta perfectamente al cargador inal\u00e1mbrico facilitando su uso y protegiendo contra rasgu\u00f1os<\/li>\n<li style='margin-bottom: 5px;'>Cuenta con un recorte de reserva para cable&comma; protegiendo eficazmente la uni\u00f3n del cable contra fracturas<\/li>\n<\/ul>\n<\/div>\n<\/div>\n<div style='display: flex; flex-wrap: wrap; gap: 20px; margin-bottom: 30px;'>\n<div style='flex: 1 1 250px; border: 1px solid rgba(150&comma; 150&comma; 150&comma; 0.4); border-radius: 8px; overflow: hidden; display: flex; flex-direction: column;'>\n<div style='padding: 15px; border-bottom: 1px solid rgba(150&comma; 150&comma; 150&comma; 0.2); font-weight: bold; font-size: 18px; color: inherit;'>Especificaciones T\u00e9cnicas<\/div>\n<div style='padding: 15px; color: inherit;'>\n<ul style='padding-left: 20px; margin: 0; font-size: 14px; list-style-type: disc;'>\n<li style='margin-bottom: 5px;'><strong>Modelo:<\/strong> 40290<\/li>\n<li style='margin-bottom: 5px;'><strong>Tipo:<\/strong> Soporte de carga MagSafe de aluminio ajustable y plegable para escritorio<\/li>\n<li style='margin-bottom: 5px;'><strong>Material:<\/strong> Aleaci\u00f3n de aluminio y silicona flexible<\/li>\n<li style='margin-bottom: 5px;'><strong>Compatibilidad:<\/strong> Cargador MagSafe de iPhone<\/li>\n<li style='margin-bottom: 5px;'><strong>Funcionalidad:<\/strong> Ajuste multi \u00e1ngulo 180\u00b0 &#038; 360\u00b0&comma; operaci\u00f3n con una mano&comma; plegable y port\u00e1til<\/li>\n<li style='margin-bottom: 5px;'><strong>Protecci\u00f3n:<\/strong> Silicona para protecci\u00f3n contra rasgu\u00f1os y fracturas en la uni\u00f3n del cable<\/li>\n<\/ul>\n<\/div>\n<\/div>\n<\/div>\n<div style='display: flex; flex-wrap: wrap; gap: 30px; margin-bottom: 30px;'>\n<div style='flex: 1 1 300px; min-width: 280px;'>\n<h3 style='font-size: 22px; border-bottom: 2px solid currentColor; padding-bottom: 5px; margin-top: 0; color: inherit; opacity: 0.8;'>Aplicaci\u00f3n<\/h3>\n<ul style='padding-left: 20px; font-size: 15px; color: inherit;'>\n<li style='margin-bottom: 5px;'>Ideal para uso en escritorio con cargador MagSafe de iPhone<\/li>\n<li style='margin-bottom: 5px;'>Permite carga estable en m\u00faltiples \u00e1ngulos para visualizaci\u00f3n c\u00f3moda<\/li>\n<li style='margin-bottom: 5px;'>Dise\u00f1o compacto y plegable para transporte y almacenamiento<\/li>\n<\/ul>\n<\/div>\n<\/div>\n<hr style='border: 0; border-top: 1px solid rgba(150&comma; 150&comma; 150&comma; 0.3); margin: 30px 0;'>\n<div style='display: flex; flex-wrap: wrap; gap: 20px; margin-bottom: 30px;'>\n<div style='flex: 1 1 250px; border: 1px solid rgba(150&comma; 150&comma; 150&comma; 0.4); border-radius: 8px; overflow: hidden; display: flex; flex-direction: column;'>\n<div style='padding: 15px; border-bottom: 1px solid rgba(150&comma; 150&comma; 150&comma; 0.2); font-weight: bold; font-size: 18px; color: inherit;'>Ventajas del Dise\u00f1o<\/div>\n<div style='padding: 15px; color: inherit;'>\n<ul style='padding-left: 20px; margin: 0; font-size: 14px; list-style-type: disc;'>\n<li style='margin-bottom: 5px;'>Dise\u00f1o ergon\u00f3mico para ajuste intuitivo con una sola mano<\/li>\n<li style='margin-bottom: 5px;'>Materiales duraderos que combinan resistencia y protecci\u00f3n<\/li>\n<li style='margin-bottom: 5px;'>Espacio optimizado para gesti\u00f3n de cables<\/li>\n<\/ul>\n<\/div>\n<\/div>\n<\/div>\n<\/div>\n","protected":false},"excerpt":{"rendered":"<p>Soporte de Aluminio para Smartphone | Dise\u00f1ado para MagSafe | Giro de hasta 360\u00b0 | Ajuste Multi Angulo 180\u00b0 &#038; 360\u00b0 | Operaci\u00f3n con una mano | Plegable &#038; Port\u00e1til | Protecci\u00f3n de Silicona | Estable y Resisten<\/p>\n","protected":false},"featured_media":93320,"comment_status":"open","ping_status":"closed","template":"","meta":[],"product_brand":[],"product_cat":[1235],"product_tag":[417,1236,650],"class_list":{"0":"post-93321","1":"product","2":"type-product","3":"status-publish","4":"has-post-thumbnail","6":"product_cat-accesorios-para-computadora-y-smartphones","7":"product_tag-accesorios-generales","8":"product_tag-accesorios-para-computadora-y-smartphones","9":"product_tag-ugreen","11":"first","12":"outofstock","13":"sale","14":"shipping-taxable","15":"purchasable","16":"product-type-simple"},"_links":{"self":[{"href":"https:\/\/soydeaqui.ddns.net\/pachuca\/index.php\/wp-json\/wp\/v2\/product\/93321","targetHints":{"allow":["GET"]}}],"collection":[{"href":"https:\/\/soydeaqui.ddns.net\/pachuca\/index.php\/wp-json\/wp\/v2\/product"}],"about":[{"href":"https:\/\/soydeaqui.ddns.net\/pachuca\/index.php\/wp-json\/wp\/v2\/types\/product"}],"replies":[{"embeddable":true,"href":"https:\/\/soydeaqui.ddns.net\/pachuca\/index.php\/wp-json\/wp\/v2\/comments?post=93321"}],"wp:featuredmedia":[{"embeddable":true,"href":"https:\/\/soydeaqui.ddns.net\/pachuca\/index.php\/wp-json\/wp\/v2\/media\/93320"}],"wp:attachment":[{"href":"https:\/\/soydeaqui.ddns.net\/pachuca\/index.php\/wp-json\/wp\/v2\/media?parent=93321"}],"wp:term":[{"taxonomy":"product_brand","embeddable":true,"href":"https:\/\/soydeaqui.ddns.net\/pachuca\/index.php\/wp-json\/wp\/v2\/product_brand?post=93321"},{"taxonomy":"product_cat","embeddable":true,"href":"https:\/\/soydeaqui.ddns.net\/pachuca\/index.php\/wp-json\/wp\/v2\/product_cat?post=93321"},{"taxonomy":"product_tag","embeddable":true,"href":"https:\/\/soydeaqui.ddns.net\/pachuca\/index.php\/wp-json\/wp\/v2\/product_tag?post=93321"}],"curies":[{"name":"wp","href":"https:\/\/api.w.org\/{rel}","templated":true}]}}