{"id":93284,"date":"2026-03-20T05:56:30","date_gmt":"2026-03-20T05:56:30","guid":{"rendered":"https:\/\/soydeaqui.ddns.net\/pachuca\/index.php\/producto\/tapa-final-en-color-negro-de-pvc-auto-extinguible-para-canaleta-tmk-1720-n-cc-5290-02003\/"},"modified":"2026-03-20T05:56:45","modified_gmt":"2026-03-20T05:56:45","slug":"tapa-final-en-color-negro-de-pvc-auto-extinguible-para-canaleta-tmk-1720-n-cc-5290-02003","status":"publish","type":"product","link":"https:\/\/soydeaqui.ddns.net\/pachuca\/index.php\/producto\/tapa-final-en-color-negro-de-pvc-auto-extinguible-para-canaleta-tmk-1720-n-cc-5290-02003\/","title":{"rendered":"Tapa Final en Color Negro de PVC Auto Extinguible, Para Canaleta TMK-1720-N-CC (5290-02003)"},"content":{"rendered":"<div style='width: 100%; max-width: 1200px; margin: 0 auto; font-family: sans-serif; line-height: 1.6; color: inherit; background-color: transparent;'> <!-- Imagen principal --> <\/p>\n<div style='width: 100%; margin-bottom: 20px;'> <img style='width: 100%; height: auto; border: 1px solid rgba(150&comma;150&comma;150&comma;0.3); border-radius: 8px;' src='https:\/\/ftp3.syscom.mx\/usuarios\/fotos\/TMK1720CCN\/227146-thorsmanarriba.jpg' alt=''> <\/div>\n<p> <!-- Descripci\u00f3n --> <\/p>\n<div style='margin-bottom: 30px; font-size: 15px; color: inherit;'>\n<p style='text-align: justify; color: inherit;'>Utilizar canaletas para la organizaci\u00f3n de cables en un lugar proporciona una serie de beneficios tangibles. Adem\u00e1s de mantener un orden y limpieza que facilita la identificaci\u00f3n y manipulaci\u00f3n de los cables&comma; las canaletas ofrecen una capa de protecci\u00f3n adicional que previene da\u00f1os&comma; accidentes y posibles riesgos para la seguridad. Facilitan el mantenimiento&comma; reducen el riesgo de tropiezos y ca\u00eddas&comma; y contribuyen a un entorno est\u00e9ticamente agradable. En \u00faltima instancia&comma; las canaletas representan una soluci\u00f3n eficaz y pr\u00e1ctica para garantizar la eficiencia y seguridad en la gesti\u00f3n de cables en cualquier entorno.<\/p>\n<\/p><\/div>\n<p> <!-- Secci\u00f3n de caracter\u00edsticas --> <\/p>\n<div style='display: flex; flex-wrap: wrap; gap: 30px; margin-bottom: 30px;'>\n<div style='flex: 1 1 300px; min-width: 280px;'>\n<h3 style='font-size: 22px; border-bottom: 2px solid currentColor; padding-bottom: 5px; margin-top: 0; color: inherit; opacity: 0.8;'>Caracter\u00edsticas Generales<\/h3>\n<ul style='padding-left: 20px; font-size: 15px; color: inherit;'>\n<li style='margin-bottom: 5px;'>Soluci\u00f3n sencilla para ocultar y organizar cables.<\/li>\n<li style='margin-bottom: 5px;'>Cuenta con Accesorios que reducen el tiempo de instalaci\u00f3n evitando hacer cortes especiales.<\/li>\n<li style='margin-bottom: 5px;'>Colocaci\u00f3n f\u00e1cil y sencilla cierre a presi\u00f3n.<\/li>\n<li style='margin-bottom: 5px;'>Habilitan la instalaci\u00f3n dando est\u00e9tica y funcionamiento a sus instalaciones.<\/li>\n<li style='margin-bottom: 5px;'>Instalaci\u00f3n con cinta y taquete garantiza su fijaci\u00f3n.<\/li>\n<li style='margin-bottom: 5px;'>Pueden cortarse f\u00e1cilmente a la longitud deseada.<\/li>\n<li style='margin-bottom: 5px;'>Resistencia a la humedad y atm\u00f3sfera corrosiva.<\/li>\n<li style='margin-bottom: 5px;'>Temperatura de trabajo en canal -20\u00b0C a 85\u00b0C.<\/li>\n<li style='margin-bottom: 5px;'>Temperatura de trabajo en accesorios -40\u00b0C a 85\u00b0C.<\/li>\n<li style='margin-bottom: 5px;'><strong>Uso en Interiores y en Exteriores se usa para audio y video (menos de 12 Volts).<\/strong><\/li>\n<\/ul><\/div>\n<\/p><\/div>\n<p> <!-- Secci\u00f3n de materiales --> <\/p>\n<div style='display: flex; flex-wrap: wrap; gap: 30px; margin-bottom: 30px;'>\n<div style='flex: 1 1 300px; min-width: 280px;'>\n<h3 style='font-size: 22px; border-bottom: 2px solid currentColor; padding-bottom: 5px; margin-top: 0; color: inherit; opacity: 0.8;'>Materiales<\/h3>\n<ul style='padding-left: 20px; font-size: 15px; color: inherit;'>\n<li style='margin-bottom: 5px;'><strong>Color Negro.<\/strong><\/li>\n<li style='margin-bottom: 5px;'>PVC r\u00edgido de alto impacto resistente a la tensi\u00f3n.<\/li>\n<li style='margin-bottom: 5px;'>Resistente a los rayos UV.<\/li>\n<li style='margin-bottom: 5px;'>Certificaciones\/Normas\/Pruebas NOM-001-SEDE-2005<\/li>\n<\/ul><\/div>\n<\/p><\/div>\n<p> <!-- Secci\u00f3n de recomendaciones de instalaci\u00f3n --> <\/p>\n<div style='display: flex; flex-wrap: wrap; gap: 30px; margin-bottom: 30px;'>\n<div style='flex: 1 1 300px; min-width: 280px;'>\n<h3 style='font-size: 22px; border-bottom: 2px solid currentColor; padding-bottom: 5px; margin-top: 0; color: inherit; opacity: 0.8;'>Se recomienda para su instalaci\u00f3n<\/h3>\n<ul style='padding-left: 20px; font-size: 15px; color: inherit;'>\n<li style='margin-bottom: 10px;'> Taquetes <a class='text-body' style='text-decoration: none; font-weight: 600; color: inherit;' href='https:\/\/www.syscom.mx\/principal\/searchcont?route=TP-0-KIT-THORSMAN-78357&#038;autodetect=tp0'>TP-0-KIT<\/a> <\/li>\n<li style='margin-bottom: 5px;'> Accesorios de la canaleta para su instalaci\u00f3n: <\/li>\n<li style='margin-bottom: 5px;'> &#8211; Secci\u00f3n L <a class='text-body' style='text-decoration: none; font-weight: 600; color: inherit;' href='https:\/\/www.syscom.mx\/principal\/searchcont?route=TMK-1720-L-N-THORSMAN-227149&#038;autodetect=tmk1720ln'>TMK-1720-L-N<\/a> <\/li>\n<li style='margin-bottom: 5px;'> &#8211; Secci\u00f3n T <a class='text-body' style='text-decoration: none; font-weight: 600; color: inherit;' href='https:\/\/www.syscom.mx\/principal\/searchcont?route=TMK-1720-T-N-THORSMAN-227150&#038;autodetect=tmk1720tn'>TMK-1720-T-N<\/a> <\/li>\n<li style='margin-bottom: 5px;'> &#8211; Canaleta Negra <a class='text-body' style='text-decoration: none; font-weight: 600; color: inherit;' href='https:\/\/www.syscom.mx\/principal\/searchcont?route=TMK-1720-CC-N-THORSMAN-227146&#038;autodetect=tmk1720ccn'>TMK-1720-CC-N<\/a> <\/li>\n<li style='margin-bottom: 5px;'> &#8211; Esquinero Interior <a class='text-body' style='text-decoration: none; font-weight: 600; color: inherit;' href='https:\/\/www.syscom.mx\/principal\/searchcont?route=TMK-1720-EI-N-THORSMAN-227148&#038;autodetect=tmk1720ein'>TMK-1720-EI-N<\/a> <\/li>\n<li style='margin-bottom: 5px;'> &#8211; Pieza Uni\u00f3n <a class='text-body' style='text-decoration: none; font-weight: 600; color: inherit;' href='https:\/\/www.syscom.mx\/principal\/searchcont?route=TMK-1720-U-N-THORSMAN-227152&#038;autodetect=tmk1720un'>TMK-1720-U-N<\/a> <\/li>\n<li style='margin-bottom: 5px;'> &#8211; Esquinero Exterior <a class='text-body' style='text-decoration: none; font-weight: 600; color: inherit;' href='https:\/\/www.syscom.mx\/principal\/searchcont?route=TMK-1720-EE-N-THORSMAN-227147&#038;autodetect=TMK1720EEN'>TMK-1720-EE-N<\/a> <\/li>\n<li style='margin-bottom: 5px;'> &#8211; Caja universal <a class='text-body' style='text-decoration: none; font-weight: 600; color: inherit;' href='https:\/\/www.syscom.mx\/principal\/searchcont?route=TMK-S1-N-THORSMAN-227154&#038;autodetect=TMKS1N'>TMK-S1-N<\/a> <\/li>\n<\/ul><\/div>\n<\/p><\/div>\n<p> <!-- Imagen inferior --> <\/p>\n<div style='width: 100%; margin-bottom: 20px;'> <img style='width: 100%; height: auto; border: 1px solid rgba(150&comma;150&comma;150&comma;0.3); border-radius: 8px;' src='https:\/\/ftp3.syscom.mx\/usuarios\/fotos\/TMK1720CCN\/227146-thorsmanabajo.png' alt=''> <\/div>\n<\/p><\/div>\n","protected":false},"excerpt":{"rendered":"<p>Tapa Final en Color Negro de PVC Auto Extinguible, Para Canaleta TMK-1720-N-CC (5290-02003)<\/p>\n","protected":false},"featured_media":93283,"comment_status":"open","ping_status":"closed","template":"","meta":[],"product_brand":[],"product_cat":[581],"product_tag":[582,572,583],"class_list":{"0":"post-93284","1":"product","2":"type-product","3":"status-publish","4":"has-post-thumbnail","6":"product_cat-canaletas","7":"product_tag-canaletas","8":"product_tag-canalizacion","9":"product_tag-thorsman","11":"first","12":"instock","13":"sale","14":"shipping-taxable","15":"purchasable","16":"product-type-simple"},"_links":{"self":[{"href":"https:\/\/soydeaqui.ddns.net\/pachuca\/index.php\/wp-json\/wp\/v2\/product\/93284","targetHints":{"allow":["GET"]}}],"collection":[{"href":"https:\/\/soydeaqui.ddns.net\/pachuca\/index.php\/wp-json\/wp\/v2\/product"}],"about":[{"href":"https:\/\/soydeaqui.ddns.net\/pachuca\/index.php\/wp-json\/wp\/v2\/types\/product"}],"replies":[{"embeddable":true,"href":"https:\/\/soydeaqui.ddns.net\/pachuca\/index.php\/wp-json\/wp\/v2\/comments?post=93284"}],"wp:featuredmedia":[{"embeddable":true,"href":"https:\/\/soydeaqui.ddns.net\/pachuca\/index.php\/wp-json\/wp\/v2\/media\/93283"}],"wp:attachment":[{"href":"https:\/\/soydeaqui.ddns.net\/pachuca\/index.php\/wp-json\/wp\/v2\/media?parent=93284"}],"wp:term":[{"taxonomy":"product_brand","embeddable":true,"href":"https:\/\/soydeaqui.ddns.net\/pachuca\/index.php\/wp-json\/wp\/v2\/product_brand?post=93284"},{"taxonomy":"product_cat","embeddable":true,"href":"https:\/\/soydeaqui.ddns.net\/pachuca\/index.php\/wp-json\/wp\/v2\/product_cat?post=93284"},{"taxonomy":"product_tag","embeddable":true,"href":"https:\/\/soydeaqui.ddns.net\/pachuca\/index.php\/wp-json\/wp\/v2\/product_tag?post=93284"}],"curies":[{"name":"wp","href":"https:\/\/api.w.org\/{rel}","templated":true}]}}