{"id":93254,"date":"2026-03-20T05:55:03","date_gmt":"2026-03-20T05:55:03","guid":{"rendered":"https:\/\/soydeaqui.ddns.net\/pachuca\/index.php\/producto\/nvr-4-megapixel-compatibles-con-camaras-acusense-4-canales-ip-4-puertos-poe-1-bahia-de-disco-duro-salida-en-full-hd\/"},"modified":"2026-03-20T05:55:16","modified_gmt":"2026-03-20T05:55:16","slug":"nvr-4-megapixel-compatibles-con-camaras-acusense-4-canales-ip-4-puertos-poe-1-bahia-de-disco-duro-salida-en-full-hd","status":"publish","type":"product","link":"https:\/\/soydeaqui.ddns.net\/pachuca\/index.php\/producto\/nvr-4-megapixel-compatibles-con-camaras-acusense-4-canales-ip-4-puertos-poe-1-bahia-de-disco-duro-salida-en-full-hd\/","title":{"rendered":"NVR 4 Megapixel (Compatibles con C\u00e1maras AcuSense) \/ 4 Canales IP \/ 4 Puertos PoE+ \/ 1 Bah\u00eda de Disco Duro \/ Salida en Full HD"},"content":{"rendered":"<div style='width: 100%; max-width: 1200px; margin: 0 auto; font-family: sans-serif; line-height: 1.6; color: inherit; background-color: transparent;'> <!-- Header --> <\/p>\n<div style='padding: 20px 0; text-align: center;'> <img style='max-height: 6rem; width: auto; border: 1px solid rgba(150&comma;150&comma;150&comma;0.3); border-radius: 8px;' src='https:\/\/ftp3.syscom.mx\/usuarios\/fotos\/logotipos\/hilook_by_hikvision.png' alt='Logo'> <\/p>\n<h1 style='font-size: 2.5rem; font-weight: bold; margin: 20px 0; color: inherit;'>Controla y monitorea tus dispositivos de seguridad<\/h1>\n<p style='font-size: 1.2rem; margin-bottom: 0; color: inherit;'>Descarga la app oficial y aprovecha al m\u00e1ximo tu producto inteligente<\/p>\n<\/p><\/div>\n<p> <!-- Features --> <\/p>\n<div style='margin: 40px 0;'>\n<h2 style='text-align: center; font-size: 2rem; border-bottom: 2px solid currentColor; padding-bottom: 10px; margin-bottom: 30px; color: inherit;'>Beneficios principales<\/h2>\n<div style='display: flex; flex-wrap: wrap; gap: 20px; justify-content: center;'>\n<div style='flex: 1 1 250px; min-width: 200px; text-align: center;'>\n<div style='width: 60px; height: 60px; margin: 0 auto 20px; background-color: #0d6efd; border-radius: 50%;'><\/div>\n<h5 style='min-height: 60px; font-size: 1.1rem; margin-bottom: 10px; color: inherit;'>Control remoto<\/h5>\n<p style='color: inherit; opacity: 0.8;'>Controla tus dispositivos desde cualquier lugar<\/p>\n<\/p><\/div>\n<div style='flex: 1 1 250px; min-width: 200px; text-align: center;'>\n<div style='width: 60px; height: 60px; margin: 0 auto 20px; background-color: #198754; border-radius: 50%;'><\/div>\n<h5 style='min-height: 60px; font-size: 1.1rem; margin-bottom: 10px; color: inherit;'>Monitoreo en tiempo real<\/h5>\n<p style='color: inherit; opacity: 0.8;'>Visualiza tus dispositivos al instante<\/p>\n<\/p><\/div>\n<div style='flex: 1 1 250px; min-width: 200px; text-align: center;'>\n<div style='width: 60px; height: 60px; margin: 0 auto 20px; background-color: #0dcaf0; border-radius: 50%;'><\/div>\n<h5 style='min-height: 60px; font-size: 1.1rem; margin-bottom: 10px; color: inherit;'>Notificaciones<\/h5>\n<p style='color: inherit; opacity: 0.8;'>Recibe notificaciones y alertas de los eventos que registra tu dispositivo.<\/p>\n<\/p><\/div>\n<div style='flex: 1 1 250px; min-width: 200px; text-align: center;'>\n<div style='width: 60px; height: 60px; margin: 0 auto 20px; background-color: #ffc107; border-radius: 50%;'><\/div>\n<h5 style='min-height: 60px; font-size: 1.1rem; margin-bottom: 10px; color: inherit;'>Interfaz de usuario sencilla<\/h5>\n<p style='color: inherit; opacity: 0.8;'>Amigable para usuarios finales<\/p>\n<\/p><\/div>\n<\/p><\/div>\n<\/p><\/div>\n<p> <!-- Image Gallery --> <\/p>\n<div style='margin: 40px 0;'>\n<h2 style='text-align: center; font-size: 2rem; border-bottom: 2px solid currentColor; padding-bottom: 10px; margin-bottom: 30px; color: inherit;'>Galer\u00eda de im\u00e1genes<\/h2>\n<div style='display: flex; flex-wrap: wrap; gap: 20px; justify-content: center;'>\n<div style='flex: 1 1 250px; min-width: 200px;'> <img style='width: 100%; height: auto; border: 1px solid rgba(150&comma;150&comma;150&comma;0.3); border-radius: 8px;' src='https:\/\/ftp3.syscom.mx\/usuarios\/ftp\/single_page\/hilook\/interfaz.jpg' alt='Imagen 1'> <\/div>\n<div style='flex: 1 1 250px; min-width: 200px;'> <img style='width: 100%; height: auto; border: 1px solid rgba(150&comma;150&comma;150&comma;0.3); border-radius: 8px;' src='https:\/\/ftp3.syscom.mx\/usuarios\/ftp\/single_page\/hilook\/grabaciones.jpg' alt='Imagen 2'> <\/div>\n<div style='flex: 1 1 250px; min-width: 200px;'> <img style='width: 100%; height: auto; border: 1px solid rgba(150&comma;150&comma;150&comma;0.3); border-radius: 8px;' src='https:\/\/ftp3.syscom.mx\/usuarios\/ftp\/single_page\/hilook\/directo.jpg' alt='Imagen 3'> <\/div>\n<div style='flex: 1 1 250px; min-width: 200px;'> <img style='width: 100%; height: auto; border: 1px solid rgba(150&comma;150&comma;150&comma;0.3); border-radius: 8px;' src='https:\/\/ftp3.syscom.mx\/usuarios\/ftp\/single_page\/hilook\/notificaciones2.jpg' alt='Imagen 4'> <\/div>\n<\/p><\/div>\n<\/p><\/div>\n<p> <!-- Videos --> <\/p>\n<div style='margin: 40px 0;'>\n<h2 style='text-align: center; font-size: 2rem; border-bottom: 2px solid currentColor; padding-bottom: 10px; margin-bottom: 30px; color: inherit;'>Videos demostrativos<\/h2>\n<div style='display: flex; flex-wrap: wrap; gap: 30px; justify-content: center;'>\n<div style='flex: 1 1 500px; min-width: 300px; position: relative; padding-bottom: 56.25%; height: 0; overflow: hidden;'>   <\/div>\n<div style='flex: 1 1 500px; min-width: 300px; position: relative; padding-bottom: 56.25%; height: 0; overflow: hidden;'>   <\/div>\n<\/p><\/div>\n<\/p><\/div>\n<p> <!-- Specifications --> <\/p>\n<div style='margin: 40px 0;'>\n<h2 style='text-align: center; font-size: 2rem; border-bottom: 2px solid currentColor; padding-bottom: 10px; margin-bottom: 30px; color: inherit;'>Especificaciones<\/h2>\n<div style='display: flex; flex-wrap: wrap; gap: 30px; justify-content: center;'> <!-- Card 1 --> <\/p>\n<div style='flex: 1 1 400px; border: 1px solid rgba(150&comma; 150&comma; 150&comma; 0.4); border-radius: 8px; overflow: hidden; display: flex; flex-direction: column;'>\n<div style='padding: 15px; border-bottom: 1px solid rgba(150&comma; 150&comma; 150&comma; 0.2); font-weight: bold; font-size: 18px; background-color: #266ca9; color: white;'>Caracter\u00edsticas Principales<\/div>\n<div style='padding: 15px; color: inherit;'>\n<ul style='padding-left: 20px; margin: 0; font-size: 14px; list-style-type: disc; color: inherit;'>\n<li style='margin-bottom: 5px;'><strong>Compresi\u00f3n:<\/strong> H.265+ \/ H.265 \/ H.264+ \/ H.264<\/li>\n<li style='margin-bottom: 5px;'><strong>4 Puertos PoE+:<\/strong> soporta est\u00e1ndar af \/ at<\/li>\n<li style='margin-bottom: 5px;'><strong>PoE+:<\/strong> 36 watts total en sus puertos<\/li>\n<li style='margin-bottom: 5px;'><strong>Puerto LAN:<\/strong> 10 \/ 100 Mbps<\/li>\n<li style='margin-bottom: 5px;'><strong>Salidas de video:<\/strong> VGA y HDMI (1080p)<\/li>\n<li style='margin-bottom: 5px;'><strong>Soporta HDD:<\/strong> 1 disco duro de hasta 6 TB (no incluido). <strong>Conexi\u00f3n de disco duro directo en tablilla&comma; no requiere cables<\/strong><\/li>\n<li style='margin-bottom: 5px;'><strong>Procesamiento de entrada:<\/strong> 40 Mbps<\/li>\n<li style='margin-bottom: 5px;'><strong>Procesamiento de salida:<\/strong> 60 Mbps<\/li>\n<li style='margin-bottom: 5px;'><strong>Compatibilidad:<\/strong> Hik-Connect P2P (<a href='https:\/\/appstore.hikvision.com\/' target='_blank' rel='noopener' style='color: inherit; text-decoration: underline;'>https:\/\/appstore.hikvision.com\/<\/a>)<\/li>\n<li style='margin-bottom: 5px;'><strong>Configuraci\u00f3n:<\/strong> local y remota de par\u00e1metros<\/li>\n<li style='margin-bottom: 5px;'><strong>Aplicaci\u00f3n m\u00f3vil:<\/strong> compatible con iOS y Android<\/li>\n<li style='margin-bottom: 5px;'><strong>Software compatible:<\/strong> iVMS-4200 (gratuito)<\/li>\n<li style='margin-bottom: 5px;'><strong>No soporta:<\/strong> host virtual<\/li>\n<\/ul><\/div>\n<\/p><\/div>\n<p> <!-- Card 2 --> <\/p>\n<div style='flex: 1 1 400px; border: 1px solid rgba(150&comma; 150&comma; 150&comma; 0.4); border-radius: 8px; overflow: hidden; display: flex; flex-direction: column;'>\n<div style='padding: 15px; border-bottom: 1px solid rgba(150&comma; 150&comma; 150&comma; 0.2); font-weight: bold; font-size: 18px; background-color: #266ca9; color: white;'>Caracter\u00edsticas F\u00edsicas y El\u00e9ctricas<\/div>\n<div style='padding: 15px; color: inherit;'>\n<ul style='padding-left: 20px; margin: 0 0 20px 0; font-size: 14px; list-style-type: disc; color: inherit;'>\n<li style='margin-bottom: 5px;'><strong>Alimentaci\u00f3n:<\/strong> 48 Vcc \/ 10 watts<\/li>\n<li style='margin-bottom: 5px;'><strong>Dimensiones:<\/strong> 200 x 200 x 48 mm<\/li>\n<li style='margin-bottom: 5px;'><strong>Montaje:<\/strong> consume 1 unidad de rack<\/li>\n<li style='margin-bottom: 5px;'><strong>Peso:<\/strong> 1 kg (sin HDD)<\/li>\n<\/ul><\/div>\n<div style='padding: 15px; border-bottom: 1px solid rgba(150&comma; 150&comma; 150&comma; 0.2); font-weight: bold; font-size: 18px; background-color: #266ca9; color: white;'>Caracter\u00edsticas Destacadas<\/div>\n<div style='padding: 15px; color: inherit;'>\n<p style='margin-top: 0;'><strong>Soporta c\u00e1maras con ACUSENSE (Filtro de Falsas Alarmas):<\/strong><\/p>\n<ul style='padding-left: 20px; margin: 0; font-size: 14px; list-style-type: disc; color: inherit;'>\n<li style='margin-bottom: 5px;'>Con tecnolog\u00eda ACUSENSE podemos evitar falsas alarmas como movimiento de \u00e1rboles&comma; animales&comma; etc.<\/li>\n<li style='margin-bottom: 5px;'>Al activar la tecnolog\u00eda ACUSENSE en las c\u00e1maras solo detectar\u00e1 cuerpo humano y veh\u00edculos para identificar eventos realmente importantes y as\u00ed eliminar falsas alarmas.<\/li>\n<li style='margin-bottom: 5px;'><strong>C\u00e1maras compatibles:<\/strong> <a href='https:\/\/www.syscom.mx\/principal\/consultarproductosazul?global_search=ds2cd3&#038;ordenar=Relevancia&#038;pag=1' target='_blank' rel='noopener' style='color: inherit; text-decoration: underline;'>DS-2CD3XX<\/a> \/ <a href='https:\/\/www.syscom.mx\/principal\/consultarproductosazul?global_search=ds2cd2xx3g2&#038;ordenar=Modelo_A-Z&#038;pag=1' target='_blank' rel='noopener' style='color: inherit; text-decoration: underline;'>DS-2CD2XX3G2<\/a> \/ <a href='https:\/\/www.syscom.mx\/principal\/consultarproductosazul?global_search=DS-2CD2XX7G2&#038;ordenar=Relevancia&#038;pag=1' target='_blank' rel='noopener' style='color: inherit; text-decoration: underline;'>DS-2CD2XX7G2<\/a> (que soporte ACUSENSE)<\/li>\n<\/ul><\/div>\n<\/p><\/div>\n<\/p><\/div>\n<\/p><\/div>\n<p> <!-- HDD Installation --> <\/p>\n<div style='margin: 40px 0;'>\n<h2 style='text-align: center; font-size: 2rem; border-bottom: 2px solid currentColor; padding-bottom: 10px; margin-bottom: 30px; color: inherit;'>Instalaci\u00f3n de Disco Duro<\/h2>\n<div style='display: flex; justify-content: center;'>\n<div style='max-width: 800px; width: 100%;'> <img style='width: 100%; height: auto; border: 1px solid rgba(150&comma;150&comma;150&comma;0.3); border-radius: 8px;' src='https:\/\/ftp3.syscom.mx\/usuarios\/fcarrillo\/Hikvision\/GIF\/NVR%20sin%20cables.gif' alt='Instalaci\u00f3n de Disco Duro'> <\/div>\n<\/p><\/div>\n<\/p><\/div>\n<p> <!-- Banner --> <\/p>\n<div style='margin: 40px 0; text-align: center;'> <img style='width: 100%; height: auto; border: 1px solid rgba(150&comma;150&comma;150&comma;0.3); border-radius: 8px;' src='https:\/\/ftp3.syscom.mx\/usuarios\/yvalenzuela\/Hilook\/hiklook.jpg' alt='Banner'> <\/div>\n<p> <!-- Separator --> <\/p>\n<hr style='border: 0; border-top: 1px solid rgba(150&comma; 150&comma; 150&comma; 0.3); margin: 30px 0;'> <!-- Final text --> <\/p>\n<div style='text-align: center; font-size: 14px; color: inherit; opacity: 0.8;'>\n<p style='margin: 10px 0;'>Para m\u00e1s informaci\u00f3n t\u00e9cnica visita el sitio oficial del fabricante<\/p>\n<p style='margin: 10px 0;'>\u00a9 2023 HiLook by HIKVISION<\/p>\n<\/p><\/div>\n<\/div>\n","protected":false},"excerpt":{"rendered":"<p>NVR 4 Megapixel (Compatibles con C\u00e1maras AcuSense) \/ 4 Canales IP \/ 4 Puertos PoE+ \/ 1 Bah\u00eda de Disco Duro \/ Salida en Full HD<\/p>\n","protected":false},"featured_media":93253,"comment_status":"open","ping_status":"closed","template":"","meta":[],"product_brand":[],"product_cat":[2234],"product_tag":[122,715,2235],"class_list":{"0":"post-93254","1":"product","2":"type-product","3":"status-publish","4":"has-post-thumbnail","6":"product_cat-nvrs-network-video-recorders","7":"product_tag-camaras-ip-y-nvrs","8":"product_tag-hilook-by-hikvision","9":"product_tag-nvrs-network-video-recorders","11":"first","12":"instock","13":"sale","14":"shipping-taxable","15":"purchasable","16":"product-type-simple"},"_links":{"self":[{"href":"https:\/\/soydeaqui.ddns.net\/pachuca\/index.php\/wp-json\/wp\/v2\/product\/93254","targetHints":{"allow":["GET"]}}],"collection":[{"href":"https:\/\/soydeaqui.ddns.net\/pachuca\/index.php\/wp-json\/wp\/v2\/product"}],"about":[{"href":"https:\/\/soydeaqui.ddns.net\/pachuca\/index.php\/wp-json\/wp\/v2\/types\/product"}],"replies":[{"embeddable":true,"href":"https:\/\/soydeaqui.ddns.net\/pachuca\/index.php\/wp-json\/wp\/v2\/comments?post=93254"}],"wp:featuredmedia":[{"embeddable":true,"href":"https:\/\/soydeaqui.ddns.net\/pachuca\/index.php\/wp-json\/wp\/v2\/media\/93253"}],"wp:attachment":[{"href":"https:\/\/soydeaqui.ddns.net\/pachuca\/index.php\/wp-json\/wp\/v2\/media?parent=93254"}],"wp:term":[{"taxonomy":"product_brand","embeddable":true,"href":"https:\/\/soydeaqui.ddns.net\/pachuca\/index.php\/wp-json\/wp\/v2\/product_brand?post=93254"},{"taxonomy":"product_cat","embeddable":true,"href":"https:\/\/soydeaqui.ddns.net\/pachuca\/index.php\/wp-json\/wp\/v2\/product_cat?post=93254"},{"taxonomy":"product_tag","embeddable":true,"href":"https:\/\/soydeaqui.ddns.net\/pachuca\/index.php\/wp-json\/wp\/v2\/product_tag?post=93254"}],"curies":[{"name":"wp","href":"https:\/\/api.w.org\/{rel}","templated":true}]}}