{"id":93219,"date":"2026-03-20T05:53:33","date_gmt":"2026-03-20T05:53:33","guid":{"rendered":"https:\/\/soydeaqui.ddns.net\/pachuca\/index.php\/producto\/nvr-movil-de-4-canales-de-2-megapixel-4-poe-4-via-switch-extendible-2-bahias-de-disco-duro-incluye-modulo-gps-conector-rj45\/"},"modified":"2026-03-20T05:53:44","modified_gmt":"2026-03-20T05:53:44","slug":"nvr-movil-de-4-canales-de-2-megapixel-4-poe-4-via-switch-extendible-2-bahias-de-disco-duro-incluye-modulo-gps-conector-rj45","status":"publish","type":"product","link":"https:\/\/soydeaqui.ddns.net\/pachuca\/index.php\/producto\/nvr-movil-de-4-canales-de-2-megapixel-4-poe-4-via-switch-extendible-2-bahias-de-disco-duro-incluye-modulo-gps-conector-rj45\/","title":{"rendered":"NVR M\u00f3vil de 4 Canales de 2 Megapixel \/ 4 PoE + 4 v\u00eda Switch Extendible \/ 2 Bah\u00edas de Disco Duro \/ Incluye Modulo GPS \/ conector RJ45"},"content":{"rendered":"<div style='width: 100%; max-width: 1200px; margin: 0 auto; font-family: sans-serif; line-height: 1.6; color: inherit; background-color: transparent;'>\n<p style='text-align: center; margin: 0;'><img style='width: 100%; max-width: 450px; height: auto; border: 1px solid rgba(150&comma;150&comma;150&comma;0.3); border-radius: 8px;' src='https:\/\/ftp3.syscom.mx\/usuarios\/jsosa\/HIKVISION\/imagenes\/logo\/hikvision%20see%20far.png' alt='Logo Hikvision'><\/p>\n<div style='position: relative; padding-bottom: 56.25%; height: 0; overflow: hidden; margin: 30px 0;'>   <\/div>\n<div style='display: flex; flex-wrap: wrap; gap: 30px; margin-bottom: 30px;'>\n<div style='flex: 1 1 300px; min-width: 280px;'>\n<h3 style='font-size: 22px; border-bottom: 2px solid currentColor; padding-bottom: 5px; margin-top: 0; color: inherit; opacity: 0.8;'>Caracter\u00edsticas principales<\/h3>\n<ul style='padding-left: 20px; font-size: 15px; color: inherit;'>\n<li style='margin-bottom: 5px;'><span style='font-size: 14px; color: inherit;'>Soporta 4 c\u00e1maras m\u00f3vil IP PoE + 4 c\u00e1maras m\u00f3vil IP (requiere switch PoE).<\/span><\/li>\n<li style='margin-bottom: 5px;'><span style='font-size: 14px; color: inherit;'>Compresi\u00f3n H.264\/H.265.<\/span><\/li>\n<li style='margin-bottom: 5px;'><span style='font-size: 14px; color: inherit;'>Incluye m\u00f3dulo de GPS.<\/span><\/li>\n<li style='margin-bottom: 5px;'><span style='font-size: 14px; color: inherit;'>Compatible con plataforma HikConnectTeams y Hikcentral Professional.<\/span><\/li>\n<li style='margin-bottom: 5px;'><span style='font-size: 14px; color: inherit;'>Requiere modulo adicional para transmisi\u00f3n en tiempo real por 4G y conexi\u00f3n WiFi (<\/span><span style='font-size: 14px; color: #1d4e8f; font-weight: bold;'>AE-MP1460\/GLF\/WI58\/S<\/span><span style='font-size: 14px; color: inherit;'>).<\/span><\/li>\n<li style='margin-bottom: 5px;'><strong style='font-size: 14px; color: inherit;'>Grabaci\u00f3n y visualizaci\u00f3n solamente local.<\/strong><\/li>\n<li style='margin-bottom: 5px;'><span style='font-size: 14px; color: inherit;'>Salida de video VGA.<\/span><\/li>\n<li style='margin-bottom: 5px;'><span style='font-size: 14px; color: inherit;'>Soporta grabaci\u00f3n c\u00edclica (sobre escritura) y no c\u00edclica.<\/span><\/li>\n<li style='margin-bottom: 5px;'><span style='font-size: 14px; color: inherit;'>Main stream: 1080P\/720P\/WD1\/4CIF<\/span><\/li>\n<li style='margin-bottom: 5px;'><span style='font-size: 14px; color: inherit;'>Sub-stream: 720P\/WD1\/4CIF\/2CIF\/CIF<\/span><\/li>\n<li style='margin-bottom: 5px;'><span style='font-size: 14px; color: inherit;'>Sensor G incorporado para notificaciones por giro bruscos o frenada repentina.<\/span><\/li>\n<\/ul><\/div>\n<div style='flex: 1 1 300px; min-width: 280px;'>\n<h3 style='font-size: 22px; border-bottom: 2px solid currentColor; padding-bottom: 5px; margin-top: 0; color: inherit; opacity: 0.8;'>Caracter\u00edsticas F\u00edsicas y El\u00e9ctricas<\/h3>\n<ul style='padding-left: 20px; font-size: 15px; color: inherit;'>\n<li style='margin-bottom: 5px;'><span style='font-size: 14px; color: inherit;'>Soporta antena GPS (incluida).<\/span><\/li>\n<li style='margin-bottom: 5px;'><span style='font-size: 14px; color: inherit;'>2 Bah\u00edas para HDD (2.5&#8242;) de hasta 2 TB.<\/span><\/li>\n<li style='margin-bottom: 5px;'><span style='font-size: 14px; color: inherit;'>1 Puerto de red RJ45 (10 \/ 100 \/ 1000 M).<\/span><\/li>\n<li style='margin-bottom: 5px;'><span style='font-size: 14px; color: inherit;'>4 Entradas de alarma<\/span><\/li>\n<li style='margin-bottom: 5px;'><span style='font-size: 14px; color: inherit;'>2 Salidas de alarma.<\/span><\/li>\n<li style='margin-bottom: 5px;'><span style='font-size: 14px; color: inherit;'>Fabricado en Aluminio.<\/span><\/li>\n<li style='margin-bottom: 5px;'><span style='font-size: 14px; color: inherit;'>Temperatura de operaci\u00f3n: -10 a 60 \u00b0C \/ Humedad del 10 a 95%.<\/span><\/li>\n<li style='margin-bottom: 5px;'><span style='font-size: 14px; color: inherit;'>Alimentaci\u00f3n: 9 &#8211; 36 Vcc (se alimenta directa de la bater\u00eda del autom\u00f3vil).<\/span><\/li>\n<li style='margin-bottom: 5px;'><span style='font-size: 14px; color: inherit;'>Dimensiones: 206 x 225.4 x 60.1 mm.<\/span><\/li>\n<li style='margin-bottom: 5px;'><span style='font-size: 14px; color: inherit;'>Peso: 1.66 kg (sin disco duro).<\/span><\/li>\n<\/ul><\/div>\n<\/p><\/div>\n<\/p><\/div>\n","protected":false},"excerpt":{"rendered":"<p>NVR M\u00f3vil de 4 Canales de 2 Megapixel \/ 4 PoE + 4 v\u00eda Switch Extendible \/ 2 Bah\u00edas de Disco Duro \/ Incluye Modulo GPS \/ conector RJ45<\/p>\n","protected":false},"featured_media":93218,"comment_status":"open","ping_status":"closed","template":"","meta":[],"product_brand":[],"product_cat":[1343],"product_tag":[54,1345,1344],"class_list":{"0":"post-93219","1":"product","2":"type-product","3":"status-publish","4":"has-post-thumbnail","6":"product_cat-videograbadoras-moviles","7":"product_tag-hikvision","8":"product_tag-videograbadoras-moviles","9":"product_tag-videograbadoras-moviles-y-portatiles","11":"first","12":"instock","13":"sale","14":"shipping-taxable","15":"purchasable","16":"product-type-simple"},"_links":{"self":[{"href":"https:\/\/soydeaqui.ddns.net\/pachuca\/index.php\/wp-json\/wp\/v2\/product\/93219","targetHints":{"allow":["GET"]}}],"collection":[{"href":"https:\/\/soydeaqui.ddns.net\/pachuca\/index.php\/wp-json\/wp\/v2\/product"}],"about":[{"href":"https:\/\/soydeaqui.ddns.net\/pachuca\/index.php\/wp-json\/wp\/v2\/types\/product"}],"replies":[{"embeddable":true,"href":"https:\/\/soydeaqui.ddns.net\/pachuca\/index.php\/wp-json\/wp\/v2\/comments?post=93219"}],"wp:featuredmedia":[{"embeddable":true,"href":"https:\/\/soydeaqui.ddns.net\/pachuca\/index.php\/wp-json\/wp\/v2\/media\/93218"}],"wp:attachment":[{"href":"https:\/\/soydeaqui.ddns.net\/pachuca\/index.php\/wp-json\/wp\/v2\/media?parent=93219"}],"wp:term":[{"taxonomy":"product_brand","embeddable":true,"href":"https:\/\/soydeaqui.ddns.net\/pachuca\/index.php\/wp-json\/wp\/v2\/product_brand?post=93219"},{"taxonomy":"product_cat","embeddable":true,"href":"https:\/\/soydeaqui.ddns.net\/pachuca\/index.php\/wp-json\/wp\/v2\/product_cat?post=93219"},{"taxonomy":"product_tag","embeddable":true,"href":"https:\/\/soydeaqui.ddns.net\/pachuca\/index.php\/wp-json\/wp\/v2\/product_tag?post=93219"}],"curies":[{"name":"wp","href":"https:\/\/api.w.org\/{rel}","templated":true}]}}