{"id":93211,"date":"2026-03-20T05:53:12","date_gmt":"2026-03-20T05:53:12","guid":{"rendered":"https:\/\/soydeaqui.ddns.net\/pachuca\/index.php\/producto\/camara-ip-tipo-flateye-antivandalica-8-megapixel-lente-fijo-3mm-dual-light-30m-wdr-120db-ip67-h-265-wisestream-inteligencia-artificial-deteccion-de-personas-y-vehiculos\/"},"modified":"2026-03-20T05:53:23","modified_gmt":"2026-03-20T05:53:23","slug":"camara-ip-tipo-flateye-antivandalica-8-megapixel-lente-fijo-3mm-dual-light-30m-wdr-120db-ip67-h-265-wisestream-inteligencia-artificial-deteccion-de-personas-y-vehiculos","status":"publish","type":"product","link":"https:\/\/soydeaqui.ddns.net\/pachuca\/index.php\/producto\/camara-ip-tipo-flateye-antivandalica-8-megapixel-lente-fijo-3mm-dual-light-30m-wdr-120db-ip67-h-265-wisestream-inteligencia-artificial-deteccion-de-personas-y-vehiculos\/","title":{"rendered":"C\u00e1mara IP Tipo Flateye Antivand\u00e1lica 8 Megap\u00edxel \/ Lente fijo 3mm \/ Dual Light 30M \/ WDR 120db \/ IP67 \/ H.265 &#038; WiseStream \/ Inteligencia Artificial Deteccion de Personas y vehiculos"},"content":{"rendered":"<div style='width: 100%; max-width: 1200px; margin: 0 auto; font-family: sans-serif; line-height: 1.6; color: inherit; background-color: transparent;'> <!-- Banner principal --> <\/p>\n<div style='text-align: center; margin-bottom: 30px;'> <a href='https:\/\/www.syscom.mx\/principal\/consultarproductosazul?global_search=htasq&#038;ordenar=Relevancia&#038;pag=1' target='_blank' rel='noopener'> <img style='width: 100%; max-width: 560px; height: auto; border: 1px solid rgba(150&comma;150&comma;150&comma;0.3); border-radius: 8px;' src='https:\/\/ftp3.syscom.mx\/usuarios\/gmagos\/Hanwha\/fotos\/Wisenet%20Q.png' alt=''> <\/a> <\/div>\n<p> <!-- Secci\u00f3n video y texto --> <\/p>\n<div style='display: flex; flex-wrap: wrap; gap: 30px; margin-bottom: 30px;'>\n<div style='flex: 1 1 300px; min-width: 280px;'>\n<div style='position: relative; padding-bottom: 56.25%; height: 0; overflow: hidden;'>   <\/div>\n<\/p><\/div>\n<div style='flex: 1 1 300px; min-width: 280px;'>\n<h3 style='font-size: 22px; border-bottom: 2px solid currentColor; padding-bottom: 5px; margin-top: 0; color: inherit; opacity: 0.8;'>H.265 + <span style='color: #f37934;'>WiseStream<\/span><\/h3>\n<p style='font-size: 15px; color: inherit;'> Mediante WiseStream&comma; la tecnolog\u00eda de compresi\u00f3n de v\u00eddeo de Hanwha Techwin&comma; la serie Wisenet X reduce el almacenamiento de datos <strong><span style='color: #f37934;'>hasta un 75%<\/span><\/strong> en comparaci\u00f3n con la actual tecnolog\u00eda H.264&comma; cuando se combina con la compresi\u00f3n H.265. Los costes del sistema se reducen enormemente sin comprometer la calidad de las im\u00e1genes. <\/p>\n<\/p><\/div>\n<\/p><\/div>\n<p> <!-- Secci\u00f3n lente varifocal --> <\/p>\n<div style='display: flex; flex-wrap: wrap; gap: 30px; margin-bottom: 30px;'>\n<div style='flex: 1 1 300px; min-width: 280px;'>\n<h3 style='font-size: 22px; border-bottom: 2px solid currentColor; padding-bottom: 5px; margin-top: 0; color: inherit; opacity: 0.8;'>Lente Varifocal para mejor visualizaci\u00f3n a mayor distancia.<\/h3>\n<p style='font-size: 15px; color: inherit;'> La serie Q de Wisenet&comma; le ofrece <span style='font-weight: bold; color: #f37934;'>lentes varifocales<\/span> de <span style='color: #f37934; font-weight: bold;'>3.2 &#8211; 10 mm<\/span> para tener un mayor alcance de visualizaci\u00f3n cuando se requiere distinguir objetos a distancia. <\/p>\n<p style='font-size: 15px; color: inherit;'> El alcance del lente se puede apreciar en el video. <\/p>\n<\/p><\/div>\n<div style='flex: 1 1 300px; min-width: 280px;'>\n<div style='position: relative; padding-bottom: 56.25%; height: 0; overflow: hidden;'>   <\/div>\n<\/p><\/div>\n<\/p><\/div>\n<p> <!-- Galer\u00eda de im\u00e1genes --> <\/p>\n<div style='display: flex; flex-wrap: wrap; gap: 30px; margin-bottom: 30px;'>\n<div style='flex: 1 1 300px; min-width: 280px;'>\n<h3 style='font-size: 22px; border-bottom: 2px solid currentColor; padding-bottom: 5px; margin-top: 0; color: inherit; opacity: 0.8; text-align: center;'>Detecci\u00f3n de Movimiento<\/h3>\n<p> <img style='width: 100%; height: auto; border: 1px solid rgba(150&comma;150&comma;150&comma;0.3); border-radius: 8px;' src='https:\/\/ftp3.syscom.mx\/usuarios\/fotos\/QNO6010R\/88479-detecci\u00f3n_de_movimiento.jpg' alt=''> <\/div>\n<div style='flex: 1 1 300px; min-width: 280px;'>\n<h3 style='font-size: 22px; border-bottom: 2px solid currentColor; padding-bottom: 5px; margin-top: 0; color: inherit; opacity: 0.8; text-align: center;'>Detecci\u00f3n de Sabotaje<\/h3>\n<p> <img style='width: 100%; height: auto; border: 1px solid rgba(150&comma;150&comma;150&comma;0.3); border-radius: 8px;' src='https:\/\/ftp3.syscom.mx\/usuarios\/fotos\/LNV6010R\/157854-sabotaje.jpg' alt=''> <\/div>\n<div style='flex: 1 1 300px; min-width: 280px;'>\n<h3 style='font-size: 22px; border-bottom: 2px solid currentColor; padding-bottom: 5px; margin-top: 0; color: inherit; opacity: 0.8; text-align: center;'>Detecci\u00f3n de Desenfoque<\/h3>\n<p> <img style='width: 100%; height: auto; border: 1px solid rgba(150&comma;150&comma;150&comma;0.3); border-radius: 8px;' src='https:\/\/ftp3.syscom.mx\/usuarios\/fotos\/LNO6070R\/157853-imagen-desenfocada_1286-72.jpg' alt=''> <\/div>\n<\/p><\/div>\n<p> <!-- Galer\u00eda de im\u00e1genes 2 --> <\/p>\n<div style='display: flex; flex-wrap: wrap; gap: 30px; margin-bottom: 30px;'>\n<div style='flex: 1 1 300px; min-width: 280px;'>\n<h3 style='font-size: 22px; border-bottom: 2px solid currentColor; padding-bottom: 5px; margin-top: 0; color: inherit; opacity: 0.8; text-align: center;'>Detecci\u00f3n de Direcci\u00f3n<\/h3>\n<p> <img style='width: 100%; height: auto; border: 1px solid rgba(150&comma;150&comma;150&comma;0.3); border-radius: 8px;' src='https:\/\/ftp3.syscom.mx\/usuarios\/fotos\/QND6012R\/171514-direccion.png' alt=''> <\/div>\n<div style='flex: 1 1 300px; min-width: 280px;'>\n<h3 style='font-size: 22px; border-bottom: 2px solid currentColor; padding-bottom: 5px; margin-top: 0; color: inherit; opacity: 0.8; text-align: center;'>Linea Virtual<\/h3>\n<p> <img style='width: 100%; height: auto; border: 1px solid rgba(150&comma;150&comma;150&comma;0.3); border-radius: 8px;' src='https:\/\/ftp3.syscom.mx\/usuarios\/fotos\/QND6012R\/171514-linea_virtual.png' alt=''> <\/div>\n<div style='flex: 1 1 300px; min-width: 280px;'>\n<h3 style='font-size: 22px; border-bottom: 2px solid currentColor; padding-bottom: 5px; margin-top: 0; color: inherit; opacity: 0.8; text-align: center;'>Entrada \/ Salida<\/h3>\n<p> <img style='width: 100%; height: auto; border: 1px solid rgba(150&comma;150&comma;150&comma;0.3); border-radius: 8px;' src='https:\/\/ftp3.syscom.mx\/usuarios\/fotos\/QND6012R\/171514-entrada_salida.png' alt=''> <\/div>\n<\/p><\/div>\n<p> <!-- Secci\u00f3n de especificaciones --> <\/p>\n<div style='display: flex; flex-wrap: wrap; gap: 20px; margin-bottom: 30px;'>\n<div style='flex: 1 1 250px; border: 1px solid rgba(150&comma; 150&comma; 150&comma; 0.4); border-radius: 8px; overflow: hidden; display: flex; flex-direction: column;'>\n<div style='padding: 15px; border-bottom: 1px solid rgba(150&comma; 150&comma; 150&comma; 0.2); font-weight: bold; font-size: 18px; color: inherit;'>Caracter\u00edsticas principales<\/div>\n<div style='padding: 15px; color: inherit;'>\n<ul style='padding-left: 20px; margin: 0; font-size: 14px; list-style-type: disc;'>\n<li style='margin-bottom: 5px;'><span style='color: inherit;'>Sensor de imagen: 1\/2.8 CMOS Scan Progresivo<\/span><\/li>\n<li style='margin-bottom: 5px;'><span style='color: inherit;'>Iluminaci\u00f3n m\u00ednima: Color: 0.034Lux&comma; B\/N: 0Lux con IR encendido<\/span><\/li>\n<li style='margin-bottom: 5px;'><span style='color: inherit;'>D\u00eda \/ Noche real con filtro ICR<\/span><\/li>\n<li style='margin-bottom: 5px;'><span style='color: inherit;'>Lente fijo: 3 mm<\/span><\/li>\n<li style='margin-bottom: 5px;'><span style='color: inherit;'>Distancia de IR: 30 m IR inteligente<\/span><\/li>\n<li style='margin-bottom: 5px;'><span style='color: inherit;'>Distancia Luz blanca: 30m<\/span><\/li>\n<li style='margin-bottom: 5px;'><span style='color: inherit;'>Funciones: WDR real (120dB)<\/span><\/li>\n<\/ul><\/div>\n<\/p><\/div>\n<div style='flex: 1 1 250px; border: 1px solid rgba(150&comma; 150&comma; 150&comma; 0.4); border-radius: 8px; overflow: hidden; display: flex; flex-direction: column;'>\n<div style='padding: 15px; border-bottom: 1px solid rgba(150&comma; 150&comma; 150&comma; 0.2); font-weight: bold; font-size: 18px; color: inherit;'>Compresi\u00f3n de v\u00eddeo y resoluci\u00f3n m\u00e1xima<\/div>\n<div style='padding: 15px; color: inherit;'>\n<ul style='padding-left: 20px; margin: 0; font-size: 14px; list-style-type: disc;'>\n<li style='margin-bottom: 5px;'><span style='color: inherit;'>Resoluci\u00f3n m\u00e1xima: 8 Megapixeles (3840 x 2160)<\/span><\/li>\n<li style='margin-bottom: 5px;'><span style='color: inherit;'>Compresi\u00f3n: H.265&comma; H.264&comma; MJPEG<\/span><\/li>\n<\/ul>\n<h4 style='margin-top: 20px; margin-bottom: 10px; font-size: 16px; color: inherit;'>Funciones de red y almacenamiento<\/h4>\n<ul style='padding-left: 20px; margin: 0; font-size: 14px; list-style-type: disc;'>\n<li style='margin-bottom: 5px;'><span style='color: inherit;'>Almacenamiento: Soporta microSD de hasta 256GB (no incluida)<\/span><\/li>\n<li style='margin-bottom: 5px;'><span style='color: inherit;'>ONVIF: Profile S\/G\/T\/M&comma; SUNAPI (HTTP API)<\/span><\/li>\n<\/ul>\n<h4 style='margin-top: 20px; margin-bottom: 10px; font-size: 16px; color: inherit;'>Analiticos basados en IA<\/h4>\n<ul style='padding-left: 20px; margin: 0; font-size: 14px; list-style-type: disc;'>\n<li style='margin-bottom: 5px;'><span style='color: inherit;'>Clasificaci\u00f3n de objetos (Persona \/ Vehiculo)<\/span><\/li>\n<li style='margin-bottom: 5px;'><span style='color: inherit;'>Detecci\u00f3n de movimiento<\/span><\/li>\n<li style='margin-bottom: 5px;'><span style='color: inherit;'>L\u00ednea virtual<\/span><\/li>\n<li style='margin-bottom: 5px;'><span style='color: inherit;'>\u00c1rea virtual<\/span><\/li>\n<\/ul>\n<h4 style='margin-top: 20px; margin-bottom: 10px; font-size: 16px; color: inherit;'>Anal\u00edticos de video b\u00e1sicos<\/h4>\n<ul style='padding-left: 20px; margin: 0; font-size: 14px; list-style-type: disc;'>\n<li style='margin-bottom: 5px;'><span style='color: inherit;'>Detecci\u00f3n de Desenfoque<\/span><\/li>\n<li style='margin-bottom: 5px;'><span style='color: inherit;'>Tampering<\/span><\/li>\n<\/ul><\/div>\n<\/p><\/div>\n<div style='flex: 1 1 250px; border: 1px solid rgba(150&comma; 150&comma; 150&comma; 0.4); border-radius: 8px; overflow: hidden; display: flex; flex-direction: column;'>\n<div style='padding: 15px; border-bottom: 1px solid rgba(150&comma; 150&comma; 150&comma; 0.2); font-weight: bold; font-size: 18px; color: inherit;'>Caracter\u00edsticas f\u00edsicas y el\u00e9ctricas<\/div>\n<div style='padding: 15px; color: inherit;'>\n<ul style='padding-left: 20px; margin: 0; font-size: 14px; list-style-type: disc;'>\n<li style='margin-bottom: 5px;'><span style='color: inherit;'>Memoria RAM: 2GB<\/span><\/li>\n<li style='margin-bottom: 5px;'><span style='color: inherit;'>Memoria Flash: 1GB<\/span><\/li>\n<li style='margin-bottom: 5px;'><span style='color: inherit;'>Temperatura de operaci\u00f3n: -40 a 60 \u00b0C&comma; humedad menor a 90%<\/span><\/li>\n<li style='margin-bottom: 5px;'><span style='color: inherit;'>Alimentaci\u00f3n: PoE (802.3af) \/ 10 W<\/span><\/li>\n<li style='margin-bottom: 5px;'><span style='color: inherit;'>Tipo de uso: Interior \/ Exterior \/ IP66 \/ IP67 \/ IK10<\/span><\/li>\n<li style='margin-bottom: 5px;'><span style='color: inherit;'>Dimensiones: \u00d8140 x 99.6 mm<\/span><\/li>\n<li style='margin-bottom: 5px;'><span style='color: inherit;'>Peso: 790 g<\/span><\/li>\n<li style='margin-bottom: 5px;'><span style='color: inherit;'>Montaje colgante compatible <a href='https:\/\/www.syscom.mx\/producto\/SBP-140HMW-Hanwha-Techwin-Wisenet-228214.html' style='color: inherit; text-decoration: underline;'>SBP-140HMW<\/a><\/span><\/li>\n<li style='margin-bottom: 5px;'><span style='color: inherit;'>Caja de conexiones: <a href='https:\/\/www.syscom.mx\/producto\/SBV-140BW-Hanwha-Techwin-Wisenet-227313.html' style='color: inherit; text-decoration: underline;'>SBV-140BW<\/a><\/span><\/li>\n<li style='margin-bottom: 5px;'><span style='color: inherit;'>Montaje de poste: SBD-140PMW<\/span><\/li>\n<li style='margin-bottom: 5px;'><span style='color: inherit;'>Montaje de pared: SBP-140WMW<\/span><\/li>\n<\/ul>\n<p style='margin-top: 20px; font-weight: bold; color: inherit; text-align: center;'> Para m\u00e1s informaci\u00f3n&comma; ingrese <a href='http:\/\/soporte.syscom.mx\/es\/articles\/2629283-hanwha-lista-de-tips-tecnicos' style='color: inherit; text-decoration: underline;'>aqu\u00ed<\/a>. <\/p>\n<\/p><\/div>\n<\/p><\/div>\n<\/p><\/div>\n<p> <!-- Separador final --> <\/p>\n<hr style='border: 0; border-top: 1px solid rgba(150&comma; 150&comma; 150&comma; 0.3); margin: 30px 0;'> <\/div>\n","protected":false},"excerpt":{"rendered":"<p>C\u00e1mara IP Tipo Flateye Antivand\u00e1lica 8 Megap\u00edxel \/ Lente fijo 3mm \/ Dual Light 30M \/ WDR 120db \/ IP67 \/ H.265 &#038; WiseStream \/ Inteligencia Artificial Deteccion de Personas y vehiculos<\/p>\n","protected":false},"featured_media":93210,"comment_status":"open","ping_status":"closed","template":"","meta":[],"product_brand":[],"product_cat":[2056],"product_tag":[122,2057,1055],"class_list":{"0":"post-93211","1":"product","2":"type-product","3":"status-publish","4":"has-post-thumbnail","6":"product_cat-domo-eyeball-turret","7":"product_tag-camaras-ip-y-nvrs","8":"product_tag-domo-eyeball-turret","9":"product_tag-hanwha-vision","11":"first","12":"outofstock","13":"sale","14":"shipping-taxable","15":"purchasable","16":"product-type-simple"},"_links":{"self":[{"href":"https:\/\/soydeaqui.ddns.net\/pachuca\/index.php\/wp-json\/wp\/v2\/product\/93211","targetHints":{"allow":["GET"]}}],"collection":[{"href":"https:\/\/soydeaqui.ddns.net\/pachuca\/index.php\/wp-json\/wp\/v2\/product"}],"about":[{"href":"https:\/\/soydeaqui.ddns.net\/pachuca\/index.php\/wp-json\/wp\/v2\/types\/product"}],"replies":[{"embeddable":true,"href":"https:\/\/soydeaqui.ddns.net\/pachuca\/index.php\/wp-json\/wp\/v2\/comments?post=93211"}],"wp:featuredmedia":[{"embeddable":true,"href":"https:\/\/soydeaqui.ddns.net\/pachuca\/index.php\/wp-json\/wp\/v2\/media\/93210"}],"wp:attachment":[{"href":"https:\/\/soydeaqui.ddns.net\/pachuca\/index.php\/wp-json\/wp\/v2\/media?parent=93211"}],"wp:term":[{"taxonomy":"product_brand","embeddable":true,"href":"https:\/\/soydeaqui.ddns.net\/pachuca\/index.php\/wp-json\/wp\/v2\/product_brand?post=93211"},{"taxonomy":"product_cat","embeddable":true,"href":"https:\/\/soydeaqui.ddns.net\/pachuca\/index.php\/wp-json\/wp\/v2\/product_cat?post=93211"},{"taxonomy":"product_tag","embeddable":true,"href":"https:\/\/soydeaqui.ddns.net\/pachuca\/index.php\/wp-json\/wp\/v2\/product_tag?post=93211"}],"curies":[{"name":"wp","href":"https:\/\/api.w.org\/{rel}","templated":true}]}}