{"id":93200,"date":"2026-03-20T05:52:43","date_gmt":"2026-03-20T05:52:43","guid":{"rendered":"https:\/\/soydeaqui.ddns.net\/pachuca\/index.php\/producto\/monitor-linux-poe-wifi-6-7-pulgadas-tactil-8-entradas-de-alarma-sip\/"},"modified":"2026-03-20T05:52:49","modified_gmt":"2026-03-20T05:52:49","slug":"monitor-linux-poe-wifi-6-7-pulgadas-tactil-8-entradas-de-alarma-sip","status":"publish","type":"product","link":"https:\/\/soydeaqui.ddns.net\/pachuca\/index.php\/producto\/monitor-linux-poe-wifi-6-7-pulgadas-tactil-8-entradas-de-alarma-sip\/","title":{"rendered":"MONITOR LINUX \/ POE  \/ WIFI 6 \/ 7 PULGADAS T\u00c1CTIL \/  8 ENTRADAS DE ALARMA \/ SIP"},"content":{"rendered":"<div style=\"width: 100%; max-width: 1200px; margin: 0 auto; font-family: sans-serif; line-height: 1.6; color: inherit; background-color: transparent;\"><!-- BANNER --><\/p>\n<div style=\"background: linear-gradient(55deg&comma; #CCD0FA 0%&comma; #0212AA 100%); border-bottom: 6px solid #0212AA; border-left: 6px solid #CCD0FA; border-right: 6px solid #0212AA; padding: 20px; text-align: center; margin-bottom: 30px;\"><img decoding=\"async\" class=\"fr-fic fr-dii\" style=\"width: 100%; max-width: 450px; height: auto; border: 1px solid rgba(150&comma; 150&comma; 150&comma; 0.3); border-radius: 8px;\" src=\"https:\/\/shop.domo-supply.com\/img\/m\/126.jpg\" alt=\"Banner Akuvox\"><\/p>\n<h2 style=\"color: darkslategray; margin-top: 20px; font-size: 24px; font-family: Franklin Gothic;\">Monitor LINUX \/ Pantalla Touch 7&#39; \/ WiFi 6 \/ PoE \/ SIP \/ 8 Entradas de Alarma \/ 1 Salida de Rel&eacute; \/ Comunicaci&oacute;n con App de Familiares \/ Administraci&oacute;n 100 % en la Nube<\/h2>\n<\/div>\n<p><!-- Secci\u00f3n de acorde\u00f3n --><\/p>\n<div style=\"margin-bottom: 30px;\"><!-- Gesti\u00f3n 100% en la nube --><\/p>\n<div style=\"margin-bottom: 20px;\">\n<div style=\"background-color: #282739; color: white; padding: 15px; border-radius: 8px 8px 0 0; font-weight: bold;\">Gesti&oacute;n 100% en la nube<\/div>\n<div style=\"padding: 20px; border: 1px solid rgba(150&comma;150&comma;150&comma;0.3); border-top: none; border-radius: 0 0 8px 8px;\">\n<div style=\"display: flex; flex-wrap: wrap; gap: 20px;\">\n<div style=\"flex: 1 1 300px; min-width: 280px;\">\n<h3 style=\"font-size: 20px; margin-top: 0; margin-bottom: 15px; color: inherit;\">Gesti&oacute;n 100% en la nube<\/h3>\n<p style=\"font-size: 15px; color: inherit; margin-bottom: 15px;\">Akuvox Cloud es una plataforma en la nube que permite la gesti&oacute;n y configuraci&oacute;n de los equipos Akuvox para sistemas de videportero y control de acceso facilitando la instalaci&oacute;n y administraci&oacute;n.<\/p>\n<p style=\"font-size: 15px; color: inherit;\">La APP Smart Plus para Android y iOS permite la comunicaci&oacute;n de los usuarios con sus visitas&comma; gesti&oacute;n de pases temporales para visitantes&comma; control de acceso de las puertas&comma; gesti&oacute;n de sus propias credenciales de acceso&comma; transmisi&oacute;n en vivo de video entre muchas funciones m&aacute;s.<\/p>\n<\/div>\n<div style=\"flex: 1 1 300px; min-width: 280px;\"><img decoding=\"async\" class=\"fr-fic fr-dii\" style=\"width: 100%; height: auto; border: 1px solid rgba(150&comma; 150&comma; 150&comma; 0.3); border-radius: 8px;\" src=\"https:\/\/ftp3.syscom.mx\/usuarios\/hsanchez\/Akuvox\/APP%20y%20CLOUD.png\" alt=\"APP y Cloud\"><\/div>\n<\/div>\n<\/div>\n<\/div>\n<p><!-- \u00bfQu\u00e9 es Akuvox? --><\/p>\n<div style=\"margin-bottom: 20px;\">\n<div style=\"background-color: #282739; color: white; padding: 15px; border-radius: 8px 8px 0 0; font-weight: bold;\">&iquest;Qu&eacute; es Akuvox?<\/div>\n<div style=\"padding: 20px; border: 1px solid rgba(150&comma;150&comma;150&comma;0.3); border-top: none; border-radius: 0 0 8px 8px;\">\n<div style=\"display: flex; flex-wrap: wrap; gap: 20px;\">\n<div style=\"flex: 1 1 300px; min-width: 280px;\">\n<h3 style=\"font-size: 20px; margin-top: 0; margin-bottom: 15px; color: inherit;\">Pionero de Smart Intercom<\/h3>\n<p style=\"font-size: 15px; color: inherit; margin-bottom: 15px;\">Akuvox es una marca l&iacute;der mundial de productos y soluciones Smart Intercom&comma; ofreciendo el poder de las tecnolog&iacute;as para mejorar la vida de las personas con una mejor comunicaci&oacute;n&comma; mayor seguridad y mayor comodidad.<\/p>\n<p style=\"font-size: 15px; color: inherit;\">Al abarcar la inteligencia artificial&comma; SIP&comma; Android&comma; la nube&comma; la seguridad y otras tecnolog&iacute;as avanzadas&comma; impulsamos continuamente cambios innovadores en la industria y ofrecemos de manera creativa una cartera inigualable de productos y soluciones de intercomunicaci&oacute;n inteligente.<\/p>\n<\/div>\n<div style=\"flex: 1 1 300px; min-width: 280px;\"><img decoding=\"async\" class=\"fr-fic fr-dii\" style=\"width: 100%; height: auto; border: 1px solid rgba(150&comma; 150&comma; 150&comma; 0.3); border-radius: 8px;\" src=\"https:\/\/ftp3.syscom.mx\/usuarios\/hsanchez\/Akuvox\/Akuvox%20logo%20%28blue%29-20180329.png\" alt=\"Logo Akuvox\"><\/div>\n<\/div>\n<\/div>\n<\/div>\n<p><!-- Escensario de aplicaci\u00f3n --><\/p>\n<div style=\"margin-bottom: 20px;\">\n<div style=\"background-color: #282739; color: white; padding: 15px; border-radius: 8px 8px 0 0; font-weight: bold;\">Escensario de aplicaci&oacute;n:<\/div>\n<div style=\"padding: 20px; border: 1px solid rgba(150&comma;150&comma;150&comma;0.3); border-top: none; border-radius: 0 0 8px 8px;\">\n<div style=\"display: flex; flex-wrap: wrap; gap: 20px;\">\n<div style=\"flex: 1 1 300px; min-width: 280px;\">\n<h3 style=\"font-size: 20px; margin-top: 0; margin-bottom: 15px; color: inherit;\">Uso multiapartamento&comma; residencial o corporativo<\/h3>\n<ul style=\"padding-left: 20px; font-size: 15px; color: inherit; list-style-type: disc;\">\n<li style=\"margin-bottom: 5px;\">Videoportero para oficinas con los sistemas IP PBX en sitio o alojados<\/li>\n<li style=\"margin-bottom: 5px;\">Configuraci&oacute;n y gesti&oacute;n de entrada remota a trav&eacute;s de Internet<\/li>\n<li style=\"margin-bottom: 5px;\">Intercomunicador para apartamentos o pisos con control de acceso<\/li>\n<li style=\"margin-bottom: 5px;\">Informaci&oacute;n comercial o una experiencia de bienvenida para los invitados.<\/li>\n<\/ul>\n<\/div>\n<div style=\"flex: 1 1 300px; min-width: 280px;\"><img decoding=\"async\" class=\"fr-fic fr-dii\" style=\"width: 100%; height: auto; border: 1px solid rgba(150&comma; 150&comma; 150&comma; 0.3); border-radius: 8px;\" src=\"https:\/\/ftp3.syscom.mx\/usuarios\/hsanchez\/Akuvox\/aplicacion.jpg\" alt=\"Aplicaci\u00f3n\"><\/div>\n<\/div>\n<\/div>\n<\/div>\n<p><!-- Caracter\u00edsticas f\u00edsicas y el\u00e9ctricas de S562W --><\/p>\n<div style=\"margin-bottom: 20px;\">\n<div style=\"background-color: #282739; color: white; padding: 15px; border-radius: 8px 8px 0 0; font-weight: bold;\">Caracter&iacute;sticas f&iacute;sicas y el&eacute;ctricas de S562W<\/div>\n<div style=\"padding: 20px; border: 1px solid rgba(150&comma;150&comma;150&comma;0.3); border-top: none; border-radius: 0 0 8px 8px;\">\n<ul style=\"padding-left: 20px; font-size: 15px; color: inherit; list-style-type: disc;\">\n<li style=\"margin-bottom: 5px;\"><strong>F&iacute;sica y alimentaci&oacute;n:<\/strong><\/li>\n<li style=\"margin-bottom: 5px;\">Panel frontal: Pl&aacute;stico<\/li>\n<li style=\"margin-bottom: 5px;\">RAM\/ROM: 128 MB\/128 MB<\/li>\n<li style=\"margin-bottom: 5px;\">Pantalla: LCD TFT de 7 pulgadas con resoluci&oacute;n de 1024&#215;600<\/li>\n<li style=\"margin-bottom: 5px;\">Pantalla: T&aacute;ctil capacitiva de 7 pulgadas<\/li>\n<li style=\"margin-bottom: 5px;\">Wi-Fi: IEEE802.11 b\/g\/n a 2&comma;4 GHz<\/li>\n<li style=\"margin-bottom: 5px;\">Puerto RS485: Compatible<\/li>\n<li style=\"margin-bottom: 5px;\">Salida de rel&eacute;: 1<\/li>\n<li style=\"margin-bottom: 5px;\">Entrada de timbre: 1<\/li>\n<li style=\"margin-bottom: 5px;\">E\/S: 8<\/li>\n<li style=\"margin-bottom: 5px;\">Temperatura de almacenamiento: -20 &deg;C~ +70 &deg;C<\/li>\n<\/ul>\n<\/div>\n<\/div>\n<p><!-- \u00bfPor qu\u00e9 elegir Akuvox? --><\/p>\n<div style=\"margin-bottom: 20px;\">\n<div style=\"background-color: #282739; color: white; padding: 15px; border-radius: 8px 8px 0 0; font-weight: bold;\">&iquest;Por qu&eacute; elegir Akuvox?<\/div>\n<div style=\"padding: 20px; border: 1px solid rgba(150&comma;150&comma;150&comma;0.3); border-top: none; border-radius: 0 0 8px 8px;\">\n<div style=\"display: flex; flex-wrap: wrap; gap: 20px;\">\n<div style=\"flex: 1 1 300px; min-width: 280px;\">\n<h3 style=\"font-size: 20px; margin-top: 0; margin-bottom: 15px; color: inherit;\">Akuvox<\/h3>\n<p style=\"font-size: 15px; color: inherit; margin-bottom: 15px;\">Akuvox es la soluci&oacute;n ideal para su fraccionamiento&comma; edificio de apartamentos o edificios corporativos&comma; gracias a su gesti&oacute;n 100% en la nube ofrece una f&aacute;cil instalaci&oacute;n y administraci&oacute;n desde cualquier parte del mundo. Nunca ha sido tan f&aacute;cil y seguro gestionar el acceso a los residentes&comma; empleados o visitantes gracias a que es un dispositivo muy amigable junto con la App Smart Plus para iOS o Android.<\/p>\n<p style=\"font-size: 15px; color: inherit;\">Brindar la mejor soluci&oacute;n es posible con Akuvox gracias a su tecnolog&iacute;a innovadora&comma; lleva al siguiente nivel tus instalaciones&comma; aumenta la plusval&iacute;a y disminuye los costos de operaci&oacute;n gracias a Akuvox.<\/p>\n<\/div>\n<div style=\"flex: 1 1 300px; min-width: 280px;\"><img decoding=\"async\" class=\"fr-fic fr-dii\" style=\"width: 100%; height: auto; border: 1px solid rgba(150&comma; 150&comma; 150&comma; 0.3); border-radius: 8px;\" src=\"https:\/\/ftp3.syscom.mx\/usuarios\/hsanchez\/Akuvox\/edificio.jpg\" alt=\"Edificio\"><\/div>\n<\/div>\n<\/div>\n<\/div>\n<\/div>\n<p><!-- Caracter\u00edsticas principales --><\/p>\n<div style=\"margin-bottom: 30px;\">\n<div style=\"border: 1px solid rgba(150&comma;150&comma;150&comma;0.4); border-radius: 8px; overflow: hidden; margin-bottom: 20px;\">\n<div style=\"padding: 15px; background: #282739; font-weight: bold; font-size: 18px; color: white;\">Caracter&iacute;sticas principales del Monitor S562W<\/div>\n<ul style=\"padding: 15px; margin: 0; font-size: 15px; list-style-type: disc; color: inherit;\">\n<li style=\"margin-bottom: 5px;\">Monitor LINUX<\/li>\n<li style=\"margin-bottom: 5px;\">Pantalla Touch Screen LCD 7&#39;<\/li>\n<li style=\"margin-bottom: 5px;\">WiFi 6<\/li>\n<li style=\"margin-bottom: 5px;\">PoE<\/li>\n<li style=\"margin-bottom: 5px;\">SIP<\/li>\n<li style=\"margin-bottom: 5px;\">8 Entradas de Alarma<\/li>\n<li style=\"margin-bottom: 5px;\">1 Salida de Rel&eacute;<\/li>\n<li style=\"margin-bottom: 5px;\">Comunicaci&oacute;n con App de Familiares<\/li>\n<li style=\"margin-bottom: 5px;\">Administraci&oacute;n 100 % en la Nube<\/li>\n<\/ul>\n<\/div>\n<\/div>\n<p><!-- Informaci\u00f3n adicional --><\/p>\n<div style=\"margin-bottom: 30px;\">\n<div style=\"border: 1px solid rgba(150&comma;150&comma;150&comma;0.4); border-radius: 8px; overflow: hidden; margin-bottom: 20px;\">\n<div style=\"padding: 15px; background: #282739; font-weight: bold; font-size: 18px; color: white;\">&iquest;Te interesa obtener m&aacute;s informaci&oacute;n?<\/div>\n<div style=\"padding: 15px; color: inherit;\">\n<ul style=\"padding-left: 20px; margin: 0; font-size: 15px; list-style-type: disc;\">\n<li style=\"margin-bottom: 5px;\">Para consultar una gu&iacute;a de configuraciones <a style=\"color: #0066cc;\" href=\"https:\/\/soporte.syscom.mx\/es\/articles\/8202185-guia-akuvox-solucion-para-fraccionamientos-y-edificios-de-apartamentos\">click aqu&iacute;<\/a><\/li>\n<\/ul>\n<\/div>\n<\/div>\n<\/div>\n<p><!-- Requisitos de instalaci\u00f3n --><\/p>\n<div style=\"margin-bottom: 30px;\">\n<div style=\"border: 1px solid rgba(150&comma;150&comma;150&comma;0.4); border-radius: 8px; overflow: hidden; margin-bottom: 20px;\">\n<div style=\"padding: 15px; background: #282739; font-weight: bold; font-size: 18px; color: white;\">&iquest;Qu&eacute; necesito para instalar dispositivos Akuvox?<\/div>\n<div style=\"padding: 15px; color: inherit;\">\n<ul style=\"padding-left: 20px; margin: 0; font-size: 15px; list-style-type: disc;\">\n<li style=\"margin-bottom: 5px;\"><strong>Cuenta de instalador en Akuvox Cloud<\/strong> para configuraci&oacute;n y administraci&oacute;n de los equipos y licencias. <a style=\"color: #0066cc;\" href=\"https:\/\/soporte.syscom.mx\/es\/articles\/6957756-crear-cuenta-de-instalador-akuvox-cloud\">Click aqu&iacute; para obtener una cuenta.<\/a><\/li>\n<li style=\"margin-bottom: 5px;\"><strong>Acceso a la red IP:<\/strong> Los equipos Akuvox funcionan en redes IP&comma; por lo que necesitar&aacute;s una red con acceso a internet y suficiente capacidad para manejar el tr&aacute;fico de datos.<\/li>\n<li style=\"margin-bottom: 5px;\"><strong>Fuente de alimentaci&oacute;n:<\/strong> Verifica el tipo de alimentaci&oacute;n que requiere el dispositivo. Muchos equipos Akuvox se alimentan a trav&eacute;s de Power over Ethernet (PoE).<\/li>\n<\/ul>\n<\/div>\n<\/div>\n<\/div>\n<p><!-- Imagen principal --><\/p>\n<div style=\"display: flex; justify-content: center; margin: 30px 0;\"><img decoding=\"async\" class=\"fr-fil fr-dib\" style=\"width: 100%; max-width: 1200px; height: auto; border: 1px solid rgba(150&comma; 150&comma; 150&comma; 0.3); border-radius: 8px;\" src=\"https:\/\/ftp3.syscom.mx\/usuarios\/hsanchez\/Akuvox\/S562W\/S562W.jpg\" alt=\"Monitor Akuvox S562W\"><\/div>\n<\/div>\n","protected":false},"excerpt":{"rendered":"<p>MONITOR LINUX \/ POE  \/ WIFI 6 \/ 7 PULGADAS T\u00c1CTIL \/  8 ENTRADAS DE ALARMA \/ SIP<\/p>\n","protected":false},"featured_media":93199,"comment_status":"open","ping_status":"closed","template":"","meta":[],"product_brand":[],"product_cat":[819],"product_tag":[786,820,557],"class_list":{"0":"post-93200","1":"product","2":"type-product","3":"status-publish","4":"has-post-thumbnail","6":"product_cat-multiapartamentos","7":"product_tag-akuvox","8":"product_tag-multiapartamentos","9":"product_tag-videoporteros-e-interfonos","11":"first","12":"instock","13":"sale","14":"shipping-taxable","15":"purchasable","16":"product-type-simple"},"_links":{"self":[{"href":"https:\/\/soydeaqui.ddns.net\/pachuca\/index.php\/wp-json\/wp\/v2\/product\/93200","targetHints":{"allow":["GET"]}}],"collection":[{"href":"https:\/\/soydeaqui.ddns.net\/pachuca\/index.php\/wp-json\/wp\/v2\/product"}],"about":[{"href":"https:\/\/soydeaqui.ddns.net\/pachuca\/index.php\/wp-json\/wp\/v2\/types\/product"}],"replies":[{"embeddable":true,"href":"https:\/\/soydeaqui.ddns.net\/pachuca\/index.php\/wp-json\/wp\/v2\/comments?post=93200"}],"wp:featuredmedia":[{"embeddable":true,"href":"https:\/\/soydeaqui.ddns.net\/pachuca\/index.php\/wp-json\/wp\/v2\/media\/93199"}],"wp:attachment":[{"href":"https:\/\/soydeaqui.ddns.net\/pachuca\/index.php\/wp-json\/wp\/v2\/media?parent=93200"}],"wp:term":[{"taxonomy":"product_brand","embeddable":true,"href":"https:\/\/soydeaqui.ddns.net\/pachuca\/index.php\/wp-json\/wp\/v2\/product_brand?post=93200"},{"taxonomy":"product_cat","embeddable":true,"href":"https:\/\/soydeaqui.ddns.net\/pachuca\/index.php\/wp-json\/wp\/v2\/product_cat?post=93200"},{"taxonomy":"product_tag","embeddable":true,"href":"https:\/\/soydeaqui.ddns.net\/pachuca\/index.php\/wp-json\/wp\/v2\/product_tag?post=93200"}],"curies":[{"name":"wp","href":"https:\/\/api.w.org\/{rel}","templated":true}]}}