{"id":93178,"date":"2026-03-20T05:51:45","date_gmt":"2026-03-20T05:51:45","guid":{"rendered":"https:\/\/soydeaqui.ddns.net\/pachuca\/index.php\/producto\/camara-pt-doble-lente-6-megapixel-3mp3mp-ia-deteccion-humana-y-vehiculo-vision-nocturna-a-color-vista-simultanea-de-camara-pt-y-camara-fija-proteccion-ip65-audio-bidireccional\/"},"modified":"2026-03-20T05:51:56","modified_gmt":"2026-03-20T05:51:56","slug":"camara-pt-doble-lente-6-megapixel-3mp3mp-ia-deteccion-humana-y-vehiculo-vision-nocturna-a-color-vista-simultanea-de-camara-pt-y-camara-fija-proteccion-ip65-audio-bidireccional","status":"publish","type":"product","link":"https:\/\/soydeaqui.ddns.net\/pachuca\/index.php\/producto\/camara-pt-doble-lente-6-megapixel-3mp3mp-ia-deteccion-humana-y-vehiculo-vision-nocturna-a-color-vista-simultanea-de-camara-pt-y-camara-fija-proteccion-ip65-audio-bidireccional\/","title":{"rendered":"C\u00e1mara PT Doble Lente \/ 6 Megapixel (3MP+3MP) \/ IA Detecci\u00f3n Humana y Vehiculo \/ Vision Nocturna a Color \/ Vista Simult\u00e1nea de camara PT y C\u00e1mara Fija \/ Proteccion IP65 \/ Audio Bidireccional"},"content":{"rendered":"<div style='width: 100%; max-width: 1200px; margin: 0 auto; font-family: sans-serif; line-height: 1.6; color: inherit; background-color: transparent;'> <!-- Banner principal --> <\/p>\n<div style='width: 100%; margin-bottom: 30px;'> <a href='#link' target='_blank' rel='noopener' style='display: block; width: 100%;'> <img style='width: 100%; height: auto; border: 1px solid rgba(150&comma;150&comma;150&comma;0.3); border-radius: 8px;' src='https:\/\/ftp3.syscom.mx\/usuarios\/rcovarrubias\/EZVIZ\/Bannerspag\/SerieH.png' alt='Banner'> <\/a> <\/div>\n<p> <!-- Secci\u00f3n de caracter\u00edsticas con grid --> <\/p>\n<div style='display: grid; grid-template-columns: repeat(auto-fit&comma; minmax(300px&comma; 1fr)); gap: 30px; margin-bottom: 30px;'> <!-- Caracter\u00edsticas principales --> <\/p>\n<div style='border: 1px solid rgba(150&comma; 150&comma; 150&comma; 0.4); border-radius: 8px; padding: 20px;'>\n<h3 style='font-size: 20px; border-bottom: 2px solid currentColor; padding-bottom: 8px; margin-top: 0; color: inherit; opacity: 0.85;'>Caracter\u00edsticas principales<\/h3>\n<ul style='padding-left: 20px; font-size: 14px; color: inherit;'>\n<li style='margin-bottom: 6px;'><strong>Resoluci\u00f3n:<\/strong> 3 Megapixel (2304 \u00d7 1296)<\/li>\n<li style='margin-bottom: 6px;'><strong>Lente:<\/strong> 2.8 mm<\/li>\n<li style='margin-bottom: 6px;'><strong>Movimiento panor\u00e1mico:<\/strong> 350\u00b0&comma; inclinaci\u00f3n: 80\u00b0<\/li>\n<li style='margin-bottom: 6px;'><strong>\u00c1ngulo de visi\u00f3n:<\/strong> 108\u00b0 Horizontal&comma; 130\u00b0 diagonal<\/li>\n<li style='margin-bottom: 6px;'><strong>Audio:<\/strong> Micr\u00f3fono y bocina integrados (audio de dos v\u00edas)<\/li>\n<li style='margin-bottom: 6px;'><strong>Reducci\u00f3n de ruido:<\/strong> WDR \/ 3D-DNR<\/li>\n<li style='margin-bottom: 6px;'><strong>IR:<\/strong> 30m<\/li>\n<li style='margin-bottom: 6px;'><strong>Cobertura:<\/strong> Panor\u00e1mica de 360\u00b0<\/li>\n<li style='margin-bottom: 6px;'><strong>Visi\u00f3n nocturna:<\/strong> A color<\/li>\n<li style='margin-bottom: 6px;'><strong>Memoria:<\/strong> Soporta tarjetas microSD (hasta 512 GB)<\/li>\n<li style='margin-bottom: 6px;'><strong>Conectividad:<\/strong> Puerto Ethernet RJ45<\/li>\n<li style='margin-bottom: 6px;'><strong>Wi-Fi:<\/strong> 2.4GHz<\/li>\n<li style='margin-bottom: 6px;'><strong>Detecci\u00f3n:<\/strong> Humana y de veh\u00edculo<\/li>\n<li style='margin-bottom: 6px;'><strong>Preset:<\/strong> Hasta 12 posicionamientos&comma; se llaman manualmente no autom\u00e1ticos<\/li>\n<\/ul><\/div>\n<p> <!-- Caracter\u00edsticas F\u00edsicas y El\u00e9ctricas --> <\/p>\n<div style='border: 1px solid rgba(150&comma; 150&comma; 150&comma; 0.4); border-radius: 8px; padding: 20px;'>\n<h3 style='font-size: 20px; border-bottom: 2px solid currentColor; padding-bottom: 8px; margin-top: 0; color: inherit; opacity: 0.85;'>Caracter\u00edsticas F\u00edsicas y El\u00e9ctricas<\/h3>\n<ul style='padding-left: 20px; font-size: 14px; color: inherit;'>\n<li style='margin-bottom: 6px;'><strong>Alimentaci\u00f3n:<\/strong> 12Vcc&comma; 1.5A&comma; Max 12W&comma; Fuente incluida<\/li>\n<li style='margin-bottom: 6px;'><strong>Dimensiones:<\/strong> 145 x 116 x 142 mm<\/li>\n<li style='margin-bottom: 6px;'><strong>Peso:<\/strong> 668g<\/li>\n<li style='margin-bottom: 6px;'><strong>Temperatura de operaci\u00f3n:<\/strong> \u221230 \u00b0C a 50 \u00b0C y humedad del 95 % o inferior<\/li>\n<li style='margin-bottom: 6px;'><strong>Protecci\u00f3n:<\/strong> IP 65&comma; uso en exterior con protecci\u00f3n<\/li>\n<li style='margin-bottom: 6px;'><strong>Garant\u00eda:<\/strong> 3 A\u00f1os<\/li>\n<\/ul><\/div>\n<p> <!-- Caracter\u00edsticas Destacadas --> <\/p>\n<div style='border: 1px solid rgba(150&comma; 150&comma; 150&comma; 0.4); border-radius: 8px; padding: 20px;'>\n<h3 style='font-size: 20px; border-bottom: 2px solid currentColor; padding-bottom: 8px; margin-top: 0; color: inherit; opacity: 0.85;'>Caracter\u00edsticas Destacadas<\/h3>\n<ul style='padding-left: 20px; font-size: 14px; color: inherit;'>\n<li style='margin-bottom: 12px;'>Soporta grabaci\u00f3n en nube de EZVIZ (el cobro se realiza directo en la aplicaci\u00f3n EZVIZ)<\/li>\n<li style='margin-bottom: 12px;'><strong>Opci\u00f3n 1:<\/strong> Comprar cualquiera de estos dos planes: <a href='https:\/\/www.syscom.mx\/producto\/EZ-CLOUD-7A-EZVIZ-207807.html' target='_blank' rel='noopener' style='color: #d35400; text-decoration: underline;'>EZ-CLOUD\/7A<\/a> para 7 d\u00edas de almacenamiento durante un a\u00f1o&comma; <a href='https:\/\/www.syscom.mx\/producto\/EZ-CLOUD-30A-EZVIZ-207809.html' target='_blank' rel='noopener' style='color: #d35400; text-decoration: underline;'>EZ-CLOUD\/30A<\/a> para 30 d\u00edas de almacenamiento durante un a\u00f1o.<\/li>\n<li style='margin-bottom: 12px;'><strong>Opci\u00f3n 2:<\/strong> Suscribirse directamente App EZVIZ<\/li>\n<\/ul>\n<p style='margin: 20px 0 10px 0; color: #e74c3c; font-weight: bold;'>Notas:<\/p>\n<ul style='padding-left: 20px; font-size: 14px; color: inherit;'>\n<li style='margin-bottom: 8px;'><span style='color: #e74c3c;'>Configuraci\u00f3n \u00fanicamente mediante aplicaci\u00f3n EZVIZ<\/span><\/li>\n<li style='margin-bottom: 8px;'><strong style='color: #3598db;'>Compatible con Alexa&comma; Google Home y IFTTT<\/strong><\/li>\n<\/ul><\/div>\n<\/p><\/div>\n<p> <!-- Separador --> <\/p>\n<hr style='border: 0; border-top: 1px solid rgba(150&comma; 150&comma; 150&comma; 0.3); margin: 30px 0;'> <!-- Galer\u00eda de im\u00e1genes --> <\/p>\n<div style='display: grid; grid-template-columns: repeat(auto-fit&comma; minmax(300px&comma; 1fr)); gap: 20px; margin-bottom: 30px;'>\n<div style='width: 100%;'> <img style='width: 100%; height: auto; border: 1px solid rgba(150&comma;150&comma;150&comma;0.3); border-radius: 8px;' src='https:\/\/ftp3.syscom.mx\/usuarios\/rcovarrubias\/EZVIZ\/Manual%20esp-ing\/CSH9C\/H9C%206MP\/h9c2k1.png' alt=''> <\/div>\n<div style='width: 100%;'> <img style='width: 100%; height: auto; border: 1px solid rgba(150&comma;150&comma;150&comma;0.3); border-radius: 8px;' src='https:\/\/ftp3.syscom.mx\/usuarios\/rcovarrubias\/EZVIZ\/Manual%20esp-ing\/CSH9C\/H9C%206MP\/h9c2k3.png' alt=''> <\/div>\n<div style='width: 100%;'> <img style='width: 100%; height: auto; border: 1px solid rgba(150&comma;150&comma;150&comma;0.3); border-radius: 8px;' src='https:\/\/ftp3.syscom.mx\/usuarios\/rcovarrubias\/EZVIZ\/Manual%20esp-ing\/CSH9C\/H9C%206MP\/h9c2k2.png' alt=''> <\/div>\n<div style='width: 100%;'> <img style='width: 100%; height: auto; border: 1px solid rgba(150&comma;150&comma;150&comma;0.3); border-radius: 8px;' src='https:\/\/ftp3.syscom.mx\/usuarios\/rcovarrubias\/EZVIZ\/Manual%20esp-ing\/CSH9C\/h9c7.png' alt=''> <\/div>\n<div style='width: 100%;'> <img style='width: 100%; height: auto; border: 1px solid rgba(150&comma;150&comma;150&comma;0.3); border-radius: 8px;' src='https:\/\/ftp3.syscom.mx\/usuarios\/rcovarrubias\/EZVIZ\/Manual%20esp-ing\/CS-H9C\/h9c3.png' alt=''> <\/div>\n<div style='width: 100%;'> <img style='width: 100%; height: auto; border: 1px solid rgba(150&comma;150&comma;150&comma;0.3); border-radius: 8px;' src='https:\/\/ftp3.syscom.mx\/usuarios\/rcovarrubias\/EZVIZ\/Banner%20COMPATIBLE-ALEXA-GOOGLE.jpg' alt=''> <\/div>\n<\/p><\/div>\n<\/p><\/div>\n","protected":false},"excerpt":{"rendered":"<p>C\u00e1mara PT Doble Lente \/ 6 Megapixel (3MP+3MP) \/ IA Detecci\u00f3n Humana y Vehiculo \/ Vision Nocturna a Color \/ Vista Simult\u00e1nea de camara PT y C\u00e1mara Fija \/ Proteccion IP65 \/ Audio Bidireccional<\/p>\n","protected":false},"featured_media":93177,"comment_status":"open","ping_status":"closed","template":"","meta":[],"product_brand":[],"product_cat":[1224],"product_tag":[122,111,1225],"class_list":{"0":"post-93178","1":"product","2":"type-product","3":"status-publish","4":"has-post-thumbnail","6":"product_cat-ptz","7":"product_tag-camaras-ip-y-nvrs","8":"product_tag-ezviz","9":"product_tag-ptz","11":"first","12":"instock","13":"sale","14":"shipping-taxable","15":"purchasable","16":"product-type-simple"},"_links":{"self":[{"href":"https:\/\/soydeaqui.ddns.net\/pachuca\/index.php\/wp-json\/wp\/v2\/product\/93178","targetHints":{"allow":["GET"]}}],"collection":[{"href":"https:\/\/soydeaqui.ddns.net\/pachuca\/index.php\/wp-json\/wp\/v2\/product"}],"about":[{"href":"https:\/\/soydeaqui.ddns.net\/pachuca\/index.php\/wp-json\/wp\/v2\/types\/product"}],"replies":[{"embeddable":true,"href":"https:\/\/soydeaqui.ddns.net\/pachuca\/index.php\/wp-json\/wp\/v2\/comments?post=93178"}],"wp:featuredmedia":[{"embeddable":true,"href":"https:\/\/soydeaqui.ddns.net\/pachuca\/index.php\/wp-json\/wp\/v2\/media\/93177"}],"wp:attachment":[{"href":"https:\/\/soydeaqui.ddns.net\/pachuca\/index.php\/wp-json\/wp\/v2\/media?parent=93178"}],"wp:term":[{"taxonomy":"product_brand","embeddable":true,"href":"https:\/\/soydeaqui.ddns.net\/pachuca\/index.php\/wp-json\/wp\/v2\/product_brand?post=93178"},{"taxonomy":"product_cat","embeddable":true,"href":"https:\/\/soydeaqui.ddns.net\/pachuca\/index.php\/wp-json\/wp\/v2\/product_cat?post=93178"},{"taxonomy":"product_tag","embeddable":true,"href":"https:\/\/soydeaqui.ddns.net\/pachuca\/index.php\/wp-json\/wp\/v2\/product_tag?post=93178"}],"curies":[{"name":"wp","href":"https:\/\/api.w.org\/{rel}","templated":true}]}}