{"id":93168,"date":"2026-03-20T05:51:21","date_gmt":"2026-03-20T05:51:21","guid":{"rendered":"https:\/\/soydeaqui.ddns.net\/pachuca\/index.php\/producto\/bateria-12-vcc-75-ah-ul-tecnologia-agm-vrla-vida-util-promedio-de-5-anos-para-uso-en-equipo-electronico-sistemas-de-emergencia-y-aplicaciones-fotovoltaicas-terminales-t3\/"},"modified":"2026-03-20T05:51:28","modified_gmt":"2026-03-20T05:51:28","slug":"bateria-12-vcc-75-ah-ul-tecnologia-agm-vrla-vida-util-promedio-de-5-anos-para-uso-en-equipo-electronico-sistemas-de-emergencia-y-aplicaciones-fotovoltaicas-terminales-t3","status":"publish","type":"product","link":"https:\/\/soydeaqui.ddns.net\/pachuca\/index.php\/producto\/bateria-12-vcc-75-ah-ul-tecnologia-agm-vrla-vida-util-promedio-de-5-anos-para-uso-en-equipo-electronico-sistemas-de-emergencia-y-aplicaciones-fotovoltaicas-terminales-t3\/","title":{"rendered":"Bater\u00eda 12 Vcc \/ 75 Ah \/ UL \/ Tecnolog\u00eda AGM-VRLA \/ Vida \u00fatil promedio de 5 a\u00f1os \/ Para uso en equipo electr\u00f3nico \/ Sistemas de emergencia y aplicaciones fotovoltaicas Terminales T3"},"content":{"rendered":"<div style=\"width: 100%; max-width: 1200px; margin: 0 auto; font-family: sans-serif; line-height: 1.6; color: inherit; background-color: transparent;\"><!-- T\u00edtulos (ya est\u00e1n en otra parte de la p\u00e1gina seg\u00fan instrucciones) --><\/p>\n<div style=\"text-align: center; margin-bottom: 30px;\">\n<p style=\"margin: 0; font-size: 14px; color: inherit;\">Bater&iacute;a AGM-VRLA de 12 Vcc ; 75 Amper Hora<\/p>\n<\/div>\n<p><!-- Descripci\u00f3n principal --><\/p>\n<div style=\"margin-bottom: 30px;\">\n<p style=\"text-align: justify; color: inherit; font-size: 14px; margin: 0 0 15px 0;\">La serie de bater&iacute;as LINKEDPRO BY EPCOM&comma; est&aacute;n dise&ntilde;adas con tecnolog&iacute;a AGM-VRLA (Fibra de vidrio absorbente&comma; con v&aacute;lvulas de regulaci&oacute;n)&comma; placas de alto rendimiento y electr&oacute;lito para proporcionar una salida de energ&iacute;a adicional. Las bater&iacute;as de la serie LINKEDPRO BY EPCOM son bater&iacute;as de respaldo para equipos electr&oacute;nicos&comma; con una vida &uacute;til de dise&ntilde;o flotante de 5 a&ntilde;os a 25&deg;C&comma; est&aacute;n aprobadas por UL (MH62092).<\/p>\n<p style=\"text-align: center; color: inherit; font-size: 14px; margin: 20px 0;\"><strong>Sistemas de alimentaci&oacute;n Emergencia<\/strong><\/p>\n<\/div>\n<p><!-- Secci\u00f3n de caracter\u00edsticas y especificaciones --><\/p>\n<div style=\"display: flex; flex-wrap: wrap; gap: 30px; margin-bottom: 30px;\"><!-- Caracter\u00edsticas --><\/p>\n<div style=\"flex: 1 1 300px; min-width: 280px;\">\n<div style=\"border: 1px solid rgba(150&comma; 150&comma; 150&comma; 0.3); border-radius: 8px; overflow: hidden;\"><img decoding=\"async\" style=\"width: 100%; height: auto; border: 1px solid rgba(150&comma; 150&comma; 150&comma; 0.3); border-radius: 0px;\" src=\"https:\/\/ftp3.syscom.mx\/usuarios\/fotos\/BancoFotografiasSyscom\/LINKEDPROBYEPCOM\/LK7512\/LK7512-p.PNG\" alt=\"Bater\u00eda LK7512\" class=\"fr-fic fr-dii\"><\/p>\n<div style=\"padding: 15px;\">\n<h3 style=\"font-size: 20px; border-bottom: 2px solid currentColor; padding-bottom: 5px; margin-top: 0; color: inherit; opacity: 0.8;\">Caracter&iacute;sticas:<\/h3>\n<ul style=\"padding-left: 20px; font-size: 14px; color: inherit; list-style-type: disc;\">\n<li style=\"margin-bottom: 5px;\"><strong>Bater&iacute;a AGM-VRLA<\/strong><\/li>\n<li style=\"margin-bottom: 5px;\"><strong>Voltaje: 12Vcc<\/strong><\/li>\n<li style=\"margin-bottom: 5px;\"><strong>Capacidad: 12 Ah<\/strong><\/li>\n<li style=\"margin-bottom: 5px;\">Construcci&oacute;n a prueba de derrames<\/li>\n<li style=\"margin-bottom: 5px;\">Alta confiabilidad y estabilidad<\/li>\n<li style=\"margin-bottom: 5px;\">Sellado y libre de mantenimiento<\/li>\n<li style=\"margin-bottom: 5px;\"><strong>Certificado UL (MH62092)<\/strong><\/li>\n<li style=\"margin-bottom: 5px;\"><strong>Certificado UL94-HB: Resistencia al fuego b&aacute;sico<\/strong><\/li>\n<li style=\"margin-bottom: 5px;\">Certificaci&oacute;n de Seguridad y Calidad<\/li>\n<li style=\"margin-bottom: 5px;\">Dise&ntilde;o de mayor vida &uacute;til y baja autodescarga<\/li>\n<\/ul>\n<\/div>\n<\/div>\n<\/div>\n<p><!-- Especificaciones F\u00edsicas --><\/p>\n<div style=\"flex: 1 1 300px; min-width: 280px;\">\n<div style=\"border: 1px solid rgba(150&comma; 150&comma; 150&comma; 0.3); border-radius: 8px; overflow: hidden;\"><img decoding=\"async\" style=\"width: 100%; height: auto; border: 1px solid rgba(150&comma; 150&comma; 150&comma; 0.3); border-radius: 0px;\" src=\"https:\/\/ftp3.syscom.mx\/usuarios\/fotos\/BancoFotografiasSyscom\/LINKEDPROBYEPCOM\/LK7512\/LK7512-FRENTE-p.PNG\" alt=\"Bater\u00eda LK7512 frente\" class=\"fr-fic fr-dii\"><\/p>\n<div style=\"padding: 15px;\">\n<h3 style=\"font-size: 20px; border-bottom: 2px solid currentColor; padding-bottom: 5px; margin-top: 0; color: inherit; opacity: 0.8;\">Especificaciones F&iacute;sicas:<\/h3>\n<ul style=\"padding-left: 20px; font-size: 14px; color: inherit; list-style-type: disc;\">\n<li style=\"margin-bottom: 5px;\"><strong>Tipo de Terminales: T3<\/strong><\/li>\n<li style=\"margin-bottom: 5px;\">Positivo: di&oacute;xido de plomo<\/li>\n<li style=\"margin-bottom: 5px;\">Negativo: plomo<\/li>\n<li style=\"margin-bottom: 5px;\">Electrolito: gel de &aacute;cido sulf&uacute;rico<\/li>\n<li style=\"margin-bottom: 5px;\">V&aacute;lvula de seguridad: EPDR<\/li>\n<li style=\"margin-bottom: 5px;\">Terminal: Cobre<\/li>\n<li style=\"margin-bottom: 5px;\"><strong>Material: pl&aacute;stico ABS<\/strong><\/li>\n<li style=\"margin-bottom: 5px;\"><strong>Color: Gris &#8211; Az&uacute;l<\/strong><\/li>\n<li style=\"margin-bottom: 5px;\">Temperatura de funcionamiento: 25 &deg;C<\/li>\n<li style=\"margin-bottom: 5px;\">Dimensiones (largo x ancho x alto): 260 x 169 x 219 mm<\/li>\n<li style=\"margin-bottom: 5px;\"><strong>Peso: 20.3 Kgs<\/strong><\/li>\n<li style=\"margin-bottom: 5px;\"><strong>Vida &uacute;til promedio de 5 a&ntilde;os<\/strong><\/li>\n<\/ul>\n<\/div>\n<\/div>\n<\/div>\n<p><!-- Productos relacionados --><\/p>\n<div style=\"flex: 1 1 300px; min-width: 280px;\">\n<div style=\"border: 1px solid rgba(150&comma; 150&comma; 150&comma; 0.3); border-radius: 8px; overflow: hidden;\"><img decoding=\"async\" style=\"width: 100%; height: auto; border: 1px solid rgba(150&comma; 150&comma; 150&comma; 0.3); border-radius: 0px;\" src=\"https:\/\/ftp3.syscom.mx\/usuarios\/fotos\/BancoFotografiasSyscom\/LINKEDPROBYEPCOM\/LK7512\/LK7512-LAT-IZQ-p.PNG\" alt=\"Bater\u00eda LK7512 lateral\" class=\"fr-fic fr-dii\"><\/p>\n<div style=\"padding: 15px;\">\n<h3 style=\"font-size: 20px; border-bottom: 2px solid currentColor; padding-bottom: 5px; margin-top: 0; color: inherit; opacity: 0.8;\">Productos relacionados:<\/h3>\n<p style=\"margin: 10px 0 5px 0; font-weight: bold; color: inherit;\">BATER&Iacute;AS SEGURIDAD ELECTR&Oacute;NICA<\/p>\n<ul style=\"padding-left: 20px; font-size: 14px; color: #3598db; list-style-type: disc;\">\n<li style=\"margin-bottom: 5px;\"><strong>LK4.56<\/strong><\/li>\n<li style=\"margin-bottom: 5px;\"><strong>LK-5.5-12<\/strong><\/li>\n<li style=\"margin-bottom: 5px;\"><strong>LK-7-12<\/strong><\/li>\n<li style=\"margin-bottom: 5px;\"><strong>LK-9.5-12<\/strong><\/li>\n<li style=\"margin-bottom: 5px;\"><strong>LK-12-12<\/strong><\/li>\n<li style=\"margin-bottom: 5px;\"><strong>LK-18-12<\/strong><\/li>\n<li style=\"margin-bottom: 5px;\"><strong>LK-26-12<\/strong><\/li>\n<li style=\"margin-bottom: 5px;\"><strong>LK-35-12<\/strong><\/li>\n<li style=\"margin-bottom: 5px;\"><strong>LK-40-12<\/strong><\/li>\n<li style=\"margin-bottom: 5px;\"><strong>LK-55-12<\/strong><\/li>\n<li style=\"margin-bottom: 5px;\"><strong>LK-75-12<\/strong><\/li>\n<\/ul>\n<p style=\"margin: 10px 0 5px 0; font-weight: bold; color: inherit;\">BATER&Iacute;AS DE CICLO PROFUNDO<\/p>\n<ul style=\"padding-left: 20px; font-size: 14px; color: #3598db; list-style-type: disc;\">\n<li style=\"margin-bottom: 5px;\"><strong>PL-100D-12-V2<\/strong><\/li>\n<li style=\"margin-bottom: 5px;\"><strong>PL-100D-12-SIDE<\/strong><\/li>\n<li style=\"margin-bottom: 5px;\"><strong>PL-120D-12V<\/strong><\/li>\n<li style=\"margin-bottom: 5px;\"><strong>PL-150D-12-V2<\/strong><\/li>\n<li style=\"margin-bottom: 5px;\"><strong>PL-200D-12-V2<\/strong><\/li>\n<\/ul>\n<p style=\"margin: 10px 0 5px 0; font-weight: bold; color: inherit;\">BATER&Iacute;AS DE GEL<\/p>\n<ul style=\"padding-left: 20px; font-size: 14px; color: #3598db; list-style-type: disc;\">\n<li style=\"margin-bottom: 5px;\"><strong>PG-12-100<\/strong><\/li>\n<li style=\"margin-bottom: 5px;\"><strong>PG-12-150<\/strong><\/li>\n<li style=\"margin-bottom: 5px;\"><strong>PG-12-200<\/strong><\/li>\n<\/ul>\n<p style=\"margin: 10px 0 5px 0; font-weight: bold; color: inherit;\">BATER&Iacute;AS CON RETARDO A LA FLAMA<\/p>\n<ul style=\"padding-left: 20px; font-size: 14px; color: #3598db; list-style-type: disc;\">\n<li style=\"margin-bottom: 5px;\"><strong>LK-5.5-12-FR<\/strong><\/li>\n<li style=\"margin-bottom: 5px;\"><strong>LK-7.5-12-FR<\/strong><\/li>\n<li style=\"margin-bottom: 5px;\"><strong>LK-9.5-12-FR<\/strong><\/li>\n<li style=\"margin-bottom: 5px;\"><strong>LK-12-12-FR<\/strong><\/li>\n<li style=\"margin-bottom: 5px;\"><strong>LK-18-12-FR<\/strong><\/li>\n<li style=\"margin-bottom: 5px;\"><strong>LK-26-12-FR<\/strong><\/li>\n<li style=\"margin-bottom: 5px;\"><strong>LK-55-12-FR<\/strong><\/li>\n<li style=\"margin-bottom: 5px;\"><strong>LK-75-12-FR<\/strong><\/li>\n<\/ul>\n<\/div>\n<\/div>\n<\/div>\n<\/div>\n<p><!-- Videos --><\/p>\n<div style=\"display: flex; flex-wrap: wrap; gap: 30px; margin-bottom: 30px;\">\n<div style=\"flex: 1 1 45%; min-width: 300px;\">\n<div style=\"position: relative; padding-bottom: 56.25%; height: 0; overflow: hidden;\"> <\/div>\n<\/div>\n<div style=\"flex: 1 1 45%; min-width: 300px;\">\n<div style=\"position: relative; padding-bottom: 56.25%; height: 0; overflow: hidden;\"> <\/div>\n<\/div>\n<\/div>\n<p><!-- Im\u00e1genes adicionales --><\/p>\n<div style=\"display: flex; flex-wrap: wrap; gap: 20px; margin-bottom: 30px;\">\n<div style=\"min-width: 280px;\"><img decoding=\"async\" style=\"width: 100%; height: auto; border: 1px solid rgba(150&comma; 150&comma; 150&comma; 0.3); border-radius: 8px;\" src=\"https:\/\/ftp3.syscom.mx\/usuarios\/ftp\/single_page\/linkedpro\/BatLinkeEpcom-1.jpg\" alt=\"\" class=\"fr-fic fr-dii\"><\/div>\n<div style=\"min-width: 280px;\"><img decoding=\"async\" style=\"width: 100%; height: auto; border: 1px solid rgba(150&comma; 150&comma; 150&comma; 0.3); border-radius: 8px;\" src=\"https:\/\/ftp3.syscom.mx\/usuarios\/ftp\/single_page\/linkedpro\/BatLinkeEpcom-2.jpg\" alt=\"\" class=\"fr-fic fr-dii\"><\/div>\n<div style=\"min-width: 280px;\"><img decoding=\"async\" style=\"width: 100%; height: auto; border: 1px solid rgba(150&comma; 150&comma; 150&comma; 0.3); border-radius: 8px;\" src=\"https:\/\/ftp3.syscom.mx\/usuarios\/ftp\/single_page\/linkedpro\/BatLinkeEpcom-3.jpg\" alt=\"\" class=\"fr-fic fr-dii\"><\/div>\n<div style=\"min-width: 280px;\"><img decoding=\"async\" style=\"width: 100%; height: auto; border: 1px solid rgba(150&comma; 150&comma; 150&comma; 0.3); border-radius: 8px;\" src=\"https:\/\/ftp3.syscom.mx\/usuarios\/ftp\/single_page\/linkedpro\/BatLinkeEpcom-4.jpg\" alt=\"\" class=\"fr-fic fr-dii\"><\/div>\n<div style=\"min-width: 280px;\"><img decoding=\"async\" style=\"width: 100%; height: auto; border: 1px solid rgba(150&comma; 150&comma; 150&comma; 0.3); border-radius: 8px;\" src=\"https:\/\/ftp3.syscom.mx\/usuarios\/ftp\/single_page\/linkedpro\/BatLinkeEpcom-5.jpg\" alt=\"\" class=\"fr-fic fr-dii\"><\/div>\n<div style=\"min-width: 280px;\"><img decoding=\"async\" src=\"https:\/\/ftp3.syscom.mx\/usuarios\/ftp\/web_img\/TORNILLO-PARA-TERMINAL.jpg\" alt=\"\" class=\"fr-fic fr-dii\"><\/div>\n<\/div>\n<p><!-- Separador final --><\/p>\n<hr style=\"border: 0; border-top: 1px solid rgba(150&comma; 150&comma; 150&comma; 0.3); margin: 30px 0;\"><\/div>\n","protected":false},"excerpt":{"rendered":"<p>Bater\u00eda 12 Vcc \/ 75 Ah \/ UL \/ Tecnolog\u00eda AGM-VRLA \/ Vida \u00fatil promedio de 5 a\u00f1os \/ Para uso en equipo electr\u00f3nico \/ Sistemas de emergencia y aplicaciones fotovoltaicas Terminales T3<\/p>\n","protected":false},"featured_media":93167,"comment_status":"open","ping_status":"closed","template":"","meta":[],"product_brand":[],"product_cat":[141],"product_tag":[143,142,435],"class_list":{"0":"post-93168","1":"product","2":"type-product","3":"status-publish","4":"has-post-thumbnail","6":"product_cat-baterias","7":"product_tag-baterias","8":"product_tag-energia","9":"product_tag-linkedpro-by-epcom","11":"first","12":"instock","13":"sale","14":"shipping-taxable","15":"purchasable","16":"product-type-simple"},"_links":{"self":[{"href":"https:\/\/soydeaqui.ddns.net\/pachuca\/index.php\/wp-json\/wp\/v2\/product\/93168","targetHints":{"allow":["GET"]}}],"collection":[{"href":"https:\/\/soydeaqui.ddns.net\/pachuca\/index.php\/wp-json\/wp\/v2\/product"}],"about":[{"href":"https:\/\/soydeaqui.ddns.net\/pachuca\/index.php\/wp-json\/wp\/v2\/types\/product"}],"replies":[{"embeddable":true,"href":"https:\/\/soydeaqui.ddns.net\/pachuca\/index.php\/wp-json\/wp\/v2\/comments?post=93168"}],"wp:featuredmedia":[{"embeddable":true,"href":"https:\/\/soydeaqui.ddns.net\/pachuca\/index.php\/wp-json\/wp\/v2\/media\/93167"}],"wp:attachment":[{"href":"https:\/\/soydeaqui.ddns.net\/pachuca\/index.php\/wp-json\/wp\/v2\/media?parent=93168"}],"wp:term":[{"taxonomy":"product_brand","embeddable":true,"href":"https:\/\/soydeaqui.ddns.net\/pachuca\/index.php\/wp-json\/wp\/v2\/product_brand?post=93168"},{"taxonomy":"product_cat","embeddable":true,"href":"https:\/\/soydeaqui.ddns.net\/pachuca\/index.php\/wp-json\/wp\/v2\/product_cat?post=93168"},{"taxonomy":"product_tag","embeddable":true,"href":"https:\/\/soydeaqui.ddns.net\/pachuca\/index.php\/wp-json\/wp\/v2\/product_tag?post=93168"}],"curies":[{"name":"wp","href":"https:\/\/api.w.org\/{rel}","templated":true}]}}